{"id":1778,"date":"2019-11-01T23:10:29","date_gmt":"2019-11-01T22:10:29","guid":{"rendered":"https:\/\/www.revoila.fr\/?page_id=1778"},"modified":"2019-11-02T00:12:10","modified_gmt":"2019-11-01T23:12:10","slug":"luminaires-revoila-2","status":"publish","type":"page","link":"https:\/\/www.revoila.fr\/index.php\/luminaires-revoila-2\/","title":{"rendered":"Luminaires reVoil\u00e0"},"content":{"rendered":"<div id=\"pl-1778\"  class=\"panel-layout\" ><div id=\"pg-1778-0\"  class=\"panel-grid panel-no-style\" ><div id=\"pgc-1778-0-0\"  class=\"panel-grid-cell\" ><div id=\"panel-1778-0-0-0\" class=\"so-panel widget widget_sow-editor panel-first-child panel-last-child\" data-index=\"0\" ><div\n\t\t\t\n\t\t\tclass=\"so-widget-sow-editor so-widget-sow-editor-base\"\n\t\t\t\n\t\t>\n<div class=\"siteorigin-widget-tinymce textwidget\">\n\t<div class=\"woocommerce columns-4 \"><ul class=\"products columns-4\">\n<li class=\"product type-product post-1443 status-publish first outofstock product_cat-luminaires has-post-thumbnail sold-individually shipping-taxable product-type-simple\">\n\t<a href=\"https:\/\/www.revoila.fr\/index.php\/produit\/lampe-diabolo-laiton-noire\/\" class=\"woocommerce-LoopProduct-link woocommerce-loop-product__link\"><img loading=\"lazy\" decoding=\"async\" width=\"300\" height=\"300\" src=\"https:\/\/www.revoila.fr\/wp-content\/uploads\/old-revoila\/IMAG5646-300x300.jpg\" class=\"attachment-woocommerce_thumbnail size-woocommerce_thumbnail\" alt=\"Lampe diabolo laiton\/noire\" srcset=\"https:\/\/www.revoila.fr\/wp-content\/uploads\/old-revoila\/IMAG5646-300x300.jpg 300w, https:\/\/www.revoila.fr\/wp-content\/uploads\/old-revoila\/IMAG5646-150x150.jpg 150w, https:\/\/www.revoila.fr\/wp-content\/uploads\/old-revoila\/IMAG5646-100x100.jpg 100w, https:\/\/www.revoila.fr\/wp-content\/uploads\/old-revoila\/IMAG5646.jpg 600w\" sizes=\"auto, (max-width: 300px) 100vw, 300px\" \/><h2 class=\"woocommerce-loop-product__title\">Lampe diabolo laiton\/noire<\/h2>\n<\/a><a href=\"https:\/\/www.revoila.fr\/index.php\/produit\/lampe-diabolo-laiton-noire\/\" aria-describedby=\"woocommerce_loop_add_to_cart_link_describedby_1443\" data-quantity=\"1\" class=\"button product_type_simple\" data-product_id=\"1443\" data-product_sku=\"\" aria-label=\"En savoir plus sur &ldquo;Lampe diabolo laiton\/noire&rdquo;\" rel=\"nofollow\" data-success_message=\"\">Lire la suite<\/a>\t<span id=\"woocommerce_loop_add_to_cart_link_describedby_1443\" class=\"screen-reader-text\">\n\t\t\t<\/span>\n<\/li>\n<li class=\"product type-product post-1440 status-publish outofstock product_cat-luminaires has-post-thumbnail sold-individually shipping-taxable product-type-simple\">\n\t<a href=\"https:\/\/www.revoila.fr\/index.php\/produit\/lampe-diabolo-laiton-verte\/\" class=\"woocommerce-LoopProduct-link woocommerce-loop-product__link\"><img loading=\"lazy\" decoding=\"async\" width=\"300\" height=\"300\" src=\"https:\/\/www.revoila.fr\/wp-content\/uploads\/old-revoila\/IMAG5713-300x300.jpg\" class=\"attachment-woocommerce_thumbnail size-woocommerce_thumbnail\" alt=\"Lampe diabolo laiton\/verte\" srcset=\"https:\/\/www.revoila.fr\/wp-content\/uploads\/old-revoila\/IMAG5713-300x300.jpg 300w, https:\/\/www.revoila.fr\/wp-content\/uploads\/old-revoila\/IMAG5713-150x150.jpg 150w, https:\/\/www.revoila.fr\/wp-content\/uploads\/old-revoila\/IMAG5713-100x100.jpg 100w, https:\/\/www.revoila.fr\/wp-content\/uploads\/old-revoila\/IMAG5713.jpg 600w\" sizes=\"auto, (max-width: 300px) 100vw, 300px\" \/><div class=\"berocket_better_labels berocket_better_labels_image\"><div class=\"berocket_better_labels_position berocket_better_labels_position_right\"><div class=\"berocket_better_labels_line berocket_better_labels_line_1\"><div class=\"berocket_better_labels_inline berocket_better_labels_inline_1\"><div class=\"br_alabel br_alabel_type_text br_alabel_template_type_css berocket_alabel_id_5756  br_alabel_better_compatibility\" style=\"\"><span  style=\"\"><i style=\"background-color: #74aab3; border-color: #74aab3;\" class=\"template-span-before \"><\/i><i style=\"background-color: #74aab3; border-color: #74aab3;\" class=\"template-i \"><\/i><i style=\"background-color: #74aab3; border-color: #74aab3;\" class=\"template-i-before \"><\/i><i style=\"background-color: #74aab3; border-color: #74aab3;\" class=\"template-i-after \"><\/i><b style=\"text-align: center;z-index: 100;\" class=\"br-labels-css br-labels-css-1\">Vendu<\/b><\/span><\/div><\/div><\/div><\/div><\/div><h2 class=\"woocommerce-loop-product__title\">Lampe diabolo laiton\/verte<\/h2>\n<\/a><a href=\"https:\/\/www.revoila.fr\/index.php\/produit\/lampe-diabolo-laiton-verte\/\" aria-describedby=\"woocommerce_loop_add_to_cart_link_describedby_1440\" data-quantity=\"1\" class=\"button product_type_simple\" data-product_id=\"1440\" data-product_sku=\"\" aria-label=\"En savoir plus sur &ldquo;Lampe diabolo laiton\/verte&rdquo;\" rel=\"nofollow\" data-success_message=\"\">Lire la suite<\/a>\t<span id=\"woocommerce_loop_add_to_cart_link_describedby_1440\" class=\"screen-reader-text\">\n\t\t\t<\/span>\n<\/li>\n<li class=\"product type-product post-1426 status-publish outofstock product_cat-luminaires product_cat-vendu has-post-thumbnail sold-individually shipping-taxable product-type-simple\">\n\t<a href=\"https:\/\/www.revoila.fr\/index.php\/produit\/lampadaire-tripode-3-feux\/\" class=\"woocommerce-LoopProduct-link woocommerce-loop-product__link\"><img loading=\"lazy\" decoding=\"async\" width=\"300\" height=\"300\" src=\"https:\/\/www.revoila.fr\/wp-content\/uploads\/old-revoila\/IMAG3459-001-300x300.jpg\" class=\"attachment-woocommerce_thumbnail size-woocommerce_thumbnail\" alt=\"Lampadaire tripode 3 feux\" srcset=\"https:\/\/www.revoila.fr\/wp-content\/uploads\/old-revoila\/IMAG3459-001-300x300.jpg 300w, https:\/\/www.revoila.fr\/wp-content\/uploads\/old-revoila\/IMAG3459-001-150x150.jpg 150w, https:\/\/www.revoila.fr\/wp-content\/uploads\/old-revoila\/IMAG3459-001-768x766.jpg 768w, https:\/\/www.revoila.fr\/wp-content\/uploads\/old-revoila\/IMAG3459-001.jpg 800w, https:\/\/www.revoila.fr\/wp-content\/uploads\/old-revoila\/IMAG3459-001-100x100.jpg 100w\" sizes=\"auto, (max-width: 300px) 100vw, 300px\" \/><div class=\"berocket_better_labels berocket_better_labels_image\"><div class=\"berocket_better_labels_position berocket_better_labels_position_right\"><div class=\"berocket_better_labels_line berocket_better_labels_line_1\"><div class=\"berocket_better_labels_inline berocket_better_labels_inline_1\"><div class=\"br_alabel br_alabel_type_text br_alabel_template_type_css berocket_alabel_id_5756  br_alabel_better_compatibility\" style=\"\"><span  style=\"\"><i style=\"background-color: #74aab3; border-color: #74aab3;\" class=\"template-span-before \"><\/i><i style=\"background-color: #74aab3; border-color: #74aab3;\" class=\"template-i \"><\/i><i style=\"background-color: #74aab3; border-color: #74aab3;\" class=\"template-i-before \"><\/i><i style=\"background-color: #74aab3; border-color: #74aab3;\" class=\"template-i-after \"><\/i><b style=\"text-align: center;z-index: 100;\" class=\"br-labels-css br-labels-css-1\">Vendu<\/b><\/span><\/div><\/div><\/div><\/div><\/div><h2 class=\"woocommerce-loop-product__title\">Lampadaire tripode 3 feux<\/h2>\n<\/a><a href=\"https:\/\/www.revoila.fr\/index.php\/produit\/lampadaire-tripode-3-feux\/\" aria-describedby=\"woocommerce_loop_add_to_cart_link_describedby_1426\" data-quantity=\"1\" class=\"button product_type_simple\" data-product_id=\"1426\" data-product_sku=\"\" aria-label=\"En savoir plus sur &ldquo;Lampadaire tripode 3 feux&rdquo;\" rel=\"nofollow\" data-success_message=\"\">Lire la suite<\/a>\t<span id=\"woocommerce_loop_add_to_cart_link_describedby_1426\" class=\"screen-reader-text\">\n\t\t\t<\/span>\n<\/li>\n<li class=\"product type-product post-1425 status-publish last outofstock product_cat-luminaires has-post-thumbnail sold-individually shipping-taxable product-type-simple\">\n\t<a href=\"https:\/\/www.revoila.fr\/index.php\/produit\/lampe-de-table-perspex\/\" class=\"woocommerce-LoopProduct-link woocommerce-loop-product__link\"><img loading=\"lazy\" decoding=\"async\" width=\"300\" height=\"300\" src=\"https:\/\/www.revoila.fr\/wp-content\/uploads\/old-revoila\/IMAG3521-300x300.jpg\" class=\"attachment-woocommerce_thumbnail size-woocommerce_thumbnail\" alt=\"Lampe de table perspex\" srcset=\"https:\/\/www.revoila.fr\/wp-content\/uploads\/old-revoila\/IMAG3521-300x300.jpg 300w, https:\/\/www.revoila.fr\/wp-content\/uploads\/old-revoila\/IMAG3521-150x150.jpg 150w, https:\/\/www.revoila.fr\/wp-content\/uploads\/old-revoila\/IMAG3521-100x100.jpg 100w, https:\/\/www.revoila.fr\/wp-content\/uploads\/old-revoila\/IMAG3521.jpg 600w\" sizes=\"auto, (max-width: 300px) 100vw, 300px\" \/><div class=\"br_alabel br_alabel_image br_alabel_type_text br_alabel_template_type_css br_alabel_right berocket_alabel_id_298 \" style=\"\"><span  style=\"\"><b>Vendu<\/b><\/span><\/div><h2 class=\"woocommerce-loop-product__title\">Lampe de table perspex<\/h2>\n<\/a><a href=\"https:\/\/www.revoila.fr\/index.php\/produit\/lampe-de-table-perspex\/\" aria-describedby=\"woocommerce_loop_add_to_cart_link_describedby_1425\" data-quantity=\"1\" class=\"button product_type_simple\" data-product_id=\"1425\" data-product_sku=\"\" aria-label=\"En savoir plus sur &ldquo;Lampe de table perspex&rdquo;\" rel=\"nofollow\" data-success_message=\"\">Lire la suite<\/a>\t<span id=\"woocommerce_loop_add_to_cart_link_describedby_1425\" class=\"screen-reader-text\">\n\t\t\t<\/span>\n<\/li>\n<li class=\"product type-product post-816 status-publish first instock product_cat-luminaires has-post-thumbnail sold-individually shipping-taxable purchasable product-type-simple\">\n\t<a href=\"https:\/\/www.revoila.fr\/index.php\/produit\/suspension-teck-et-perspex\/\" class=\"woocommerce-LoopProduct-link woocommerce-loop-product__link\"><img loading=\"lazy\" decoding=\"async\" width=\"300\" height=\"300\" src=\"https:\/\/www.revoila.fr\/wp-content\/uploads\/2019\/01\/6-PA218132_2-300x300.jpg\" class=\"attachment-woocommerce_thumbnail size-woocommerce_thumbnail\" alt=\"Suspension teck et Perspex\" srcset=\"https:\/\/www.revoila.fr\/wp-content\/uploads\/2019\/01\/6-PA218132_2-300x300.jpg 300w, https:\/\/www.revoila.fr\/wp-content\/uploads\/2019\/01\/6-PA218132_2-150x150.jpg 150w, https:\/\/www.revoila.fr\/wp-content\/uploads\/2019\/01\/6-PA218132_2-768x769.jpg 768w, https:\/\/www.revoila.fr\/wp-content\/uploads\/2019\/01\/6-PA218132_2-100x100.jpg 100w, https:\/\/www.revoila.fr\/wp-content\/uploads\/2019\/01\/6-PA218132_2.jpg 799w\" sizes=\"auto, (max-width: 300px) 100vw, 300px\" \/><h2 class=\"woocommerce-loop-product__title\">Suspension teck et Perspex<\/h2>\n\t<span class=\"price\"><span class=\"woocommerce-Price-amount amount\"><bdi>110,00<span class=\"woocommerce-Price-currencySymbol\">&euro;<\/span><\/bdi><\/span><\/span>\n<\/a><a href=\"\/index.php\/wp-json\/wp\/v2\/pages\/1778?add-to-cart=816\" aria-describedby=\"woocommerce_loop_add_to_cart_link_describedby_816\" data-quantity=\"1\" class=\"button product_type_simple add_to_cart_button ajax_add_to_cart\" data-product_id=\"816\" data-product_sku=\"\" aria-label=\"Ajouter au panier\u00a0: &ldquo;Suspension teck et Perspex&rdquo;\" rel=\"nofollow\" data-success_message=\"\u00ab\u00a0Suspension teck et Perspex\u00a0\u00bb a \u00e9t\u00e9 ajout\u00e9 \u00e0 votre panier\" role=\"button\">Ajouter au panier<\/a>\t<span id=\"woocommerce_loop_add_to_cart_link_describedby_816\" class=\"screen-reader-text\">\n\t\t\t<\/span>\n<\/li>\n<li class=\"product type-product post-815 status-publish outofstock product_cat-luminaires product_cat-vendu has-post-thumbnail sold-individually shipping-taxable product-type-simple\">\n\t<a href=\"https:\/\/www.revoila.fr\/index.php\/produit\/lustre-3-branches-tulipe-50\/\" class=\"woocommerce-LoopProduct-link woocommerce-loop-product__link\"><img loading=\"lazy\" decoding=\"async\" width=\"300\" height=\"300\" src=\"https:\/\/www.revoila.fr\/wp-content\/uploads\/2019\/01\/7-PA238298-1-300x300.jpg\" class=\"attachment-woocommerce_thumbnail size-woocommerce_thumbnail\" alt=\"Lustre 3 branches tulipe 50\" srcset=\"https:\/\/www.revoila.fr\/wp-content\/uploads\/2019\/01\/7-PA238298-1-300x300.jpg 300w, https:\/\/www.revoila.fr\/wp-content\/uploads\/2019\/01\/7-PA238298-1-150x150.jpg 150w, https:\/\/www.revoila.fr\/wp-content\/uploads\/2019\/01\/7-PA238298-1-768x768.jpg 768w, https:\/\/www.revoila.fr\/wp-content\/uploads\/2019\/01\/7-PA238298-1.jpg 800w, https:\/\/www.revoila.fr\/wp-content\/uploads\/2019\/01\/7-PA238298-1-100x100.jpg 100w\" sizes=\"auto, (max-width: 300px) 100vw, 300px\" \/><div class=\"berocket_better_labels berocket_better_labels_image\"><div class=\"berocket_better_labels_position berocket_better_labels_position_right\"><div class=\"berocket_better_labels_line berocket_better_labels_line_1\"><div class=\"berocket_better_labels_inline berocket_better_labels_inline_1\"><div class=\"br_alabel br_alabel_type_text br_alabel_template_type_css berocket_alabel_id_5756  br_alabel_better_compatibility\" style=\"\"><span  style=\"\"><i style=\"background-color: #74aab3; border-color: #74aab3;\" class=\"template-span-before \"><\/i><i style=\"background-color: #74aab3; border-color: #74aab3;\" class=\"template-i \"><\/i><i style=\"background-color: #74aab3; border-color: #74aab3;\" class=\"template-i-before \"><\/i><i style=\"background-color: #74aab3; border-color: #74aab3;\" class=\"template-i-after \"><\/i><b style=\"text-align: center;z-index: 100;\" class=\"br-labels-css br-labels-css-1\">Vendu<\/b><\/span><\/div><\/div><\/div><\/div><\/div><h2 class=\"woocommerce-loop-product__title\">Lustre 3 branches tulipe 50<\/h2>\n<\/a><a href=\"https:\/\/www.revoila.fr\/index.php\/produit\/lustre-3-branches-tulipe-50\/\" aria-describedby=\"woocommerce_loop_add_to_cart_link_describedby_815\" data-quantity=\"1\" class=\"button product_type_simple\" data-product_id=\"815\" data-product_sku=\"\" aria-label=\"En savoir plus sur &ldquo;Lustre 3 branches tulipe 50&rdquo;\" rel=\"nofollow\" data-success_message=\"\">Lire la suite<\/a>\t<span id=\"woocommerce_loop_add_to_cart_link_describedby_815\" class=\"screen-reader-text\">\n\t\t\t<\/span>\n<\/li>\n<li class=\"product type-product post-811 status-publish instock product_cat-luminaires has-post-thumbnail sold-individually shipping-taxable purchasable product-type-simple\">\n\t<a href=\"https:\/\/www.revoila.fr\/index.php\/produit\/lustre-arlus-4-globes\/\" class=\"woocommerce-LoopProduct-link woocommerce-loop-product__link\"><img loading=\"lazy\" decoding=\"async\" width=\"300\" height=\"300\" src=\"https:\/\/www.revoila.fr\/wp-content\/uploads\/2019\/01\/1-PA188085-300x300.jpg\" class=\"attachment-woocommerce_thumbnail size-woocommerce_thumbnail\" alt=\"Lustre Arlus 4 globes\" srcset=\"https:\/\/www.revoila.fr\/wp-content\/uploads\/2019\/01\/1-PA188085-300x300.jpg 300w, https:\/\/www.revoila.fr\/wp-content\/uploads\/2019\/01\/1-PA188085-150x150.jpg 150w, https:\/\/www.revoila.fr\/wp-content\/uploads\/2019\/01\/1-PA188085-768x768.jpg 768w, https:\/\/www.revoila.fr\/wp-content\/uploads\/2019\/01\/1-PA188085.jpg 800w, https:\/\/www.revoila.fr\/wp-content\/uploads\/2019\/01\/1-PA188085-100x100.jpg 100w\" sizes=\"auto, (max-width: 300px) 100vw, 300px\" \/><h2 class=\"woocommerce-loop-product__title\">Lustre Arlus 4 globes<\/h2>\n\t<span class=\"price\"><span class=\"woocommerce-Price-amount amount\"><bdi>440,00<span class=\"woocommerce-Price-currencySymbol\">&euro;<\/span><\/bdi><\/span><\/span>\n<\/a><a href=\"\/index.php\/wp-json\/wp\/v2\/pages\/1778?add-to-cart=811\" aria-describedby=\"woocommerce_loop_add_to_cart_link_describedby_811\" data-quantity=\"1\" class=\"button product_type_simple add_to_cart_button ajax_add_to_cart\" data-product_id=\"811\" data-product_sku=\"\" aria-label=\"Ajouter au panier\u00a0: &ldquo;Lustre Arlus 4 globes&rdquo;\" rel=\"nofollow\" data-success_message=\"\u00ab\u00a0Lustre Arlus 4 globes\u00a0\u00bb a \u00e9t\u00e9 ajout\u00e9 \u00e0 votre panier\" role=\"button\">Ajouter au panier<\/a>\t<span id=\"woocommerce_loop_add_to_cart_link_describedby_811\" class=\"screen-reader-text\">\n\t\t\t<\/span>\n<\/li>\n<li class=\"product type-product post-804 status-publish last outofstock product_cat-luminaires product_cat-vendu has-post-thumbnail sold-individually shipping-taxable product-type-simple\">\n\t<a href=\"https:\/\/www.revoila.fr\/index.php\/produit\/lustre-teck-et-perspex\/\" class=\"woocommerce-LoopProduct-link woocommerce-loop-product__link\"><img loading=\"lazy\" decoding=\"async\" width=\"300\" height=\"300\" src=\"https:\/\/www.revoila.fr\/wp-content\/uploads\/2019\/01\/1-lustre_scandinave_plexi_teck-300x300.jpg\" class=\"attachment-woocommerce_thumbnail size-woocommerce_thumbnail\" alt=\"Lustre teck et Perspex\" srcset=\"https:\/\/www.revoila.fr\/wp-content\/uploads\/2019\/01\/1-lustre_scandinave_plexi_teck-300x300.jpg 300w, https:\/\/www.revoila.fr\/wp-content\/uploads\/2019\/01\/1-lustre_scandinave_plexi_teck-150x150.jpg 150w, https:\/\/www.revoila.fr\/wp-content\/uploads\/2019\/01\/1-lustre_scandinave_plexi_teck-768x768.jpg 768w, https:\/\/www.revoila.fr\/wp-content\/uploads\/2019\/01\/1-lustre_scandinave_plexi_teck.jpg 800w, https:\/\/www.revoila.fr\/wp-content\/uploads\/2019\/01\/1-lustre_scandinave_plexi_teck-100x100.jpg 100w\" sizes=\"auto, (max-width: 300px) 100vw, 300px\" \/><div class=\"berocket_better_labels berocket_better_labels_image\"><div class=\"berocket_better_labels_position berocket_better_labels_position_right\"><div class=\"berocket_better_labels_line berocket_better_labels_line_1\"><div class=\"berocket_better_labels_inline berocket_better_labels_inline_1\"><div class=\"br_alabel br_alabel_type_text br_alabel_template_type_css berocket_alabel_id_5756  br_alabel_better_compatibility\" style=\"\"><span  style=\"\"><i style=\"background-color: #74aab3; border-color: #74aab3;\" class=\"template-span-before \"><\/i><i style=\"background-color: #74aab3; border-color: #74aab3;\" class=\"template-i \"><\/i><i style=\"background-color: #74aab3; border-color: #74aab3;\" class=\"template-i-before \"><\/i><i style=\"background-color: #74aab3; border-color: #74aab3;\" class=\"template-i-after \"><\/i><b style=\"text-align: center;z-index: 100;\" class=\"br-labels-css br-labels-css-1\">Vendu<\/b><\/span><\/div><\/div><\/div><\/div><\/div><h2 class=\"woocommerce-loop-product__title\">Lustre teck et Perspex<\/h2>\n<\/a><a href=\"https:\/\/www.revoila.fr\/index.php\/produit\/lustre-teck-et-perspex\/\" aria-describedby=\"woocommerce_loop_add_to_cart_link_describedby_804\" data-quantity=\"1\" class=\"button product_type_simple\" data-product_id=\"804\" data-product_sku=\"\" aria-label=\"En savoir plus sur &ldquo;Lustre teck et Perspex&rdquo;\" rel=\"nofollow\" data-success_message=\"\">Lire la suite<\/a>\t<span id=\"woocommerce_loop_add_to_cart_link_describedby_804\" class=\"screen-reader-text\">\n\t\t\t<\/span>\n<\/li>\n<\/ul>\n<\/div>\n<\/div>\n<\/div><\/div><\/div><\/div><\/div>","protected":false},"excerpt":{"rendered":"<p>Lampe diabolo laiton\/noire Lire la suite VenduLampe diabolo laiton\/verte Lire la suite VenduLampadaire tripode 3 feux Lire la suite VenduLampe de table perspex Lire la suite Suspension teck et Perspex 110,00&euro; Ajouter au panier VenduLustre 3 branches tulipe 50 Lire la suite Lustre Arlus 4 globes 440,00&euro; Ajouter au panier VenduLustre teck et Perspex Lire &hellip;<\/p>\n","protected":false},"author":1,"featured_media":0,"parent":0,"menu_order":0,"comment_status":"closed","ping_status":"closed","template":"","meta":{"footnotes":""},"class_list":["post-1778","page","type-page","status-publish","hentry"],"_links":{"self":[{"href":"https:\/\/www.revoila.fr\/index.php\/wp-json\/wp\/v2\/pages\/1778","targetHints":{"allow":["GET"]}}],"collection":[{"href":"https:\/\/www.revoila.fr\/index.php\/wp-json\/wp\/v2\/pages"}],"about":[{"href":"https:\/\/www.revoila.fr\/index.php\/wp-json\/wp\/v2\/types\/page"}],"author":[{"embeddable":true,"href":"https:\/\/www.revoila.fr\/index.php\/wp-json\/wp\/v2\/users\/1"}],"replies":[{"embeddable":true,"href":"https:\/\/www.revoila.fr\/index.php\/wp-json\/wp\/v2\/comments?post=1778"}],"version-history":[{"count":5,"href":"https:\/\/www.revoila.fr\/index.php\/wp-json\/wp\/v2\/pages\/1778\/revisions"}],"predecessor-version":[{"id":1796,"href":"https:\/\/www.revoila.fr\/index.php\/wp-json\/wp\/v2\/pages\/1778\/revisions\/1796"}],"wp:attachment":[{"href":"https:\/\/www.revoila.fr\/index.php\/wp-json\/wp\/v2\/media?parent=1778"}],"curies":[{"name":"wp","href":"https:\/\/api.w.org\/{rel}","templated":true}]}}