{"id":487,"date":"2019-01-22T19:09:21","date_gmt":"2019-01-22T18:09:21","guid":{"rendered":"https:\/\/www.revoila.fr\/NEW\/?page_id=487"},"modified":"2023-12-30T21:30:53","modified_gmt":"2023-12-30T20:30:53","slug":"presentation","status":"publish","type":"page","link":"https:\/\/www.revoila.fr\/index.php\/presentation\/","title":{"rendered":"Pr\u00e9sentation"},"content":{"rendered":"<div id=\"pl-487\"  class=\"panel-layout\" ><div id=\"pg-487-0\"  class=\"panel-grid panel-no-style\" ><div id=\"pgc-487-0-0\"  class=\"panel-grid-cell\" ><div id=\"panel-487-0-0-0\" class=\"so-panel widget widget_sow-headline panel-first-child panel-last-child\" data-index=\"0\" ><div\n\t\t\t\n\t\t\tclass=\"so-widget-sow-headline so-widget-sow-headline-default-ea0af4cf39ae-487\"\n\t\t\t\n\t\t><div class=\"sow-headline-container \">\n\t\t\t\t\t\t\t<h1 class=\"sow-headline\">\n\t\t\t\t\t\tReVoil\u00e0 boutique vintage\t\t\t\t\t\t<\/h1>\n\t\t\t\t\t\t\t\t\t\t\t<div class=\"decoration\">\n\t\t\t\t\t\t<div class=\"decoration-inside\"><\/div>\n\t\t\t\t\t<\/div>\n\t\t\t\t\t<\/div>\n<\/div><\/div><\/div><\/div><div id=\"pg-487-1\"  class=\"panel-grid panel-no-style\" ><div id=\"pgc-487-1-0\"  class=\"panel-grid-cell\" ><div id=\"panel-487-1-0-0\" class=\"so-panel widget widget_sow-editor panel-first-child panel-last-child\" data-index=\"1\" ><div class=\"centradoRevoila panel-widget-style panel-widget-style-for-487-1-0-0\" ><div\n\t\t\t\n\t\t\tclass=\"so-widget-sow-editor so-widget-sow-editor-base\"\n\t\t\t\n\t\t>\n<div class=\"siteorigin-widget-tinymce textwidget\">\n\t<p><img loading=\"lazy\" decoding=\"async\" class=\"alignleft size-thumbnail wp-image-1375\" style=\"color: #993300;\" src=\"https:\/\/www.revoila.fr\/wp-content\/uploads\/old-revoila\/Picaccueuilrevoila-1-150x150.jpg\" alt=\"\" width=\"150\" height=\"150\" srcset=\"https:\/\/www.revoila.fr\/wp-content\/uploads\/old-revoila\/Picaccueuilrevoila-1-150x150.jpg 150w, https:\/\/www.revoila.fr\/wp-content\/uploads\/old-revoila\/Picaccueuilrevoila-1-300x300.jpg 300w, https:\/\/www.revoila.fr\/wp-content\/uploads\/old-revoila\/Picaccueuilrevoila-1-768x768.jpg 768w, https:\/\/www.revoila.fr\/wp-content\/uploads\/old-revoila\/Picaccueuilrevoila-1.jpg 800w, https:\/\/www.revoila.fr\/wp-content\/uploads\/old-revoila\/Picaccueuilrevoila-1-100x100.jpg 100w\" sizes=\"auto, (max-width: 150px) 100vw, 150px\" \/><span style=\"color: #993300;\">ReVoil\u00e0 ces objets du XX<sup>e<\/sup> si\u00e8cle<\/span>,  Choix de meubles vintage chin\u00e9s et s\u00e9lectionn\u00e9s parce qu'en plus d'avoir d\u00e9fi\u00e9 le temps, ils trouvent parfaitement leur place dans un int\u00e9rieur contemporain en ajoutant ce petit plus qui fait la diff\u00e9rence.<\/p>\n<p><span style=\"color: #993300;\">ReVoil\u00e0 le charme d'une patine<\/span>. Chocs ou traces d'usage, autant de marques authentifiant une vie ant\u00e9rieure.<\/p>\n<p><span style=\"color: #993300;\">ReVoil\u00e0 c'est participer \u00e0 la conservation et \u00e0 la transmission.<\/span> Donner une seconde vie et une autre histoire \u00e0 ces objets et ce mobilier, sign\u00e9s ou pas, dont la singularit\u00e9 l'authenticit\u00e9 et l'originalit\u00e9 s\u00e9duit tant.<\/p>\n<p><span style=\"color: #993300;\">Revoil\u00e0 c'est aujourd'hui une boutique de design vintage<\/span>\u00a0: Mobilier mid-century, enfilades scandinaves, fauteuils bridge, secr\u00e9taires pieds compas, chaises tonneau, commodes, portes revues scoubidou,table tripode, fauteuils coquille rotin, lampadaires diabolo, lampes cocotte... tous ces objets mythiques, embl\u00e9matiques du design des ann\u00e9es 20, 30, 40, 50, 60, 70 ou 80 vous donnent rendez-vous.<\/p>\n<p><span style=\"color: #993300;\">ReVoila c'est aussi et surtout cette histoire qui continue avec vous.<\/span><\/p>\n<\/div>\n<\/div><\/div><\/div><\/div><div id=\"pgc-487-1-1\"  class=\"panel-grid-cell\" ><div id=\"panel-487-1-1-0\" class=\"so-panel widget widget_sow-simple-masonry panel-first-child panel-last-child\" data-index=\"2\" ><div\n\t\t\t\n\t\t\tclass=\"so-widget-sow-simple-masonry so-widget-sow-simple-masonry-default-d75171398898-487\"\n\t\t\t\n\t\t>\n\n<div class=\"sow-masonry-grid\"\n\tdata-layouts=\"{&quot;desktop&quot;:{&quot;numColumns&quot;:3,&quot;rowHeight&quot;:0,&quot;gutter&quot;:10},&quot;tablet&quot;:{&quot;breakPoint&quot;:768,&quot;numColumns&quot;:3,&quot;rowHeight&quot;:0,&quot;gutter&quot;:10},&quot;mobile&quot;:{&quot;breakPoint&quot;:500,&quot;numColumns&quot;:3,&quot;rowHeight&quot;:0,&quot;gutter&quot;:10}}\" data-layout-origin-left=\"true\" >\n\t\t\t\t<div class=\"sow-masonry-grid-item\" data-col-span=\"1\"\n\t\t\t\tdata-row-span=\"1\">\n\t\t\t\t\n\t\t\t\t\n\t\t\t\t<img loading=\"lazy\" decoding=\"async\" width=\"600\" height=\"600\" src=\"https:\/\/www.revoila.fr\/wp-content\/uploads\/2019\/01\/11-IMG_7803.jpg\" class=\"sow-masonry-grid-image\" alt=\"Globe Taride en verre\" title=\"Globe Taride en verre\" srcset=\"https:\/\/www.revoila.fr\/wp-content\/uploads\/2019\/01\/11-IMG_7803.jpg 600w, https:\/\/www.revoila.fr\/wp-content\/uploads\/2019\/01\/11-IMG_7803-150x150.jpg 150w, https:\/\/www.revoila.fr\/wp-content\/uploads\/2019\/01\/11-IMG_7803-300x300.jpg 300w, https:\/\/www.revoila.fr\/wp-content\/uploads\/2019\/01\/11-IMG_7803-100x100.jpg 100w\" sizes=\"auto, (max-width: 600px) 100vw, 600px\" \/>\n\t\t\t\t\n\t\t\t\t\t\t\t<\/div>\n\t\t\t\t\t\t<div class=\"sow-masonry-grid-item\" data-col-span=\"2\"\n\t\t\t\tdata-row-span=\"1\">\n\t\t\t\t\n\t\t\t\t\n\t\t\t\t<img loading=\"lazy\" decoding=\"async\" width=\"800\" height=\"800\" src=\"https:\/\/www.revoila.fr\/wp-content\/uploads\/2019\/01\/24-IMG_8301.jpg\" class=\"sow-masonry-grid-image\" alt=\"\" title=\"Detail meuble scandinave\" srcset=\"https:\/\/www.revoila.fr\/wp-content\/uploads\/2019\/01\/24-IMG_8301.jpg 800w, https:\/\/www.revoila.fr\/wp-content\/uploads\/2019\/01\/24-IMG_8301-150x150.jpg 150w, https:\/\/www.revoila.fr\/wp-content\/uploads\/2019\/01\/24-IMG_8301-300x300.jpg 300w, https:\/\/www.revoila.fr\/wp-content\/uploads\/2019\/01\/24-IMG_8301-768x768.jpg 768w, https:\/\/www.revoila.fr\/wp-content\/uploads\/2019\/01\/24-IMG_8301-100x100.jpg 100w\" sizes=\"auto, (max-width: 800px) 100vw, 800px\" \/>\n\t\t\t\t\n\t\t\t\t\t\t\t<\/div>\n\t\t\t\t\t\t<div class=\"sow-masonry-grid-item\" data-col-span=\"2\"\n\t\t\t\tdata-row-span=\"1\">\n\t\t\t\t\n\t\t\t\t\n\t\t\t\t<img loading=\"lazy\" decoding=\"async\" width=\"800\" height=\"800\" src=\"https:\/\/www.revoila.fr\/wp-content\/uploads\/2019\/01\/3-PA278345.jpg\" class=\"sow-masonry-grid-image\" alt=\"Arabesque vestiaire fer forg\u00e9\" title=\"Arabesque vestiaire fer forg\u00e9\" srcset=\"https:\/\/www.revoila.fr\/wp-content\/uploads\/2019\/01\/3-PA278345.jpg 800w, https:\/\/www.revoila.fr\/wp-content\/uploads\/2019\/01\/3-PA278345-150x150.jpg 150w, https:\/\/www.revoila.fr\/wp-content\/uploads\/2019\/01\/3-PA278345-300x300.jpg 300w, https:\/\/www.revoila.fr\/wp-content\/uploads\/2019\/01\/3-PA278345-768x768.jpg 768w, https:\/\/www.revoila.fr\/wp-content\/uploads\/2019\/01\/3-PA278345-100x100.jpg 100w\" sizes=\"auto, (max-width: 800px) 100vw, 800px\" \/>\n\t\t\t\t\n\t\t\t\t\t\t\t<\/div>\n\t\t\t\t\t\t<div class=\"sow-masonry-grid-item\" data-col-span=\"1\"\n\t\t\t\tdata-row-span=\"1\">\n\t\t\t\t\n\t\t\t\t\n\t\t\t\t<img loading=\"lazy\" decoding=\"async\" width=\"797\" height=\"800\" src=\"https:\/\/www.revoila.fr\/wp-content\/uploads\/2019\/01\/IMAG3464.jpg\" class=\"sow-masonry-grid-image\" alt=\"Detail diffuseurs Verre lamlpadaire 50\" title=\"Detail diffuseurs verre\" srcset=\"https:\/\/www.revoila.fr\/wp-content\/uploads\/2019\/01\/IMAG3464.jpg 797w, https:\/\/www.revoila.fr\/wp-content\/uploads\/2019\/01\/IMAG3464-150x150.jpg 150w, https:\/\/www.revoila.fr\/wp-content\/uploads\/2019\/01\/IMAG3464-300x300.jpg 300w, https:\/\/www.revoila.fr\/wp-content\/uploads\/2019\/01\/IMAG3464-768x771.jpg 768w, https:\/\/www.revoila.fr\/wp-content\/uploads\/2019\/01\/IMAG3464-100x100.jpg 100w\" sizes=\"auto, (max-width: 797px) 100vw, 797px\" \/>\n\t\t\t\t\n\t\t\t\t\t\t\t<\/div>\n\t\t\t\t\t\t<div class=\"sow-masonry-grid-item\" data-col-span=\"1\"\n\t\t\t\tdata-row-span=\"1\">\n\t\t\t\t\n\t\t\t\t\n\t\t\t\t<img loading=\"lazy\" decoding=\"async\" width=\"800\" height=\"800\" src=\"https:\/\/www.revoila.fr\/wp-content\/uploads\/2019\/01\/IMAG3298.jpg\" class=\"sow-masonry-grid-image\" alt=\"Bouton de tiroir art deco\" title=\"Bouton de tiroir art deco\" srcset=\"https:\/\/www.revoila.fr\/wp-content\/uploads\/2019\/01\/IMAG3298.jpg 800w, https:\/\/www.revoila.fr\/wp-content\/uploads\/2019\/01\/IMAG3298-150x150.jpg 150w, https:\/\/www.revoila.fr\/wp-content\/uploads\/2019\/01\/IMAG3298-300x300.jpg 300w, https:\/\/www.revoila.fr\/wp-content\/uploads\/2019\/01\/IMAG3298-768x768.jpg 768w, https:\/\/www.revoila.fr\/wp-content\/uploads\/2019\/01\/IMAG3298-100x100.jpg 100w\" sizes=\"auto, (max-width: 800px) 100vw, 800px\" \/>\n\t\t\t\t\n\t\t\t\t\t\t\t<\/div>\n\t\t\t\t\t\t<div class=\"sow-masonry-grid-item\" data-col-span=\"1\"\n\t\t\t\tdata-row-span=\"1\">\n\t\t\t\t\n\t\t\t\t\n\t\t\t\t<img loading=\"lazy\" decoding=\"async\" width=\"796\" height=\"800\" src=\"https:\/\/www.revoila.fr\/wp-content\/uploads\/2019\/01\/IMAG3425.jpg\" class=\"sow-masonry-grid-image\" alt=\"Serigraphie verre et carafe\" title=\"Verre et carafe Serigraphi\u00e9s\" srcset=\"https:\/\/www.revoila.fr\/wp-content\/uploads\/2019\/01\/IMAG3425.jpg 796w, https:\/\/www.revoila.fr\/wp-content\/uploads\/2019\/01\/IMAG3425-150x150.jpg 150w, https:\/\/www.revoila.fr\/wp-content\/uploads\/2019\/01\/IMAG3425-768x772.jpg 768w, https:\/\/www.revoila.fr\/wp-content\/uploads\/2019\/01\/IMAG3425-100x100.jpg 100w\" sizes=\"auto, (max-width: 796px) 100vw, 796px\" \/>\n\t\t\t\t\n\t\t\t\t\t\t\t<\/div>\n\t\t\t\n<\/div>\n<\/div><\/div><\/div><\/div><div id=\"pg-487-2\"  class=\"panel-grid panel-no-style\" ><div id=\"pgc-487-2-0\"  class=\"panel-grid-cell\" ><div id=\"panel-487-2-0-0\" class=\"so-panel widget widget_sow-editor panel-first-child panel-last-child\" data-index=\"3\" ><div\n\t\t\t\n\t\t\tclass=\"so-widget-sow-editor so-widget-sow-editor-base\"\n\t\t\t\n\t\t>\n<div class=\"siteorigin-widget-tinymce textwidget\">\n\t<hr \/>\n<h2 class=\"entry-title-2\" style=\"font-size: 30px;\"><\/h2>\n<p>Revoil\u00e0 s\u2019inscrit dans une d\u00e9marche plus globale qui \u2014 autour de lieux choisis \u2014, propose de r\u00e9interpr\u00e9ter un style dans un ensemble coh\u00e9rent en recourant le plus possible a des apports authentiquement d'\u00e9poque. Comme ici, avec le th\u00e8me joyeux du Royan de la reconstruction. <\/p>\n<\/div>\n<\/div><\/div><\/div><\/div><div id=\"pg-487-3\"  class=\"panel-grid panel-has-style\" ><div class=\"centradoRevoila panel-row-style panel-row-style-for-487-3\" ><div id=\"pgc-487-3-0\"  class=\"panel-grid-cell\" ><div id=\"panel-487-3-0-0\" class=\"so-panel widget widget_sow-editor panel-first-child panel-last-child\" data-index=\"4\" ><div\n\t\t\t\n\t\t\tclass=\"so-widget-sow-editor so-widget-sow-editor-base\"\n\t\t\t\n\t\t>\n<div class=\"siteorigin-widget-tinymce textwidget\">\n\t<p><a href=\"https:\/\/www.casamodernistaroyan.com\/\"><img loading=\"lazy\" decoding=\"async\" class=\"size-full wp-image-823\" src=\"https:\/\/www.revoila.fr\/wp-content\/uploads\/old-revoila\/01_20170121_152725_HDR.jpg\" alt=\"CasaModernista Royan vue du s\u00e9jour\" width=\"720\" height=\"443\" \/><\/a><\/p>\n<p>CasaModernista, est un appartement de 2 pi\u00e8ces, nich\u00e9 dans un immeuble moderniste situ\u00e9 entre le march\u00e9 et l'\u00e9glise Notre Dame, deux chefs d'\u0153uvre de l'architecture du XXe si\u00e8cle. Il a \u00e9t\u00e9 r\u00e9nov\u00e9 par Revoil\u00e0 dans le style de la reconstruction de Royan, <a href=\"https:\/\/www.royanatlantique.fr\/explorer\/patrimoine-et-culture\/architecture\/les-villas-des-annees-50\/\">la ville la plus 50 de France<\/a>.<\/p>\n<\/div>\n<\/div><\/div><\/div><div id=\"pgc-487-3-1\"  class=\"panel-grid-cell\" ><div id=\"panel-487-3-1-0\" class=\"so-panel widget widget_sow-simple-masonry panel-first-child panel-last-child\" data-index=\"5\" ><div\n\t\t\t\n\t\t\tclass=\"so-widget-sow-simple-masonry so-widget-sow-simple-masonry-default-d75171398898-487\"\n\t\t\t\n\t\t>\n\n<div class=\"sow-masonry-grid\"\n\tdata-layouts=\"{&quot;desktop&quot;:{&quot;numColumns&quot;:3,&quot;rowHeight&quot;:0,&quot;gutter&quot;:10},&quot;tablet&quot;:{&quot;breakPoint&quot;:768,&quot;numColumns&quot;:3,&quot;rowHeight&quot;:0,&quot;gutter&quot;:10},&quot;mobile&quot;:{&quot;breakPoint&quot;:480,&quot;numColumns&quot;:2,&quot;rowHeight&quot;:0,&quot;gutter&quot;:10}}\" data-layout-origin-left=\"true\" >\n\t\t\t\t<div class=\"sow-masonry-grid-item\" data-col-span=\"2\"\n\t\t\t\tdata-row-span=\"1\">\n\t\t\t\t\n\t\t\t\t\n\t\t\t\t<img loading=\"lazy\" decoding=\"async\" width=\"1920\" height=\"1080\" src=\"https:\/\/www.revoila.fr\/wp-content\/uploads\/2023\/04\/07_20170215_153527_HDR.jpg\" class=\"sow-masonry-grid-image\" alt=\"\" title=\"\" srcset=\"https:\/\/www.revoila.fr\/wp-content\/uploads\/2023\/04\/07_20170215_153527_HDR.jpg 1920w, https:\/\/www.revoila.fr\/wp-content\/uploads\/2023\/04\/07_20170215_153527_HDR-300x169.jpg 300w, https:\/\/www.revoila.fr\/wp-content\/uploads\/2023\/04\/07_20170215_153527_HDR-1024x576.jpg 1024w, https:\/\/www.revoila.fr\/wp-content\/uploads\/2023\/04\/07_20170215_153527_HDR-768x432.jpg 768w, https:\/\/www.revoila.fr\/wp-content\/uploads\/2023\/04\/07_20170215_153527_HDR-1536x864.jpg 1536w, https:\/\/www.revoila.fr\/wp-content\/uploads\/2023\/04\/07_20170215_153527_HDR-800x450.jpg 800w\" sizes=\"auto, (max-width: 1920px) 100vw, 1920px\" \/>\n\t\t\t\t\n\t\t\t\t\t\t\t<\/div>\n\t\t\t\t\t\t<div class=\"sow-masonry-grid-item\" data-col-span=\"1\"\n\t\t\t\tdata-row-span=\"1\">\n\t\t\t\t\n\t\t\t\t\n\t\t\t\t<img loading=\"lazy\" decoding=\"async\" width=\"1920\" height=\"1080\" src=\"https:\/\/www.revoila.fr\/wp-content\/uploads\/2023\/04\/08_-CasaModernistaRoyan-West-Balcony.jpg\" class=\"sow-masonry-grid-image\" alt=\"\" title=\"08_ CasaModernistaRoyan-West-Balcony\" srcset=\"https:\/\/www.revoila.fr\/wp-content\/uploads\/2023\/04\/08_-CasaModernistaRoyan-West-Balcony.jpg 1920w, https:\/\/www.revoila.fr\/wp-content\/uploads\/2023\/04\/08_-CasaModernistaRoyan-West-Balcony-300x169.jpg 300w, https:\/\/www.revoila.fr\/wp-content\/uploads\/2023\/04\/08_-CasaModernistaRoyan-West-Balcony-1024x576.jpg 1024w, https:\/\/www.revoila.fr\/wp-content\/uploads\/2023\/04\/08_-CasaModernistaRoyan-West-Balcony-768x432.jpg 768w, https:\/\/www.revoila.fr\/wp-content\/uploads\/2023\/04\/08_-CasaModernistaRoyan-West-Balcony-1536x864.jpg 1536w, https:\/\/www.revoila.fr\/wp-content\/uploads\/2023\/04\/08_-CasaModernistaRoyan-West-Balcony-800x450.jpg 800w\" sizes=\"auto, (max-width: 1920px) 100vw, 1920px\" \/>\n\t\t\t\t\n\t\t\t\t\t\t\t<\/div>\n\t\t\t\t\t\t<div class=\"sow-masonry-grid-item\" data-col-span=\"1\"\n\t\t\t\tdata-row-span=\"1\">\n\t\t\t\t\n\t\t\t\t\n\t\t\t\t<img loading=\"lazy\" decoding=\"async\" width=\"1920\" height=\"1080\" src=\"https:\/\/www.revoila.fr\/wp-content\/uploads\/2023\/04\/12_20170215_150847_HDR.jpg\" class=\"sow-masonry-grid-image\" alt=\"\" title=\"\" srcset=\"https:\/\/www.revoila.fr\/wp-content\/uploads\/2023\/04\/12_20170215_150847_HDR.jpg 1920w, https:\/\/www.revoila.fr\/wp-content\/uploads\/2023\/04\/12_20170215_150847_HDR-300x169.jpg 300w, https:\/\/www.revoila.fr\/wp-content\/uploads\/2023\/04\/12_20170215_150847_HDR-1024x576.jpg 1024w, https:\/\/www.revoila.fr\/wp-content\/uploads\/2023\/04\/12_20170215_150847_HDR-768x432.jpg 768w, https:\/\/www.revoila.fr\/wp-content\/uploads\/2023\/04\/12_20170215_150847_HDR-1536x864.jpg 1536w, https:\/\/www.revoila.fr\/wp-content\/uploads\/2023\/04\/12_20170215_150847_HDR-800x450.jpg 800w\" sizes=\"auto, (max-width: 1920px) 100vw, 1920px\" \/>\n\t\t\t\t\n\t\t\t\t\t\t\t<\/div>\n\t\t\t\t\t\t<div class=\"sow-masonry-grid-item\" data-col-span=\"2\"\n\t\t\t\tdata-row-span=\"1\">\n\t\t\t\t\n\t\t\t\t\n\t\t\t\t<img loading=\"lazy\" decoding=\"async\" width=\"1920\" height=\"1080\" src=\"https:\/\/www.revoila.fr\/wp-content\/uploads\/2023\/04\/10_CASAM_CHAMBRE_1_20170215_121107_HDR.jpg\" class=\"sow-masonry-grid-image\" alt=\"\" title=\"\" srcset=\"https:\/\/www.revoila.fr\/wp-content\/uploads\/2023\/04\/10_CASAM_CHAMBRE_1_20170215_121107_HDR.jpg 1920w, https:\/\/www.revoila.fr\/wp-content\/uploads\/2023\/04\/10_CASAM_CHAMBRE_1_20170215_121107_HDR-300x169.jpg 300w, https:\/\/www.revoila.fr\/wp-content\/uploads\/2023\/04\/10_CASAM_CHAMBRE_1_20170215_121107_HDR-1024x576.jpg 1024w, https:\/\/www.revoila.fr\/wp-content\/uploads\/2023\/04\/10_CASAM_CHAMBRE_1_20170215_121107_HDR-768x432.jpg 768w, https:\/\/www.revoila.fr\/wp-content\/uploads\/2023\/04\/10_CASAM_CHAMBRE_1_20170215_121107_HDR-1536x864.jpg 1536w, https:\/\/www.revoila.fr\/wp-content\/uploads\/2023\/04\/10_CASAM_CHAMBRE_1_20170215_121107_HDR-800x450.jpg 800w\" sizes=\"auto, (max-width: 1920px) 100vw, 1920px\" \/>\n\t\t\t\t\n\t\t\t\t\t\t\t<\/div>\n\t\t\t\t\t\t<div class=\"sow-masonry-grid-item\" data-col-span=\"2\"\n\t\t\t\tdata-row-span=\"1\">\n\t\t\t\t\n\t\t\t\t\n\t\t\t\t<img loading=\"lazy\" decoding=\"async\" width=\"1920\" height=\"1080\" src=\"https:\/\/www.revoila.fr\/wp-content\/uploads\/2023\/04\/06_CasaModernistaRoyan-Entrance.jpg\" class=\"sow-masonry-grid-image\" alt=\"\" title=\"\" srcset=\"https:\/\/www.revoila.fr\/wp-content\/uploads\/2023\/04\/06_CasaModernistaRoyan-Entrance.jpg 1920w, https:\/\/www.revoila.fr\/wp-content\/uploads\/2023\/04\/06_CasaModernistaRoyan-Entrance-300x169.jpg 300w, https:\/\/www.revoila.fr\/wp-content\/uploads\/2023\/04\/06_CasaModernistaRoyan-Entrance-1024x576.jpg 1024w, https:\/\/www.revoila.fr\/wp-content\/uploads\/2023\/04\/06_CasaModernistaRoyan-Entrance-768x432.jpg 768w, https:\/\/www.revoila.fr\/wp-content\/uploads\/2023\/04\/06_CasaModernistaRoyan-Entrance-1536x864.jpg 1536w, https:\/\/www.revoila.fr\/wp-content\/uploads\/2023\/04\/06_CasaModernistaRoyan-Entrance-800x450.jpg 800w\" sizes=\"auto, (max-width: 1920px) 100vw, 1920px\" \/>\n\t\t\t\t\n\t\t\t\t\t\t\t<\/div>\n\t\t\t\n<\/div>\n<\/div><\/div><\/div><\/div><\/div><div id=\"pg-487-4\"  class=\"panel-grid panel-no-style\" ><div id=\"pgc-487-4-0\"  class=\"panel-grid-cell panel-grid-cell-empty\" ><\/div><\/div><div id=\"pg-487-5\"  class=\"panel-grid panel-no-style\" ><div id=\"pgc-487-5-0\"  class=\"panel-grid-cell panel-grid-cell-empty\" ><\/div><div id=\"pgc-487-5-1\"  class=\"panel-grid-cell panel-grid-cell-mobile-last\" ><div id=\"panel-487-5-1-0\" class=\"so-panel widget widget_sow-social-media-buttons panel-first-child panel-last-child\" data-index=\"6\" ><div\n\t\t\t\n\t\t\tclass=\"so-widget-sow-social-media-buttons so-widget-sow-social-media-buttons-atom-cbe1c026800a-487\"\n\t\t\t\n\t\t>\n\n<div class=\"social-media-button-container\">\n\t\n\t\t<a \n\t\tclass=\"ow-button-hover sow-social-media-button-facebook-0 sow-social-media-button\" title=\"ReVoila sur Facebook\" aria-label=\"ReVoila sur Facebook\" target=\"_blank\" rel=\"noopener noreferrer\" href=\"https:\/\/www.facebook.com\/reVoila\/\" \t\t>\n\t\t\t<span>\n\t\t\t\t\t\t\t\t<span class=\"sow-icon-fontawesome sow-fab\" data-sow-icon=\"&#xf39e;\"\n\t\t \n\t\taria-hidden=\"true\"><\/span>\t\t\t\t\t\t\t<\/span>\n\t\t<\/a>\n\t\n\t\t<a \n\t\tclass=\"ow-button-hover sow-social-media-button-instagram-0 sow-social-media-button\" title=\"ReVoila sur Instagram\" aria-label=\"ReVoila sur Instagram\" target=\"_blank\" rel=\"noopener noreferrer\" href=\"https:\/\/www.instagram.com\/revoila.vintagedesign\/\" \t\t>\n\t\t\t<span>\n\t\t\t\t\t\t\t\t<span class=\"sow-icon-fontawesome sow-fab\" data-sow-icon=\"&#xf16d;\"\n\t\t \n\t\taria-hidden=\"true\"><\/span>\t\t\t\t\t\t\t<\/span>\n\t\t<\/a>\n\t<\/div>\n<\/div><\/div><\/div><div id=\"pgc-487-5-2\"  class=\"panel-grid-cell panel-grid-cell-empty\" ><\/div><\/div><\/div>","protected":false},"excerpt":{"rendered":"<p>ReVoil\u00e0 ces objets du XXe si\u00e8cle, Choix de meubles vintage chin\u00e9s et s\u00e9lectionn\u00e9s parce qu&rsquo;en plus d&rsquo;avoir d\u00e9fi\u00e9 le temps, ils trouvent parfaitement leur place dans un int\u00e9rieur contemporain en ajoutant ce petit plus qui fait la diff\u00e9rence. ReVoil\u00e0 le charme d&rsquo;une patine. Chocs ou traces d&rsquo;usage, autant de marques authentifiant une vie ant\u00e9rieure. ReVoil\u00e0 &hellip;<\/p>\n","protected":false},"author":1,"featured_media":0,"parent":0,"menu_order":0,"comment_status":"closed","ping_status":"closed","template":"page-centradoRevoila.php","meta":{"footnotes":""},"class_list":["post-487","page","type-page","status-publish","hentry"],"_links":{"self":[{"href":"https:\/\/www.revoila.fr\/index.php\/wp-json\/wp\/v2\/pages\/487","targetHints":{"allow":["GET"]}}],"collection":[{"href":"https:\/\/www.revoila.fr\/index.php\/wp-json\/wp\/v2\/pages"}],"about":[{"href":"https:\/\/www.revoila.fr\/index.php\/wp-json\/wp\/v2\/types\/page"}],"author":[{"embeddable":true,"href":"https:\/\/www.revoila.fr\/index.php\/wp-json\/wp\/v2\/users\/1"}],"replies":[{"embeddable":true,"href":"https:\/\/www.revoila.fr\/index.php\/wp-json\/wp\/v2\/comments?post=487"}],"version-history":[{"count":17,"href":"https:\/\/www.revoila.fr\/index.php\/wp-json\/wp\/v2\/pages\/487\/revisions"}],"predecessor-version":[{"id":6076,"href":"https:\/\/www.revoila.fr\/index.php\/wp-json\/wp\/v2\/pages\/487\/revisions\/6076"}],"wp:attachment":[{"href":"https:\/\/www.revoila.fr\/index.php\/wp-json\/wp\/v2\/media?parent=487"}],"curies":[{"name":"wp","href":"https:\/\/api.w.org\/{rel}","templated":true}]}}