{"id":553,"date":"2019-01-22T20:49:29","date_gmt":"2019-01-22T19:49:29","guid":{"rendered":"https:\/\/www.revoila.fr\/NEW\/?page_id=553"},"modified":"2024-01-07T23:39:16","modified_gmt":"2024-01-07T22:39:16","slug":"livraison","status":"publish","type":"page","link":"https:\/\/www.revoila.fr\/index.php\/livraison\/","title":{"rendered":"Livraison"},"content":{"rendered":"<div id=\"pl-553\"  class=\"panel-layout\" ><div id=\"pg-553-0\"  class=\"panel-grid panel-no-style\" ><div id=\"pgc-553-0-0\"  class=\"panel-grid-cell\" ><div id=\"panel-553-0-0-0\" class=\"so-panel widget widget_sow-headline panel-first-child\" data-index=\"0\" ><div\n\t\t\t\n\t\t\tclass=\"so-widget-sow-headline so-widget-sow-headline-default-ea0af4cf39ae-553\"\n\t\t\t\n\t\t><div class=\"sow-headline-container \">\n\t\t\t\t\t\t\t<h1 class=\"sow-headline\">\n\t\t\t\t\t\tLivraison\t\t\t\t\t\t<\/h1>\n\t\t\t\t\t\t\t\t\t\t\t<div class=\"decoration\">\n\t\t\t\t\t\t<div class=\"decoration-inside\"><\/div>\n\t\t\t\t\t<\/div>\n\t\t\t\t\t<\/div>\n<\/div><\/div><div id=\"panel-553-0-0-1\" class=\"so-panel widget widget_sow-editor panel-last-child\" data-index=\"1\" ><div\n\t\t\t\n\t\t\tclass=\"so-widget-sow-editor so-widget-sow-editor-base\"\n\t\t\t\n\t\t>\n<div class=\"siteorigin-widget-tinymce textwidget\">\n\t<p>Situ\u00e9 en Charente-Maritime nous proposons la livraison des objets et des petits meubles dans un rayon de 150&nbsp;km (voir carte ci-dessous).<\/p>\n<p>Au-del\u00e0 de cette zone, nous vous indiquons diff\u00e9rentes solutions de transport. Nous vous donnerons toutes les indications utiles (dimension, poids...) et assurerons un emballage soign\u00e9 de chaque envoi. \u2028Le r\u00e8glement des frais d'exp\u00e9dition sera r\u00e9alis\u00e9 directement entre le client et son transporteur. La livraison des objets reste \u00e0 la charge des clients.<\/p>\n<p>Il est aussi possible de venir, sur rendez-vous, chercher les objets pour une remise en main propre.<\/p>\n<\/div>\n<\/div><\/div><\/div><\/div><div id=\"pg-553-1\"  class=\"panel-grid panel-no-style\" ><div id=\"pgc-553-1-0\"  class=\"panel-grid-cell\" ><div id=\"panel-553-1-0-0\" class=\"so-panel widget widget_sow-editor panel-first-child panel-last-child\" data-index=\"2\" ><div\n\t\t\t\n\t\t\tclass=\"so-widget-sow-editor so-widget-sow-editor-base\"\n\t\t\t\n\t\t>\n<div class=\"siteorigin-widget-tinymce textwidget\">\n\t<div>\n<p><img loading=\"lazy\" decoding=\"async\" class=\"alignnone size-medium wp-image-6216\" src=\"https:\/\/www.revoila.fr\/wp-content\/uploads\/2024\/01\/RevoilaLivraisonCarteFrance-300x300.png\" alt=\"\" width=\"300\" height=\"300\" srcset=\"https:\/\/www.revoila.fr\/wp-content\/uploads\/2024\/01\/RevoilaLivraisonCarteFrance-300x300.png 300w, https:\/\/www.revoila.fr\/wp-content\/uploads\/2024\/01\/RevoilaLivraisonCarteFrance-150x150.png 150w, https:\/\/www.revoila.fr\/wp-content\/uploads\/2024\/01\/RevoilaLivraisonCarteFrance-100x100.png 100w, https:\/\/www.revoila.fr\/wp-content\/uploads\/2024\/01\/RevoilaLivraisonCarteFrance.png 697w\" sizes=\"auto, (max-width: 300px) 100vw, 300px\" \/><\/p>\n<\/div>\n<\/div>\n<\/div><\/div><\/div><div id=\"pgc-553-1-1\"  class=\"panel-grid-cell\" ><div id=\"panel-553-1-1-0\" class=\"so-panel widget widget_sow-editor panel-first-child panel-last-child\" data-index=\"3\" ><div\n\t\t\t\n\t\t\tclass=\"so-widget-sow-editor so-widget-sow-editor-base\"\n\t\t\t\n\t\t>\n<div class=\"siteorigin-widget-tinymce textwidget\">\n\t<p><span style=\"color: #OOO; letter-spacing:0.7em\"><b>TARIF DES LIVRAISONS<\/b><\/span><\/p>\n<hr \/>\n<p><span style=\"color: #e9f784;\">\u2666 <\/span><span style=\"color: #OOO;\">Gratuit en dessous de 30&nbsp;km (zone 1) = La Rochelle, Rochefort.<\/span><\/p>\n<p><span style=\"color: #b1cbcc;\">\u2666 <\/span><span style=\"color: #OOO;\">25\u20ac (zone 2) =  Cognac, Niort, Royan, Saintes, Ile de R\u00e8 (p\u00e9age en suppl\u00e9ment).<\/span><\/p>\n<p><span style=\"color: #e7f2ba;\">\u2666 <\/span><span style=\"color: #OOO;\">50\u20ac (zone 3) = Angoul\u00eame, Bordeaux.<\/span><\/p>\n<\/div>\n<\/div><\/div><\/div><\/div><\/div>","protected":false},"excerpt":{"rendered":"<p>Situ\u00e9 en Charente-Maritime nous proposons la livraison des objets et des petits meubles dans un rayon de 150&nbsp;km (voir carte ci-dessous). Au-del\u00e0 de cette zone, nous vous indiquons diff\u00e9rentes solutions de transport. Nous vous donnerons toutes les indications utiles (dimension, poids&#8230;) et assurerons un emballage soign\u00e9 de chaque envoi. \u2028Le r\u00e8glement des frais d&rsquo;exp\u00e9dition sera &hellip;<\/p>\n","protected":false},"author":1,"featured_media":0,"parent":0,"menu_order":0,"comment_status":"closed","ping_status":"closed","template":"page-centradoRevoila.php","meta":{"footnotes":""},"class_list":["post-553","page","type-page","status-publish","hentry"],"_links":{"self":[{"href":"https:\/\/www.revoila.fr\/index.php\/wp-json\/wp\/v2\/pages\/553","targetHints":{"allow":["GET"]}}],"collection":[{"href":"https:\/\/www.revoila.fr\/index.php\/wp-json\/wp\/v2\/pages"}],"about":[{"href":"https:\/\/www.revoila.fr\/index.php\/wp-json\/wp\/v2\/types\/page"}],"author":[{"embeddable":true,"href":"https:\/\/www.revoila.fr\/index.php\/wp-json\/wp\/v2\/users\/1"}],"replies":[{"embeddable":true,"href":"https:\/\/www.revoila.fr\/index.php\/wp-json\/wp\/v2\/comments?post=553"}],"version-history":[{"count":13,"href":"https:\/\/www.revoila.fr\/index.php\/wp-json\/wp\/v2\/pages\/553\/revisions"}],"predecessor-version":[{"id":6224,"href":"https:\/\/www.revoila.fr\/index.php\/wp-json\/wp\/v2\/pages\/553\/revisions\/6224"}],"wp:attachment":[{"href":"https:\/\/www.revoila.fr\/index.php\/wp-json\/wp\/v2\/media?parent=553"}],"curies":[{"name":"wp","href":"https:\/\/api.w.org\/{rel}","templated":true}]}}