{"id":5615,"date":"2021-03-11T19:55:00","date_gmt":"2021-03-11T18:55:00","guid":{"rendered":"https:\/\/www.revoila.fr\/?page_id=5615"},"modified":"2021-03-12T10:26:35","modified_gmt":"2021-03-12T09:26:35","slug":"5615-2","status":"publish","type":"page","link":"https:\/\/www.revoila.fr\/index.php\/5615-2\/","title":{"rendered":""},"content":{"rendered":"<div id=\"pl-gb5615-69d297685db40\"  class=\"panel-layout\" ><div id=\"pg-gb5615-69d297685db40-0\"  class=\"panel-grid panel-no-style\" ><div id=\"pgc-gb5615-69d297685db40-0-0\"  class=\"panel-grid-cell\" ><div id=\"panel-gb5615-69d297685db40-0-0-0\" class=\"so-panel widget widget_sow-headline panel-first-child panel-last-child\" data-index=\"0\" ><div\n\t\t\t\n\t\t\tclass=\"so-widget-sow-headline so-widget-sow-headline-default-03c8ff03ccc7-5615\"\n\t\t\t\n\t\t><div class=\"sow-headline-container \">\n\t\t\t\t\t\t\t<h1 class=\"sow-headline\">\n\t\t\t\t\t\tLivraison\t\t\t\t\t\t<\/h1>\n\t\t\t\t\t\t\t\t\t\t\t<div class=\"decoration\">\n\t\t\t\t\t\t<div class=\"decoration-inside\"><\/div>\n\t\t\t\t\t<\/div>\n\t\t\t\t\t<\/div>\n<\/div><\/div><\/div><\/div><div id=\"pg-gb5615-69d297685db40-1\"  class=\"panel-grid panel-no-style\" ><div id=\"pgc-gb5615-69d297685db40-1-0\"  class=\"panel-grid-cell\" ><div id=\"panel-gb5615-69d297685db40-1-0-0\" class=\"so-panel widget widget_sow-editor panel-first-child\" data-index=\"1\" ><div\n\t\t\t\n\t\t\tclass=\"so-widget-sow-editor so-widget-sow-editor-base\"\n\t\t\t\n\t\t>\n<div class=\"siteorigin-widget-tinymce textwidget\">\n\t<p>Situ\u00e9s a Rochefort en Charente-Maritime nous proposons la livraison des objets et des petits meubles dans un rayon de 150\u00a0km (voir carte ci-dessous).<br \/>\nIl est bien s\u00fbr \u00e9galement possible de venir, sur rendez-vous, chercher les objets pour une remise en main propre.<\/p>\n<\/div>\n<\/div><\/div><div id=\"panel-gb5615-69d297685db40-1-0-1\" class=\"so-panel widget widget_sow-editor\" data-index=\"2\" ><div class=\"panel-widget-style panel-widget-style-for-gb5615-69d297685db40-1-0-1\" ><div\n\t\t\t\n\t\t\tclass=\"so-widget-sow-editor so-widget-sow-editor-base\"\n\t\t\t\n\t\t>\n<div class=\"siteorigin-widget-tinymce textwidget\">\n\t<div class=\"livraisons\"><img decoding=\"async\" src=\"https:\/\/www.revoila.fr\/wp-content\/uploads\/2019\/01\/ReVoila_Livraison-1.png\" width=\"250\" height=\"auto\" \/><\/div>\n<div class=\"livraisons\">\n<span style=\"color: #OOO;\">TARIF DES LIVRAISONS<\/span><br \/>\n<span style=\"color: #e9f784;\">\u2666 <\/span><span style=\"color: #OOO;\">Gratuit en dessous de 50&nbsp;km <br \/>(zone 1)= La Rochelle, Rochefort, Saintes.<\/span><\/p>\n<p><span style=\"color: #b1cbcc;\">\u2666 <\/span><span style=\"color: #OOO;\">25\u20ac (zone 2) =  Ile de R\u00e8 (p\u00e9age en suppl\u00e9ment), <br \/>Cognac, Niort, Royan.<\/span><\/p>\n<p><span style=\"color: #e7f2ba;\">\u2666 <\/span><span style=\"color: #OOO;\">50\u20ac (zone 3) = Bordeaux, Poitier, Angoul\u00eame.<\/span><\/div>\n<\/div>\n<\/div><\/div><\/div><div id=\"panel-gb5615-69d297685db40-1-0-2\" class=\"so-panel widget widget_sow-editor panel-last-child\" data-index=\"3\" ><div\n\t\t\t\n\t\t\tclass=\"so-widget-sow-editor so-widget-sow-editor-base\"\n\t\t\t\n\t\t>\n<div class=\"siteorigin-widget-tinymce textwidget\">\n\t<p>Au-del\u00e0 de cette zone, il vous faut trouver un transporteur.<br \/>\nPour les petits objets les grandes enseignes (la Poste, UPS, DHL) permettent d&rsquo;\u00e9diter le bordereau d\u2019exp\u00e9dition en pdf. Vous nous retournez par mail et nous l&rsquo;imprimons pour le mettre sur votre colis et assurons la prise en charge aupr\u00e8s de votre livreur.<\/p>\n<p>Pour les meubles, les gros objets ou les objets fragiles, la plateforme Cocolis (www.cocolis.fr) propose un service de mise en relation pour la livraison de colis. Particuli\u00e8rement bien adapt\u00e9e au type de produit que nous vendons. Avec des tarifs tr\u00e8s comp\u00e9titifs, elle a d\u00e9velopp\u00e9 une offre tr\u00e8s pertinente.<br \/>\nNous vous donnerons toutes les indications utiles (dimension, poids&#8230;) et assurerons un emballage soign\u00e9 de chaque envoi. \u2028Le r\u00e8glement des frais d&rsquo;exp\u00e9dition sera r\u00e9alis\u00e9 directement entre le client et son transporteur. La livraison des objets reste \u00e0 la charge des clients.<\/p>\n<p>Il est aussi possible de venir, sur rendez-vous, chercher les objets pour une remise en main propre.<\/p>\n<\/div>\n<\/div><\/div><\/div><div id=\"pgc-gb5615-69d297685db40-1-1\"  class=\"panel-grid-cell\" ><div id=\"panel-gb5615-69d297685db40-1-1-0\" class=\"so-panel widget widget_sow-editor panel-first-child panel-last-child\" data-index=\"4\" ><div\n\t\t\t\n\t\t\tclass=\"so-widget-sow-editor so-widget-sow-editor-base\"\n\t\t\t\n\t\t>\n<div class=\"siteorigin-widget-tinymce textwidget\">\n\t<p>Cocolis est une plateforme de livraison particuli\u00e8rement adapt\u00e9e pour les objets vendus sur reVoila.<\/p>\n<p><img loading=\"lazy\" decoding=\"async\" class=\"alignleft  wp-image-5616\" src=\"https:\/\/www.revoila.fr\/wp-content\/uploads\/2021\/03\/CocolisHome.jpg\" alt=\"\" width=\"258\" height=\"475\" srcset=\"https:\/\/www.revoila.fr\/wp-content\/uploads\/2021\/03\/CocolisHome.jpg 700w, https:\/\/www.revoila.fr\/wp-content\/uploads\/2021\/03\/CocolisHome-163x300.jpg 163w, https:\/\/www.revoila.fr\/wp-content\/uploads\/2021\/03\/CocolisHome-556x1024.jpg 556w\" sizes=\"auto, (max-width: 258px) 100vw, 258px\" \/><\/p>\n<\/div>\n<\/div><\/div><\/div><\/div><div id=\"pg-gb5615-69d297685db40-2\"  class=\"panel-grid panel-no-style\" ><div id=\"pgc-gb5615-69d297685db40-2-0\"  class=\"panel-grid-cell panel-grid-cell-empty panel-grid-cell-mobile-last\" ><\/div><div id=\"pgc-gb5615-69d297685db40-2-1\"  class=\"panel-grid-cell panel-grid-cell-empty\" ><\/div><\/div><\/div>\n\n\n<div class=\"wp-block-columns is-layout-flex wp-container-core-columns-is-layout-9d6595d7 wp-block-columns-is-layout-flex\">\n<div class=\"wp-block-column is-layout-flow wp-block-column-is-layout-flow\" style=\"flex-basis:75%\">\n<div class=\"wp-block-columns is-layout-flex wp-container-core-columns-is-layout-9d6595d7 wp-block-columns-is-layout-flex\">\n<div class=\"wp-block-column is-layout-flow wp-block-column-is-layout-flow\">\n<figure class=\"wp-block-image size-full\"><img loading=\"lazy\" decoding=\"async\" width=\"384\" height=\"384\" src=\"https:\/\/www.revoila.fr\/wp-content\/uploads\/old-revoila\/ReVoila_Livraison-1.png\" alt=\"\" class=\"wp-image-1377\" srcset=\"https:\/\/www.revoila.fr\/wp-content\/uploads\/old-revoila\/ReVoila_Livraison-1.png 384w, https:\/\/www.revoila.fr\/wp-content\/uploads\/old-revoila\/ReVoila_Livraison-1-150x150.png 150w, https:\/\/www.revoila.fr\/wp-content\/uploads\/old-revoila\/ReVoila_Livraison-1-300x300.png 300w, https:\/\/www.revoila.fr\/wp-content\/uploads\/old-revoila\/ReVoila_Livraison-1-100x100.png 100w\" sizes=\"auto, (max-width: 384px) 100vw, 384px\" \/><\/figure>\n<\/div>\n\n\n\n<div class=\"wp-block-column is-layout-flow wp-block-column-is-layout-flow\">\n<p>TARIF DES LIVRAISONS<br>\u2666 Gratuit en dessous de 50&nbsp;km<br>(zone 1)= La Rochelle, Rochefort, Saintes.<\/p>\n\n\n\n<p>\u2666 25\u20ac (zone 2) = Ile de R\u00e8 (p\u00e9age en suppl\u00e9ment),<br>Cognac, Niort, Royan.<\/p>\n\n\n\n<p>\u2666 50\u20ac (zone 3) = Bordeaux, Poitier, Angoul\u00eame.<\/p>\n<\/div>\n<\/div>\n<\/div>\n\n\n\n<div class=\"wp-block-column is-layout-flow wp-block-column-is-layout-flow\" style=\"flex-basis:25%\">\n<h3 class=\"wp-block-heading\">La solution Cocolis<\/h3>\n\n\n\n<p>Cocolis est une plateforme de livraison particuli\u00e8rement adapt\u00e9e pour les objets vendus sur reVoila.<\/p>\n\n\n\n<figure class=\"wp-block-image size-large\"><img loading=\"lazy\" decoding=\"async\" width=\"556\" height=\"1024\" src=\"https:\/\/www.revoila.fr\/wp-content\/uploads\/2021\/03\/CocolisHome-556x1024.jpg\" alt=\"\" class=\"wp-image-5616\" srcset=\"https:\/\/www.revoila.fr\/wp-content\/uploads\/2021\/03\/CocolisHome-556x1024.jpg 556w, https:\/\/www.revoila.fr\/wp-content\/uploads\/2021\/03\/CocolisHome-163x300.jpg 163w, https:\/\/www.revoila.fr\/wp-content\/uploads\/2021\/03\/CocolisHome.jpg 700w\" sizes=\"auto, (max-width: 556px) 100vw, 556px\" \/><\/figure>\n<\/div>\n<\/div>\n\n\n\n<p><\/p>\n","protected":false},"excerpt":{"rendered":"<p>Situ\u00e9s a Rochefort en Charente-Maritime nous proposons la livraison des objets et des petits meubles dans un rayon de 150\u00a0km (voir carte ci-dessous). Il est bien s\u00fbr \u00e9galement possible de venir, sur rendez-vous, chercher les objets pour une remise en main propre. TARIF DES LIVRAISONS \u2666 Gratuit en dessous de 50&nbsp;km (zone 1)= La Rochelle, &hellip;<\/p>\n","protected":false},"author":1,"featured_media":0,"parent":0,"menu_order":0,"comment_status":"closed","ping_status":"closed","template":"","meta":{"footnotes":""},"class_list":["post-5615","page","type-page","status-publish","hentry"],"_links":{"self":[{"href":"https:\/\/www.revoila.fr\/index.php\/wp-json\/wp\/v2\/pages\/5615","targetHints":{"allow":["GET"]}}],"collection":[{"href":"https:\/\/www.revoila.fr\/index.php\/wp-json\/wp\/v2\/pages"}],"about":[{"href":"https:\/\/www.revoila.fr\/index.php\/wp-json\/wp\/v2\/types\/page"}],"author":[{"embeddable":true,"href":"https:\/\/www.revoila.fr\/index.php\/wp-json\/wp\/v2\/users\/1"}],"replies":[{"embeddable":true,"href":"https:\/\/www.revoila.fr\/index.php\/wp-json\/wp\/v2\/comments?post=5615"}],"version-history":[{"count":22,"href":"https:\/\/www.revoila.fr\/index.php\/wp-json\/wp\/v2\/pages\/5615\/revisions"}],"predecessor-version":[{"id":5691,"href":"https:\/\/www.revoila.fr\/index.php\/wp-json\/wp\/v2\/pages\/5615\/revisions\/5691"}],"wp:attachment":[{"href":"https:\/\/www.revoila.fr\/index.php\/wp-json\/wp\/v2\/media?parent=5615"}],"curies":[{"name":"wp","href":"https:\/\/api.w.org\/{rel}","templated":true}]}}