{"id":5793,"date":"2023-12-31T08:56:37","date_gmt":"2023-12-31T07:56:37","guid":{"rendered":"https:\/\/www.revoila.fr\/?page_id=5793"},"modified":"2024-06-06T22:32:21","modified_gmt":"2024-06-06T20:32:21","slug":"renovation-xanadu","status":"publish","type":"page","link":"https:\/\/www.revoila.fr\/index.php\/qui-sommes-nous\/renovation-xanadu\/","title":{"rendered":"R\u00e9novation Xanadu"},"content":{"rendered":"<section id=\"builder-section-banner_1128\" class=\"builder-section-first builder-section builder-section-banner builder-section-next-text\" style=\"background-size: cover; background-repeat: no-repeat;background-position: center center;\">\n<div class=\"builder-section-content\">\n<div class=\"builder-banner-slide content-position-none\" style=\"background-image: url(&#039;https:\/\/www.revoila.fr\/wp-content\/uploads\/2023\/04\/24-ENTREE-20230408_095104_HDR.jpg&#039;);\">\n<div class=\"builder-banner-content\">\n<div class=\"builder-banner-inner-content\">\n\t\t\t\t\t\t\t\t\t<\/div>\n<\/p><\/div>\n<\/p><\/div>\n<\/p><\/div>\n<\/section>\n<section id=\"builder-section-text_27\" class=\"builder-section-prev-banner builder-section builder-section-text builder-section-next-gallery builder-text-columns-3\" style=\"background-size: cover; background-repeat: no-repeat;background-position: center center;\">\n<div class=\"builder-section-content\">\n<div class=\"builder-text-row\">\n<div class=\"builder-text-column builder-text-column-1\" id=\"builder-section-text_27-column-1\">\n<div class=\"builder-text-content\">\n<h1>Xanadu<\/h1>\n<pre>2022 - ROCHEFORT<\/pre>\n<\/p><\/div>\n<\/p><\/div>\n<div class=\"builder-text-column builder-text-column-2\" id=\"builder-section-text_27-column-2\">\n<div class=\"builder-text-content\">\n<p>Cette maison mitoyenne, embl\u00e9matique des ann\u00e9es 80, a conserv\u00e9 beaucoup d&rsquo;\u00e9l\u00e9ments d&rsquo;origine : poign\u00e9es de porte, menuiseries, \u00e9vier, carrelage muraux&#8230; Autant d&rsquo;\u00e9quipements r\u00e9f\u00e9renc\u00e9s dans les annexes du Permis de Construire.<\/p>\n<p>Le parti pris moquette et sol plastique a \u00e9t\u00e9 conserv\u00e9. Coup de chapeau \u00e0 Forbo pour ses sols Modul-Up en aplat de couleur. On adore. Quand \u00e0 la moquette, elle apporte un confort et une ambiance tr\u00e8s cosy.<\/p>\n<\/p><\/div>\n<\/p><\/div>\n<div class=\"builder-text-column builder-text-column-3\" id=\"builder-section-text_27-column-3\">\n<div class=\"builder-text-content\">\n<p><img loading=\"lazy\" decoding=\"async\" class=\"size-full wp-image-6025 aligncenter\" src=\"https:\/\/www.revoila.fr\/wp-content\/uploads\/2023\/12\/24_Circle20231022_215558.jpg\" alt=\"\" width=\"300\" height=\"300\" srcset=\"https:\/\/www.revoila.fr\/wp-content\/uploads\/2023\/12\/24_Circle20231022_215558.jpg 800w, https:\/\/www.revoila.fr\/wp-content\/uploads\/2023\/12\/24_Circle20231022_215558-300x300.jpg 300w, https:\/\/www.revoila.fr\/wp-content\/uploads\/2023\/12\/24_Circle20231022_215558-150x150.jpg 150w, https:\/\/www.revoila.fr\/wp-content\/uploads\/2023\/12\/24_Circle20231022_215558-768x768.jpg 768w, https:\/\/www.revoila.fr\/wp-content\/uploads\/2023\/12\/24_Circle20231022_215558-100x100.jpg 100w\" sizes=\"auto, (max-width: 300px) 100vw, 300px\" \/><\/p>\n<\/p><\/div>\n<\/p><\/div>\n<\/p><\/div>\n<\/p><\/div>\n<\/section>\n<section id=\"builder-section-gallery_85\" class=\"builder-section-prev-text builder-section builder-section-gallery builder-section-next-text builder-gallery-columns-2 builder-gallery-captions-reveal builder-gallery-captions-light builder-gallery-aspect-none\" style=\"background-size: cover; background-repeat: no-repeat;background-position: center center;\">\n<div class=\"builder-section-content\">\n<div class=\"builder-gallery-item \">\n<figure class=\"builder-gallery-image\" style=\"background-image: url(&#039;https:\/\/www.revoila.fr\/wp-content\/uploads\/2023\/04\/24-SALON-20230408_102758_HDR-1024x576.jpg&#039;);padding-bottom: 56.25%;\"><\/figure>\n<\/p><\/div>\n<div class=\"builder-gallery-item  last-2\">\n<figure class=\"builder-gallery-image\" style=\"background-image: url(&#039;https:\/\/www.revoila.fr\/wp-content\/uploads\/2023\/04\/24-STAIRS-20230408_100047_HDR-1024x576.jpg&#039;);padding-bottom: 56.25%;\"><\/figure>\n<\/p><\/div>\n<div class=\"builder-gallery-item \">\n<figure class=\"builder-gallery-image\" style=\"background-image: url(&#039;https:\/\/www.revoila.fr\/wp-content\/uploads\/2023\/12\/24_entrance-1024x576.jpg&#039;);padding-bottom: 56.25%;\"><\/figure>\n<\/p><\/div>\n<div class=\"builder-gallery-item  last-2\">\n<figure class=\"builder-gallery-image\" style=\"background-image: url(&#039;https:\/\/www.revoila.fr\/wp-content\/uploads\/2023\/12\/24_cuisine-1024x576.jpg&#039;);padding-bottom: 56.25%;\"><\/figure>\n<\/p><\/div>\n<div class=\"builder-gallery-item \">\n<figure class=\"builder-gallery-image\" style=\"background-image: url(&#039;https:\/\/www.revoila.fr\/wp-content\/uploads\/2023\/12\/24-Salon_GP-1024x576.jpg&#039;);padding-bottom: 56.25%;\"><\/figure>\n<\/p><\/div>\n<div class=\"builder-gallery-item  last-2\">\n<figure class=\"builder-gallery-image\" style=\"background-image: url(&#039;https:\/\/www.revoila.fr\/wp-content\/uploads\/2023\/12\/24_cuisine_2-1024x576.jpg&#039;);padding-bottom: 56.25%;\"><\/figure>\n<\/p><\/div>\n<div class=\"builder-gallery-item \">\n<figure class=\"builder-gallery-image\" style=\"background-image: url(&#039;https:\/\/www.revoila.fr\/wp-content\/uploads\/2023\/12\/24-Estrade_sejour-1024x576.jpg&#039;);padding-bottom: 56.25%;\"><\/figure>\n<\/p><\/div>\n<div class=\"builder-gallery-item  last-2\">\n<figure class=\"builder-gallery-image\" style=\"background-image: url(&#039;https:\/\/www.revoila.fr\/wp-content\/uploads\/2023\/12\/24_20230413_080132_HDR-1024x576.jpg&#039;);padding-bottom: 56.25%;\"><\/figure>\n<\/p><\/div>\n<div class=\"builder-gallery-item \">\n<figure class=\"builder-gallery-image\" style=\"background-image: url(&#039;https:\/\/www.revoila.fr\/wp-content\/uploads\/2023\/12\/24_SDB-1024x576.jpg&#039;);padding-bottom: 56.25%;\"><\/figure>\n<\/p><\/div>\n<div class=\"builder-gallery-item  last-2\">\n<figure class=\"builder-gallery-image\" style=\"background-image: url(&#039;https:\/\/www.revoila.fr\/wp-content\/uploads\/2023\/12\/24_Chambre_Xanadu_20230202_135148_HDR-1024x576.jpg&#039;);padding-bottom: 56.25%;\"><\/figure>\n<\/p><\/div>\n<\/p><\/div>\n<\/section>\n<section id=\"builder-section-text_171\" class=\"builder-section-prev-gallery builder-section builder-section-text builder-section-next-text builder-text-columns-1\" style=\"background-size: cover; background-repeat: no-repeat;background-position: center center;\">\n<div class=\"builder-section-content\">\n<div class=\"builder-text-row\">\n<div class=\"builder-text-column builder-text-column-1\" id=\"builder-section-text_171-column-1\">\n<div class=\"builder-text-content\">\n<hr \/><\/div>\n<\/p><\/div>\n<\/p><\/div>\n<\/p><\/div>\n<\/section>\n<section id=\"builder-section-text_1212\" class=\"builder-section-prev-text builder-section builder-section-text builder-section-next-text has-background builder-section-full-width builder-text-columns-1\" style=\"background-color:#e8e7ce;background-size: cover; background-repeat: no-repeat;background-position: center center;\">\n<h3 class=\"builder-text-section-title\">\n        \u0152uvre de jeunesse d&#8217;Yves Lion    <\/h3>\n<div class=\"builder-section-content\">\n<div class=\"builder-text-row\">\n<div class=\"builder-text-column builder-text-column-1\" id=\"builder-section-text_1212-column-1\">\n<div class=\"builder-text-content\">\n<p>Situ\u00e9e dans une bande mitoyenne, con\u00e7ue en 1980 par Yves Lion. cette maison de trois chambres, offre des volumes sophistiqu\u00e9s et un plan fonctionnaliste, articul\u00e9 autour de la vol\u00e9e d\u2019escalier. Une distribution circulaire des pi\u00e8ces de vie et une circulation en \u00e9toile au palier des chambres. Sans doute pour tenir son budget, l\u2019architecte a fait des arbitrages radicaux : b\u00e9ton (murs et refend) ou carton (les cloisons). Cette \u0153uvre de jeunesse reste tr\u00e8s pertinente et les habitants s&rsquo;y sentent bien (voir <a href=\"https:\/\/www.sudouest.fr\/culture\/rochefort-le-quartier-de-la-gare-conserve-toute-sa-modernite-malgre-ses-40-ans-10732445.php\">article<\/a> de Sud-Ouest).<\/p>\n<p>&#8211;<br \/><img loading=\"lazy\" decoding=\"async\" class=\"size-large wp-image-6021 aligncenter\" src=\"https:\/\/www.revoila.fr\/wp-content\/uploads\/2023\/12\/24-Jardin_devant-1024x576.jpg\" alt=\"\" width=\"960\" height=\"540\" srcset=\"https:\/\/www.revoila.fr\/wp-content\/uploads\/2023\/12\/24-Jardin_devant-1024x576.jpg 1024w, https:\/\/www.revoila.fr\/wp-content\/uploads\/2023\/12\/24-Jardin_devant-300x169.jpg 300w, https:\/\/www.revoila.fr\/wp-content\/uploads\/2023\/12\/24-Jardin_devant-768x432.jpg 768w, https:\/\/www.revoila.fr\/wp-content\/uploads\/2023\/12\/24-Jardin_devant-1536x864.jpg 1536w, https:\/\/www.revoila.fr\/wp-content\/uploads\/2023\/12\/24-Jardin_devant-800x450.jpg 800w, https:\/\/www.revoila.fr\/wp-content\/uploads\/2023\/12\/24-Jardin_devant.jpg 1920w\" sizes=\"auto, (max-width: 960px) 100vw, 960px\" \/><\/p>\n<\/p><\/div>\n<\/p><\/div>\n<\/p><\/div>\n<\/p><\/div>\n<\/section>\n<section id=\"builder-section-text_2778\" class=\"builder-section-prev-text builder-section builder-section-text builder-section-last has-background builder-text-columns-1\" style=\"background-color:#d17f7f;background-size: cover; background-repeat: no-repeat;background-position: center center;\">\n<h3 class=\"builder-text-section-title\">\n        Optimisation de l&#8217;espace    <\/h3>\n<div class=\"builder-section-content\">\n<div class=\"builder-text-row\">\n<div class=\"builder-text-column builder-text-column-1\" id=\"builder-section-text_2778-column-1\">\n<div class=\"builder-text-content\">\n<p>Sans doute pour optimiser les co\u00fbts de construction, la toiture est sans charpente. Les plafonds de l&rsquo;\u00e9tage sont en sous pentes. Au fa\u00eetage, la hauteur sous plafond atteint 4 m 50. En exploitant cette hauteur sous plafond et en enjambant le couloir et un d\u00e9barras, il a \u00e9t\u00e9 possible d&rsquo;ins\u00e9rer une mezzanine.<\/p>\n<p><img loading=\"lazy\" decoding=\"async\" class=\"size-large wp-image-6041 aligncenter\" src=\"https:\/\/www.revoila.fr\/wp-content\/uploads\/2023\/12\/24_3D_mezzanine-1024x787.png\" alt=\"\" width=\"960\" height=\"738\" srcset=\"https:\/\/www.revoila.fr\/wp-content\/uploads\/2023\/12\/24_3D_mezzanine-1024x787.png 1024w, https:\/\/www.revoila.fr\/wp-content\/uploads\/2023\/12\/24_3D_mezzanine-300x231.png 300w, https:\/\/www.revoila.fr\/wp-content\/uploads\/2023\/12\/24_3D_mezzanine-768x590.png 768w, https:\/\/www.revoila.fr\/wp-content\/uploads\/2023\/12\/24_3D_mezzanine-800x615.png 800w, https:\/\/www.revoila.fr\/wp-content\/uploads\/2023\/12\/24_3D_mezzanine.png 1088w\" sizes=\"auto, (max-width: 960px) 100vw, 960px\" \/><\/p>\n<\/p><\/div>\n<\/p><\/div>\n<\/p><\/div>\n<div class=\"builder-text-row\">\n<div class=\"builder-text-column builder-text-column-2\" id=\"builder-section-text_2778-column-1\">\n<div class=\"builder-text-content\">\n\t\t\t\t\t\t\t\t\t\t\t<\/div>\n<\/p><\/div>\n<\/p><\/div>\n<\/p><\/div>\n<\/section>\n","protected":false},"excerpt":{"rendered":"<p>Xanadu 2022 &#8211; ROCHEFORT Cette maison mitoyenne, embl\u00e9matique des ann\u00e9es 80, a conserv\u00e9 beaucoup d&rsquo;\u00e9l\u00e9ments d&rsquo;origine : poign\u00e9es de porte, menuiseries, \u00e9vier, carrelage muraux&#8230; Autant d&rsquo;\u00e9quipements r\u00e9f\u00e9renc\u00e9s dans les annexes du Permis de Construire. Le parti pris moquette et sol plastique a \u00e9t\u00e9 conserv\u00e9. Coup de chapeau \u00e0 Forbo pour ses sols Modul-Up en aplat &hellip;<\/p>\n","protected":false},"author":2,"featured_media":0,"parent":6072,"menu_order":0,"comment_status":"closed","ping_status":"closed","template":"template-builder.php","meta":{"footnotes":""},"class_list":["post-5793","page","type-page","status-publish","hentry"],"_links":{"self":[{"href":"https:\/\/www.revoila.fr\/index.php\/wp-json\/wp\/v2\/pages\/5793","targetHints":{"allow":["GET"]}}],"collection":[{"href":"https:\/\/www.revoila.fr\/index.php\/wp-json\/wp\/v2\/pages"}],"about":[{"href":"https:\/\/www.revoila.fr\/index.php\/wp-json\/wp\/v2\/types\/page"}],"author":[{"embeddable":true,"href":"https:\/\/www.revoila.fr\/index.php\/wp-json\/wp\/v2\/users\/2"}],"replies":[{"embeddable":true,"href":"https:\/\/www.revoila.fr\/index.php\/wp-json\/wp\/v2\/comments?post=5793"}],"version-history":[{"count":51,"href":"https:\/\/www.revoila.fr\/index.php\/wp-json\/wp\/v2\/pages\/5793\/revisions"}],"predecessor-version":[{"id":6301,"href":"https:\/\/www.revoila.fr\/index.php\/wp-json\/wp\/v2\/pages\/5793\/revisions\/6301"}],"up":[{"embeddable":true,"href":"https:\/\/www.revoila.fr\/index.php\/wp-json\/wp\/v2\/pages\/6072"}],"wp:attachment":[{"href":"https:\/\/www.revoila.fr\/index.php\/wp-json\/wp\/v2\/media?parent=5793"}],"curies":[{"name":"wp","href":"https:\/\/api.w.org\/{rel}","templated":true}]}}