{"id":5811,"date":"2023-12-31T08:53:25","date_gmt":"2023-12-31T07:53:25","guid":{"rendered":"https:\/\/www.revoila.fr\/?page_id=5811"},"modified":"2024-01-03T10:16:04","modified_gmt":"2024-01-03T09:16:04","slug":"renovation-casamodernista-2015","status":"publish","type":"page","link":"https:\/\/www.revoila.fr\/index.php\/qui-sommes-nous\/renovation-casamodernista-2015\/","title":{"rendered":"R\u00e9novation Casamodernista"},"content":{"rendered":"<section id=\"builder-section-banner_27\" class=\"builder-section-first builder-section builder-section-banner builder-section-next-text\" style=\"background-size: cover; background-repeat: no-repeat;background-position: center center;\">\n<div class=\"builder-section-content\">\n<div class=\"builder-banner-slide content-position-none\" style=\"background-image: url(&#039;https:\/\/www.revoila.fr\/wp-content\/uploads\/2023\/04\/01_20170121_152725_HDR.jpg&#039;);\">\n<div class=\"builder-banner-content\">\n<div class=\"builder-banner-inner-content\">\n\t\t\t\t\t\t\t\t\t<\/div>\n<\/p><\/div>\n<\/p><\/div>\n<\/p><\/div>\n<\/section>\n<section id=\"builder-section-text_2547\" class=\"builder-section-prev-banner builder-section builder-section-text builder-section-next-gallery builder-text-columns-3\" style=\"background-size: cover; background-repeat: no-repeat;background-position: center center;\">\n<div class=\"builder-section-content\">\n<div class=\"builder-text-row\">\n<div class=\"builder-text-column builder-text-column-1\" id=\"builder-section-text_2547-column-1\">\n<div class=\"builder-text-content\">\n<h1>Casa Modernista<\/h1>\n<pre>2015 - ROYAN<\/pre>\n<\/p><\/div>\n<\/p><\/div>\n<div class=\"builder-text-column builder-text-column-2\" id=\"builder-section-text_2547-column-2\">\n<div class=\"builder-text-content\">\n<p>CasaModernista est un deux pi\u00e8ces au centre de Royan \u00ab&nbsp;la ville la plus 50 de France&nbsp;\u00bb. Cette station baln\u00e9aire est un laboratoire d&rsquo;architecture et les embruns qui y soufflent sont ennivrants. Port\u00e9s par l&rsquo;\u00e9nergie cr\u00e9ative qui a souffl\u00e9 sur la ville au moment de la reconstruction, nous avons gout\u00e9 aux joies des couleurs pures et des volumes nets. Le mobilier d&rsquo;\u00e9poque provient de ReVoil\u00e0, bien s\u00fbr.<\/p>\n<p>CasaModernista fut propos\u00e9 \u00e0 la location saisonni\u00e8re durant plusieurs ann\u00e9es.<\/p>\n<\/p><\/div>\n<\/p><\/div>\n<div class=\"builder-text-column builder-text-column-3\" id=\"builder-section-text_2547-column-3\">\n<div class=\"builder-text-content\">\n<p><img loading=\"lazy\" decoding=\"async\" class=\"alignnone size-medium wp-image-5820\" src=\"https:\/\/www.revoila.fr\/wp-content\/uploads\/2023\/04\/CasaM_Miroir_NET-300x300.jpg\" alt=\"\" width=\"300\" height=\"300\" srcset=\"https:\/\/www.revoila.fr\/wp-content\/uploads\/2023\/04\/CasaM_Miroir_NET-300x300.jpg 300w, https:\/\/www.revoila.fr\/wp-content\/uploads\/2023\/04\/CasaM_Miroir_NET-150x150.jpg 150w, https:\/\/www.revoila.fr\/wp-content\/uploads\/2023\/04\/CasaM_Miroir_NET-768x768.jpg 768w, https:\/\/www.revoila.fr\/wp-content\/uploads\/2023\/04\/CasaM_Miroir_NET-100x100.jpg 100w, https:\/\/www.revoila.fr\/wp-content\/uploads\/2023\/04\/CasaM_Miroir_NET.jpg 800w\" sizes=\"auto, (max-width: 300px) 100vw, 300px\" \/><\/p>\n<\/p><\/div>\n<\/p><\/div>\n<\/p><\/div>\n<\/p><\/div>\n<\/section>\n<section id=\"builder-section-gallery_109\" class=\"builder-section-prev-text builder-section builder-section-gallery builder-section-next-text builder-gallery-columns-2 builder-gallery-captions-reveal builder-gallery-captions-light builder-gallery-aspect-none\" style=\"background-size: cover; background-repeat: no-repeat;background-position: center center;\">\n<div class=\"builder-section-content\">\n<div class=\"builder-gallery-item \">\n<figure class=\"builder-gallery-image\" style=\"background-image: url(&#039;https:\/\/www.revoila.fr\/wp-content\/uploads\/2024\/01\/05_CASAMODERNISTA-ROYAN-SEJOUR_3-1024x576.jpg&#039;);padding-bottom: 56.25%;\"><\/figure>\n<\/p><\/div>\n<div class=\"builder-gallery-item  last-2\">\n<figure class=\"builder-gallery-image\" style=\"background-image: url(&#039;https:\/\/www.revoila.fr\/wp-content\/uploads\/2024\/01\/CASAMODERNISTA-ROYAN-SEJOUR_2-1024x576.jpg&#039;);padding-bottom: 56.25%;\"><\/figure>\n<\/p><\/div>\n<div class=\"builder-gallery-item \">\n<figure class=\"builder-gallery-image\" style=\"background-image: url(&#039;https:\/\/www.revoila.fr\/wp-content\/uploads\/2023\/04\/02_-CasaModernistaRoyan-South-Balcony-1024x576.jpg&#039;);padding-bottom: 56.25%;\"><\/figure>\n<\/p><\/div>\n<div class=\"builder-gallery-item  last-2\">\n<figure class=\"builder-gallery-image\" style=\"background-image: url(&#039;https:\/\/www.revoila.fr\/wp-content\/uploads\/2023\/04\/07_20170215_153527_HDR-1024x576.jpg&#039;);padding-bottom: 56.25%;\"><\/figure>\n<\/p><\/div>\n<div class=\"builder-gallery-item \">\n<figure class=\"builder-gallery-image\" style=\"background-image: url(&#039;https:\/\/www.revoila.fr\/wp-content\/uploads\/2023\/04\/06_CasaModernistaRoyan-Entrance-1024x576.jpg&#039;);padding-bottom: 56.25%;\"><\/figure>\n<\/p><\/div>\n<div class=\"builder-gallery-item  last-2\">\n<figure class=\"builder-gallery-image\" style=\"background-image: url(&#039;https:\/\/www.revoila.fr\/wp-content\/uploads\/2023\/04\/10_CASAM_CHAMBRE_1_20170215_121107_HDR-1024x576.jpg&#039;);padding-bottom: 56.25%;\"><\/figure>\n<\/p><\/div>\n<div class=\"builder-gallery-item \">\n<figure class=\"builder-gallery-image\" style=\"background-image: url(&#039;https:\/\/www.revoila.fr\/wp-content\/uploads\/2024\/01\/CASAMODERNISTA_ROYAN_CHAMBRE2-1024x576.jpg&#039;);padding-bottom: 56.25%;\"><\/figure>\n<\/p><\/div>\n<div class=\"builder-gallery-item  last-2\">\n<figure class=\"builder-gallery-image\" style=\"background-image: url(&#039;https:\/\/www.revoila.fr\/wp-content\/uploads\/2023\/04\/09_CasaModernistaRoyan-Bathroom.jpg-1024x576.jpg&#039;);padding-bottom: 56.25%;\"><\/figure>\n<\/p><\/div>\n<div class=\"builder-gallery-item \">\n<figure class=\"builder-gallery-image\" style=\"background-image: url(&#039;https:\/\/www.revoila.fr\/wp-content\/uploads\/2023\/04\/12_20170215_150847_HDR-1024x576.jpg&#039;);padding-bottom: 56.25%;\"><\/figure>\n<\/p><\/div>\n<div class=\"builder-gallery-item  last-2\">\n<figure class=\"builder-gallery-image\" style=\"background-image: url(&#039;https:\/\/www.revoila.fr\/wp-content\/uploads\/2023\/04\/08_-CasaModernistaRoyan-West-Balcony-1024x576.jpg&#039;);padding-bottom: 56.25%;\"><\/figure>\n<\/p><\/div>\n<\/p><\/div>\n<\/section>\n<section id=\"builder-section-text_3963\" class=\"builder-section-prev-gallery builder-section builder-section-text builder-section-last builder-text-columns-1\" style=\"background-size: cover; background-repeat: no-repeat;background-position: center center;\">\n<div class=\"builder-section-content\">\n<div class=\"builder-text-row\">\n<div class=\"builder-text-column builder-text-column-1\" id=\"builder-section-text_3963-column-1\">\n<div class=\"builder-text-content\">\n<p><img loading=\"lazy\" decoding=\"async\" class=\"alignleft size-full wp-image-6181\" src=\"https:\/\/www.revoila.fr\/wp-content\/uploads\/2024\/01\/14_CASAMODERNISTA-ROYAN_PLAN.jpg\" alt=\"\" width=\"1920\" height=\"1080\" srcset=\"https:\/\/www.revoila.fr\/wp-content\/uploads\/2024\/01\/14_CASAMODERNISTA-ROYAN_PLAN.jpg 1920w, https:\/\/www.revoila.fr\/wp-content\/uploads\/2024\/01\/14_CASAMODERNISTA-ROYAN_PLAN-300x169.jpg 300w, https:\/\/www.revoila.fr\/wp-content\/uploads\/2024\/01\/14_CASAMODERNISTA-ROYAN_PLAN-1024x576.jpg 1024w, https:\/\/www.revoila.fr\/wp-content\/uploads\/2024\/01\/14_CASAMODERNISTA-ROYAN_PLAN-768x432.jpg 768w, https:\/\/www.revoila.fr\/wp-content\/uploads\/2024\/01\/14_CASAMODERNISTA-ROYAN_PLAN-1536x864.jpg 1536w, https:\/\/www.revoila.fr\/wp-content\/uploads\/2024\/01\/14_CASAMODERNISTA-ROYAN_PLAN-800x450.jpg 800w\" sizes=\"auto, (max-width: 1920px) 100vw, 1920px\" \/><\/p>\n<\/p>\n<p>Le couloir d&rsquo;entr\u00e9e a \u00e9t\u00e9 mis en valeur en reprenant le principe de la colorisation des sous faces de balcons, embl\u00e9matique du style royannais. Le plafond peint en jaune souffre se prolonge sur le mur du fond. L&rsquo;\u00e9tag\u00e8re color\u00e9e remplace un placard et donne un c\u00f4t\u00e9 chaleureux a ce lieu de passage. Cette entr\u00e9e qui \u00e9tait sans int\u00e9r\u00eat, s&rsquo;en est tr\u00e8s bien accommod\u00e9.<\/p>\n<p>Point fort de cette architecture baln\u00e9aire, les longs balcons en coursive permettent de suivre le soleil toute la journ\u00e9e. <\/p>\n<\/p><\/div>\n<\/p><\/div>\n<\/p><\/div>\n<\/p><\/div>\n<\/section>\n","protected":false},"excerpt":{"rendered":"<p>Casa Modernista 2015 &#8211; ROYAN CasaModernista est un deux pi\u00e8ces au centre de Royan \u00ab&nbsp;la ville la plus 50 de France&nbsp;\u00bb. Cette station baln\u00e9aire est un laboratoire d&rsquo;architecture et les embruns qui y soufflent sont ennivrants. Port\u00e9s par l&rsquo;\u00e9nergie cr\u00e9ative qui a souffl\u00e9 sur la ville au moment de la reconstruction, nous avons gout\u00e9 aux &hellip;<\/p>\n","protected":false},"author":2,"featured_media":0,"parent":6072,"menu_order":0,"comment_status":"closed","ping_status":"closed","template":"template-builder.php","meta":{"footnotes":""},"class_list":["post-5811","page","type-page","status-publish","hentry"],"_links":{"self":[{"href":"https:\/\/www.revoila.fr\/index.php\/wp-json\/wp\/v2\/pages\/5811","targetHints":{"allow":["GET"]}}],"collection":[{"href":"https:\/\/www.revoila.fr\/index.php\/wp-json\/wp\/v2\/pages"}],"about":[{"href":"https:\/\/www.revoila.fr\/index.php\/wp-json\/wp\/v2\/types\/page"}],"author":[{"embeddable":true,"href":"https:\/\/www.revoila.fr\/index.php\/wp-json\/wp\/v2\/users\/2"}],"replies":[{"embeddable":true,"href":"https:\/\/www.revoila.fr\/index.php\/wp-json\/wp\/v2\/comments?post=5811"}],"version-history":[{"count":31,"href":"https:\/\/www.revoila.fr\/index.php\/wp-json\/wp\/v2\/pages\/5811\/revisions"}],"predecessor-version":[{"id":6210,"href":"https:\/\/www.revoila.fr\/index.php\/wp-json\/wp\/v2\/pages\/5811\/revisions\/6210"}],"up":[{"embeddable":true,"href":"https:\/\/www.revoila.fr\/index.php\/wp-json\/wp\/v2\/pages\/6072"}],"wp:attachment":[{"href":"https:\/\/www.revoila.fr\/index.php\/wp-json\/wp\/v2\/media?parent=5811"}],"curies":[{"name":"wp","href":"https:\/\/api.w.org\/{rel}","templated":true}]}}