{"id":5862,"date":"2023-12-31T08:56:26","date_gmt":"2023-12-31T07:56:26","guid":{"rendered":"https:\/\/www.revoila.fr\/?page_id=5862"},"modified":"2024-01-01T18:54:35","modified_gmt":"2024-01-01T17:54:35","slug":"renovation-l-ecrin-2012","status":"publish","type":"page","link":"https:\/\/www.revoila.fr\/index.php\/qui-sommes-nous\/renovation-l-ecrin-2012\/","title":{"rendered":"R\u00e9novation l&rsquo;Ecrin &#8211; 2012"},"content":{"rendered":"<section id=\"builder-section-banner_27\" class=\"builder-section-first builder-section builder-section-banner builder-section-next-text\" style=\"background-size: cover; background-repeat: no-repeat;background-position: center center;\">\n<div class=\"builder-section-content\">\n<div class=\"builder-banner-slide content-position-none\" style=\"background-image: url(&#039;https:\/\/www.revoila.fr\/wp-content\/uploads\/2023\/04\/19-SEJOUR-A.jpg&#039;);\">\n<div class=\"builder-banner-content\">\n<div class=\"builder-banner-inner-content\">\n\t\t\t\t\t\t\t\t\t<\/div>\n<\/p><\/div>\n<\/p><\/div>\n<\/p><\/div>\n<\/section>\n<section id=\"builder-section-text_1371\" class=\"builder-section-prev-banner builder-section builder-section-text builder-section-next-gallery builder-text-columns-3\" style=\"background-size: cover; background-repeat: no-repeat;background-position: center center;\">\n<div class=\"builder-section-content\">\n<div class=\"builder-text-row\">\n<div class=\"builder-text-column builder-text-column-1\" id=\"builder-section-text_1371-column-1\">\n<div class=\"builder-text-content\">\n<h3>L&rsquo;\u00c9crin<\/h3>\n<pre>Paris - 2012<\/pre>\n<\/p><\/div>\n<\/p><\/div>\n<div class=\"builder-text-column builder-text-column-2\" id=\"builder-section-text_1371-column-2\">\n<div class=\"builder-text-content\">\n<p>R\u00e9novation d&rsquo;un studio de 18 m<sup>2<\/sup> \u00e0 Paris, Le bloc cuisine et l&rsquo;\u00e9l\u00e9ment int\u00e9grant le frigo sont r\u00e9unis par une plateforme offrant un appr\u00e9ciable rangement en hauteur. Cet \u00e9l\u00e9ment haut se continuant en corniche \u00e9troite pour recevoir un \u00e9clairage indirect et s&rsquo;appuie sur les rangements muraux.<\/p>\n<\/p><\/div>\n<\/p><\/div>\n<div class=\"builder-text-column builder-text-column-3\" id=\"builder-section-text_1371-column-3\">\n<div class=\"builder-text-content\">\n<p><img loading=\"lazy\" decoding=\"async\" class=\"alignleft size-full wp-image-5894\" src=\"https:\/\/www.revoila.fr\/wp-content\/uploads\/2023\/04\/Joubert-Parties-communes.jpg\" alt=\"\" width=\"500\" height=\"500\" srcset=\"https:\/\/www.revoila.fr\/wp-content\/uploads\/2023\/04\/Joubert-Parties-communes.jpg 500w, https:\/\/www.revoila.fr\/wp-content\/uploads\/2023\/04\/Joubert-Parties-communes-300x300.jpg 300w, https:\/\/www.revoila.fr\/wp-content\/uploads\/2023\/04\/Joubert-Parties-communes-150x150.jpg 150w, https:\/\/www.revoila.fr\/wp-content\/uploads\/2023\/04\/Joubert-Parties-communes-100x100.jpg 100w\" sizes=\"auto, (max-width: 500px) 100vw, 500px\" \/><\/p>\n<\/p><\/div>\n<\/p><\/div>\n<\/p><\/div>\n<\/p><\/div>\n<\/section>\n<section id=\"builder-section-gallery_141\" class=\"builder-section-prev-text builder-section builder-section-gallery builder-section-next-text builder-gallery-columns-3 builder-gallery-captions-reveal builder-gallery-captions-light builder-gallery-aspect-none\" style=\"background-size: cover; background-repeat: no-repeat;background-position: center center;\">\n<div class=\"builder-section-content\">\n<div class=\"builder-gallery-item \">\n<figure class=\"builder-gallery-image\" style=\"background-image: url(&#039;https:\/\/www.revoila.fr\/wp-content\/uploads\/2023\/04\/19-SEJOUR-C-1024x576.jpg&#039;);padding-bottom: 56.25%;\"><\/figure>\n<\/p><\/div>\n<div class=\"builder-gallery-item \">\n<figure class=\"builder-gallery-image\" style=\"background-image: url(&#039;https:\/\/www.revoila.fr\/wp-content\/uploads\/2023\/04\/19-SEJOUR-B-1024x576.jpg&#039;);padding-bottom: 56.25%;\"><\/figure>\n<\/p><\/div>\n<div class=\"builder-gallery-item  last-3\">\n<figure class=\"builder-gallery-image\" style=\"background-image: url(&#039;https:\/\/www.revoila.fr\/wp-content\/uploads\/2023\/04\/251_1760x1080_7-min-1024x628.jpg&#039;);padding-bottom: 61.328125%;\"><\/figure>\n<\/p><\/div>\n<div class=\"builder-gallery-item \">\n<figure class=\"builder-gallery-image\" style=\"background-image: url(&#039;https:\/\/www.revoila.fr\/wp-content\/uploads\/2023\/04\/251_1760x1080_5-min-1024x628.jpg&#039;);padding-bottom: 61.328125%;\"><\/figure>\n<\/p><\/div>\n<div class=\"builder-gallery-item \">\n<figure class=\"builder-gallery-image\" style=\"background-image: url(&#039;https:\/\/www.revoila.fr\/wp-content\/uploads\/2023\/04\/251_1760x1080_6-min-1024x628.jpg&#039;);padding-bottom: 61.328125%;\"><\/figure>\n<\/p><\/div>\n<div class=\"builder-gallery-item  last-3\">\n<figure class=\"builder-gallery-image\" style=\"background-image: url(&#039;https:\/\/www.revoila.fr\/wp-content\/uploads\/2023\/04\/251_1760x1080_8-min-1024x628.jpg&#039;);padding-bottom: 61.328125%;\"><\/figure>\n<\/p><\/div>\n<\/p><\/div>\n<\/section>\n<section id=\"builder-section-text_1978\" class=\"builder-section-prev-gallery builder-section builder-section-text builder-section-last builder-text-columns-1\" style=\"background-size: cover; background-repeat: no-repeat;background-position: center center;\">\n<div class=\"builder-section-content\">\n<div class=\"builder-text-row\">\n<div class=\"builder-text-column builder-text-column-1\" id=\"builder-section-text_1978-column-1\">\n<div class=\"builder-text-content\">\n<p><img loading=\"lazy\" decoding=\"async\" class=\"size-large wp-image-6046 aligncenter\" src=\"https:\/\/www.revoila.fr\/wp-content\/uploads\/2023\/12\/3D_Joubert_V5_PALCARD3D-1024x666.png\" alt=\"\" width=\"960\" height=\"624\" srcset=\"https:\/\/www.revoila.fr\/wp-content\/uploads\/2023\/12\/3D_Joubert_V5_PALCARD3D-1024x666.png 1024w, https:\/\/www.revoila.fr\/wp-content\/uploads\/2023\/12\/3D_Joubert_V5_PALCARD3D-300x195.png 300w, https:\/\/www.revoila.fr\/wp-content\/uploads\/2023\/12\/3D_Joubert_V5_PALCARD3D-768x500.png 768w, https:\/\/www.revoila.fr\/wp-content\/uploads\/2023\/12\/3D_Joubert_V5_PALCARD3D-1536x999.png 1536w, https:\/\/www.revoila.fr\/wp-content\/uploads\/2023\/12\/3D_Joubert_V5_PALCARD3D-800x521.png 800w, https:\/\/www.revoila.fr\/wp-content\/uploads\/2023\/12\/3D_Joubert_V5_PALCARD3D.png 1580w\" sizes=\"auto, (max-width: 960px) 100vw, 960px\" \/><\/p>\n<\/p><\/div>\n<\/p><\/div>\n<\/p><\/div>\n<\/p><\/div>\n<\/section>\n","protected":false},"excerpt":{"rendered":"<p>L&rsquo;\u00c9crin Paris &#8211; 2012 R\u00e9novation d&rsquo;un studio de 18 m2 \u00e0 Paris, Le bloc cuisine et l&rsquo;\u00e9l\u00e9ment int\u00e9grant le frigo sont r\u00e9unis par une plateforme offrant un appr\u00e9ciable rangement en hauteur. Cet \u00e9l\u00e9ment haut se continuant en corniche \u00e9troite pour recevoir un \u00e9clairage indirect et s&rsquo;appuie sur les rangements muraux.<\/p>\n","protected":false},"author":1,"featured_media":0,"parent":6072,"menu_order":0,"comment_status":"closed","ping_status":"closed","template":"template-builder.php","meta":{"footnotes":""},"class_list":["post-5862","page","type-page","status-publish","hentry"],"_links":{"self":[{"href":"https:\/\/www.revoila.fr\/index.php\/wp-json\/wp\/v2\/pages\/5862","targetHints":{"allow":["GET"]}}],"collection":[{"href":"https:\/\/www.revoila.fr\/index.php\/wp-json\/wp\/v2\/pages"}],"about":[{"href":"https:\/\/www.revoila.fr\/index.php\/wp-json\/wp\/v2\/types\/page"}],"author":[{"embeddable":true,"href":"https:\/\/www.revoila.fr\/index.php\/wp-json\/wp\/v2\/users\/1"}],"replies":[{"embeddable":true,"href":"https:\/\/www.revoila.fr\/index.php\/wp-json\/wp\/v2\/comments?post=5862"}],"version-history":[{"count":21,"href":"https:\/\/www.revoila.fr\/index.php\/wp-json\/wp\/v2\/pages\/5862\/revisions"}],"predecessor-version":[{"id":6118,"href":"https:\/\/www.revoila.fr\/index.php\/wp-json\/wp\/v2\/pages\/5862\/revisions\/6118"}],"up":[{"embeddable":true,"href":"https:\/\/www.revoila.fr\/index.php\/wp-json\/wp\/v2\/pages\/6072"}],"wp:attachment":[{"href":"https:\/\/www.revoila.fr\/index.php\/wp-json\/wp\/v2\/media?parent=5862"}],"curies":[{"name":"wp","href":"https:\/\/api.w.org\/{rel}","templated":true}]}}