{"id":5968,"date":"2023-12-30T23:23:18","date_gmt":"2023-12-30T22:23:18","guid":{"rendered":"https:\/\/www.revoila.fr\/?page_id=5968"},"modified":"2024-01-01T18:55:06","modified_gmt":"2024-01-01T17:55:06","slug":"renovation-charonne-2001","status":"publish","type":"page","link":"https:\/\/www.revoila.fr\/index.php\/qui-sommes-nous\/renovation-charonne-2001\/","title":{"rendered":"R\u00e9novation Charonne 2001"},"content":{"rendered":"<section id=\"builder-section-banner_27\" class=\"builder-section-first builder-section builder-section-banner builder-section-next-text\" style=\"background-size: cover; background-repeat: no-repeat;background-position: center center;\">\n<div class=\"builder-section-content\">\n<div class=\"builder-banner-slide content-position-none\" style=\"background-image: url(&#039;https:\/\/www.revoila.fr\/wp-content\/uploads\/2023\/12\/Paris-Comble-1_1.jpg&#039;);\">\n<div class=\"builder-banner-content\">\n<div class=\"builder-banner-inner-content\">\n\t\t\t\t\t\t\t\t\t<\/div>\n<\/p><\/div>\n<\/p><\/div>\n<\/p><\/div>\n<\/section>\n<section id=\"builder-section-text_430\" class=\"builder-section-prev-banner builder-section builder-section-text builder-section-next-gallery builder-text-columns-3\" style=\"background-size: cover; background-repeat: no-repeat;background-position: center center;\">\n<div class=\"builder-section-content\">\n<div class=\"builder-text-row\">\n<div class=\"builder-text-column builder-text-column-1\" id=\"builder-section-text_430-column-1\">\n<div class=\"builder-text-content\">\n<h1>Charonne<\/h1>\n<pre>2001 - PARIS<\/pre>\n<\/p><\/div>\n<\/p><\/div>\n<div class=\"builder-text-column builder-text-column-2\" id=\"builder-section-text_430-column-2\">\n<div class=\"builder-text-content\">\n<p>La r\u00e9unification de 2 appartements mitoyens a permis de concevoir un plan de circulation en boucle, tr\u00e8s agr\u00e9able \u00e0 vivre : toutes les pi\u00e8ces communiquant entre elles. L&rsquo;am\u00e9nagement des combles a mis en valeur la charpente et offre un couchage d&rsquo;appoint.<\/p>\n<p>Les manques de carreaux cass\u00e9s ont \u00e9t\u00e9s reconstitu\u00e9s gr\u00e2ce aux produits Winckelmans dont les teintes semblent intemporelles&#8230;<\/p>\n<\/p><\/div>\n<\/p><\/div>\n<div class=\"builder-text-column builder-text-column-3\" id=\"builder-section-text_430-column-3\">\n<div class=\"builder-text-content\">\n<p><img loading=\"lazy\" decoding=\"async\" class=\"alignnone size-medium wp-image-5820 aligncenter\" src=\"https:\/\/www.revoila.fr\/wp-content\/uploads\/2023\/12\/CarreauxCassees.jpg\" alt=\"\" width=\"300\" height=\"300\" \/><\/p>\n<\/p><\/div>\n<\/p><\/div>\n<\/p><\/div>\n<\/p><\/div>\n<\/section>\n<section id=\"builder-section-gallery_73\" class=\"builder-section-prev-text builder-section builder-section-gallery builder-section-next-text builder-gallery-columns-3 builder-gallery-captions-reveal builder-gallery-captions-light builder-gallery-aspect-landscape\" style=\"background-size: cover; background-repeat: no-repeat;background-position: center center;\">\n<div class=\"builder-section-content\">\n<div class=\"builder-gallery-item \">\n<figure class=\"builder-gallery-image\" style=\"background-image: url(&#039;https:\/\/www.revoila.fr\/wp-content\/uploads\/2023\/12\/Paris-Cuisine_1-1024x768.jpg&#039;);\"><\/figure>\n<\/p><\/div>\n<div class=\"builder-gallery-item \">\n<figure class=\"builder-gallery-image\" style=\"background-image: url(&#039;https:\/\/www.revoila.fr\/wp-content\/uploads\/2023\/12\/Paris-Sejour_1-1024x768.jpg&#039;);\"><\/figure>\n<\/p><\/div>\n<div class=\"builder-gallery-item  last-3\">\n<figure class=\"builder-gallery-image\" style=\"background-image: url(&#039;https:\/\/www.revoila.fr\/wp-content\/uploads\/2023\/12\/Paris-Bureau-2_1-1024x768.jpg&#039;);\"><\/figure>\n<\/p><\/div>\n<div class=\"builder-gallery-item \">\n<figure class=\"builder-gallery-image\" style=\"background-image: url(&#039;https:\/\/www.revoila.fr\/wp-content\/uploads\/2023\/12\/Paris-SdB_1-1024x768.jpg&#039;);\"><\/figure>\n<\/p><\/div>\n<div class=\"builder-gallery-item \">\n<figure class=\"builder-gallery-image\" style=\"background-image: url(&#039;https:\/\/www.revoila.fr\/wp-content\/uploads\/2023\/12\/Paris-Chambre-1_1-1024x768.jpg&#039;);\"><\/figure>\n<\/p><\/div>\n<div class=\"builder-gallery-item  last-3\">\n<figure class=\"builder-gallery-image\" style=\"background-image: url(&#039;https:\/\/www.revoila.fr\/wp-content\/uploads\/2023\/12\/Paris-chambre-2_1-1024x768.jpg&#039;);\"><\/figure>\n<\/p><\/div>\n<div class=\"builder-gallery-item \">\n<figure class=\"builder-gallery-image\" style=\"background-image: url(&#039;https:\/\/www.revoila.fr\/wp-content\/uploads\/2023\/12\/Paris-comble-2_1-1024x768.jpg&#039;);\"><\/figure>\n<\/p><\/div>\n<div class=\"builder-gallery-item \">\n<figure class=\"builder-gallery-image\" style=\"background-image: url(&#039;https:\/\/www.revoila.fr\/wp-content\/uploads\/2023\/12\/Paris-Comble-3-1024x768.jpg&#039;);\"><\/figure>\n<\/p><\/div>\n<div class=\"builder-gallery-item  last-3\">\n<figure class=\"builder-gallery-image\" style=\"background-image: url(&#039;https:\/\/www.revoila.fr\/wp-content\/uploads\/2023\/12\/Paris-cuisine-2-1024x768.jpg&#039;);\"><\/figure>\n<\/p><\/div>\n<\/p><\/div>\n<\/section>\n<section id=\"builder-section-text_134\" class=\"builder-section-prev-gallery builder-section builder-section-text builder-section-last builder-text-columns-1\" style=\"background-size: cover; background-repeat: no-repeat;background-position: center center;\">\n<div class=\"builder-section-content\">\n<div class=\"builder-text-row\">\n<div class=\"builder-text-column builder-text-column-1\" id=\"builder-section-text_134-column-1\">\n<div class=\"builder-text-content\">\n<p>Plan de la r\u00e9union des deux lots<br \/>\n<img loading=\"lazy\" decoding=\"async\" class=\"alignleft wp-image-5981\" src=\"https:\/\/www.revoila.fr\/wp-content\/uploads\/2023\/12\/PLAN-CHARONNE-RENO.gif\" alt=\"\" width=\"558\" height=\"516\" \/><\/p>\n<hr \/>\n<p style=\"text-align: right;\">Etat originel<img loading=\"lazy\" decoding=\"async\" class=\"wp-image-5982 alignright\" src=\"https:\/\/www.revoila.fr\/wp-content\/uploads\/2023\/12\/PLAN-CHARONNE-OLD.gif\" alt=\"\" width=\"272\" height=\"252\" \/><\/p>\n<\/p><\/div>\n<\/p><\/div>\n<\/p><\/div>\n<div class=\"builder-text-row\">\n<div class=\"builder-text-column builder-text-column-2\" id=\"builder-section-text_134-column-1\">\n<div class=\"builder-text-content\">\n\t\t\t\t\t\t\t\t\t\t\t<\/div>\n<\/p><\/div>\n<\/p><\/div>\n<div class=\"builder-text-row\">\n<div class=\"builder-text-column builder-text-column-3\" id=\"builder-section-text_134-column-1\">\n<div class=\"builder-text-content\">\n\t\t\t\t\t\t\t\t\t\t\t<\/div>\n<\/p><\/div>\n<\/p><\/div>\n<\/p><\/div>\n<\/section>\n","protected":false},"excerpt":{"rendered":"<p>Charonne 2001 &#8211; PARIS La r\u00e9unification de 2 appartements mitoyens a permis de concevoir un plan de circulation en boucle, tr\u00e8s agr\u00e9able \u00e0 vivre : toutes les pi\u00e8ces communiquant entre elles. L&rsquo;am\u00e9nagement des combles a mis en valeur la charpente et offre un couchage d&rsquo;appoint. Les manques de carreaux cass\u00e9s ont \u00e9t\u00e9s reconstitu\u00e9s gr\u00e2ce aux &hellip;<\/p>\n","protected":false},"author":2,"featured_media":0,"parent":6072,"menu_order":0,"comment_status":"closed","ping_status":"closed","template":"template-builder.php","meta":{"footnotes":""},"class_list":["post-5968","page","type-page","status-publish","hentry"],"_links":{"self":[{"href":"https:\/\/www.revoila.fr\/index.php\/wp-json\/wp\/v2\/pages\/5968","targetHints":{"allow":["GET"]}}],"collection":[{"href":"https:\/\/www.revoila.fr\/index.php\/wp-json\/wp\/v2\/pages"}],"about":[{"href":"https:\/\/www.revoila.fr\/index.php\/wp-json\/wp\/v2\/types\/page"}],"author":[{"embeddable":true,"href":"https:\/\/www.revoila.fr\/index.php\/wp-json\/wp\/v2\/users\/2"}],"replies":[{"embeddable":true,"href":"https:\/\/www.revoila.fr\/index.php\/wp-json\/wp\/v2\/comments?post=5968"}],"version-history":[{"count":15,"href":"https:\/\/www.revoila.fr\/index.php\/wp-json\/wp\/v2\/pages\/5968\/revisions"}],"predecessor-version":[{"id":6067,"href":"https:\/\/www.revoila.fr\/index.php\/wp-json\/wp\/v2\/pages\/5968\/revisions\/6067"}],"up":[{"embeddable":true,"href":"https:\/\/www.revoila.fr\/index.php\/wp-json\/wp\/v2\/pages\/6072"}],"wp:attachment":[{"href":"https:\/\/www.revoila.fr\/index.php\/wp-json\/wp\/v2\/media?parent=5968"}],"curies":[{"name":"wp","href":"https:\/\/api.w.org\/{rel}","templated":true}]}}