{"id":6072,"date":"2023-12-31T08:55:04","date_gmt":"2023-12-31T07:55:04","guid":{"rendered":"https:\/\/www.revoila.fr\/?page_id=6072"},"modified":"2024-01-08T22:57:51","modified_gmt":"2024-01-08T21:57:51","slug":"qui-sommes-nous","status":"publish","type":"page","link":"https:\/\/www.revoila.fr\/index.php\/qui-sommes-nous\/","title":{"rendered":"Qui sommes nous"},"content":{"rendered":"\n<h1 class=\"wp-block-heading\">Qui sommes-nous<\/h1>\n\n\n\n<div class=\"wp-block-columns is-layout-flex wp-container-core-columns-is-layout-9d6595d7 wp-block-columns-is-layout-flex\">\n<div class=\"wp-block-column is-layout-flow wp-block-column-is-layout-flow\" style=\"flex-basis:33.33%\">\n<figure class=\"wp-block-image size-full\"><img loading=\"lazy\" decoding=\"async\" width=\"800\" height=\"514\" src=\"https:\/\/www.revoila.fr\/wp-content\/uploads\/2024\/01\/Nabila_Denis_2024_800x514.jpg\" alt=\"\" class=\"wp-image-6146\" style=\"object-fit:cover\" srcset=\"https:\/\/www.revoila.fr\/wp-content\/uploads\/2024\/01\/Nabila_Denis_2024_800x514.jpg 800w, https:\/\/www.revoila.fr\/wp-content\/uploads\/2024\/01\/Nabila_Denis_2024_800x514-300x193.jpg 300w, https:\/\/www.revoila.fr\/wp-content\/uploads\/2024\/01\/Nabila_Denis_2024_800x514-768x493.jpg 768w\" sizes=\"auto, (max-width: 800px) 100vw, 800px\" \/><\/figure>\n\n\n\n<div style=\"height:38px\" aria-hidden=\"true\" class=\"wp-block-spacer\"><\/div>\n\n\n\n<div class=\"wp-block-columns is-not-stacked-on-mobile is-layout-flex wp-container-core-columns-is-layout-9d6595d7 wp-block-columns-is-layout-flex\">\n<div class=\"wp-block-column is-layout-flow wp-block-column-is-layout-flow\">\n<figure class=\"wp-block-image size-full\"><img loading=\"lazy\" decoding=\"async\" width=\"600\" height=\"569\" src=\"https:\/\/www.revoila.fr\/wp-content\/uploads\/2024\/01\/Nabila-XX.jpg\" alt=\"\" class=\"wp-image-6157\" style=\"object-fit:cover\" srcset=\"https:\/\/www.revoila.fr\/wp-content\/uploads\/2024\/01\/Nabila-XX.jpg 600w, https:\/\/www.revoila.fr\/wp-content\/uploads\/2024\/01\/Nabila-XX-300x285.jpg 300w\" sizes=\"auto, (max-width: 600px) 100vw, 600px\" \/><\/figure>\n<\/div>\n\n\n\n<div class=\"wp-block-column is-layout-flow wp-block-column-is-layout-flow\">\n<figure class=\"wp-block-image size-full is-style-default\"><img loading=\"lazy\" decoding=\"async\" width=\"600\" height=\"569\" src=\"https:\/\/www.revoila.fr\/wp-content\/uploads\/2024\/01\/Denis_XX-1.jpg\" alt=\"\" class=\"wp-image-6175\" style=\"object-fit:cover\" srcset=\"https:\/\/www.revoila.fr\/wp-content\/uploads\/2024\/01\/Denis_XX-1.jpg 600w, https:\/\/www.revoila.fr\/wp-content\/uploads\/2024\/01\/Denis_XX-1-300x285.jpg 300w\" sizes=\"auto, (max-width: 600px) 100vw, 600px\" \/><\/figure>\n<\/div>\n<\/div>\n<\/div>\n\n\n\n<div class=\"wp-block-column is-layout-flow wp-block-column-is-layout-flow\" style=\"flex-basis:66.66%\">\n<p>Si il fallait d\u00e9rouler le fil de ReVoil\u00e0 nous remonterions \u00e0 notre vie parisienne, car au del\u00e0 de l&rsquo;int\u00e9r\u00eat que l&rsquo;on porte au design, \u00e0 l&rsquo;architecture et \u00e0 l&rsquo;histoire qu&rsquo;un lieu o\u00f9 un objet peut nous \u00e9voquer, il y a 30 ans de complicit\u00e9. Nous pourrions convoquer notre pass\u00e9 professionnel. Pour Denis, ses \u00e9tudes de design, son exp\u00e9rience dans le graphisme et sa passion pour l&rsquo;architecture. Pour Nabila son exp\u00e9rience dans l&rsquo;audiovisuel \u00e0 Paris ou \u00e0 Londres, la pub, le clip, la fiction, le documentaire, bref ce qui relie l&rsquo;image et le son. Et pourrions aussi inviter ce qui a nourrit notre imaginaire ici et ailleurs, nous qui sommes si friands de nouveaux horizons.<\/p>\n\n\n\n<p><strong>ReVoila et la r\u00e9novation<\/strong><\/p>\n\n\n\n<p>C\u2019est suite \u00e0 la transformation de notre 1<sup>er<\/sup> appartement, constitu\u00e9 du rapprochement de deux lots mitoyens, que nous nous sommes d\u00e9couvert une compl\u00e9mentarit\u00e9, qui relevait, si ce n&rsquo;est d&rsquo;un talent, assur\u00e9ment d&rsquo;une passion commune. Nous avions su observer, comprendre, r\u00e9v\u00e9ler. Nous avions modernis\u00e9 tout en valorisant l&rsquo;existant. Cet appartement et une cr\u00e9ation : \u00e0 ce qu&rsquo;il \u00e9tait, nous avons apport\u00e9 ce que nous sommes.<\/p>\n\n\n\n<p>Par la suite, ayant mont\u00e9 la boutique, nous avons pu pousser le concept. En partant du style architectural d&rsquo;un lieu, nous nous sommes mis au d\u00e9fis d&rsquo;\u00e9tablir un tout coh\u00e9rent en meublant avec du mobilier d&rsquo;\u00e9poque ; tout en continuant d&rsquo;am\u00e9liorer les volumes et le confort. C&rsquo;est plus particuli\u00e8rement le cas avec <a href=\"https:\/\/www.revoila.fr\/index.php\/renovation-casamodernista-2015\/\" title=\"\">Casamodernista<\/a> et <a href=\"https:\/\/www.revoila.fr\/index.php\/renovation-xanadu\/\" title=\"\">Xanadu<\/a>, ou nous revisitons les ann\u00e9es 50 et 80.<\/p>\n\n\n\n<p><\/p>\n<\/div>\n<\/div>\n\n\n\n<div class=\"wp-block-columns is-layout-flex wp-container-core-columns-is-layout-9d6595d7 wp-block-columns-is-layout-flex\">\n<div class=\"wp-block-column is-layout-flow wp-block-column-is-layout-flow\" style=\"flex-basis:70%\">\n<div style=\"height:44px\" aria-hidden=\"true\" class=\"wp-block-spacer\"><\/div>\n<\/div>\n\n\n\n<div class=\"wp-block-column is-layout-flow wp-block-column-is-layout-flow\" style=\"flex-basis:50%\"><\/div>\n<\/div>\n\n\n\n<h6 class=\"wp-block-heading has-text-align-left has-black-color has-white-background-color has-text-color has-background has-link-color wp-elements-de5af2e770e68685db345a72b6dedb2a\">D\u00c9CORATION : NOS R\u00c9ALISATIONS<\/h6>\n\n\n\n<div style=\"height:30px\" aria-hidden=\"true\" class=\"wp-block-spacer\"><\/div>\n\n\n\n<figure class=\"wp-block-gallery has-nested-images columns-4 wp-block-gallery-5 is-layout-flex wp-block-gallery-is-layout-flex\">\n<figure class=\"wp-block-image size-full is-style-rounded wp-duotone-000000-8ed1fc-1\"><a href=\"https:\/\/www.revoila.fr\/index.php\/renovation-charonne-2001\/\"><img loading=\"lazy\" decoding=\"async\" width=\"768\" height=\"526\" data-id=\"6133\" src=\"https:\/\/www.revoila.fr\/wp-content\/uploads\/2024\/01\/Btn_0004_VignetteCharonne.jpg\" alt=\"\" class=\"wp-image-6133\" srcset=\"https:\/\/www.revoila.fr\/wp-content\/uploads\/2024\/01\/Btn_0004_VignetteCharonne.jpg 768w, https:\/\/www.revoila.fr\/wp-content\/uploads\/2024\/01\/Btn_0004_VignetteCharonne-300x205.jpg 300w\" sizes=\"auto, (max-width: 768px) 100vw, 768px\" \/><\/a><figcaption class=\"wp-element-caption\"><a href=\"https:\/\/www.revoila.fr\/index.php\/renovation-charonne-2001\/\" title=\"\">2001 <\/a><\/figcaption><\/figure>\n\n\n\n<figure class=\"wp-block-image size-full is-style-rounded wp-duotone-333-7bdcb5-2\"><a href=\"https:\/\/www.revoila.fr\/index.php\/renovation-l-ecrin-2012\"><img loading=\"lazy\" decoding=\"async\" width=\"768\" height=\"526\" data-id=\"6135\" src=\"https:\/\/www.revoila.fr\/wp-content\/uploads\/2024\/01\/Btn_0003_VignetteLEcrin.jpg\" alt=\"\" class=\"wp-image-6135\" srcset=\"https:\/\/www.revoila.fr\/wp-content\/uploads\/2024\/01\/Btn_0003_VignetteLEcrin.jpg 768w, https:\/\/www.revoila.fr\/wp-content\/uploads\/2024\/01\/Btn_0003_VignetteLEcrin-300x205.jpg 300w\" sizes=\"auto, (max-width: 768px) 100vw, 768px\" \/><\/a><figcaption class=\"wp-element-caption\"><a href=\"https:\/\/www.revoila.fr\/index.php\/renovation-l-ecrin-2012\" title=\"\">2012<\/a><\/figcaption><\/figure>\n\n\n\n<figure class=\"wp-block-image size-full is-style-rounded wp-duotone-000000-f78da7-3\"><a href=\"https:\/\/www.revoila.fr\/index.php\/renovation-casamodernista-2015\/\"><img loading=\"lazy\" decoding=\"async\" width=\"768\" height=\"526\" data-id=\"6086\" src=\"https:\/\/www.revoila.fr\/wp-content\/uploads\/2023\/12\/Btn_0000_VignetteCasaM-1.jpg\" alt=\"\" class=\"wp-image-6086\" srcset=\"https:\/\/www.revoila.fr\/wp-content\/uploads\/2023\/12\/Btn_0000_VignetteCasaM-1.jpg 768w, https:\/\/www.revoila.fr\/wp-content\/uploads\/2023\/12\/Btn_0000_VignetteCasaM-1-300x205.jpg 300w\" sizes=\"auto, (max-width: 768px) 100vw, 768px\" \/><\/a><figcaption class=\"wp-element-caption\"><a href=\"https:\/\/www.revoila.fr\/index.php\/renovation-casamodernista-2015\/\" title=\"ReVoila Casamodernista Royan 1950\">2015<\/a><\/figcaption><\/figure>\n\n\n\n<figure class=\"wp-block-image size-full is-style-rounded wp-duotone-000000-fcfa00-4\"><a href=\"https:\/\/www.revoila.fr\/index.php\/renovation-xanadu\/\"><img loading=\"lazy\" decoding=\"async\" width=\"768\" height=\"526\" data-id=\"6087\" src=\"https:\/\/www.revoila.fr\/wp-content\/uploads\/2023\/12\/Btn_0001_VignetteXanadu.jpg\" alt=\"\" class=\"wp-image-6087\" srcset=\"https:\/\/www.revoila.fr\/wp-content\/uploads\/2023\/12\/Btn_0001_VignetteXanadu.jpg 768w, https:\/\/www.revoila.fr\/wp-content\/uploads\/2023\/12\/Btn_0001_VignetteXanadu-300x205.jpg 300w\" sizes=\"auto, (max-width: 768px) 100vw, 768px\" \/><\/a><figcaption class=\"wp-element-caption\"><a href=\"https:\/\/www.revoila.fr\/index.php\/renovation-xanadu\/\" title=\"\">2022<\/a><\/figcaption><\/figure>\n<\/figure>\n","protected":false},"excerpt":{"rendered":"<p>Qui sommes-nous Si il fallait d\u00e9rouler le fil de ReVoil\u00e0 nous remonterions \u00e0 notre vie parisienne, car au del\u00e0 de l&rsquo;int\u00e9r\u00eat que l&rsquo;on porte au design, \u00e0 l&rsquo;architecture et \u00e0 l&rsquo;histoire qu&rsquo;un lieu o\u00f9 un objet peut nous \u00e9voquer, il y a 30 ans de complicit\u00e9. Nous pourrions convoquer notre pass\u00e9 professionnel. Pour Denis, ses &hellip;<\/p>\n","protected":false},"author":2,"featured_media":0,"parent":0,"menu_order":0,"comment_status":"closed","ping_status":"closed","template":"","meta":{"footnotes":""},"class_list":["post-6072","page","type-page","status-publish","hentry"],"_links":{"self":[{"href":"https:\/\/www.revoila.fr\/index.php\/wp-json\/wp\/v2\/pages\/6072","targetHints":{"allow":["GET"]}}],"collection":[{"href":"https:\/\/www.revoila.fr\/index.php\/wp-json\/wp\/v2\/pages"}],"about":[{"href":"https:\/\/www.revoila.fr\/index.php\/wp-json\/wp\/v2\/types\/page"}],"author":[{"embeddable":true,"href":"https:\/\/www.revoila.fr\/index.php\/wp-json\/wp\/v2\/users\/2"}],"replies":[{"embeddable":true,"href":"https:\/\/www.revoila.fr\/index.php\/wp-json\/wp\/v2\/comments?post=6072"}],"version-history":[{"count":65,"href":"https:\/\/www.revoila.fr\/index.php\/wp-json\/wp\/v2\/pages\/6072\/revisions"}],"predecessor-version":[{"id":6246,"href":"https:\/\/www.revoila.fr\/index.php\/wp-json\/wp\/v2\/pages\/6072\/revisions\/6246"}],"wp:attachment":[{"href":"https:\/\/www.revoila.fr\/index.php\/wp-json\/wp\/v2\/media?parent=6072"}],"curies":[{"name":"wp","href":"https:\/\/api.w.org\/{rel}","templated":true}]}}