{"id":1416,"date":"2019-03-08T22:47:47","date_gmt":"2019-03-08T21:47:47","guid":{"rendered":"https:\/\/www.revoila.fr\/NEW\/?post_type=product&#038;p=1416"},"modified":"2024-01-12T13:47:01","modified_gmt":"2024-01-12T12:47:01","slug":"travailleuse-tiroirs-pivotants","status":"publish","type":"product","link":"https:\/\/www.revoila.fr\/index.php\/produit\/travailleuse-tiroirs-pivotants\/","title":{"rendered":"Travailleuse tiroirs pivotants"},"content":{"rendered":"<div id='gallery-1' class='gallery galleryid-1416 gallery-columns-9 gallery-size-thumbnail'><figure class='gallery-item'>\n\t\t\t<div class='gallery-icon portrait'>\n\t\t\t\t<a href='https:\/\/www.revoila.fr\/wp-content\/uploads\/old-revoila\/IMAG3277.jpg'><img loading=\"lazy\" decoding=\"async\" width=\"150\" height=\"150\" src=\"https:\/\/www.revoila.fr\/wp-content\/uploads\/old-revoila\/IMAG3277-150x150.jpg\" class=\"attachment-thumbnail size-thumbnail\" alt=\"\" aria-describedby=\"gallery-1-1133\" srcset=\"https:\/\/www.revoila.fr\/wp-content\/uploads\/old-revoila\/IMAG3277-150x150.jpg 150w, https:\/\/www.revoila.fr\/wp-content\/uploads\/old-revoila\/IMAG3277-300x300.jpg 300w, https:\/\/www.revoila.fr\/wp-content\/uploads\/old-revoila\/IMAG3277-768x771.jpg 768w, https:\/\/www.revoila.fr\/wp-content\/uploads\/old-revoila\/IMAG3277-100x100.jpg 100w, https:\/\/www.revoila.fr\/wp-content\/uploads\/old-revoila\/IMAG3277.jpg 797w\" sizes=\"auto, (max-width: 150px) 100vw, 150px\" \/><\/a>\n\t\t\t<\/div>\n\t\t\t\t<figcaption class='wp-caption-text gallery-caption' id='gallery-1-1133'>\n\t\t\t\tTravailleuse tiroirs pivotants\n\n\t\t\t\t<\/figcaption><\/figure><figure class='gallery-item'>\n\t\t\t<div class='gallery-icon landscape'>\n\t\t\t\t<a href='https:\/\/www.revoila.fr\/wp-content\/uploads\/old-revoila\/IMAG3278.jpg'><img loading=\"lazy\" decoding=\"async\" width=\"150\" height=\"150\" src=\"https:\/\/www.revoila.fr\/wp-content\/uploads\/old-revoila\/IMAG3278-150x150.jpg\" class=\"attachment-thumbnail size-thumbnail\" alt=\"\" aria-describedby=\"gallery-1-1134\" srcset=\"https:\/\/www.revoila.fr\/wp-content\/uploads\/old-revoila\/IMAG3278-150x150.jpg 150w, https:\/\/www.revoila.fr\/wp-content\/uploads\/old-revoila\/IMAG3278-300x300.jpg 300w, https:\/\/www.revoila.fr\/wp-content\/uploads\/old-revoila\/IMAG3278-768x768.jpg 768w, https:\/\/www.revoila.fr\/wp-content\/uploads\/old-revoila\/IMAG3278.jpg 800w, https:\/\/www.revoila.fr\/wp-content\/uploads\/old-revoila\/IMAG3278-100x100.jpg 100w\" sizes=\"auto, (max-width: 150px) 100vw, 150px\" \/><\/a>\n\t\t\t<\/div>\n\t\t\t\t<figcaption class='wp-caption-text gallery-caption' id='gallery-1-1134'>\n\t\t\t\tTravailleuse tiroirs pivotants\n\n\t\t\t\t<\/figcaption><\/figure><figure class='gallery-item'>\n\t\t\t<div class='gallery-icon landscape'>\n\t\t\t\t<a href='https:\/\/www.revoila.fr\/wp-content\/uploads\/old-revoila\/IMAG3289.jpg'><img loading=\"lazy\" decoding=\"async\" width=\"150\" height=\"150\" src=\"https:\/\/www.revoila.fr\/wp-content\/uploads\/old-revoila\/IMAG3289-150x150.jpg\" class=\"attachment-thumbnail size-thumbnail\" alt=\"\" aria-describedby=\"gallery-1-1140\" srcset=\"https:\/\/www.revoila.fr\/wp-content\/uploads\/old-revoila\/IMAG3289-150x150.jpg 150w, https:\/\/www.revoila.fr\/wp-content\/uploads\/old-revoila\/IMAG3289-300x300.jpg 300w, https:\/\/www.revoila.fr\/wp-content\/uploads\/old-revoila\/IMAG3289-768x768.jpg 768w, https:\/\/www.revoila.fr\/wp-content\/uploads\/old-revoila\/IMAG3289.jpg 800w, https:\/\/www.revoila.fr\/wp-content\/uploads\/old-revoila\/IMAG3289-100x100.jpg 100w\" sizes=\"auto, (max-width: 150px) 100vw, 150px\" \/><\/a>\n\t\t\t<\/div>\n\t\t\t\t<figcaption class='wp-caption-text gallery-caption' id='gallery-1-1140'>\n\t\t\t\tTravailleuse tiroirs pivotants\n\n\t\t\t\t<\/figcaption><\/figure><figure class='gallery-item'>\n\t\t\t<div class='gallery-icon landscape'>\n\t\t\t\t<a href='https:\/\/www.revoila.fr\/wp-content\/uploads\/old-revoila\/IMAG3290.jpg'><img loading=\"lazy\" decoding=\"async\" width=\"150\" height=\"150\" src=\"https:\/\/www.revoila.fr\/wp-content\/uploads\/old-revoila\/IMAG3290-150x150.jpg\" class=\"attachment-thumbnail size-thumbnail\" alt=\"\" aria-describedby=\"gallery-1-1141\" srcset=\"https:\/\/www.revoila.fr\/wp-content\/uploads\/old-revoila\/IMAG3290-150x150.jpg 150w, https:\/\/www.revoila.fr\/wp-content\/uploads\/old-revoila\/IMAG3290-300x300.jpg 300w, https:\/\/www.revoila.fr\/wp-content\/uploads\/old-revoila\/IMAG3290-768x768.jpg 768w, https:\/\/www.revoila.fr\/wp-content\/uploads\/old-revoila\/IMAG3290.jpg 800w, https:\/\/www.revoila.fr\/wp-content\/uploads\/old-revoila\/IMAG3290-100x100.jpg 100w\" sizes=\"auto, (max-width: 150px) 100vw, 150px\" \/><\/a>\n\t\t\t<\/div>\n\t\t\t\t<figcaption class='wp-caption-text gallery-caption' id='gallery-1-1141'>\n\t\t\t\tTravailleuse tiroirs pivotants\n\n\t\t\t\t<\/figcaption><\/figure><figure class='gallery-item'>\n\t\t\t<div class='gallery-icon landscape'>\n\t\t\t\t<a href='https:\/\/www.revoila.fr\/wp-content\/uploads\/old-revoila\/IMAG3280.jpg'><img loading=\"lazy\" decoding=\"async\" width=\"150\" height=\"150\" src=\"https:\/\/www.revoila.fr\/wp-content\/uploads\/old-revoila\/IMAG3280-150x150.jpg\" class=\"attachment-thumbnail size-thumbnail\" alt=\"\" aria-describedby=\"gallery-1-1135\" srcset=\"https:\/\/www.revoila.fr\/wp-content\/uploads\/old-revoila\/IMAG3280-150x150.jpg 150w, https:\/\/www.revoila.fr\/wp-content\/uploads\/old-revoila\/IMAG3280-300x300.jpg 300w, https:\/\/www.revoila.fr\/wp-content\/uploads\/old-revoila\/IMAG3280-768x768.jpg 768w, https:\/\/www.revoila.fr\/wp-content\/uploads\/old-revoila\/IMAG3280.jpg 800w, https:\/\/www.revoila.fr\/wp-content\/uploads\/old-revoila\/IMAG3280-100x100.jpg 100w\" sizes=\"auto, (max-width: 150px) 100vw, 150px\" \/><\/a>\n\t\t\t<\/div>\n\t\t\t\t<figcaption class='wp-caption-text gallery-caption' id='gallery-1-1135'>\n\t\t\t\tTravailleuse tiroirs pivotants\n\n\t\t\t\t<\/figcaption><\/figure><figure class='gallery-item'>\n\t\t\t<div class='gallery-icon landscape'>\n\t\t\t\t<a href='https:\/\/www.revoila.fr\/wp-content\/uploads\/old-revoila\/IMAG3283.jpg'><img loading=\"lazy\" decoding=\"async\" width=\"150\" height=\"150\" src=\"https:\/\/www.revoila.fr\/wp-content\/uploads\/old-revoila\/IMAG3283-150x150.jpg\" class=\"attachment-thumbnail size-thumbnail\" alt=\"\" aria-describedby=\"gallery-1-1138\" srcset=\"https:\/\/www.revoila.fr\/wp-content\/uploads\/old-revoila\/IMAG3283-150x150.jpg 150w, https:\/\/www.revoila.fr\/wp-content\/uploads\/old-revoila\/IMAG3283-300x300.jpg 300w, https:\/\/www.revoila.fr\/wp-content\/uploads\/old-revoila\/IMAG3283-768x768.jpg 768w, https:\/\/www.revoila.fr\/wp-content\/uploads\/old-revoila\/IMAG3283.jpg 800w, https:\/\/www.revoila.fr\/wp-content\/uploads\/old-revoila\/IMAG3283-100x100.jpg 100w\" sizes=\"auto, (max-width: 150px) 100vw, 150px\" \/><\/a>\n\t\t\t<\/div>\n\t\t\t\t<figcaption class='wp-caption-text gallery-caption' id='gallery-1-1138'>\n\t\t\t\tTravailleuse tiroirs pivotants\n\n\t\t\t\t<\/figcaption><\/figure><figure class='gallery-item'>\n\t\t\t<div class='gallery-icon portrait'>\n\t\t\t\t<a href='https:\/\/www.revoila.fr\/wp-content\/uploads\/old-revoila\/IMAG3282.jpg'><img loading=\"lazy\" decoding=\"async\" width=\"150\" height=\"150\" src=\"https:\/\/www.revoila.fr\/wp-content\/uploads\/old-revoila\/IMAG3282-150x150.jpg\" class=\"attachment-thumbnail size-thumbnail\" alt=\"\" aria-describedby=\"gallery-1-1137\" srcset=\"https:\/\/www.revoila.fr\/wp-content\/uploads\/old-revoila\/IMAG3282-150x150.jpg 150w, https:\/\/www.revoila.fr\/wp-content\/uploads\/old-revoila\/IMAG3282-300x300.jpg 300w, https:\/\/www.revoila.fr\/wp-content\/uploads\/old-revoila\/IMAG3282-768x771.jpg 768w, https:\/\/www.revoila.fr\/wp-content\/uploads\/old-revoila\/IMAG3282-100x100.jpg 100w, https:\/\/www.revoila.fr\/wp-content\/uploads\/old-revoila\/IMAG3282.jpg 797w\" sizes=\"auto, (max-width: 150px) 100vw, 150px\" \/><\/a>\n\t\t\t<\/div>\n\t\t\t\t<figcaption class='wp-caption-text gallery-caption' id='gallery-1-1137'>\n\t\t\t\tTravailleuse tiroirs pivotants\n\n\t\t\t\t<\/figcaption><\/figure><figure class='gallery-item'>\n\t\t\t<div class='gallery-icon landscape'>\n\t\t\t\t<a href='https:\/\/www.revoila.fr\/wp-content\/uploads\/old-revoila\/IMAG3286.jpg'><img loading=\"lazy\" decoding=\"async\" width=\"150\" height=\"150\" src=\"https:\/\/www.revoila.fr\/wp-content\/uploads\/old-revoila\/IMAG3286-150x150.jpg\" class=\"attachment-thumbnail size-thumbnail\" alt=\"\" aria-describedby=\"gallery-1-1139\" srcset=\"https:\/\/www.revoila.fr\/wp-content\/uploads\/old-revoila\/IMAG3286-150x150.jpg 150w, https:\/\/www.revoila.fr\/wp-content\/uploads\/old-revoila\/IMAG3286-300x300.jpg 300w, https:\/\/www.revoila.fr\/wp-content\/uploads\/old-revoila\/IMAG3286-768x768.jpg 768w, https:\/\/www.revoila.fr\/wp-content\/uploads\/old-revoila\/IMAG3286.jpg 800w, https:\/\/www.revoila.fr\/wp-content\/uploads\/old-revoila\/IMAG3286-100x100.jpg 100w\" sizes=\"auto, (max-width: 150px) 100vw, 150px\" \/><\/a>\n\t\t\t<\/div>\n\t\t\t\t<figcaption class='wp-caption-text gallery-caption' id='gallery-1-1139'>\n\t\t\t\tTravailleuse tiroirs pivotants\n\n\t\t\t\t<\/figcaption><\/figure>\n\t\t<\/div>\n\n","protected":false},"excerpt":{"rendered":"<p>Jolie travailleuse ann\u00e9es 50\/60, 4 rangements\u00a0pivotants, pieds compas d\u00e9montables. Tr\u00e8s bon \u00e9tat g\u00e9n\u00e9ral,\u00a0avec seulement quelques taches \u00e0 l\u2019int\u00e9rieur d\u2019un tiroir (cf photo 8) qui t\u00e9moignent de sa vie ant\u00e9rieur. Tr\u00e8s peu encombrante, elle\u00a0peut tout aussi bien servir de chevet ou bout de canap\u00e9.<\/p>\n<div id=\"gallery-2\" class=\"gallery galleryid-1210 gallery-columns-4 gallery-size-thumbnail\"><\/div>\n<div id=\"gallery-2\" class=\"gallery galleryid-1411 gallery-columns-4 gallery-size-thumbnail\">\n<div class=\"woocommerce-product-details__short-description\">\n<div id=\"gallery-2\" class=\"gallery galleryid-530 gallery-columns-4 gallery-size-thumbnail\"><\/div>\n<div id=\"gallery-2\" class=\"gallery galleryid-529 gallery-columns-4 gallery-size-thumbnail\"><\/div>\n<\/div>\n<form class=\"cart\" action=\"https:\/\/www.revoila.fr\/NEW\/index.php\/produit\/fauteuil-rotin-accoudoir\/\" enctype=\"multipart\/form-data\" method=\"post\">\n<div class=\"quantity hidden\"><\/div>\n<\/form>\n<\/div>\n","protected":false},"featured_media":1132,"comment_status":"open","ping_status":"closed","template":"","meta":[],"product_brand":[],"product_cat":[50],"product_tag":[29],"class_list":{"0":"post-1416","1":"product","2":"type-product","3":"status-publish","4":"has-post-thumbnail","6":"product_cat-vendu","7":"product_tag-decoration-vintage","9":"first","10":"outofstock","11":"sold-individually","12":"shipping-taxable","13":"product-type-simple"},"_links":{"self":[{"href":"https:\/\/www.revoila.fr\/index.php\/wp-json\/wp\/v2\/product\/1416","targetHints":{"allow":["GET"]}}],"collection":[{"href":"https:\/\/www.revoila.fr\/index.php\/wp-json\/wp\/v2\/product"}],"about":[{"href":"https:\/\/www.revoila.fr\/index.php\/wp-json\/wp\/v2\/types\/product"}],"replies":[{"embeddable":true,"href":"https:\/\/www.revoila.fr\/index.php\/wp-json\/wp\/v2\/comments?post=1416"}],"wp:featuredmedia":[{"embeddable":true,"href":"https:\/\/www.revoila.fr\/index.php\/wp-json\/wp\/v2\/media\/1132"}],"wp:attachment":[{"href":"https:\/\/www.revoila.fr\/index.php\/wp-json\/wp\/v2\/media?parent=1416"}],"wp:term":[{"taxonomy":"product_brand","embeddable":true,"href":"https:\/\/www.revoila.fr\/index.php\/wp-json\/wp\/v2\/product_brand?post=1416"},{"taxonomy":"product_cat","embeddable":true,"href":"https:\/\/www.revoila.fr\/index.php\/wp-json\/wp\/v2\/product_cat?post=1416"},{"taxonomy":"product_tag","embeddable":true,"href":"https:\/\/www.revoila.fr\/index.php\/wp-json\/wp\/v2\/product_tag?post=1416"}],"curies":[{"name":"wp","href":"https:\/\/api.w.org\/{rel}","templated":true}]}}