{"id":1418,"date":"2019-03-08T23:01:57","date_gmt":"2019-03-08T22:01:57","guid":{"rendered":"https:\/\/www.revoila.fr\/NEW\/?post_type=product&#038;p=1418"},"modified":"2026-05-01T13:09:22","modified_gmt":"2026-05-01T11:09:22","slug":"2-chauffeuses-skai-marron","status":"publish","type":"product","link":"https:\/\/www.revoila.fr\/index.php\/produit\/2-chauffeuses-skai-marron\/","title":{"rendered":"2 chauffeuses ska\u00ef marron"},"content":{"rendered":"<div id='gallery-1' class='gallery galleryid-1418 gallery-columns-9 gallery-size-full'><figure class='gallery-item'>\n\t\t\t<div class='gallery-icon portrait'>\n\t\t\t\t<a href='https:\/\/www.revoila.fr\/wp-content\/uploads\/old-revoila\/IMAG3587.jpg'><img loading=\"lazy\" decoding=\"async\" width=\"598\" height=\"600\" src=\"https:\/\/www.revoila.fr\/wp-content\/uploads\/old-revoila\/IMAG3587.jpg\" class=\"attachment-full size-full\" alt=\"\" aria-describedby=\"gallery-1-1215\" srcset=\"https:\/\/www.revoila.fr\/wp-content\/uploads\/old-revoila\/IMAG3587.jpg 598w, https:\/\/www.revoila.fr\/wp-content\/uploads\/old-revoila\/IMAG3587-150x150.jpg 150w, https:\/\/www.revoila.fr\/wp-content\/uploads\/old-revoila\/IMAG3587-300x300.jpg 300w, https:\/\/www.revoila.fr\/wp-content\/uploads\/old-revoila\/IMAG3587-100x100.jpg 100w\" sizes=\"auto, (max-width: 598px) 100vw, 598px\" \/><\/a>\n\t\t\t<\/div>\n\t\t\t\t<figcaption class='wp-caption-text gallery-caption' id='gallery-1-1215'>\n\t\t\t\t2 chauffeuses ska\u00ef marron\n\n\t\t\t\t<\/figcaption><\/figure><figure class='gallery-item'>\n\t\t\t<div class='gallery-icon landscape'>\n\t\t\t\t<a href='https:\/\/www.revoila.fr\/wp-content\/uploads\/old-revoila\/IMAG3585.jpg'><img loading=\"lazy\" decoding=\"async\" width=\"600\" height=\"600\" src=\"https:\/\/www.revoila.fr\/wp-content\/uploads\/old-revoila\/IMAG3585.jpg\" class=\"attachment-full size-full\" alt=\"\" aria-describedby=\"gallery-1-1213\" srcset=\"https:\/\/www.revoila.fr\/wp-content\/uploads\/old-revoila\/IMAG3585.jpg 600w, https:\/\/www.revoila.fr\/wp-content\/uploads\/old-revoila\/IMAG3585-150x150.jpg 150w, https:\/\/www.revoila.fr\/wp-content\/uploads\/old-revoila\/IMAG3585-300x300.jpg 300w, https:\/\/www.revoila.fr\/wp-content\/uploads\/old-revoila\/IMAG3585-100x100.jpg 100w\" sizes=\"auto, (max-width: 600px) 100vw, 600px\" \/><\/a>\n\t\t\t<\/div>\n\t\t\t\t<figcaption class='wp-caption-text gallery-caption' id='gallery-1-1213'>\n\t\t\t\t2 chauffeuses ska\u00ef marron\n\n\t\t\t\t<\/figcaption><\/figure><figure class='gallery-item'>\n\t\t\t<div class='gallery-icon landscape'>\n\t\t\t\t<a href='https:\/\/www.revoila.fr\/wp-content\/uploads\/old-revoila\/IMAG3586.jpg'><img loading=\"lazy\" decoding=\"async\" width=\"600\" height=\"600\" src=\"https:\/\/www.revoila.fr\/wp-content\/uploads\/old-revoila\/IMAG3586.jpg\" class=\"attachment-full size-full\" alt=\"\" aria-describedby=\"gallery-1-1214\" srcset=\"https:\/\/www.revoila.fr\/wp-content\/uploads\/old-revoila\/IMAG3586.jpg 600w, https:\/\/www.revoila.fr\/wp-content\/uploads\/old-revoila\/IMAG3586-150x150.jpg 150w, https:\/\/www.revoila.fr\/wp-content\/uploads\/old-revoila\/IMAG3586-300x300.jpg 300w, https:\/\/www.revoila.fr\/wp-content\/uploads\/old-revoila\/IMAG3586-100x100.jpg 100w\" sizes=\"auto, (max-width: 600px) 100vw, 600px\" \/><\/a>\n\t\t\t<\/div>\n\t\t\t\t<figcaption class='wp-caption-text gallery-caption' id='gallery-1-1214'>\n\t\t\t\t2 chauffeuses ska\u00ef marron\n\n\t\t\t\t<\/figcaption><\/figure><figure class='gallery-item'>\n\t\t\t<div class='gallery-icon landscape'>\n\t\t\t\t<a href='https:\/\/www.revoila.fr\/wp-content\/uploads\/old-revoila\/IMAG3592.jpg'><img loading=\"lazy\" decoding=\"async\" width=\"600\" height=\"599\" src=\"https:\/\/www.revoila.fr\/wp-content\/uploads\/old-revoila\/IMAG3592.jpg\" class=\"attachment-full size-full\" alt=\"\" aria-describedby=\"gallery-1-1217\" srcset=\"https:\/\/www.revoila.fr\/wp-content\/uploads\/old-revoila\/IMAG3592.jpg 600w, https:\/\/www.revoila.fr\/wp-content\/uploads\/old-revoila\/IMAG3592-150x150.jpg 150w, https:\/\/www.revoila.fr\/wp-content\/uploads\/old-revoila\/IMAG3592-300x300.jpg 300w, https:\/\/www.revoila.fr\/wp-content\/uploads\/old-revoila\/IMAG3592-100x100.jpg 100w\" sizes=\"auto, (max-width: 600px) 100vw, 600px\" \/><\/a>\n\t\t\t<\/div>\n\t\t\t\t<figcaption class='wp-caption-text gallery-caption' id='gallery-1-1217'>\n\t\t\t\t2 chauffeuses ska\u00ef marron\n\n\t\t\t\t<\/figcaption><\/figure><figure class='gallery-item'>\n\t\t\t<div class='gallery-icon portrait'>\n\t\t\t\t<a href='https:\/\/www.revoila.fr\/wp-content\/uploads\/old-revoila\/IMAG3578.jpg'><img loading=\"lazy\" decoding=\"async\" width=\"598\" height=\"600\" src=\"https:\/\/www.revoila.fr\/wp-content\/uploads\/old-revoila\/IMAG3578.jpg\" class=\"attachment-full size-full\" alt=\"\" aria-describedby=\"gallery-1-1210\" srcset=\"https:\/\/www.revoila.fr\/wp-content\/uploads\/old-revoila\/IMAG3578.jpg 598w, https:\/\/www.revoila.fr\/wp-content\/uploads\/old-revoila\/IMAG3578-150x150.jpg 150w, https:\/\/www.revoila.fr\/wp-content\/uploads\/old-revoila\/IMAG3578-300x300.jpg 300w, https:\/\/www.revoila.fr\/wp-content\/uploads\/old-revoila\/IMAG3578-100x100.jpg 100w\" sizes=\"auto, (max-width: 598px) 100vw, 598px\" \/><\/a>\n\t\t\t<\/div>\n\t\t\t\t<figcaption class='wp-caption-text gallery-caption' id='gallery-1-1210'>\n\t\t\t\t2 chauffeuses ska\u00ef marron\n\n\t\t\t\t<\/figcaption><\/figure><figure class='gallery-item'>\n\t\t\t<div class='gallery-icon portrait'>\n\t\t\t\t<a href='https:\/\/www.revoila.fr\/wp-content\/uploads\/old-revoila\/IMAG3574.jpg'><img loading=\"lazy\" decoding=\"async\" width=\"598\" height=\"600\" src=\"https:\/\/www.revoila.fr\/wp-content\/uploads\/old-revoila\/IMAG3574.jpg\" class=\"attachment-full size-full\" alt=\"\" aria-describedby=\"gallery-1-1209\" srcset=\"https:\/\/www.revoila.fr\/wp-content\/uploads\/old-revoila\/IMAG3574.jpg 598w, https:\/\/www.revoila.fr\/wp-content\/uploads\/old-revoila\/IMAG3574-150x150.jpg 150w, https:\/\/www.revoila.fr\/wp-content\/uploads\/old-revoila\/IMAG3574-300x300.jpg 300w, https:\/\/www.revoila.fr\/wp-content\/uploads\/old-revoila\/IMAG3574-100x100.jpg 100w\" sizes=\"auto, (max-width: 598px) 100vw, 598px\" \/><\/a>\n\t\t\t<\/div>\n\t\t\t\t<figcaption class='wp-caption-text gallery-caption' id='gallery-1-1209'>\n\t\t\t\t2 chauffeuses ska\u00ef marron\n\n\t\t\t\t<\/figcaption><\/figure><figure class='gallery-item'>\n\t\t\t<div class='gallery-icon landscape'>\n\t\t\t\t<a href='https:\/\/www.revoila.fr\/wp-content\/uploads\/old-revoila\/IMAG3596.jpg'><img loading=\"lazy\" decoding=\"async\" width=\"600\" height=\"600\" src=\"https:\/\/www.revoila.fr\/wp-content\/uploads\/old-revoila\/IMAG3596.jpg\" class=\"attachment-full size-full\" alt=\"\" aria-describedby=\"gallery-1-1219\" srcset=\"https:\/\/www.revoila.fr\/wp-content\/uploads\/old-revoila\/IMAG3596.jpg 600w, https:\/\/www.revoila.fr\/wp-content\/uploads\/old-revoila\/IMAG3596-150x150.jpg 150w, https:\/\/www.revoila.fr\/wp-content\/uploads\/old-revoila\/IMAG3596-300x300.jpg 300w, https:\/\/www.revoila.fr\/wp-content\/uploads\/old-revoila\/IMAG3596-100x100.jpg 100w\" sizes=\"auto, (max-width: 600px) 100vw, 600px\" \/><\/a>\n\t\t\t<\/div>\n\t\t\t\t<figcaption class='wp-caption-text gallery-caption' id='gallery-1-1219'>\n\t\t\t\t2 chauffeuses ska\u00ef marron\n\n\t\t\t\t<\/figcaption><\/figure><figure class='gallery-item'>\n\t\t\t<div class='gallery-icon portrait'>\n\t\t\t\t<a href='https:\/\/www.revoila.fr\/wp-content\/uploads\/old-revoila\/IMAG3590.jpg'><img loading=\"lazy\" decoding=\"async\" width=\"598\" height=\"600\" src=\"https:\/\/www.revoila.fr\/wp-content\/uploads\/old-revoila\/IMAG3590.jpg\" class=\"attachment-full size-full\" alt=\"\" aria-describedby=\"gallery-1-1216\" srcset=\"https:\/\/www.revoila.fr\/wp-content\/uploads\/old-revoila\/IMAG3590.jpg 598w, https:\/\/www.revoila.fr\/wp-content\/uploads\/old-revoila\/IMAG3590-150x150.jpg 150w, https:\/\/www.revoila.fr\/wp-content\/uploads\/old-revoila\/IMAG3590-300x300.jpg 300w, https:\/\/www.revoila.fr\/wp-content\/uploads\/old-revoila\/IMAG3590-100x100.jpg 100w\" sizes=\"auto, (max-width: 598px) 100vw, 598px\" \/><\/a>\n\t\t\t<\/div>\n\t\t\t\t<figcaption class='wp-caption-text gallery-caption' id='gallery-1-1216'>\n\t\t\t\t2 chauffeuses ska\u00ef marron\n\n\t\t\t\t<\/figcaption><\/figure><figure class='gallery-item'>\n\t\t\t<div class='gallery-icon landscape'>\n\t\t\t\t<a href='https:\/\/www.revoila.fr\/wp-content\/uploads\/old-revoila\/IMAG3584.jpg'><img loading=\"lazy\" decoding=\"async\" width=\"600\" height=\"599\" src=\"https:\/\/www.revoila.fr\/wp-content\/uploads\/old-revoila\/IMAG3584.jpg\" class=\"attachment-full size-full\" alt=\"\" aria-describedby=\"gallery-1-1212\" srcset=\"https:\/\/www.revoila.fr\/wp-content\/uploads\/old-revoila\/IMAG3584.jpg 600w, https:\/\/www.revoila.fr\/wp-content\/uploads\/old-revoila\/IMAG3584-150x150.jpg 150w, https:\/\/www.revoila.fr\/wp-content\/uploads\/old-revoila\/IMAG3584-300x300.jpg 300w, https:\/\/www.revoila.fr\/wp-content\/uploads\/old-revoila\/IMAG3584-100x100.jpg 100w\" sizes=\"auto, (max-width: 600px) 100vw, 600px\" \/><\/a>\n\t\t\t<\/div>\n\t\t\t\t<figcaption class='wp-caption-text gallery-caption' id='gallery-1-1212'>\n\t\t\t\t2 chauffeuses ska\u00ef marron\n\n\t\t\t\t<\/figcaption><\/figure><figure class='gallery-item'>\n\t\t\t<div class='gallery-icon portrait'>\n\t\t\t\t<a href='https:\/\/www.revoila.fr\/wp-content\/uploads\/old-revoila\/IMAG3601.jpg'><img loading=\"lazy\" decoding=\"async\" width=\"598\" height=\"600\" src=\"https:\/\/www.revoila.fr\/wp-content\/uploads\/old-revoila\/IMAG3601.jpg\" class=\"attachment-full size-full\" alt=\"\" aria-describedby=\"gallery-1-1220\" srcset=\"https:\/\/www.revoila.fr\/wp-content\/uploads\/old-revoila\/IMAG3601.jpg 598w, https:\/\/www.revoila.fr\/wp-content\/uploads\/old-revoila\/IMAG3601-150x150.jpg 150w, https:\/\/www.revoila.fr\/wp-content\/uploads\/old-revoila\/IMAG3601-300x300.jpg 300w, https:\/\/www.revoila.fr\/wp-content\/uploads\/old-revoila\/IMAG3601-100x100.jpg 100w\" sizes=\"auto, (max-width: 598px) 100vw, 598px\" \/><\/a>\n\t\t\t<\/div>\n\t\t\t\t<figcaption class='wp-caption-text gallery-caption' id='gallery-1-1220'>\n\t\t\t\t2 chauffeuses ska\u00ef marron\n\n\t\t\t\t<\/figcaption><\/figure><figure class='gallery-item'>\n\t\t\t<div class='gallery-icon landscape'>\n\t\t\t\t<a href='https:\/\/www.revoila.fr\/wp-content\/uploads\/old-revoila\/IMAG3595.jpg'><img loading=\"lazy\" decoding=\"async\" width=\"600\" height=\"600\" src=\"https:\/\/www.revoila.fr\/wp-content\/uploads\/old-revoila\/IMAG3595.jpg\" class=\"attachment-full size-full\" alt=\"\" aria-describedby=\"gallery-1-1218\" srcset=\"https:\/\/www.revoila.fr\/wp-content\/uploads\/old-revoila\/IMAG3595.jpg 600w, https:\/\/www.revoila.fr\/wp-content\/uploads\/old-revoila\/IMAG3595-150x150.jpg 150w, https:\/\/www.revoila.fr\/wp-content\/uploads\/old-revoila\/IMAG3595-300x300.jpg 300w, https:\/\/www.revoila.fr\/wp-content\/uploads\/old-revoila\/IMAG3595-100x100.jpg 100w\" sizes=\"auto, (max-width: 600px) 100vw, 600px\" \/><\/a>\n\t\t\t<\/div>\n\t\t\t\t<figcaption class='wp-caption-text gallery-caption' id='gallery-1-1218'>\n\t\t\t\t2 chauffeuses ska\u00ef marron\n\n\t\t\t\t<\/figcaption><\/figure><figure class='gallery-item'>\n\t\t\t<div class='gallery-icon portrait'>\n\t\t\t\t<a href='https:\/\/www.revoila.fr\/wp-content\/uploads\/old-revoila\/IMAG3582.jpg'><img loading=\"lazy\" decoding=\"async\" width=\"598\" height=\"600\" src=\"https:\/\/www.revoila.fr\/wp-content\/uploads\/old-revoila\/IMAG3582.jpg\" class=\"attachment-full size-full\" alt=\"\" aria-describedby=\"gallery-1-1211\" srcset=\"https:\/\/www.revoila.fr\/wp-content\/uploads\/old-revoila\/IMAG3582.jpg 598w, https:\/\/www.revoila.fr\/wp-content\/uploads\/old-revoila\/IMAG3582-150x150.jpg 150w, https:\/\/www.revoila.fr\/wp-content\/uploads\/old-revoila\/IMAG3582-300x300.jpg 300w, https:\/\/www.revoila.fr\/wp-content\/uploads\/old-revoila\/IMAG3582-100x100.jpg 100w\" sizes=\"auto, (max-width: 598px) 100vw, 598px\" \/><\/a>\n\t\t\t<\/div>\n\t\t\t\t<figcaption class='wp-caption-text gallery-caption' id='gallery-1-1211'>\n\t\t\t\t2 chauffeuses ska\u00ef marron\n\n\t\t\t\t<\/figcaption><\/figure>\n\t\t<\/div>\n\n","protected":false},"excerpt":{"rendered":"<p>Paire de chauffeuses ann\u00e9es 60 style Guariche. De tr\u00e8s jolies proportions pour un faible encombrement. Assise et dossier dans un simili cuir ska\u00ef de tr\u00e8s bonne qualit\u00e9 avec surpiqures. Pi\u00e8tement carr\u00e9 m\u00e9tal laqu\u00e9 noir.<\/p>\n<p>Tr\u00e8s bon \u00e9tat g\u00e9n\u00e9ral malgr\u00e9 des traces d\u2019usage notamment au niveau de l\u2019arri\u00e8re des dossiers (surement dues aux frottements contre un mur) et au niveau des assises un pli sur les cot\u00e9s, apparemment m\u00eame le ska\u00ef\u00a0patine (voir photos).<\/p>\n<div class=\"woocommerce-product-details__short-description\">\n<p>Hauteur : 72 cm \/\/\/ Largeur : 47 cm \/\/\/ Profondeur : 64 cm<\/p>\n<div id=\"gallery-2\" class=\"gallery galleryid-1411 gallery-columns-4 gallery-size-thumbnail\"><\/div>\n<\/div>\n<form class=\"cart\" action=\"https:\/\/www.revoila.fr\/NEW\/index.php\/produit\/armoire-design-scandinave\/\" enctype=\"multipart\/form-data\" method=\"post\">\n<div class=\"quantity\"><\/div>\n<\/form>\n<div id=\"gallery-2\" class=\"gallery galleryid-317 gallery-columns-4 gallery-size-thumbnail\"><\/div>\n","protected":false},"featured_media":1384,"comment_status":"open","ping_status":"closed","template":"","meta":[],"product_brand":[],"product_cat":[68,72,32],"product_tag":[65],"class_list":{"0":"post-1418","1":"product","2":"type-product","3":"status-publish","4":"has-post-thumbnail","6":"product_cat-a-la-une","7":"product_cat-assises","8":"product_cat-fauteuil","9":"product_tag-selection","11":"first","12":"instock","13":"sold-individually","14":"shipping-taxable","15":"purchasable","16":"product-type-simple"},"_links":{"self":[{"href":"https:\/\/www.revoila.fr\/index.php\/wp-json\/wp\/v2\/product\/1418","targetHints":{"allow":["GET"]}}],"collection":[{"href":"https:\/\/www.revoila.fr\/index.php\/wp-json\/wp\/v2\/product"}],"about":[{"href":"https:\/\/www.revoila.fr\/index.php\/wp-json\/wp\/v2\/types\/product"}],"replies":[{"embeddable":true,"href":"https:\/\/www.revoila.fr\/index.php\/wp-json\/wp\/v2\/comments?post=1418"}],"wp:featuredmedia":[{"embeddable":true,"href":"https:\/\/www.revoila.fr\/index.php\/wp-json\/wp\/v2\/media\/1384"}],"wp:attachment":[{"href":"https:\/\/www.revoila.fr\/index.php\/wp-json\/wp\/v2\/media?parent=1418"}],"wp:term":[{"taxonomy":"product_brand","embeddable":true,"href":"https:\/\/www.revoila.fr\/index.php\/wp-json\/wp\/v2\/product_brand?post=1418"},{"taxonomy":"product_cat","embeddable":true,"href":"https:\/\/www.revoila.fr\/index.php\/wp-json\/wp\/v2\/product_cat?post=1418"},{"taxonomy":"product_tag","embeddable":true,"href":"https:\/\/www.revoila.fr\/index.php\/wp-json\/wp\/v2\/product_tag?post=1418"}],"curies":[{"name":"wp","href":"https:\/\/api.w.org\/{rel}","templated":true}]}}