{"id":1421,"date":"2019-03-12T18:01:34","date_gmt":"2019-03-12T17:01:34","guid":{"rendered":"https:\/\/www.revoila.fr\/NEW\/?post_type=product&#038;p=1421"},"modified":"2024-03-18T16:38:35","modified_gmt":"2024-03-18T15:38:35","slug":"2-chaises-scandinaves-teck","status":"publish","type":"product","link":"https:\/\/www.revoila.fr\/index.php\/produit\/2-chaises-scandinaves-teck\/","title":{"rendered":"2 chaises scandinaves teck"},"content":{"rendered":"<div id='gallery-1' class='gallery galleryid-1421 gallery-columns-9 gallery-size-full'><figure class='gallery-item'>\n\t\t\t<div class='gallery-icon portrait'>\n\t\t\t\t<a href='https:\/\/www.revoila.fr\/wp-content\/uploads\/old-revoila\/IMAG3332.jpg'><img loading=\"lazy\" decoding=\"async\" width=\"797\" height=\"800\" src=\"https:\/\/www.revoila.fr\/wp-content\/uploads\/old-revoila\/IMAG3332.jpg\" class=\"attachment-full size-full\" alt=\"\" aria-describedby=\"gallery-1-1164\" srcset=\"https:\/\/www.revoila.fr\/wp-content\/uploads\/old-revoila\/IMAG3332.jpg 797w, https:\/\/www.revoila.fr\/wp-content\/uploads\/old-revoila\/IMAG3332-150x150.jpg 150w, https:\/\/www.revoila.fr\/wp-content\/uploads\/old-revoila\/IMAG3332-300x300.jpg 300w, https:\/\/www.revoila.fr\/wp-content\/uploads\/old-revoila\/IMAG3332-768x771.jpg 768w, https:\/\/www.revoila.fr\/wp-content\/uploads\/old-revoila\/IMAG3332-100x100.jpg 100w\" sizes=\"auto, (max-width: 797px) 100vw, 797px\" \/><\/a>\n\t\t\t<\/div>\n\t\t\t\t<figcaption class='wp-caption-text gallery-caption' id='gallery-1-1164'>\n\t\t\t\t2 chaises scandinaves teck\n\n\t\t\t\t<\/figcaption><\/figure><figure class='gallery-item'>\n\t\t\t<div class='gallery-icon portrait'>\n\t\t\t\t<a href='https:\/\/www.revoila.fr\/wp-content\/uploads\/old-revoila\/IMAG3333.jpg'><img loading=\"lazy\" decoding=\"async\" width=\"797\" height=\"800\" src=\"https:\/\/www.revoila.fr\/wp-content\/uploads\/old-revoila\/IMAG3333.jpg\" class=\"attachment-full size-full\" alt=\"\" aria-describedby=\"gallery-1-1165\" srcset=\"https:\/\/www.revoila.fr\/wp-content\/uploads\/old-revoila\/IMAG3333.jpg 797w, https:\/\/www.revoila.fr\/wp-content\/uploads\/old-revoila\/IMAG3333-150x150.jpg 150w, https:\/\/www.revoila.fr\/wp-content\/uploads\/old-revoila\/IMAG3333-300x300.jpg 300w, https:\/\/www.revoila.fr\/wp-content\/uploads\/old-revoila\/IMAG3333-768x771.jpg 768w, https:\/\/www.revoila.fr\/wp-content\/uploads\/old-revoila\/IMAG3333-100x100.jpg 100w\" sizes=\"auto, (max-width: 797px) 100vw, 797px\" \/><\/a>\n\t\t\t<\/div>\n\t\t\t\t<figcaption class='wp-caption-text gallery-caption' id='gallery-1-1165'>\n\t\t\t\t2 chaises scandinaves teck\n\n\t\t\t\t<\/figcaption><\/figure><figure class='gallery-item'>\n\t\t\t<div class='gallery-icon portrait'>\n\t\t\t\t<a href='https:\/\/www.revoila.fr\/wp-content\/uploads\/old-revoila\/IMAG3334.jpg'><img loading=\"lazy\" decoding=\"async\" width=\"797\" height=\"800\" src=\"https:\/\/www.revoila.fr\/wp-content\/uploads\/old-revoila\/IMAG3334.jpg\" class=\"attachment-full size-full\" alt=\"\" aria-describedby=\"gallery-1-1166\" srcset=\"https:\/\/www.revoila.fr\/wp-content\/uploads\/old-revoila\/IMAG3334.jpg 797w, https:\/\/www.revoila.fr\/wp-content\/uploads\/old-revoila\/IMAG3334-150x150.jpg 150w, https:\/\/www.revoila.fr\/wp-content\/uploads\/old-revoila\/IMAG3334-300x300.jpg 300w, https:\/\/www.revoila.fr\/wp-content\/uploads\/old-revoila\/IMAG3334-768x771.jpg 768w, https:\/\/www.revoila.fr\/wp-content\/uploads\/old-revoila\/IMAG3334-100x100.jpg 100w\" sizes=\"auto, (max-width: 797px) 100vw, 797px\" \/><\/a>\n\t\t\t<\/div>\n\t\t\t\t<figcaption class='wp-caption-text gallery-caption' id='gallery-1-1166'>\n\t\t\t\t2 chaises scandinaves teck\n\n\t\t\t\t<\/figcaption><\/figure><figure class='gallery-item'>\n\t\t\t<div class='gallery-icon landscape'>\n\t\t\t\t<a href='https:\/\/www.revoila.fr\/wp-content\/uploads\/old-revoila\/IMAG3335.jpg'><img loading=\"lazy\" decoding=\"async\" width=\"800\" height=\"800\" src=\"https:\/\/www.revoila.fr\/wp-content\/uploads\/old-revoila\/IMAG3335.jpg\" class=\"attachment-full size-full\" alt=\"\" aria-describedby=\"gallery-1-1167\" srcset=\"https:\/\/www.revoila.fr\/wp-content\/uploads\/old-revoila\/IMAG3335.jpg 800w, https:\/\/www.revoila.fr\/wp-content\/uploads\/old-revoila\/IMAG3335-150x150.jpg 150w, https:\/\/www.revoila.fr\/wp-content\/uploads\/old-revoila\/IMAG3335-300x300.jpg 300w, https:\/\/www.revoila.fr\/wp-content\/uploads\/old-revoila\/IMAG3335-768x768.jpg 768w, https:\/\/www.revoila.fr\/wp-content\/uploads\/old-revoila\/IMAG3335-100x100.jpg 100w\" sizes=\"auto, (max-width: 800px) 100vw, 800px\" \/><\/a>\n\t\t\t<\/div>\n\t\t\t\t<figcaption class='wp-caption-text gallery-caption' id='gallery-1-1167'>\n\t\t\t\t2 chaises scandinaves teck\n\n\t\t\t\t<\/figcaption><\/figure><figure class='gallery-item'>\n\t\t\t<div class='gallery-icon portrait'>\n\t\t\t\t<a href='https:\/\/www.revoila.fr\/wp-content\/uploads\/old-revoila\/IMAG3336.jpg'><img loading=\"lazy\" decoding=\"async\" width=\"797\" height=\"800\" src=\"https:\/\/www.revoila.fr\/wp-content\/uploads\/old-revoila\/IMAG3336.jpg\" class=\"attachment-full size-full\" alt=\"\" aria-describedby=\"gallery-1-1168\" srcset=\"https:\/\/www.revoila.fr\/wp-content\/uploads\/old-revoila\/IMAG3336.jpg 797w, https:\/\/www.revoila.fr\/wp-content\/uploads\/old-revoila\/IMAG3336-150x150.jpg 150w, https:\/\/www.revoila.fr\/wp-content\/uploads\/old-revoila\/IMAG3336-300x300.jpg 300w, https:\/\/www.revoila.fr\/wp-content\/uploads\/old-revoila\/IMAG3336-768x771.jpg 768w, https:\/\/www.revoila.fr\/wp-content\/uploads\/old-revoila\/IMAG3336-100x100.jpg 100w\" sizes=\"auto, (max-width: 797px) 100vw, 797px\" \/><\/a>\n\t\t\t<\/div>\n\t\t\t\t<figcaption class='wp-caption-text gallery-caption' id='gallery-1-1168'>\n\t\t\t\t2 chaises scandinaves teck\n\n\t\t\t\t<\/figcaption><\/figure><figure class='gallery-item'>\n\t\t\t<div class='gallery-icon landscape'>\n\t\t\t\t<a href='https:\/\/www.revoila.fr\/wp-content\/uploads\/old-revoila\/IMAG3345.jpg'><img loading=\"lazy\" decoding=\"async\" width=\"800\" height=\"800\" src=\"https:\/\/www.revoila.fr\/wp-content\/uploads\/old-revoila\/IMAG3345.jpg\" class=\"attachment-full size-full\" alt=\"\" aria-describedby=\"gallery-1-1171\" srcset=\"https:\/\/www.revoila.fr\/wp-content\/uploads\/old-revoila\/IMAG3345.jpg 800w, https:\/\/www.revoila.fr\/wp-content\/uploads\/old-revoila\/IMAG3345-150x150.jpg 150w, https:\/\/www.revoila.fr\/wp-content\/uploads\/old-revoila\/IMAG3345-300x300.jpg 300w, https:\/\/www.revoila.fr\/wp-content\/uploads\/old-revoila\/IMAG3345-768x768.jpg 768w, https:\/\/www.revoila.fr\/wp-content\/uploads\/old-revoila\/IMAG3345-100x100.jpg 100w\" sizes=\"auto, (max-width: 800px) 100vw, 800px\" \/><\/a>\n\t\t\t<\/div>\n\t\t\t\t<figcaption class='wp-caption-text gallery-caption' id='gallery-1-1171'>\n\t\t\t\t2 chaises scandinaves teck\n\n\t\t\t\t<\/figcaption><\/figure><figure class='gallery-item'>\n\t\t\t<div class='gallery-icon landscape'>\n\t\t\t\t<a href='https:\/\/www.revoila.fr\/wp-content\/uploads\/old-revoila\/IMAG3331.jpg'><img loading=\"lazy\" decoding=\"async\" width=\"800\" height=\"800\" src=\"https:\/\/www.revoila.fr\/wp-content\/uploads\/old-revoila\/IMAG3331.jpg\" class=\"attachment-full size-full\" alt=\"\" aria-describedby=\"gallery-1-1163\" srcset=\"https:\/\/www.revoila.fr\/wp-content\/uploads\/old-revoila\/IMAG3331.jpg 800w, https:\/\/www.revoila.fr\/wp-content\/uploads\/old-revoila\/IMAG3331-150x150.jpg 150w, https:\/\/www.revoila.fr\/wp-content\/uploads\/old-revoila\/IMAG3331-300x300.jpg 300w, https:\/\/www.revoila.fr\/wp-content\/uploads\/old-revoila\/IMAG3331-768x768.jpg 768w, https:\/\/www.revoila.fr\/wp-content\/uploads\/old-revoila\/IMAG3331-100x100.jpg 100w\" sizes=\"auto, (max-width: 800px) 100vw, 800px\" \/><\/a>\n\t\t\t<\/div>\n\t\t\t\t<figcaption class='wp-caption-text gallery-caption' id='gallery-1-1163'>\n\t\t\t\t2 chaises scandinaves teck\n\n\t\t\t\t<\/figcaption><\/figure><figure class='gallery-item'>\n\t\t\t<div class='gallery-icon landscape'>\n\t\t\t\t<a href='https:\/\/www.revoila.fr\/wp-content\/uploads\/old-revoila\/IMAG3341.jpg'><img loading=\"lazy\" decoding=\"async\" width=\"800\" height=\"800\" src=\"https:\/\/www.revoila.fr\/wp-content\/uploads\/old-revoila\/IMAG3341.jpg\" class=\"attachment-full size-full\" alt=\"\" aria-describedby=\"gallery-1-1170\" srcset=\"https:\/\/www.revoila.fr\/wp-content\/uploads\/old-revoila\/IMAG3341.jpg 800w, https:\/\/www.revoila.fr\/wp-content\/uploads\/old-revoila\/IMAG3341-150x150.jpg 150w, https:\/\/www.revoila.fr\/wp-content\/uploads\/old-revoila\/IMAG3341-300x300.jpg 300w, https:\/\/www.revoila.fr\/wp-content\/uploads\/old-revoila\/IMAG3341-768x768.jpg 768w, https:\/\/www.revoila.fr\/wp-content\/uploads\/old-revoila\/IMAG3341-100x100.jpg 100w\" sizes=\"auto, (max-width: 800px) 100vw, 800px\" \/><\/a>\n\t\t\t<\/div>\n\t\t\t\t<figcaption class='wp-caption-text gallery-caption' id='gallery-1-1170'>\n\t\t\t\t2 chaises scandinaves teck\n\n\t\t\t\t<\/figcaption><\/figure><figure class='gallery-item'>\n\t\t\t<div class='gallery-icon landscape'>\n\t\t\t\t<a href='https:\/\/www.revoila.fr\/wp-content\/uploads\/old-revoila\/IMAG3338.jpg'><img loading=\"lazy\" decoding=\"async\" width=\"800\" height=\"800\" src=\"https:\/\/www.revoila.fr\/wp-content\/uploads\/old-revoila\/IMAG3338.jpg\" class=\"attachment-full size-full\" alt=\"\" aria-describedby=\"gallery-1-1169\" srcset=\"https:\/\/www.revoila.fr\/wp-content\/uploads\/old-revoila\/IMAG3338.jpg 800w, https:\/\/www.revoila.fr\/wp-content\/uploads\/old-revoila\/IMAG3338-150x150.jpg 150w, https:\/\/www.revoila.fr\/wp-content\/uploads\/old-revoila\/IMAG3338-300x300.jpg 300w, https:\/\/www.revoila.fr\/wp-content\/uploads\/old-revoila\/IMAG3338-768x768.jpg 768w, https:\/\/www.revoila.fr\/wp-content\/uploads\/old-revoila\/IMAG3338-100x100.jpg 100w\" sizes=\"auto, (max-width: 800px) 100vw, 800px\" \/><\/a>\n\t\t\t<\/div>\n\t\t\t\t<figcaption class='wp-caption-text gallery-caption' id='gallery-1-1169'>\n\t\t\t\t2 chaises scandinaves teck\n\n\t\t\t\t<\/figcaption><\/figure><figure class='gallery-item'>\n\t\t\t<div class='gallery-icon landscape'>\n\t\t\t\t<a href='https:\/\/www.revoila.fr\/wp-content\/uploads\/old-revoila\/IMAG3330.jpg'><img loading=\"lazy\" decoding=\"async\" width=\"800\" height=\"800\" src=\"https:\/\/www.revoila.fr\/wp-content\/uploads\/old-revoila\/IMAG3330.jpg\" class=\"attachment-full size-full\" alt=\"\" aria-describedby=\"gallery-1-1162\" srcset=\"https:\/\/www.revoila.fr\/wp-content\/uploads\/old-revoila\/IMAG3330.jpg 800w, https:\/\/www.revoila.fr\/wp-content\/uploads\/old-revoila\/IMAG3330-150x150.jpg 150w, https:\/\/www.revoila.fr\/wp-content\/uploads\/old-revoila\/IMAG3330-300x300.jpg 300w, https:\/\/www.revoila.fr\/wp-content\/uploads\/old-revoila\/IMAG3330-768x768.jpg 768w, https:\/\/www.revoila.fr\/wp-content\/uploads\/old-revoila\/IMAG3330-100x100.jpg 100w\" sizes=\"auto, (max-width: 800px) 100vw, 800px\" \/><\/a>\n\t\t\t<\/div>\n\t\t\t\t<figcaption class='wp-caption-text gallery-caption' id='gallery-1-1162'>\n\t\t\t\t2 chaises scandinaves teck\n\n\t\t\t\t<\/figcaption><\/figure>\n\t\t<\/div>\n\n","protected":false},"excerpt":{"rendered":"<p>Jolie paire de chaises scandinaves des ann\u00e9es 60, en teck et vinyle noir, elles sont remarquables par la largeur de leur assise, estampill\u00e9es Boltinge Stolefabrik.<\/p>\n<p>Bon \u00e9tat g\u00e9n\u00e9ral sauf une fragilit\u00e9 tr\u00e8s peu visible sur l\u2019assise d\u2019une des 2 chaises voir derni\u00e8re photo.<\/p>\n<div class=\"woocommerce-product-details__short-description\">\n<p>Hauteur : 75 cm \/\/\/ Largeur : 50 cm \/\/\/ Profondeur : 44 cm \/\/\/ Hauteur de l\u2019assise: 44\u00a0cm<\/p>\n<div id=\"gallery-2\" class=\"gallery galleryid-1411 gallery-columns-4 gallery-size-thumbnail\"><\/div>\n<\/div>\n<form class=\"cart\" action=\"https:\/\/www.revoila.fr\/NEW\/index.php\/produit\/armoire-design-scandinave\/\" enctype=\"multipart\/form-data\" method=\"post\">\n<div class=\"quantity\"><\/div>\n<\/form>\n<div id=\"gallery-2\" class=\"gallery galleryid-317 gallery-columns-4 gallery-size-thumbnail\"><\/div>\n","protected":false},"featured_media":1161,"comment_status":"open","ping_status":"closed","template":"","meta":[],"product_brand":[],"product_cat":[72,25],"product_tag":[65],"class_list":{"0":"post-1421","1":"product","2":"type-product","3":"status-publish","4":"has-post-thumbnail","6":"product_cat-assises","7":"product_cat-chaise","8":"product_tag-selection","10":"first","11":"outofstock","12":"shipping-taxable","13":"product-type-simple"},"_links":{"self":[{"href":"https:\/\/www.revoila.fr\/index.php\/wp-json\/wp\/v2\/product\/1421","targetHints":{"allow":["GET"]}}],"collection":[{"href":"https:\/\/www.revoila.fr\/index.php\/wp-json\/wp\/v2\/product"}],"about":[{"href":"https:\/\/www.revoila.fr\/index.php\/wp-json\/wp\/v2\/types\/product"}],"replies":[{"embeddable":true,"href":"https:\/\/www.revoila.fr\/index.php\/wp-json\/wp\/v2\/comments?post=1421"}],"wp:featuredmedia":[{"embeddable":true,"href":"https:\/\/www.revoila.fr\/index.php\/wp-json\/wp\/v2\/media\/1161"}],"wp:attachment":[{"href":"https:\/\/www.revoila.fr\/index.php\/wp-json\/wp\/v2\/media?parent=1421"}],"wp:term":[{"taxonomy":"product_brand","embeddable":true,"href":"https:\/\/www.revoila.fr\/index.php\/wp-json\/wp\/v2\/product_brand?post=1421"},{"taxonomy":"product_cat","embeddable":true,"href":"https:\/\/www.revoila.fr\/index.php\/wp-json\/wp\/v2\/product_cat?post=1421"},{"taxonomy":"product_tag","embeddable":true,"href":"https:\/\/www.revoila.fr\/index.php\/wp-json\/wp\/v2\/product_tag?post=1421"}],"curies":[{"name":"wp","href":"https:\/\/api.w.org\/{rel}","templated":true}]}}