{"id":1426,"date":"2019-03-15T17:44:16","date_gmt":"2019-03-15T16:44:16","guid":{"rendered":"https:\/\/www.revoila.fr\/NEW\/?post_type=product&#038;p=1426"},"modified":"2022-02-08T12:00:24","modified_gmt":"2022-02-08T11:00:24","slug":"lampadaire-tripode-3-feux","status":"publish","type":"product","link":"https:\/\/www.revoila.fr\/index.php\/produit\/lampadaire-tripode-3-feux\/","title":{"rendered":"Lampadaire tripode 3 feux"},"content":{"rendered":"<div id='gallery-1' class='gallery galleryid-1426 gallery-columns-9 gallery-size-thumbnail'><figure class='gallery-item'>\n\t\t\t<div class='gallery-icon landscape'>\n\t\t\t\t<a href='https:\/\/www.revoila.fr\/?attachment_id=1196'><img loading=\"lazy\" decoding=\"async\" width=\"150\" height=\"150\" src=\"https:\/\/www.revoila.fr\/wp-content\/uploads\/old-revoila\/IMAG3459-001-150x150.jpg\" class=\"attachment-thumbnail size-thumbnail\" alt=\"\" aria-describedby=\"gallery-1-1196\" srcset=\"https:\/\/www.revoila.fr\/wp-content\/uploads\/old-revoila\/IMAG3459-001-150x150.jpg 150w, https:\/\/www.revoila.fr\/wp-content\/uploads\/old-revoila\/IMAG3459-001-300x300.jpg 300w, https:\/\/www.revoila.fr\/wp-content\/uploads\/old-revoila\/IMAG3459-001-768x766.jpg 768w, https:\/\/www.revoila.fr\/wp-content\/uploads\/old-revoila\/IMAG3459-001.jpg 800w, https:\/\/www.revoila.fr\/wp-content\/uploads\/old-revoila\/IMAG3459-001-100x100.jpg 100w\" sizes=\"auto, (max-width: 150px) 100vw, 150px\" \/><\/a>\n\t\t\t<\/div>\n\t\t\t\t<figcaption class='wp-caption-text gallery-caption' id='gallery-1-1196'>\n\t\t\t\tLampadaire tripode 3 feux\n\n\t\t\t\t<\/figcaption><\/figure><figure class='gallery-item'>\n\t\t\t<div class='gallery-icon portrait'>\n\t\t\t\t<a href='https:\/\/www.revoila.fr\/?attachment_id=1193'><img loading=\"lazy\" decoding=\"async\" width=\"150\" height=\"150\" src=\"https:\/\/www.revoila.fr\/wp-content\/uploads\/old-revoila\/IMAG3449-150x150.jpg\" class=\"attachment-thumbnail size-thumbnail\" alt=\"\" aria-describedby=\"gallery-1-1193\" srcset=\"https:\/\/www.revoila.fr\/wp-content\/uploads\/old-revoila\/IMAG3449-150x150.jpg 150w, https:\/\/www.revoila.fr\/wp-content\/uploads\/old-revoila\/IMAG3449-300x300.jpg 300w, https:\/\/www.revoila.fr\/wp-content\/uploads\/old-revoila\/IMAG3449-768x770.jpg 768w, https:\/\/www.revoila.fr\/wp-content\/uploads\/old-revoila\/IMAG3449-100x100.jpg 100w, https:\/\/www.revoila.fr\/wp-content\/uploads\/old-revoila\/IMAG3449.jpg 798w\" sizes=\"auto, (max-width: 150px) 100vw, 150px\" \/><\/a>\n\t\t\t<\/div>\n\t\t\t\t<figcaption class='wp-caption-text gallery-caption' id='gallery-1-1193'>\n\t\t\t\tLampadaire tripode 3 feux\n\n\t\t\t\t<\/figcaption><\/figure><figure class='gallery-item'>\n\t\t\t<div class='gallery-icon landscape'>\n\t\t\t\t<a href='https:\/\/www.revoila.fr\/?attachment_id=1200'><img loading=\"lazy\" decoding=\"async\" width=\"150\" height=\"150\" src=\"https:\/\/www.revoila.fr\/wp-content\/uploads\/old-revoila\/IMAG3484-150x150.jpg\" class=\"attachment-thumbnail size-thumbnail\" alt=\"\" aria-describedby=\"gallery-1-1200\" srcset=\"https:\/\/www.revoila.fr\/wp-content\/uploads\/old-revoila\/IMAG3484-150x150.jpg 150w, https:\/\/www.revoila.fr\/wp-content\/uploads\/old-revoila\/IMAG3484-300x300.jpg 300w, https:\/\/www.revoila.fr\/wp-content\/uploads\/old-revoila\/IMAG3484-768x768.jpg 768w, https:\/\/www.revoila.fr\/wp-content\/uploads\/old-revoila\/IMAG3484.jpg 800w, https:\/\/www.revoila.fr\/wp-content\/uploads\/old-revoila\/IMAG3484-100x100.jpg 100w\" sizes=\"auto, (max-width: 150px) 100vw, 150px\" \/><\/a>\n\t\t\t<\/div>\n\t\t\t\t<figcaption class='wp-caption-text gallery-caption' id='gallery-1-1200'>\n\t\t\t\tLampadaire tripode 3 feux\n\n\t\t\t\t<\/figcaption><\/figure><figure class='gallery-item'>\n\t\t\t<div class='gallery-icon landscape'>\n\t\t\t\t<a href='https:\/\/www.revoila.fr\/?attachment_id=1198'><img loading=\"lazy\" decoding=\"async\" width=\"150\" height=\"150\" src=\"https:\/\/www.revoila.fr\/wp-content\/uploads\/old-revoila\/IMAG3460-150x150.jpg\" class=\"attachment-thumbnail size-thumbnail\" alt=\"\" aria-describedby=\"gallery-1-1198\" srcset=\"https:\/\/www.revoila.fr\/wp-content\/uploads\/old-revoila\/IMAG3460-150x150.jpg 150w, https:\/\/www.revoila.fr\/wp-content\/uploads\/old-revoila\/IMAG3460-300x300.jpg 300w, https:\/\/www.revoila.fr\/wp-content\/uploads\/old-revoila\/IMAG3460-768x768.jpg 768w, https:\/\/www.revoila.fr\/wp-content\/uploads\/old-revoila\/IMAG3460.jpg 800w, https:\/\/www.revoila.fr\/wp-content\/uploads\/old-revoila\/IMAG3460-100x100.jpg 100w\" sizes=\"auto, (max-width: 150px) 100vw, 150px\" \/><\/a>\n\t\t\t<\/div>\n\t\t\t\t<figcaption class='wp-caption-text gallery-caption' id='gallery-1-1198'>\n\t\t\t\tLampadaire tripode 3 feux\n\n\t\t\t\t<\/figcaption><\/figure><figure class='gallery-item'>\n\t\t\t<div class='gallery-icon portrait'>\n\t\t\t\t<a href='https:\/\/www.revoila.fr\/?attachment_id=1194'><img loading=\"lazy\" decoding=\"async\" width=\"150\" height=\"150\" src=\"https:\/\/www.revoila.fr\/wp-content\/uploads\/old-revoila\/IMAG3452-150x150.jpg\" class=\"attachment-thumbnail size-thumbnail\" alt=\"\" aria-describedby=\"gallery-1-1194\" srcset=\"https:\/\/www.revoila.fr\/wp-content\/uploads\/old-revoila\/IMAG3452-150x150.jpg 150w, https:\/\/www.revoila.fr\/wp-content\/uploads\/old-revoila\/IMAG3452-300x300.jpg 300w, https:\/\/www.revoila.fr\/wp-content\/uploads\/old-revoila\/IMAG3452-768x771.jpg 768w, https:\/\/www.revoila.fr\/wp-content\/uploads\/old-revoila\/IMAG3452-100x100.jpg 100w, https:\/\/www.revoila.fr\/wp-content\/uploads\/old-revoila\/IMAG3452.jpg 797w\" sizes=\"auto, (max-width: 150px) 100vw, 150px\" \/><\/a>\n\t\t\t<\/div>\n\t\t\t\t<figcaption class='wp-caption-text gallery-caption' id='gallery-1-1194'>\n\t\t\t\tLampadaire tripode 3 feux\n\n\t\t\t\t<\/figcaption><\/figure><figure class='gallery-item'>\n\t\t\t<div class='gallery-icon landscape'>\n\t\t\t\t<a href='https:\/\/www.revoila.fr\/?attachment_id=1192'><img loading=\"lazy\" decoding=\"async\" width=\"150\" height=\"150\" src=\"https:\/\/www.revoila.fr\/wp-content\/uploads\/old-revoila\/IMAG3447-150x150.jpg\" class=\"attachment-thumbnail size-thumbnail\" alt=\"\" aria-describedby=\"gallery-1-1192\" srcset=\"https:\/\/www.revoila.fr\/wp-content\/uploads\/old-revoila\/IMAG3447-150x150.jpg 150w, https:\/\/www.revoila.fr\/wp-content\/uploads\/old-revoila\/IMAG3447-300x300.jpg 300w, https:\/\/www.revoila.fr\/wp-content\/uploads\/old-revoila\/IMAG3447-768x768.jpg 768w, https:\/\/www.revoila.fr\/wp-content\/uploads\/old-revoila\/IMAG3447.jpg 800w, https:\/\/www.revoila.fr\/wp-content\/uploads\/old-revoila\/IMAG3447-100x100.jpg 100w\" sizes=\"auto, (max-width: 150px) 100vw, 150px\" \/><\/a>\n\t\t\t<\/div>\n\t\t\t\t<figcaption class='wp-caption-text gallery-caption' id='gallery-1-1192'>\n\t\t\t\tLampadaire tripode 3 feux\n\n\t\t\t\t<\/figcaption><\/figure><figure class='gallery-item'>\n\t\t\t<div class='gallery-icon landscape'>\n\t\t\t\t<a href='https:\/\/www.revoila.fr\/?attachment_id=1191'><img loading=\"lazy\" decoding=\"async\" width=\"150\" height=\"150\" src=\"https:\/\/www.revoila.fr\/wp-content\/uploads\/old-revoila\/IMAG3440-150x150.jpg\" class=\"attachment-thumbnail size-thumbnail\" alt=\"\" aria-describedby=\"gallery-1-1191\" srcset=\"https:\/\/www.revoila.fr\/wp-content\/uploads\/old-revoila\/IMAG3440-150x150.jpg 150w, https:\/\/www.revoila.fr\/wp-content\/uploads\/old-revoila\/IMAG3440-300x300.jpg 300w, https:\/\/www.revoila.fr\/wp-content\/uploads\/old-revoila\/IMAG3440-768x768.jpg 768w, https:\/\/www.revoila.fr\/wp-content\/uploads\/old-revoila\/IMAG3440.jpg 800w, https:\/\/www.revoila.fr\/wp-content\/uploads\/old-revoila\/IMAG3440-100x100.jpg 100w\" sizes=\"auto, (max-width: 150px) 100vw, 150px\" \/><\/a>\n\t\t\t<\/div>\n\t\t\t\t<figcaption class='wp-caption-text gallery-caption' id='gallery-1-1191'>\n\t\t\t\tLampadaire tripode 3 feux\n\n\t\t\t\t<\/figcaption><\/figure>\n\t\t<\/div>\n\n","protected":false},"excerpt":{"rendered":"<p>Superbe\u00a0lampadaire\u00a01950-60 avec ses r\u00e9flecteurs en verre en forme de tulipe (deux jaune et un rouge), orientable par flexible. Une belle alliance entre le m\u00e9tal laqu\u00e9 noir, le laiton et le verre et un design \u00e9l\u00e9gant.<\/p>\n<p>Douilles \u00e0 ba\u00efonnette.<\/p>\n<div id=\"gallery-2\" class=\"gallery galleryid-316 gallery-columns-4 gallery-size-thumbnail\"><\/div>\n","protected":false},"featured_media":1196,"comment_status":"open","ping_status":"closed","template":"","meta":[],"product_brand":[],"product_cat":[17,50],"product_tag":[],"class_list":{"0":"post-1426","1":"product","2":"type-product","3":"status-publish","4":"has-post-thumbnail","6":"product_cat-luminaires","7":"product_cat-vendu","9":"first","10":"outofstock","11":"sold-individually","12":"shipping-taxable","13":"product-type-simple"},"_links":{"self":[{"href":"https:\/\/www.revoila.fr\/index.php\/wp-json\/wp\/v2\/product\/1426","targetHints":{"allow":["GET"]}}],"collection":[{"href":"https:\/\/www.revoila.fr\/index.php\/wp-json\/wp\/v2\/product"}],"about":[{"href":"https:\/\/www.revoila.fr\/index.php\/wp-json\/wp\/v2\/types\/product"}],"replies":[{"embeddable":true,"href":"https:\/\/www.revoila.fr\/index.php\/wp-json\/wp\/v2\/comments?post=1426"}],"wp:featuredmedia":[{"embeddable":true,"href":"https:\/\/www.revoila.fr\/index.php\/wp-json\/wp\/v2\/media\/1196"}],"wp:attachment":[{"href":"https:\/\/www.revoila.fr\/index.php\/wp-json\/wp\/v2\/media?parent=1426"}],"wp:term":[{"taxonomy":"product_brand","embeddable":true,"href":"https:\/\/www.revoila.fr\/index.php\/wp-json\/wp\/v2\/product_brand?post=1426"},{"taxonomy":"product_cat","embeddable":true,"href":"https:\/\/www.revoila.fr\/index.php\/wp-json\/wp\/v2\/product_cat?post=1426"},{"taxonomy":"product_tag","embeddable":true,"href":"https:\/\/www.revoila.fr\/index.php\/wp-json\/wp\/v2\/product_tag?post=1426"}],"curies":[{"name":"wp","href":"https:\/\/api.w.org\/{rel}","templated":true}]}}