{"id":1441,"date":"2019-03-26T19:37:23","date_gmt":"2019-03-26T18:37:23","guid":{"rendered":"https:\/\/www.revoila.fr\/NEW\/?post_type=product&#038;p=1441"},"modified":"2021-06-03T10:41:04","modified_gmt":"2021-06-03T08:41:04","slug":"coupe-tripode-ceramidi","status":"publish","type":"product","link":"https:\/\/www.revoila.fr\/index.php\/produit\/coupe-tripode-ceramidi\/","title":{"rendered":"Coupe tripode Ceramidi"},"content":{"rendered":"<p>&nbsp;<\/p>\n<div id='gallery-1' class='gallery galleryid-1441 gallery-columns-9 gallery-size-full'><figure class='gallery-item'>\n\t\t\t<div class='gallery-icon landscape'>\n\t\t\t\t<a href='https:\/\/www.revoila.fr\/?attachment_id=1385'><img loading=\"lazy\" decoding=\"async\" width=\"540\" height=\"540\" src=\"https:\/\/www.revoila.fr\/wp-content\/uploads\/old-revoila\/generale.png\" class=\"attachment-full size-full\" alt=\"\" aria-describedby=\"gallery-1-1385\" srcset=\"https:\/\/www.revoila.fr\/wp-content\/uploads\/old-revoila\/generale.png 540w, https:\/\/www.revoila.fr\/wp-content\/uploads\/old-revoila\/generale-150x150.png 150w, https:\/\/www.revoila.fr\/wp-content\/uploads\/old-revoila\/generale-300x300.png 300w, https:\/\/www.revoila.fr\/wp-content\/uploads\/old-revoila\/generale-100x100.png 100w\" sizes=\"auto, (max-width: 540px) 100vw, 540px\" \/><\/a>\n\t\t\t<\/div>\n\t\t\t\t<figcaption class='wp-caption-text gallery-caption' id='gallery-1-1385'>\n\t\t\t\tCoupe tripode Ceramidi\n\n\t\t\t\t<\/figcaption><\/figure><figure class='gallery-item'>\n\t\t\t<div class='gallery-icon landscape'>\n\t\t\t\t<a href='https:\/\/www.revoila.fr\/?attachment_id=1383'><img loading=\"lazy\" decoding=\"async\" width=\"540\" height=\"540\" src=\"https:\/\/www.revoila.fr\/wp-content\/uploads\/old-revoila\/face2.png\" class=\"attachment-full size-full\" alt=\"\" aria-describedby=\"gallery-1-1383\" srcset=\"https:\/\/www.revoila.fr\/wp-content\/uploads\/old-revoila\/face2.png 540w, https:\/\/www.revoila.fr\/wp-content\/uploads\/old-revoila\/face2-150x150.png 150w, https:\/\/www.revoila.fr\/wp-content\/uploads\/old-revoila\/face2-300x300.png 300w, https:\/\/www.revoila.fr\/wp-content\/uploads\/old-revoila\/face2-100x100.png 100w\" sizes=\"auto, (max-width: 540px) 100vw, 540px\" \/><\/a>\n\t\t\t<\/div>\n\t\t\t\t<figcaption class='wp-caption-text gallery-caption' id='gallery-1-1383'>\n\t\t\t\tCoupe tripode Ceramidi\n\n\t\t\t\t<\/figcaption><\/figure><figure class='gallery-item'>\n\t\t\t<div class='gallery-icon portrait'>\n\t\t\t\t<a href='https:\/\/www.revoila.fr\/?attachment_id=1382'><img loading=\"lazy\" decoding=\"async\" width=\"538\" height=\"540\" src=\"https:\/\/www.revoila.fr\/wp-content\/uploads\/old-revoila\/face.png\" class=\"attachment-full size-full\" alt=\"\" aria-describedby=\"gallery-1-1382\" srcset=\"https:\/\/www.revoila.fr\/wp-content\/uploads\/old-revoila\/face.png 538w, https:\/\/www.revoila.fr\/wp-content\/uploads\/old-revoila\/face-150x150.png 150w, https:\/\/www.revoila.fr\/wp-content\/uploads\/old-revoila\/face-300x300.png 300w, https:\/\/www.revoila.fr\/wp-content\/uploads\/old-revoila\/face-100x100.png 100w\" sizes=\"auto, (max-width: 538px) 100vw, 538px\" \/><\/a>\n\t\t\t<\/div>\n\t\t\t\t<figcaption class='wp-caption-text gallery-caption' id='gallery-1-1382'>\n\t\t\t\tCoupe tripode Ceramidi\n\n\t\t\t\t<\/figcaption><\/figure><figure class='gallery-item'>\n\t\t\t<div class='gallery-icon landscape'>\n\t\t\t\t<a href='https:\/\/www.revoila.fr\/?attachment_id=1399'><img loading=\"lazy\" decoding=\"async\" width=\"540\" height=\"540\" src=\"https:\/\/www.revoila.fr\/wp-content\/uploads\/old-revoila\/marque.png\" class=\"attachment-full size-full\" alt=\"\" aria-describedby=\"gallery-1-1399\" srcset=\"https:\/\/www.revoila.fr\/wp-content\/uploads\/old-revoila\/marque.png 540w, https:\/\/www.revoila.fr\/wp-content\/uploads\/old-revoila\/marque-150x150.png 150w, https:\/\/www.revoila.fr\/wp-content\/uploads\/old-revoila\/marque-300x300.png 300w, https:\/\/www.revoila.fr\/wp-content\/uploads\/old-revoila\/marque-100x100.png 100w\" sizes=\"auto, (max-width: 540px) 100vw, 540px\" \/><\/a>\n\t\t\t<\/div>\n\t\t\t\t<figcaption class='wp-caption-text gallery-caption' id='gallery-1-1399'>\n\t\t\t\tCoupe tripode Ceramidi\n\n\t\t\t\t<\/figcaption><\/figure><figure class='gallery-item'>\n\t\t\t<div class='gallery-icon landscape'>\n\t\t\t\t<a href='https:\/\/www.revoila.fr\/?attachment_id=1381'><img loading=\"lazy\" decoding=\"async\" width=\"540\" height=\"540\" src=\"https:\/\/www.revoila.fr\/wp-content\/uploads\/old-revoila\/detail-puce.png\" class=\"attachment-full size-full\" alt=\"\" aria-describedby=\"gallery-1-1381\" srcset=\"https:\/\/www.revoila.fr\/wp-content\/uploads\/old-revoila\/detail-puce.png 540w, https:\/\/www.revoila.fr\/wp-content\/uploads\/old-revoila\/detail-puce-150x150.png 150w, https:\/\/www.revoila.fr\/wp-content\/uploads\/old-revoila\/detail-puce-300x300.png 300w, https:\/\/www.revoila.fr\/wp-content\/uploads\/old-revoila\/detail-puce-100x100.png 100w\" sizes=\"auto, (max-width: 540px) 100vw, 540px\" \/><\/a>\n\t\t\t<\/div>\n\t\t\t\t<figcaption class='wp-caption-text gallery-caption' id='gallery-1-1381'>\n\t\t\t\tCoupe tripode Ceramidi\n\n\t\t\t\t<\/figcaption><\/figure>\n\t\t<\/div>\n\n","protected":false},"excerpt":{"rendered":"<p>Tr\u00e8s belle coupe sur 3 pieds en c\u00e9ramique, signature incis\u00e9e Ceramidi (atelier).<br \/>\nDans le go\u00fbt de Pol Chambost, circa 1950.<br \/>\nTr\u00e8s d\u00e9corative, de couleur noir iris\u00e9 et jaune.<br \/>\nL\u00e9ger saut d\u2019\u00e9mail \u00e0 la base d\u2019un pied, visible sur photo 5.<\/p>\n<div class=\"woocommerce-product-details__short-description\">\n<p>Coupelles : Hauteur : 22 cm \/\/\/ Largeur : 20 cm \/\/\/ Longueur : 37 cm<\/p>\n<div id=\"gallery-2\" class=\"gallery galleryid-1411 gallery-columns-4 gallery-size-thumbnail\"><\/div>\n<div id=\"gallery-2\" class=\"gallery galleryid-529 gallery-columns-4 gallery-size-thumbnail\"><\/div>\n<\/div>\n<form class=\"cart\" action=\"https:\/\/www.revoila.fr\/NEW\/index.php\/produit\/2-fauteuils-corbeille-rotin\/\" enctype=\"multipart\/form-data\" method=\"post\">\n<div class=\"quantity hidden\"><\/div>\n<\/form>\n","protected":false},"featured_media":1385,"comment_status":"open","ping_status":"closed","template":"","meta":[],"product_brand":[],"product_cat":[45],"product_tag":[69,55],"class_list":{"0":"post-1441","1":"product","2":"type-product","3":"status-publish","4":"has-post-thumbnail","6":"product_cat-objets-decoration","7":"product_tag-a-la-une","8":"product_tag-ceramique-50","10":"first","11":"instock","12":"sold-individually","13":"shipping-taxable","14":"purchasable","15":"product-type-simple"},"_links":{"self":[{"href":"https:\/\/www.revoila.fr\/index.php\/wp-json\/wp\/v2\/product\/1441","targetHints":{"allow":["GET"]}}],"collection":[{"href":"https:\/\/www.revoila.fr\/index.php\/wp-json\/wp\/v2\/product"}],"about":[{"href":"https:\/\/www.revoila.fr\/index.php\/wp-json\/wp\/v2\/types\/product"}],"replies":[{"embeddable":true,"href":"https:\/\/www.revoila.fr\/index.php\/wp-json\/wp\/v2\/comments?post=1441"}],"wp:featuredmedia":[{"embeddable":true,"href":"https:\/\/www.revoila.fr\/index.php\/wp-json\/wp\/v2\/media\/1385"}],"wp:attachment":[{"href":"https:\/\/www.revoila.fr\/index.php\/wp-json\/wp\/v2\/media?parent=1441"}],"wp:term":[{"taxonomy":"product_brand","embeddable":true,"href":"https:\/\/www.revoila.fr\/index.php\/wp-json\/wp\/v2\/product_brand?post=1441"},{"taxonomy":"product_cat","embeddable":true,"href":"https:\/\/www.revoila.fr\/index.php\/wp-json\/wp\/v2\/product_cat?post=1441"},{"taxonomy":"product_tag","embeddable":true,"href":"https:\/\/www.revoila.fr\/index.php\/wp-json\/wp\/v2\/product_tag?post=1441"}],"curies":[{"name":"wp","href":"https:\/\/api.w.org\/{rel}","templated":true}]}}