{"id":1445,"date":"2019-04-22T18:19:19","date_gmt":"2019-04-22T16:19:19","guid":{"rendered":"https:\/\/www.revoila.fr\/NEW\/?post_type=product&#038;p=1445"},"modified":"2021-11-28T13:16:07","modified_gmt":"2021-11-28T12:16:07","slug":"4-tasses-marrons-vereco","status":"publish","type":"product","link":"https:\/\/www.revoila.fr\/index.php\/produit\/4-tasses-marrons-vereco\/","title":{"rendered":"4 tasses marrons \u00ab Vereco \u00bb"},"content":{"rendered":"<p>&nbsp;<\/p>\n<div id='gallery-1' class='gallery galleryid-1445 gallery-columns-9 gallery-size-full'><figure class='gallery-item'>\n\t\t\t<div class='gallery-icon landscape'>\n\t\t\t\t<a href='https:\/\/www.revoila.fr\/?attachment_id=985'><img loading=\"lazy\" decoding=\"async\" width=\"1000\" height=\"1000\" src=\"https:\/\/www.revoila.fr\/wp-content\/uploads\/old-revoila\/31-PC207131.jpg\" class=\"attachment-full size-full\" alt=\"\" aria-describedby=\"gallery-1-985\" srcset=\"https:\/\/www.revoila.fr\/wp-content\/uploads\/old-revoila\/31-PC207131.jpg 1000w, https:\/\/www.revoila.fr\/wp-content\/uploads\/old-revoila\/31-PC207131-150x150.jpg 150w, https:\/\/www.revoila.fr\/wp-content\/uploads\/old-revoila\/31-PC207131-300x300.jpg 300w, https:\/\/www.revoila.fr\/wp-content\/uploads\/old-revoila\/31-PC207131-768x768.jpg 768w, https:\/\/www.revoila.fr\/wp-content\/uploads\/old-revoila\/31-PC207131-800x800.jpg 800w, https:\/\/www.revoila.fr\/wp-content\/uploads\/old-revoila\/31-PC207131-100x100.jpg 100w\" sizes=\"auto, (max-width: 1000px) 100vw, 1000px\" \/><\/a>\n\t\t\t<\/div>\n\t\t\t\t<figcaption class='wp-caption-text gallery-caption' id='gallery-1-985'>\n\t\t\t\t4 tasses marrons \u00ab Vereco \u00bb\n\n\t\t\t\t<\/figcaption><\/figure><figure class='gallery-item'>\n\t\t\t<div class='gallery-icon landscape'>\n\t\t\t\t<a href='https:\/\/www.revoila.fr\/?attachment_id=981'><img loading=\"lazy\" decoding=\"async\" width=\"1000\" height=\"1000\" src=\"https:\/\/www.revoila.fr\/wp-content\/uploads\/old-revoila\/30-PC207129.jpg\" class=\"attachment-full size-full\" alt=\"\" aria-describedby=\"gallery-1-981\" srcset=\"https:\/\/www.revoila.fr\/wp-content\/uploads\/old-revoila\/30-PC207129.jpg 1000w, https:\/\/www.revoila.fr\/wp-content\/uploads\/old-revoila\/30-PC207129-150x150.jpg 150w, https:\/\/www.revoila.fr\/wp-content\/uploads\/old-revoila\/30-PC207129-300x300.jpg 300w, https:\/\/www.revoila.fr\/wp-content\/uploads\/old-revoila\/30-PC207129-768x768.jpg 768w, https:\/\/www.revoila.fr\/wp-content\/uploads\/old-revoila\/30-PC207129-800x800.jpg 800w, https:\/\/www.revoila.fr\/wp-content\/uploads\/old-revoila\/30-PC207129-100x100.jpg 100w\" sizes=\"auto, (max-width: 1000px) 100vw, 1000px\" \/><\/a>\n\t\t\t<\/div>\n\t\t\t\t<figcaption class='wp-caption-text gallery-caption' id='gallery-1-981'>\n\t\t\t\t4 tasses marrons \u00ab Vereco \u00bb\n\n\t\t\t\t<\/figcaption><\/figure><figure class='gallery-item'>\n\t\t\t<div class='gallery-icon landscape'>\n\t\t\t\t<a href='https:\/\/www.revoila.fr\/?attachment_id=965'><img loading=\"lazy\" decoding=\"async\" width=\"1000\" height=\"1000\" src=\"https:\/\/www.revoila.fr\/wp-content\/uploads\/old-revoila\/29-PC207127.jpg\" class=\"attachment-full size-full\" alt=\"\" aria-describedby=\"gallery-1-965\" srcset=\"https:\/\/www.revoila.fr\/wp-content\/uploads\/old-revoila\/29-PC207127.jpg 1000w, https:\/\/www.revoila.fr\/wp-content\/uploads\/old-revoila\/29-PC207127-150x150.jpg 150w, https:\/\/www.revoila.fr\/wp-content\/uploads\/old-revoila\/29-PC207127-300x300.jpg 300w, https:\/\/www.revoila.fr\/wp-content\/uploads\/old-revoila\/29-PC207127-768x768.jpg 768w, https:\/\/www.revoila.fr\/wp-content\/uploads\/old-revoila\/29-PC207127-800x800.jpg 800w, https:\/\/www.revoila.fr\/wp-content\/uploads\/old-revoila\/29-PC207127-100x100.jpg 100w\" sizes=\"auto, (max-width: 1000px) 100vw, 1000px\" \/><\/a>\n\t\t\t<\/div>\n\t\t\t\t<figcaption class='wp-caption-text gallery-caption' id='gallery-1-965'>\n\t\t\t\t4 tasses marrons \u00ab Vereco \u00bb\n\n\t\t\t\t<\/figcaption><\/figure>\n\t\t<\/div>\n\n","protected":false},"excerpt":{"rendered":"<p>Lot de 4 tasses et sous-tasses en verre color\u00e9. On aime ces formes tr\u00e8s pop tr\u00e8s 60\u2019s.<\/p>\n<p>Tasses :<br \/>\nHauteur : 5 cm \/\/\/ Largeur : 8,5&#215;8,5 cm \/\/\/<br \/>\nSous-Tasses :<br \/>\nLargeur : 13,5&#215;13,5 cm \/\/\/<br \/>\nPoids : 1,2 kg<\/p>\n<div class=\"woocommerce-product-details__short-description\">\n<div id=\"gallery-2\" class=\"gallery galleryid-528 gallery-columns-4 gallery-size-thumbnail\"><\/div>\n<div id=\"gallery-2\" class=\"gallery galleryid-530 gallery-columns-4 gallery-size-thumbnail\"><\/div>\n<div id=\"gallery-2\" class=\"gallery galleryid-529 gallery-columns-4 gallery-size-thumbnail\"><\/div>\n<\/div>\n<form class=\"cart\" action=\"https:\/\/www.revoila.fr\/NEW\/index.php\/produit\/2-fauteuils-corbeille-rotin\/\" enctype=\"multipart\/form-data\" method=\"post\">\n<div class=\"quantity hidden\"><\/div>\n<\/form>\n","protected":false},"featured_media":985,"comment_status":"open","ping_status":"closed","template":"","meta":[],"product_brand":[],"product_cat":[45,59],"product_tag":[56],"class_list":{"0":"post-1445","1":"product","2":"type-product","3":"status-publish","4":"has-post-thumbnail","6":"product_cat-objets-decoration","7":"product_cat-tasses","8":"product_tag-tasses-vereco","10":"first","11":"instock","12":"sold-individually","13":"shipping-taxable","14":"purchasable","15":"product-type-simple"},"_links":{"self":[{"href":"https:\/\/www.revoila.fr\/index.php\/wp-json\/wp\/v2\/product\/1445","targetHints":{"allow":["GET"]}}],"collection":[{"href":"https:\/\/www.revoila.fr\/index.php\/wp-json\/wp\/v2\/product"}],"about":[{"href":"https:\/\/www.revoila.fr\/index.php\/wp-json\/wp\/v2\/types\/product"}],"replies":[{"embeddable":true,"href":"https:\/\/www.revoila.fr\/index.php\/wp-json\/wp\/v2\/comments?post=1445"}],"wp:featuredmedia":[{"embeddable":true,"href":"https:\/\/www.revoila.fr\/index.php\/wp-json\/wp\/v2\/media\/985"}],"wp:attachment":[{"href":"https:\/\/www.revoila.fr\/index.php\/wp-json\/wp\/v2\/media?parent=1445"}],"wp:term":[{"taxonomy":"product_brand","embeddable":true,"href":"https:\/\/www.revoila.fr\/index.php\/wp-json\/wp\/v2\/product_brand?post=1445"},{"taxonomy":"product_cat","embeddable":true,"href":"https:\/\/www.revoila.fr\/index.php\/wp-json\/wp\/v2\/product_cat?post=1445"},{"taxonomy":"product_tag","embeddable":true,"href":"https:\/\/www.revoila.fr\/index.php\/wp-json\/wp\/v2\/product_tag?post=1445"}],"curies":[{"name":"wp","href":"https:\/\/api.w.org\/{rel}","templated":true}]}}