{"id":1446,"date":"2019-04-22T18:26:31","date_gmt":"2019-04-22T16:26:31","guid":{"rendered":"https:\/\/www.revoila.fr\/NEW\/?post_type=product&#038;p=1446"},"modified":"2021-11-28T13:15:16","modified_gmt":"2021-11-28T12:15:16","slug":"4-tasses-vertes-vereco","status":"publish","type":"product","link":"https:\/\/www.revoila.fr\/index.php\/produit\/4-tasses-vertes-vereco\/","title":{"rendered":"4 tasses vertes \u00ab Vereco \u00bb"},"content":{"rendered":"<p>&nbsp;<\/p>\n<div id='gallery-1' class='gallery galleryid-1446 gallery-columns-9 gallery-size-full'><figure class='gallery-item'>\n\t\t\t<div class='gallery-icon landscape'>\n\t\t\t\t<a href='https:\/\/www.revoila.fr\/?attachment_id=882'><img loading=\"lazy\" decoding=\"async\" width=\"1000\" height=\"1000\" src=\"https:\/\/www.revoila.fr\/wp-content\/uploads\/old-revoila\/10-P2077269.jpg\" class=\"attachment-full size-full\" alt=\"\" aria-describedby=\"gallery-1-882\" srcset=\"https:\/\/www.revoila.fr\/wp-content\/uploads\/old-revoila\/10-P2077269.jpg 1000w, https:\/\/www.revoila.fr\/wp-content\/uploads\/old-revoila\/10-P2077269-150x150.jpg 150w, https:\/\/www.revoila.fr\/wp-content\/uploads\/old-revoila\/10-P2077269-300x300.jpg 300w, https:\/\/www.revoila.fr\/wp-content\/uploads\/old-revoila\/10-P2077269-768x768.jpg 768w, https:\/\/www.revoila.fr\/wp-content\/uploads\/old-revoila\/10-P2077269-800x800.jpg 800w, https:\/\/www.revoila.fr\/wp-content\/uploads\/old-revoila\/10-P2077269-100x100.jpg 100w\" sizes=\"auto, (max-width: 1000px) 100vw, 1000px\" \/><\/a>\n\t\t\t<\/div>\n\t\t\t\t<figcaption class='wp-caption-text gallery-caption' id='gallery-1-882'>\n\t\t\t\t4 tasses vertes \u00ab Vereco \u00bb\n\n\t\t\t\t<\/figcaption><\/figure><figure class='gallery-item'>\n\t\t\t<div class='gallery-icon landscape'>\n\t\t\t\t<a href='https:\/\/www.revoila.fr\/?attachment_id=878'><img loading=\"lazy\" decoding=\"async\" width=\"800\" height=\"800\" src=\"https:\/\/www.revoila.fr\/wp-content\/uploads\/old-revoila\/10-11-P2077273.jpg\" class=\"attachment-full size-full\" alt=\"\" aria-describedby=\"gallery-1-878\" srcset=\"https:\/\/www.revoila.fr\/wp-content\/uploads\/old-revoila\/10-11-P2077273.jpg 800w, https:\/\/www.revoila.fr\/wp-content\/uploads\/old-revoila\/10-11-P2077273-150x150.jpg 150w, https:\/\/www.revoila.fr\/wp-content\/uploads\/old-revoila\/10-11-P2077273-300x300.jpg 300w, https:\/\/www.revoila.fr\/wp-content\/uploads\/old-revoila\/10-11-P2077273-768x768.jpg 768w, https:\/\/www.revoila.fr\/wp-content\/uploads\/old-revoila\/10-11-P2077273-100x100.jpg 100w\" sizes=\"auto, (max-width: 800px) 100vw, 800px\" \/><\/a>\n\t\t\t<\/div>\n\t\t\t\t<figcaption class='wp-caption-text gallery-caption' id='gallery-1-878'>\n\t\t\t\t4 tasses vertes \u00ab Vereco \u00bb\n\n\t\t\t\t<\/figcaption><\/figure><figure class='gallery-item'>\n\t\t\t<div class='gallery-icon landscape'>\n\t\t\t\t<a href='https:\/\/www.revoila.fr\/?attachment_id=861'><img loading=\"lazy\" decoding=\"async\" width=\"1000\" height=\"1000\" src=\"https:\/\/www.revoila.fr\/wp-content\/uploads\/old-revoila\/09-P2077268.jpg\" class=\"attachment-full size-full\" alt=\"\" aria-describedby=\"gallery-1-861\" srcset=\"https:\/\/www.revoila.fr\/wp-content\/uploads\/old-revoila\/09-P2077268.jpg 1000w, https:\/\/www.revoila.fr\/wp-content\/uploads\/old-revoila\/09-P2077268-150x150.jpg 150w, https:\/\/www.revoila.fr\/wp-content\/uploads\/old-revoila\/09-P2077268-300x300.jpg 300w, https:\/\/www.revoila.fr\/wp-content\/uploads\/old-revoila\/09-P2077268-768x768.jpg 768w, https:\/\/www.revoila.fr\/wp-content\/uploads\/old-revoila\/09-P2077268-800x800.jpg 800w, https:\/\/www.revoila.fr\/wp-content\/uploads\/old-revoila\/09-P2077268-100x100.jpg 100w\" sizes=\"auto, (max-width: 1000px) 100vw, 1000px\" \/><\/a>\n\t\t\t<\/div>\n\t\t\t\t<figcaption class='wp-caption-text gallery-caption' id='gallery-1-861'>\n\t\t\t\t4 tasses vertes \u00ab Vereco \u00bb\n\n\t\t\t\t<\/figcaption><\/figure><figure class='gallery-item'>\n\t\t\t<div class='gallery-icon landscape'>\n\t\t\t\t<a href='https:\/\/www.revoila.fr\/?attachment_id=857'><img loading=\"lazy\" decoding=\"async\" width=\"800\" height=\"800\" src=\"https:\/\/www.revoila.fr\/wp-content\/uploads\/old-revoila\/09-12-P2077271.jpg\" class=\"attachment-full size-full\" alt=\"\" aria-describedby=\"gallery-1-857\" srcset=\"https:\/\/www.revoila.fr\/wp-content\/uploads\/old-revoila\/09-12-P2077271.jpg 800w, https:\/\/www.revoila.fr\/wp-content\/uploads\/old-revoila\/09-12-P2077271-150x150.jpg 150w, https:\/\/www.revoila.fr\/wp-content\/uploads\/old-revoila\/09-12-P2077271-300x300.jpg 300w, https:\/\/www.revoila.fr\/wp-content\/uploads\/old-revoila\/09-12-P2077271-768x768.jpg 768w, https:\/\/www.revoila.fr\/wp-content\/uploads\/old-revoila\/09-12-P2077271-100x100.jpg 100w\" sizes=\"auto, (max-width: 800px) 100vw, 800px\" \/><\/a>\n\t\t\t<\/div>\n\t\t\t\t<figcaption class='wp-caption-text gallery-caption' id='gallery-1-857'>\n\t\t\t\t4 tasses vertes \u00ab Vereco \u00bb\n\n\t\t\t\t<\/figcaption><\/figure><figure class='gallery-item'>\n\t\t\t<div class='gallery-icon landscape'>\n\t\t\t\t<a href='https:\/\/www.revoila.fr\/?attachment_id=720'><img loading=\"lazy\" decoding=\"async\" width=\"800\" height=\"800\" src=\"https:\/\/www.revoila.fr\/wp-content\/uploads\/2019\/01\/11-13-P2077274.jpg\" class=\"attachment-full size-full\" alt=\"\" aria-describedby=\"gallery-1-720\" srcset=\"https:\/\/www.revoila.fr\/wp-content\/uploads\/2019\/01\/11-13-P2077274.jpg 800w, https:\/\/www.revoila.fr\/wp-content\/uploads\/2019\/01\/11-13-P2077274-150x150.jpg 150w, https:\/\/www.revoila.fr\/wp-content\/uploads\/2019\/01\/11-13-P2077274-300x300.jpg 300w, https:\/\/www.revoila.fr\/wp-content\/uploads\/2019\/01\/11-13-P2077274-768x768.jpg 768w, https:\/\/www.revoila.fr\/wp-content\/uploads\/2019\/01\/11-13-P2077274-100x100.jpg 100w\" sizes=\"auto, (max-width: 800px) 100vw, 800px\" \/><\/a>\n\t\t\t<\/div>\n\t\t\t\t<figcaption class='wp-caption-text gallery-caption' id='gallery-1-720'>\n\t\t\t\t4 tasses vertes \u00ab Vereco \u00bb\n\n\t\t\t\t<\/figcaption><\/figure>\n\t\t<\/div>\n\n","protected":false},"excerpt":{"rendered":"<p>Lot\u00a0de 4 tasses\u00a0 \u00e0 caf\u00e9 avec leur sous-tasses.<br \/>\nParfait \u00e9tat pas de rayures. Seule un l\u00e9ger \u00e9clat sur le bord d\u2019une des tasses (voir photo 4 et 5)<\/p>\n<p>Tasses :<br \/>\nHauteur : 5 cm \/\/\/ Largeur : 8,5&#215;8,5 cm \/\/\/<\/p>\n<div class=\"woocommerce-product-details__short-description\">\n<p>Sous-Tasses :<br \/>\nLargeur : 13,5&#215;13,5 cm \/\/\/<\/p>\n<p>Poids : 1,2 kg<\/p>\n<div id=\"gallery-2\" class=\"gallery galleryid-528 gallery-columns-4 gallery-size-thumbnail\"><\/div>\n<div id=\"gallery-2\" class=\"gallery galleryid-530 gallery-columns-4 gallery-size-thumbnail\"><\/div>\n<div id=\"gallery-2\" class=\"gallery galleryid-529 gallery-columns-4 gallery-size-thumbnail\"><\/div>\n<\/div>\n<form class=\"cart\" action=\"https:\/\/www.revoila.fr\/NEW\/index.php\/produit\/2-fauteuils-corbeille-rotin\/\" enctype=\"multipart\/form-data\" method=\"post\">\n<div class=\"quantity hidden\"><\/div>\n<\/form>\n","protected":false},"featured_media":717,"comment_status":"open","ping_status":"closed","template":"","meta":[],"product_brand":[],"product_cat":[50],"product_tag":[56],"class_list":{"0":"post-1446","1":"product","2":"type-product","3":"status-publish","4":"has-post-thumbnail","6":"product_cat-vendu","7":"product_tag-tasses-vereco","9":"first","10":"outofstock","11":"sold-individually","12":"shipping-taxable","13":"product-type-simple"},"_links":{"self":[{"href":"https:\/\/www.revoila.fr\/index.php\/wp-json\/wp\/v2\/product\/1446","targetHints":{"allow":["GET"]}}],"collection":[{"href":"https:\/\/www.revoila.fr\/index.php\/wp-json\/wp\/v2\/product"}],"about":[{"href":"https:\/\/www.revoila.fr\/index.php\/wp-json\/wp\/v2\/types\/product"}],"replies":[{"embeddable":true,"href":"https:\/\/www.revoila.fr\/index.php\/wp-json\/wp\/v2\/comments?post=1446"}],"wp:featuredmedia":[{"embeddable":true,"href":"https:\/\/www.revoila.fr\/index.php\/wp-json\/wp\/v2\/media\/717"}],"wp:attachment":[{"href":"https:\/\/www.revoila.fr\/index.php\/wp-json\/wp\/v2\/media?parent=1446"}],"wp:term":[{"taxonomy":"product_brand","embeddable":true,"href":"https:\/\/www.revoila.fr\/index.php\/wp-json\/wp\/v2\/product_brand?post=1446"},{"taxonomy":"product_cat","embeddable":true,"href":"https:\/\/www.revoila.fr\/index.php\/wp-json\/wp\/v2\/product_cat?post=1446"},{"taxonomy":"product_tag","embeddable":true,"href":"https:\/\/www.revoila.fr\/index.php\/wp-json\/wp\/v2\/product_tag?post=1446"}],"curies":[{"name":"wp","href":"https:\/\/api.w.org\/{rel}","templated":true}]}}