{"id":1513,"date":"2019-04-22T23:41:41","date_gmt":"2019-04-22T21:41:41","guid":{"rendered":"https:\/\/www.revoila.fr\/NEW\/?post_type=product&#038;p=1513"},"modified":"2022-01-27T18:40:33","modified_gmt":"2022-01-27T17:40:33","slug":"4-tasses-a-cafe-lbvyr","status":"publish","type":"product","link":"https:\/\/www.revoila.fr\/index.php\/produit\/4-tasses-a-cafe-lbvyr\/","title":{"rendered":"4 tasses \u00e0 caf\u00e9 LBVYR"},"content":{"rendered":"<p>&nbsp;<\/p>\n<div id='gallery-1' class='gallery galleryid-1513 gallery-columns-9 gallery-size-full'><figure class='gallery-item'>\n\t\t\t<div class='gallery-icon portrait'>\n\t\t\t\t<a href='https:\/\/www.revoila.fr\/?attachment_id=913'><img loading=\"lazy\" decoding=\"async\" width=\"998\" height=\"1000\" src=\"https:\/\/www.revoila.fr\/wp-content\/uploads\/old-revoila\/18-PC207119.jpg\" class=\"attachment-full size-full\" alt=\"\" aria-describedby=\"gallery-1-913\" srcset=\"https:\/\/www.revoila.fr\/wp-content\/uploads\/old-revoila\/18-PC207119.jpg 998w, https:\/\/www.revoila.fr\/wp-content\/uploads\/old-revoila\/18-PC207119-150x150.jpg 150w, https:\/\/www.revoila.fr\/wp-content\/uploads\/old-revoila\/18-PC207119-300x300.jpg 300w, https:\/\/www.revoila.fr\/wp-content\/uploads\/old-revoila\/18-PC207119-768x770.jpg 768w, https:\/\/www.revoila.fr\/wp-content\/uploads\/old-revoila\/18-PC207119-800x802.jpg 800w, https:\/\/www.revoila.fr\/wp-content\/uploads\/old-revoila\/18-PC207119-100x100.jpg 100w\" sizes=\"auto, (max-width: 998px) 100vw, 998px\" \/><\/a>\n\t\t\t<\/div>\n\t\t\t\t<figcaption class='wp-caption-text gallery-caption' id='gallery-1-913'>\n\t\t\t\t4 tasses \u00e0 caf\u00e9 LBVYR\n\n\t\t\t\t<\/figcaption><\/figure><figure class='gallery-item'>\n\t\t\t<div class='gallery-icon landscape'>\n\t\t\t\t<a href='https:\/\/www.revoila.fr\/?attachment_id=909'><img loading=\"lazy\" decoding=\"async\" width=\"1000\" height=\"1000\" src=\"https:\/\/www.revoila.fr\/wp-content\/uploads\/old-revoila\/17-PC207117.jpg\" class=\"attachment-full size-full\" alt=\"\" aria-describedby=\"gallery-1-909\" srcset=\"https:\/\/www.revoila.fr\/wp-content\/uploads\/old-revoila\/17-PC207117.jpg 1000w, https:\/\/www.revoila.fr\/wp-content\/uploads\/old-revoila\/17-PC207117-150x150.jpg 150w, https:\/\/www.revoila.fr\/wp-content\/uploads\/old-revoila\/17-PC207117-300x300.jpg 300w, https:\/\/www.revoila.fr\/wp-content\/uploads\/old-revoila\/17-PC207117-768x768.jpg 768w, https:\/\/www.revoila.fr\/wp-content\/uploads\/old-revoila\/17-PC207117-800x800.jpg 800w, https:\/\/www.revoila.fr\/wp-content\/uploads\/old-revoila\/17-PC207117-100x100.jpg 100w\" sizes=\"auto, (max-width: 1000px) 100vw, 1000px\" \/><\/a>\n\t\t\t<\/div>\n\t\t\t\t<figcaption class='wp-caption-text gallery-caption' id='gallery-1-909'>\n\t\t\t\t4 tasses \u00e0 caf\u00e9 LBVYR\n\t\t\t\t<\/figcaption><\/figure><figure class='gallery-item'>\n\t\t\t<div class='gallery-icon landscape'>\n\t\t\t\t<a href='https:\/\/www.revoila.fr\/?attachment_id=904'><img loading=\"lazy\" decoding=\"async\" width=\"1000\" height=\"1000\" src=\"https:\/\/www.revoila.fr\/wp-content\/uploads\/old-revoila\/16-PC207115.jpg\" class=\"attachment-full size-full\" alt=\"\" aria-describedby=\"gallery-1-904\" srcset=\"https:\/\/www.revoila.fr\/wp-content\/uploads\/old-revoila\/16-PC207115.jpg 1000w, https:\/\/www.revoila.fr\/wp-content\/uploads\/old-revoila\/16-PC207115-150x150.jpg 150w, https:\/\/www.revoila.fr\/wp-content\/uploads\/old-revoila\/16-PC207115-300x300.jpg 300w, https:\/\/www.revoila.fr\/wp-content\/uploads\/old-revoila\/16-PC207115-768x768.jpg 768w, https:\/\/www.revoila.fr\/wp-content\/uploads\/old-revoila\/16-PC207115-800x800.jpg 800w, https:\/\/www.revoila.fr\/wp-content\/uploads\/old-revoila\/16-PC207115-100x100.jpg 100w\" sizes=\"auto, (max-width: 1000px) 100vw, 1000px\" \/><\/a>\n\t\t\t<\/div>\n\t\t\t\t<figcaption class='wp-caption-text gallery-caption' id='gallery-1-904'>\n\t\t\t\t4 tasses \u00e0 caf\u00e9 LBVYR\n\n\t\t\t\t<\/figcaption><\/figure>\n\t\t<\/div>\n\n","protected":false},"excerpt":{"rendered":"<p>Lot \u00a0de 4 tasses \u00e0 caf\u00e9 LBVYR (Laboratoire Biologie V\u00e9g\u00e9tale Yves Rocher) \u00e9dit\u00e9 par l\u2019enseigne de cosm\u00e9tique naturelle dans les ann\u00e9es 70.<br \/>\nParfait \u00e9tat.<\/p>\n<p>Tasses :<br \/>\nHauteur : 5,5 cm \/\/\/ Largeur : 6,5 cm \/\/\/ Longueur : 9,5 cm \/\/\/<br \/>\nSous-Tasses :<br \/>\nLargeur : 8 cm \/\/\/ Longueur : 12 cm \/\/\/<br \/>\nPoids : 1,04 kg<\/p>\n<div class=\"woocommerce-product-details__short-description\">\n<div id=\"gallery-2\" class=\"gallery galleryid-528 gallery-columns-4 gallery-size-thumbnail\"><\/div>\n<div id=\"gallery-2\" class=\"gallery galleryid-530 gallery-columns-4 gallery-size-thumbnail\"><\/div>\n<div id=\"gallery-2\" class=\"gallery galleryid-529 gallery-columns-4 gallery-size-thumbnail\"><\/div>\n<\/div>\n<form class=\"cart\" action=\"https:\/\/www.revoila.fr\/NEW\/index.php\/produit\/2-fauteuils-corbeille-rotin\/\" enctype=\"multipart\/form-data\" method=\"post\">\n<div class=\"quantity hidden\"><\/div>\n<\/form>\n","protected":false},"featured_media":913,"comment_status":"open","ping_status":"closed","template":"","meta":[],"product_brand":[],"product_cat":[45,59,50],"product_tag":[62],"class_list":{"0":"post-1513","1":"product","2":"type-product","3":"status-publish","4":"has-post-thumbnail","6":"product_cat-objets-decoration","7":"product_cat-tasses","8":"product_cat-vendu","9":"product_tag-tasses-lbvyr","11":"first","12":"outofstock","13":"sold-individually","14":"shipping-taxable","15":"product-type-simple"},"_links":{"self":[{"href":"https:\/\/www.revoila.fr\/index.php\/wp-json\/wp\/v2\/product\/1513","targetHints":{"allow":["GET"]}}],"collection":[{"href":"https:\/\/www.revoila.fr\/index.php\/wp-json\/wp\/v2\/product"}],"about":[{"href":"https:\/\/www.revoila.fr\/index.php\/wp-json\/wp\/v2\/types\/product"}],"replies":[{"embeddable":true,"href":"https:\/\/www.revoila.fr\/index.php\/wp-json\/wp\/v2\/comments?post=1513"}],"wp:featuredmedia":[{"embeddable":true,"href":"https:\/\/www.revoila.fr\/index.php\/wp-json\/wp\/v2\/media\/913"}],"wp:attachment":[{"href":"https:\/\/www.revoila.fr\/index.php\/wp-json\/wp\/v2\/media?parent=1513"}],"wp:term":[{"taxonomy":"product_brand","embeddable":true,"href":"https:\/\/www.revoila.fr\/index.php\/wp-json\/wp\/v2\/product_brand?post=1513"},{"taxonomy":"product_cat","embeddable":true,"href":"https:\/\/www.revoila.fr\/index.php\/wp-json\/wp\/v2\/product_cat?post=1513"},{"taxonomy":"product_tag","embeddable":true,"href":"https:\/\/www.revoila.fr\/index.php\/wp-json\/wp\/v2\/product_tag?post=1513"}],"curies":[{"name":"wp","href":"https:\/\/api.w.org\/{rel}","templated":true}]}}