{"id":1518,"date":"2019-04-23T17:54:54","date_gmt":"2019-04-23T15:54:54","guid":{"rendered":"https:\/\/www.revoila.fr\/NEW\/?post_type=product&#038;p=1518"},"modified":"2024-10-22T08:24:05","modified_gmt":"2024-10-22T06:24:05","slug":"chaise-tonneau","status":"publish","type":"product","link":"https:\/\/www.revoila.fr\/index.php\/produit\/chaise-tonneau\/","title":{"rendered":"Chaise tonneau"},"content":{"rendered":"<div id='gallery-1' class='gallery galleryid-1518 gallery-columns-9 gallery-size-full'><figure class='gallery-item'>\n\t\t\t<div class='gallery-icon landscape'>\n\t\t\t\t<a href='https:\/\/www.revoila.fr\/wp-content\/uploads\/old-revoila\/8-IMG_7014.jpg'><img loading=\"lazy\" decoding=\"async\" width=\"600\" height=\"600\" src=\"https:\/\/www.revoila.fr\/wp-content\/uploads\/old-revoila\/8-IMG_7014.jpg\" class=\"attachment-full size-full\" alt=\"\" aria-describedby=\"gallery-1-1097\" srcset=\"https:\/\/www.revoila.fr\/wp-content\/uploads\/old-revoila\/8-IMG_7014.jpg 600w, https:\/\/www.revoila.fr\/wp-content\/uploads\/old-revoila\/8-IMG_7014-150x150.jpg 150w, https:\/\/www.revoila.fr\/wp-content\/uploads\/old-revoila\/8-IMG_7014-300x300.jpg 300w, https:\/\/www.revoila.fr\/wp-content\/uploads\/old-revoila\/8-IMG_7014-100x100.jpg 100w\" sizes=\"auto, (max-width: 600px) 100vw, 600px\" \/><\/a>\n\t\t\t<\/div>\n\t\t\t\t<figcaption class='wp-caption-text gallery-caption' id='gallery-1-1097'>\n\t\t\t\tChaise tonneau\n\t\t\t\t<\/figcaption><\/figure><figure class='gallery-item'>\n\t\t\t<div class='gallery-icon landscape'>\n\t\t\t\t<a href='https:\/\/www.revoila.fr\/wp-content\/uploads\/2018\/12\/7-IMG_7013.jpg'><img loading=\"lazy\" decoding=\"async\" width=\"600\" height=\"600\" src=\"https:\/\/www.revoila.fr\/wp-content\/uploads\/2018\/12\/7-IMG_7013.jpg\" class=\"attachment-full size-full\" alt=\"\" aria-describedby=\"gallery-1-41\" srcset=\"https:\/\/www.revoila.fr\/wp-content\/uploads\/2018\/12\/7-IMG_7013.jpg 600w, https:\/\/www.revoila.fr\/wp-content\/uploads\/2018\/12\/7-IMG_7013-300x300.jpg 300w, https:\/\/www.revoila.fr\/wp-content\/uploads\/2018\/12\/7-IMG_7013-100x100.jpg 100w, https:\/\/www.revoila.fr\/wp-content\/uploads\/2018\/12\/7-IMG_7013-150x150.jpg 150w\" sizes=\"auto, (max-width: 600px) 100vw, 600px\" \/><\/a>\n\t\t\t<\/div>\n\t\t\t\t<figcaption class='wp-caption-text gallery-caption' id='gallery-1-41'>\n\t\t\t\tChaise tonneau\n\n\t\t\t\t<\/figcaption><\/figure><figure class='gallery-item'>\n\t\t\t<div class='gallery-icon landscape'>\n\t\t\t\t<a href='https:\/\/www.revoila.fr\/wp-content\/uploads\/2018\/12\/6-IMG_7012.jpg'><img loading=\"lazy\" decoding=\"async\" width=\"600\" height=\"600\" src=\"https:\/\/www.revoila.fr\/wp-content\/uploads\/2018\/12\/6-IMG_7012.jpg\" class=\"attachment-full size-full\" alt=\"\" aria-describedby=\"gallery-1-40\" srcset=\"https:\/\/www.revoila.fr\/wp-content\/uploads\/2018\/12\/6-IMG_7012.jpg 600w, https:\/\/www.revoila.fr\/wp-content\/uploads\/2018\/12\/6-IMG_7012-300x300.jpg 300w, https:\/\/www.revoila.fr\/wp-content\/uploads\/2018\/12\/6-IMG_7012-100x100.jpg 100w, https:\/\/www.revoila.fr\/wp-content\/uploads\/2018\/12\/6-IMG_7012-150x150.jpg 150w\" sizes=\"auto, (max-width: 600px) 100vw, 600px\" \/><\/a>\n\t\t\t<\/div>\n\t\t\t\t<figcaption class='wp-caption-text gallery-caption' id='gallery-1-40'>\n\t\t\t\tChaise tonneau\n\n\t\t\t\t<\/figcaption><\/figure>\n\t\t<\/div>\n\n","protected":false},"excerpt":{"rendered":"<p>Chaise 50\u2019s style \u00ab tonneau \u00bb en bois thermoform\u00e9, recouvert de ska\u00ef chin\u00e9 noir et jaune sur pi\u00e9tement compas.<\/p>\n<p>Hauteur : 85 cm \/\/\/ Largeur : 42 cm \/\/\/ Profondeur : 57 cm<\/p>\n<form class=\"cart\" action=\"https:\/\/www.revoila.fr\/NEW\/index.php\/produit\/armoire-design-scandinave\/\" enctype=\"multipart\/form-data\" method=\"post\">\n<div class=\"quantity\"><\/div>\n<\/form>\n<div id=\"gallery-2\" class=\"gallery galleryid-317 gallery-columns-4 gallery-size-thumbnail\"><\/div>\n","protected":false},"featured_media":41,"comment_status":"open","ping_status":"closed","template":"","meta":[],"product_brand":[],"product_cat":[50],"product_tag":[],"class_list":{"0":"post-1518","1":"product","2":"type-product","3":"status-publish","4":"has-post-thumbnail","6":"product_cat-vendu","8":"first","9":"outofstock","10":"shipping-taxable","11":"product-type-simple"},"_links":{"self":[{"href":"https:\/\/www.revoila.fr\/index.php\/wp-json\/wp\/v2\/product\/1518","targetHints":{"allow":["GET"]}}],"collection":[{"href":"https:\/\/www.revoila.fr\/index.php\/wp-json\/wp\/v2\/product"}],"about":[{"href":"https:\/\/www.revoila.fr\/index.php\/wp-json\/wp\/v2\/types\/product"}],"replies":[{"embeddable":true,"href":"https:\/\/www.revoila.fr\/index.php\/wp-json\/wp\/v2\/comments?post=1518"}],"wp:featuredmedia":[{"embeddable":true,"href":"https:\/\/www.revoila.fr\/index.php\/wp-json\/wp\/v2\/media\/41"}],"wp:attachment":[{"href":"https:\/\/www.revoila.fr\/index.php\/wp-json\/wp\/v2\/media?parent=1518"}],"wp:term":[{"taxonomy":"product_brand","embeddable":true,"href":"https:\/\/www.revoila.fr\/index.php\/wp-json\/wp\/v2\/product_brand?post=1518"},{"taxonomy":"product_cat","embeddable":true,"href":"https:\/\/www.revoila.fr\/index.php\/wp-json\/wp\/v2\/product_cat?post=1518"},{"taxonomy":"product_tag","embeddable":true,"href":"https:\/\/www.revoila.fr\/index.php\/wp-json\/wp\/v2\/product_tag?post=1518"}],"curies":[{"name":"wp","href":"https:\/\/api.w.org\/{rel}","templated":true}]}}