{"id":1520,"date":"2019-04-23T18:11:18","date_gmt":"2019-04-23T16:11:18","guid":{"rendered":"https:\/\/www.revoila.fr\/NEW\/?post_type=product&#038;p=1520"},"modified":"2024-01-12T13:48:28","modified_gmt":"2024-01-12T12:48:28","slug":"4-tasses-arcopal-lotus","status":"publish","type":"product","link":"https:\/\/www.revoila.fr\/index.php\/produit\/4-tasses-arcopal-lotus\/","title":{"rendered":"4 tasses arcopal Lotus"},"content":{"rendered":"<p>&nbsp;<\/p>\n<div id='gallery-1' class='gallery galleryid-1520 gallery-columns-9 gallery-size-full'><figure class='gallery-item'>\n\t\t\t<div class='gallery-icon landscape'>\n\t\t\t\t<a href='https:\/\/www.revoila.fr\/?attachment_id=864'><img loading=\"lazy\" decoding=\"async\" width=\"800\" height=\"800\" src=\"https:\/\/www.revoila.fr\/wp-content\/uploads\/old-revoila\/1-4-P2107329.jpg\" class=\"attachment-full size-full\" alt=\"\" aria-describedby=\"gallery-1-864\" srcset=\"https:\/\/www.revoila.fr\/wp-content\/uploads\/old-revoila\/1-4-P2107329.jpg 800w, https:\/\/www.revoila.fr\/wp-content\/uploads\/old-revoila\/1-4-P2107329-150x150.jpg 150w, https:\/\/www.revoila.fr\/wp-content\/uploads\/old-revoila\/1-4-P2107329-300x300.jpg 300w, https:\/\/www.revoila.fr\/wp-content\/uploads\/old-revoila\/1-4-P2107329-768x768.jpg 768w, https:\/\/www.revoila.fr\/wp-content\/uploads\/old-revoila\/1-4-P2107329-100x100.jpg 100w\" sizes=\"auto, (max-width: 800px) 100vw, 800px\" \/><\/a>\n\t\t\t<\/div>\n\t\t\t\t<figcaption class='wp-caption-text gallery-caption' id='gallery-1-864'>\n\t\t\t\t4 tasses Arcopal Lotus\n\n\t\t\t\t<\/figcaption><\/figure><figure class='gallery-item'>\n\t\t\t<div class='gallery-icon portrait'>\n\t\t\t\t<a href='https:\/\/www.revoila.fr\/?attachment_id=917'><img loading=\"lazy\" decoding=\"async\" width=\"799\" height=\"800\" src=\"https:\/\/www.revoila.fr\/wp-content\/uploads\/old-revoila\/2-5-P2107330.jpg\" class=\"attachment-full size-full\" alt=\"\" aria-describedby=\"gallery-1-917\" srcset=\"https:\/\/www.revoila.fr\/wp-content\/uploads\/old-revoila\/2-5-P2107330.jpg 799w, https:\/\/www.revoila.fr\/wp-content\/uploads\/old-revoila\/2-5-P2107330-150x150.jpg 150w, https:\/\/www.revoila.fr\/wp-content\/uploads\/old-revoila\/2-5-P2107330-300x300.jpg 300w, https:\/\/www.revoila.fr\/wp-content\/uploads\/old-revoila\/2-5-P2107330-768x769.jpg 768w, https:\/\/www.revoila.fr\/wp-content\/uploads\/old-revoila\/2-5-P2107330-100x100.jpg 100w\" sizes=\"auto, (max-width: 799px) 100vw, 799px\" \/><\/a>\n\t\t\t<\/div>\n\t\t\t\t<figcaption class='wp-caption-text gallery-caption' id='gallery-1-917'>\n\t\t\t\t4 tasses Arcopal Lotus\n\n\t\t\t\t<\/figcaption><\/figure><figure class='gallery-item'>\n\t\t\t<div class='gallery-icon landscape'>\n\t\t\t\t<a href='https:\/\/www.revoila.fr\/?attachment_id=967'><img loading=\"lazy\" decoding=\"async\" width=\"800\" height=\"800\" src=\"https:\/\/www.revoila.fr\/wp-content\/uploads\/old-revoila\/3-6-P2107335.jpg\" class=\"attachment-full size-full\" alt=\"\" aria-describedby=\"gallery-1-967\" srcset=\"https:\/\/www.revoila.fr\/wp-content\/uploads\/old-revoila\/3-6-P2107335.jpg 800w, https:\/\/www.revoila.fr\/wp-content\/uploads\/old-revoila\/3-6-P2107335-150x150.jpg 150w, https:\/\/www.revoila.fr\/wp-content\/uploads\/old-revoila\/3-6-P2107335-300x300.jpg 300w, https:\/\/www.revoila.fr\/wp-content\/uploads\/old-revoila\/3-6-P2107335-768x768.jpg 768w, https:\/\/www.revoila.fr\/wp-content\/uploads\/old-revoila\/3-6-P2107335-100x100.jpg 100w\" sizes=\"auto, (max-width: 800px) 100vw, 800px\" \/><\/a>\n\t\t\t<\/div>\n\t\t\t\t<figcaption class='wp-caption-text gallery-caption' id='gallery-1-967'>\n\t\t\t\t4 tasses Arcopal Lotus\n\n\t\t\t\t<\/figcaption><\/figure>\n\t\t<\/div>\n\n","protected":false},"excerpt":{"rendered":"<p>Lot de 4 tasses \u00e0 caf\u00e9 motifs \u00ab\u00a0Lotus\u00a0\u00bb de la marque Arcopal, un classique des seventies. A la fois simples et extra r\u00e9sistantes, elles \u00e9gayeront vos petits d\u00e9jeuners. De plus elles sont facilement empilables. Trois couleurs: bleu, jaune et rouge.<\/p>\n<p>Hauteur : 5 cm \/\/\/ Largeur : 9,4 cm \/\/\/ Diam\u00e8tre : 7,5 cm \/\/\/<br \/>\nPoids : 0,55 kg \/\/\/<\/p>\n<div class=\"woocommerce-product-details__short-description\">\n<p>&nbsp;<\/p>\n<div id=\"gallery-2\" class=\"gallery galleryid-529 gallery-columns-4 gallery-size-thumbnail\"><\/div>\n<\/div>\n<form class=\"cart\" action=\"https:\/\/www.revoila.fr\/NEW\/index.php\/produit\/2-fauteuils-corbeille-rotin\/\" enctype=\"multipart\/form-data\" method=\"post\">\n<div class=\"quantity hidden\"><\/div>\n<\/form>\n","protected":false},"featured_media":967,"comment_status":"open","ping_status":"closed","template":"","meta":[],"product_brand":[],"product_cat":[50],"product_tag":[],"class_list":{"0":"post-1520","1":"product","2":"type-product","3":"status-publish","4":"has-post-thumbnail","6":"product_cat-vendu","8":"first","9":"outofstock","10":"sold-individually","11":"shipping-taxable","12":"product-type-simple"},"_links":{"self":[{"href":"https:\/\/www.revoila.fr\/index.php\/wp-json\/wp\/v2\/product\/1520","targetHints":{"allow":["GET"]}}],"collection":[{"href":"https:\/\/www.revoila.fr\/index.php\/wp-json\/wp\/v2\/product"}],"about":[{"href":"https:\/\/www.revoila.fr\/index.php\/wp-json\/wp\/v2\/types\/product"}],"replies":[{"embeddable":true,"href":"https:\/\/www.revoila.fr\/index.php\/wp-json\/wp\/v2\/comments?post=1520"}],"wp:featuredmedia":[{"embeddable":true,"href":"https:\/\/www.revoila.fr\/index.php\/wp-json\/wp\/v2\/media\/967"}],"wp:attachment":[{"href":"https:\/\/www.revoila.fr\/index.php\/wp-json\/wp\/v2\/media?parent=1520"}],"wp:term":[{"taxonomy":"product_brand","embeddable":true,"href":"https:\/\/www.revoila.fr\/index.php\/wp-json\/wp\/v2\/product_brand?post=1520"},{"taxonomy":"product_cat","embeddable":true,"href":"https:\/\/www.revoila.fr\/index.php\/wp-json\/wp\/v2\/product_cat?post=1520"},{"taxonomy":"product_tag","embeddable":true,"href":"https:\/\/www.revoila.fr\/index.php\/wp-json\/wp\/v2\/product_tag?post=1520"}],"curies":[{"name":"wp","href":"https:\/\/api.w.org\/{rel}","templated":true}]}}