{"id":1525,"date":"2019-04-23T19:01:22","date_gmt":"2019-04-23T17:01:22","guid":{"rendered":"https:\/\/www.revoila.fr\/NEW\/?post_type=product&#038;p=1525"},"modified":"2024-01-12T13:48:11","modified_gmt":"2024-01-12T12:48:11","slug":"2-tasses-support-plastique","status":"publish","type":"product","link":"https:\/\/www.revoila.fr\/index.php\/produit\/2-tasses-support-plastique\/","title":{"rendered":"2 tasses support plastique"},"content":{"rendered":"<div id=\"pl-1525\"  class=\"panel-layout\" ><div id=\"pg-1525-0\"  class=\"panel-grid panel-no-style\" ><div id=\"pgc-1525-0-0\"  class=\"panel-grid-cell panel-grid-cell-empty\" ><\/div><\/div><div id=\"pg-1525-1\"  class=\"panel-grid panel-no-style\" ><div id=\"pgc-1525-1-0\"  class=\"panel-grid-cell\" ><div id=\"panel-1525-1-0-0\" class=\"so-panel widget widget_sow-editor panel-first-child panel-last-child\" data-index=\"0\" ><div\n\t\t\t\n\t\t\tclass=\"so-widget-sow-editor so-widget-sow-editor-base\"\n\t\t\t\n\t\t>\n<div class=\"siteorigin-widget-tinymce textwidget\">\n\t<p>&nbsp;<\/p>\n<div id='gallery-1' class='gallery galleryid-1525 gallery-columns-4 gallery-size-full'><figure class='gallery-item'>\n\t\t\t<div class='gallery-icon landscape'>\n\t\t\t\t<a href='https:\/\/www.revoila.fr\/?attachment_id=1231'><img loading=\"lazy\" decoding=\"async\" width=\"600\" height=\"600\" src=\"https:\/\/www.revoila.fr\/wp-content\/uploads\/old-revoila\/IMAG3752.jpg\" class=\"attachment-full size-full\" alt=\"\" aria-describedby=\"gallery-1-1231\" srcset=\"https:\/\/www.revoila.fr\/wp-content\/uploads\/old-revoila\/IMAG3752.jpg 600w, https:\/\/www.revoila.fr\/wp-content\/uploads\/old-revoila\/IMAG3752-150x150.jpg 150w, https:\/\/www.revoila.fr\/wp-content\/uploads\/old-revoila\/IMAG3752-300x300.jpg 300w, https:\/\/www.revoila.fr\/wp-content\/uploads\/old-revoila\/IMAG3752-100x100.jpg 100w\" sizes=\"auto, (max-width: 600px) 100vw, 600px\" \/><\/a>\n\t\t\t<\/div>\n\t\t\t\t<figcaption class='wp-caption-text gallery-caption' id='gallery-1-1231'>\n\t\t\t\t2 tasses support plastique\n\n\t\t\t\t<\/figcaption><\/figure><figure class='gallery-item'>\n\t\t\t<div class='gallery-icon landscape'>\n\t\t\t\t<a href='https:\/\/www.revoila.fr\/?attachment_id=1233'><img loading=\"lazy\" decoding=\"async\" width=\"600\" height=\"600\" src=\"https:\/\/www.revoila.fr\/wp-content\/uploads\/old-revoila\/IMAG3770.jpg\" class=\"attachment-full size-full\" alt=\"\" aria-describedby=\"gallery-1-1233\" srcset=\"https:\/\/www.revoila.fr\/wp-content\/uploads\/old-revoila\/IMAG3770.jpg 600w, https:\/\/www.revoila.fr\/wp-content\/uploads\/old-revoila\/IMAG3770-150x150.jpg 150w, https:\/\/www.revoila.fr\/wp-content\/uploads\/old-revoila\/IMAG3770-300x300.jpg 300w, https:\/\/www.revoila.fr\/wp-content\/uploads\/old-revoila\/IMAG3770-100x100.jpg 100w\" sizes=\"auto, (max-width: 600px) 100vw, 600px\" \/><\/a>\n\t\t\t<\/div>\n\t\t\t\t<figcaption class='wp-caption-text gallery-caption' id='gallery-1-1233'>\n\t\t\t\t2 tasses support plastique\n\n\t\t\t\t<\/figcaption><\/figure><figure class='gallery-item'>\n\t\t\t<div class='gallery-icon landscape'>\n\t\t\t\t<a href='https:\/\/www.revoila.fr\/?attachment_id=1234'><img loading=\"lazy\" decoding=\"async\" width=\"600\" height=\"600\" src=\"https:\/\/www.revoila.fr\/wp-content\/uploads\/old-revoila\/IMAG3771.jpg\" class=\"attachment-full size-full\" alt=\"\" aria-describedby=\"gallery-1-1234\" srcset=\"https:\/\/www.revoila.fr\/wp-content\/uploads\/old-revoila\/IMAG3771.jpg 600w, https:\/\/www.revoila.fr\/wp-content\/uploads\/old-revoila\/IMAG3771-150x150.jpg 150w, https:\/\/www.revoila.fr\/wp-content\/uploads\/old-revoila\/IMAG3771-300x300.jpg 300w, https:\/\/www.revoila.fr\/wp-content\/uploads\/old-revoila\/IMAG3771-100x100.jpg 100w\" sizes=\"auto, (max-width: 600px) 100vw, 600px\" \/><\/a>\n\t\t\t<\/div>\n\t\t\t\t<figcaption class='wp-caption-text gallery-caption' id='gallery-1-1234'>\n\t\t\t\t2 tasses support plastique\n\n\t\t\t\t<\/figcaption><\/figure><figure class='gallery-item'>\n\t\t\t<div class='gallery-icon landscape'>\n\t\t\t\t<a href='https:\/\/www.revoila.fr\/?attachment_id=1235'><img loading=\"lazy\" decoding=\"async\" width=\"600\" height=\"600\" src=\"https:\/\/www.revoila.fr\/wp-content\/uploads\/old-revoila\/IMAG3773.jpg\" class=\"attachment-full size-full\" alt=\"\" aria-describedby=\"gallery-1-1235\" srcset=\"https:\/\/www.revoila.fr\/wp-content\/uploads\/old-revoila\/IMAG3773.jpg 600w, https:\/\/www.revoila.fr\/wp-content\/uploads\/old-revoila\/IMAG3773-150x150.jpg 150w, https:\/\/www.revoila.fr\/wp-content\/uploads\/old-revoila\/IMAG3773-300x300.jpg 300w, https:\/\/www.revoila.fr\/wp-content\/uploads\/old-revoila\/IMAG3773-100x100.jpg 100w\" sizes=\"auto, (max-width: 600px) 100vw, 600px\" \/><\/a>\n\t\t\t<\/div>\n\t\t\t\t<figcaption class='wp-caption-text gallery-caption' id='gallery-1-1235'>\n\t\t\t\t2 tasses support plastique\n\n\t\t\t\t<\/figcaption><\/figure>\n\t\t<\/div>\n\n<\/div>\n<\/div><\/div><\/div><div id=\"pgc-1525-1-1\"  class=\"panel-grid-cell\" ><div id=\"panel-1525-1-1-0\" class=\"so-panel widget widget_sow-contact-form panel-first-child panel-last-child\" data-index=\"1\" ><div class=\"panel-widget-style panel-widget-style-for-1525-1-1-0\" ><div\n\t\t\t\n\t\t\tclass=\"so-widget-sow-contact-form so-widget-sow-contact-form-default-1dceae4ce411-1525\"\n\t\t\t\n\t\t><h3 class=\"widget-title\">Une question sur ce produit ?<\/h3>\t<form\n\t\taction=\"\/index.php\/wp-json\/wp\/v2\/product\/1525\"\n\t\tmethod=\"POST\"\n\t\tclass=\"sow-contact-form\"\n\t\tid=\"contact-form-3282\"\n\t>\n\n\t\t\n\t\t\t\t\t<div class=\"sow-form-field sow-form-field-name\">\n\t\t\t\t<label class=\"sow-form-field-label-above\" for=\"sow-contact-form-field-votre-nom-1\">\n\t\t\t\t<strong>\n\t\t\t\t\tVotre nom\t\t\t\t\t\t\t\t\t<\/strong>\n\t\t\t<\/label>\n\t\t\t\t\t\t\t<div class=\"sow-field-container\">\n\t\t\t\t\t\t\t<input\n\t\t\ttype=\"text\"\n\t\t\tname=\"votre-nom-1\"\n\t\t\tid=\"sow-contact-form-field-votre-nom-1\"\n\t\t\tvalue=\"\"\n\t\t\tclass=\"sow-text-field\"\n\t\t\t\t\t\t\t\t\/>\n\t\t\t\t\t\t<\/div>\n\t\t\t\t\t\t\t<\/div>\n\t\t\t\t\t\t<div class=\"sow-form-field sow-form-field-email\">\n\t\t\t\t<label class=\"sow-form-field-label-above\" for=\"sow-contact-form-field-votre-adresse-de-messagerie-1\">\n\t\t\t\t<strong>\n\t\t\t\t\tVotre adresse de messagerie\t\t\t\t\t\t\t\t\t<\/strong>\n\t\t\t<\/label>\n\t\t\t\t\t\t\t<div class=\"sow-field-container\">\n\t\t\t\t\t\t\t<input\n\t\t\ttype=\"email\"\n\t\t\tname=\"votre-adresse-de-messagerie-1\"\n\t\t\tid=\"sow-contact-form-field-votre-adresse-de-messagerie-1\"\n\t\t\tvalue=\"\"\n\t\t\tclass=\"sow-text-field\"\t\t\t\t\t\t\t\t\/>\n\t\t\t\t\t\t<\/div>\n\t\t\t\t\t\t\t<\/div>\n\t\t\t\t\t\t<div class=\"sow-form-field sow-form-field-textarea\">\n\t\t\t\t<label class=\"sow-form-field-label-above\" for=\"sow-contact-form-field-message-1\">\n\t\t\t\t<strong>\n\t\t\t\t\tMessage\t\t\t\t\t\t\t\t\t<\/strong>\n\t\t\t<\/label>\n\t\t\t\t\t\t\t<div class=\"sow-field-container\">\n\t\t\t\t\t\t\t<textarea\n\t\t\tname=\"message-1\"\n\t\t\tid=\"sow-contact-form-field-message-1\"\n\t\t\trows=\"10\"\n\t\t\t\t\t\t\t\t><\/textarea>\n\t\t\t\t\t\t<\/div>\n\t\t\t\t\t\t\t<\/div>\n\t\t\t\n\t\t\n\t\t<div class=\"sow-submit-wrapper \n\t\tsow-submit-styled\t\t\">\n\n\t\t\t<button\n\t\t\t\ttype=\"submit\"\n\t\t\t\tclass=\"sow-submit\n\t\t\t\t\t\t\t\t\"\n\t\t\t\t\t\t\t>\n\t\t\t\tENVIYEZ VOTRE DEMANDE\t\t\t<\/button>\n\t\t<\/div>\n\t\t\t\t<input\n\t\t\ttype=\"hidden\"\n\t\t\tname=\"instance_hash-1\"\n\t\t\tvalue=\"328223e7\"\n\t\t\/>\n\n\t\t<input type=\"hidden\" id=\"_wpnonce\" name=\"_wpnonce\" value=\"bf724f518d\" \/><input type=\"hidden\" name=\"_wp_http_referer\" value=\"\/index.php\/wp-json\/wp\/v2\/product\/1525\" \/>\t<\/form>\n\t<\/div><\/div><\/div><\/div><\/div><\/div>","protected":false},"excerpt":{"rendered":"<p>2 tasses \u00e0 caf\u00e9 marron ann\u00e9es 60\/70 en verre et plastique. Il y a de l\u00e9g\u00e8res \u00e9raflures sur le verre.<\/p>\n<p>Hauteur : 6,5 cm \/\/\/ Largeur : 11 cm \/\/\/ Diam\u00e8tre : 8 cm \/\/\/<\/p>\n<div class=\"woocommerce-product-details__short-description\">\n<div id=\"gallery-2\" class=\"gallery galleryid-528 gallery-columns-4 gallery-size-thumbnail\"><\/div>\n<div id=\"gallery-2\" class=\"gallery galleryid-530 gallery-columns-4 gallery-size-thumbnail\"><\/div>\n<div id=\"gallery-2\" class=\"gallery galleryid-529 gallery-columns-4 gallery-size-thumbnail\"><\/div>\n<\/div>\n<form class=\"cart\" action=\"https:\/\/www.revoila.fr\/NEW\/index.php\/produit\/2-fauteuils-corbeille-rotin\/\" enctype=\"multipart\/form-data\" method=\"post\">\n<div class=\"quantity hidden\"><\/div>\n<\/form>\n","protected":false},"featured_media":1232,"comment_status":"open","ping_status":"closed","template":"","meta":[],"product_brand":[],"product_cat":[45,59],"product_tag":[],"class_list":{"0":"post-1525","1":"product","2":"type-product","3":"status-publish","4":"has-post-thumbnail","6":"product_cat-objets-decoration","7":"product_cat-tasses","9":"first","10":"instock","11":"sold-individually","12":"shipping-taxable","13":"purchasable","14":"product-type-simple"},"_links":{"self":[{"href":"https:\/\/www.revoila.fr\/index.php\/wp-json\/wp\/v2\/product\/1525","targetHints":{"allow":["GET"]}}],"collection":[{"href":"https:\/\/www.revoila.fr\/index.php\/wp-json\/wp\/v2\/product"}],"about":[{"href":"https:\/\/www.revoila.fr\/index.php\/wp-json\/wp\/v2\/types\/product"}],"replies":[{"embeddable":true,"href":"https:\/\/www.revoila.fr\/index.php\/wp-json\/wp\/v2\/comments?post=1525"}],"wp:featuredmedia":[{"embeddable":true,"href":"https:\/\/www.revoila.fr\/index.php\/wp-json\/wp\/v2\/media\/1232"}],"wp:attachment":[{"href":"https:\/\/www.revoila.fr\/index.php\/wp-json\/wp\/v2\/media?parent=1525"}],"wp:term":[{"taxonomy":"product_brand","embeddable":true,"href":"https:\/\/www.revoila.fr\/index.php\/wp-json\/wp\/v2\/product_brand?post=1525"},{"taxonomy":"product_cat","embeddable":true,"href":"https:\/\/www.revoila.fr\/index.php\/wp-json\/wp\/v2\/product_cat?post=1525"},{"taxonomy":"product_tag","embeddable":true,"href":"https:\/\/www.revoila.fr\/index.php\/wp-json\/wp\/v2\/product_tag?post=1525"}],"curies":[{"name":"wp","href":"https:\/\/api.w.org\/{rel}","templated":true}]}}