{"id":158,"date":"2018-12-15T21:56:18","date_gmt":"2018-12-15T20:56:18","guid":{"rendered":"https:\/\/www.revoila.fr\/NEW\/?post_type=product&#038;p=158"},"modified":"2026-04-15T08:43:43","modified_gmt":"2026-04-15T06:43:43","slug":"commode-decor-rotin","status":"publish","type":"product","link":"https:\/\/www.revoila.fr\/index.php\/produit\/commode-decor-rotin\/","title":{"rendered":"Commode d\u00e9cor rotin"},"content":{"rendered":"<div id='gallery-1' class='gallery galleryid-158 gallery-columns-9 gallery-size-thumbnail'><figure class='gallery-item'>\n\t\t\t<div class='gallery-icon landscape'>\n\t\t\t\t<a href='https:\/\/www.revoila.fr\/wp-content\/uploads\/2018\/12\/IMG_7893.jpg'><img loading=\"lazy\" decoding=\"async\" width=\"150\" height=\"150\" src=\"https:\/\/www.revoila.fr\/wp-content\/uploads\/2018\/12\/IMG_7893-150x150.jpg\" class=\"attachment-thumbnail size-thumbnail\" alt=\"\" srcset=\"https:\/\/www.revoila.fr\/wp-content\/uploads\/2018\/12\/IMG_7893-150x150.jpg 150w, https:\/\/www.revoila.fr\/wp-content\/uploads\/2018\/12\/IMG_7893-300x300.jpg 300w, https:\/\/www.revoila.fr\/wp-content\/uploads\/2018\/12\/IMG_7893-100x100.jpg 100w, https:\/\/www.revoila.fr\/wp-content\/uploads\/2018\/12\/IMG_7893.jpg 600w\" sizes=\"auto, (max-width: 150px) 100vw, 150px\" \/><\/a>\n\t\t\t<\/div><\/figure><figure class='gallery-item'>\n\t\t\t<div class='gallery-icon landscape'>\n\t\t\t\t<a href='https:\/\/www.revoila.fr\/wp-content\/uploads\/2018\/12\/IMG_7892.jpg'><img loading=\"lazy\" decoding=\"async\" width=\"150\" height=\"150\" src=\"https:\/\/www.revoila.fr\/wp-content\/uploads\/2018\/12\/IMG_7892-150x150.jpg\" class=\"attachment-thumbnail size-thumbnail\" alt=\"\" srcset=\"https:\/\/www.revoila.fr\/wp-content\/uploads\/2018\/12\/IMG_7892-150x150.jpg 150w, https:\/\/www.revoila.fr\/wp-content\/uploads\/2018\/12\/IMG_7892-300x300.jpg 300w, https:\/\/www.revoila.fr\/wp-content\/uploads\/2018\/12\/IMG_7892-100x100.jpg 100w, https:\/\/www.revoila.fr\/wp-content\/uploads\/2018\/12\/IMG_7892.jpg 600w\" sizes=\"auto, (max-width: 150px) 100vw, 150px\" \/><\/a>\n\t\t\t<\/div><\/figure><figure class='gallery-item'>\n\t\t\t<div class='gallery-icon landscape'>\n\t\t\t\t<a href='https:\/\/www.revoila.fr\/wp-content\/uploads\/2018\/12\/IMG_7891.jpg'><img loading=\"lazy\" decoding=\"async\" width=\"150\" height=\"150\" src=\"https:\/\/www.revoila.fr\/wp-content\/uploads\/2018\/12\/IMG_7891-150x150.jpg\" class=\"attachment-thumbnail size-thumbnail\" alt=\"\" srcset=\"https:\/\/www.revoila.fr\/wp-content\/uploads\/2018\/12\/IMG_7891-150x150.jpg 150w, https:\/\/www.revoila.fr\/wp-content\/uploads\/2018\/12\/IMG_7891-300x300.jpg 300w, https:\/\/www.revoila.fr\/wp-content\/uploads\/2018\/12\/IMG_7891-100x100.jpg 100w, https:\/\/www.revoila.fr\/wp-content\/uploads\/2018\/12\/IMG_7891.jpg 600w\" sizes=\"auto, (max-width: 150px) 100vw, 150px\" \/><\/a>\n\t\t\t<\/div><\/figure><figure class='gallery-item'>\n\t\t\t<div class='gallery-icon landscape'>\n\t\t\t\t<a href='https:\/\/www.revoila.fr\/wp-content\/uploads\/2018\/12\/IMG_7888.jpg'><img loading=\"lazy\" decoding=\"async\" width=\"150\" height=\"150\" src=\"https:\/\/www.revoila.fr\/wp-content\/uploads\/2018\/12\/IMG_7888-150x150.jpg\" class=\"attachment-thumbnail size-thumbnail\" alt=\"\" srcset=\"https:\/\/www.revoila.fr\/wp-content\/uploads\/2018\/12\/IMG_7888-150x150.jpg 150w, https:\/\/www.revoila.fr\/wp-content\/uploads\/2018\/12\/IMG_7888-300x300.jpg 300w, https:\/\/www.revoila.fr\/wp-content\/uploads\/2018\/12\/IMG_7888-100x100.jpg 100w, https:\/\/www.revoila.fr\/wp-content\/uploads\/2018\/12\/IMG_7888.jpg 600w\" sizes=\"auto, (max-width: 150px) 100vw, 150px\" \/><\/a>\n\t\t\t<\/div><\/figure><figure class='gallery-item'>\n\t\t\t<div class='gallery-icon landscape'>\n\t\t\t\t<a href='https:\/\/www.revoila.fr\/wp-content\/uploads\/2018\/12\/IMG_7887.jpg'><img loading=\"lazy\" decoding=\"async\" width=\"150\" height=\"150\" src=\"https:\/\/www.revoila.fr\/wp-content\/uploads\/2018\/12\/IMG_7887-150x150.jpg\" class=\"attachment-thumbnail size-thumbnail\" alt=\"\" srcset=\"https:\/\/www.revoila.fr\/wp-content\/uploads\/2018\/12\/IMG_7887-150x150.jpg 150w, https:\/\/www.revoila.fr\/wp-content\/uploads\/2018\/12\/IMG_7887-300x300.jpg 300w, https:\/\/www.revoila.fr\/wp-content\/uploads\/2018\/12\/IMG_7887-100x100.jpg 100w, https:\/\/www.revoila.fr\/wp-content\/uploads\/2018\/12\/IMG_7887.jpg 600w\" sizes=\"auto, (max-width: 150px) 100vw, 150px\" \/><\/a>\n\t\t\t<\/div><\/figure><figure class='gallery-item'>\n\t\t\t<div class='gallery-icon landscape'>\n\t\t\t\t<a href='https:\/\/www.revoila.fr\/wp-content\/uploads\/2018\/12\/IMG_7885.jpg'><img loading=\"lazy\" decoding=\"async\" width=\"150\" height=\"150\" src=\"https:\/\/www.revoila.fr\/wp-content\/uploads\/2018\/12\/IMG_7885-150x150.jpg\" class=\"attachment-thumbnail size-thumbnail\" alt=\"\" srcset=\"https:\/\/www.revoila.fr\/wp-content\/uploads\/2018\/12\/IMG_7885-150x150.jpg 150w, https:\/\/www.revoila.fr\/wp-content\/uploads\/2018\/12\/IMG_7885-300x300.jpg 300w, https:\/\/www.revoila.fr\/wp-content\/uploads\/2018\/12\/IMG_7885-100x100.jpg 100w, https:\/\/www.revoila.fr\/wp-content\/uploads\/2018\/12\/IMG_7885.jpg 600w\" sizes=\"auto, (max-width: 150px) 100vw, 150px\" \/><\/a>\n\t\t\t<\/div><\/figure><figure class='gallery-item'>\n\t\t\t<div class='gallery-icon landscape'>\n\t\t\t\t<a href='https:\/\/www.revoila.fr\/wp-content\/uploads\/2018\/12\/IMG_7884.jpg'><img loading=\"lazy\" decoding=\"async\" width=\"150\" height=\"150\" src=\"https:\/\/www.revoila.fr\/wp-content\/uploads\/2018\/12\/IMG_7884-150x150.jpg\" class=\"attachment-thumbnail size-thumbnail\" alt=\"\" srcset=\"https:\/\/www.revoila.fr\/wp-content\/uploads\/2018\/12\/IMG_7884-150x150.jpg 150w, https:\/\/www.revoila.fr\/wp-content\/uploads\/2018\/12\/IMG_7884-300x300.jpg 300w, https:\/\/www.revoila.fr\/wp-content\/uploads\/2018\/12\/IMG_7884-100x100.jpg 100w, https:\/\/www.revoila.fr\/wp-content\/uploads\/2018\/12\/IMG_7884.jpg 600w\" sizes=\"auto, (max-width: 150px) 100vw, 150px\" \/><\/a>\n\t\t\t<\/div><\/figure><figure class='gallery-item'>\n\t\t\t<div class='gallery-icon landscape'>\n\t\t\t\t<a href='https:\/\/www.revoila.fr\/wp-content\/uploads\/2018\/12\/IMG_7883.jpg'><img loading=\"lazy\" decoding=\"async\" width=\"150\" height=\"150\" src=\"https:\/\/www.revoila.fr\/wp-content\/uploads\/2018\/12\/IMG_7883-150x150.jpg\" class=\"attachment-thumbnail size-thumbnail\" alt=\"\" srcset=\"https:\/\/www.revoila.fr\/wp-content\/uploads\/2018\/12\/IMG_7883-150x150.jpg 150w, https:\/\/www.revoila.fr\/wp-content\/uploads\/2018\/12\/IMG_7883-300x300.jpg 300w, https:\/\/www.revoila.fr\/wp-content\/uploads\/2018\/12\/IMG_7883-100x100.jpg 100w, https:\/\/www.revoila.fr\/wp-content\/uploads\/2018\/12\/IMG_7883.jpg 600w\" sizes=\"auto, (max-width: 150px) 100vw, 150px\" \/><\/a>\n\t\t\t<\/div><\/figure>\n\t\t<\/div>\n\n","protected":false},"excerpt":{"rendered":"<p>Jolie commode rotin vintage ann\u00e9es 50. De couleur acajou, ce qui est rare pour ce genre de commode. Fa\u00e7ade 3 tiroirs biseaut\u00e9s pour une bonne prise en main. D\u00e9cor en tressage de rotin, profil aileron tr\u00e8s typique de cette \u00e9poque. On aime ses pieds compas.<\/p>\n<p>Bon \u00e9tat g\u00e9n\u00e9ral. Patine et traces d\u2019usage ainsi que\u00a02 petits accrocs dans le\u00a0placage sur le cot\u00e9 non photographi\u00e9.<\/p>\n","protected":false},"featured_media":115,"comment_status":"open","ping_status":"closed","template":"","meta":[],"product_brand":[],"product_cat":[68,16,27,21],"product_tag":[],"class_list":{"0":"post-158","1":"product","2":"type-product","3":"status-publish","4":"has-post-thumbnail","6":"product_cat-a-la-une","7":"product_cat-commode","8":"product_cat-rangement","9":"product_cat-rotin","11":"first","12":"instock","13":"sold-individually","14":"shipping-taxable","15":"purchasable","16":"product-type-simple"},"_links":{"self":[{"href":"https:\/\/www.revoila.fr\/index.php\/wp-json\/wp\/v2\/product\/158","targetHints":{"allow":["GET"]}}],"collection":[{"href":"https:\/\/www.revoila.fr\/index.php\/wp-json\/wp\/v2\/product"}],"about":[{"href":"https:\/\/www.revoila.fr\/index.php\/wp-json\/wp\/v2\/types\/product"}],"replies":[{"embeddable":true,"href":"https:\/\/www.revoila.fr\/index.php\/wp-json\/wp\/v2\/comments?post=158"}],"wp:featuredmedia":[{"embeddable":true,"href":"https:\/\/www.revoila.fr\/index.php\/wp-json\/wp\/v2\/media\/115"}],"wp:attachment":[{"href":"https:\/\/www.revoila.fr\/index.php\/wp-json\/wp\/v2\/media?parent=158"}],"wp:term":[{"taxonomy":"product_brand","embeddable":true,"href":"https:\/\/www.revoila.fr\/index.php\/wp-json\/wp\/v2\/product_brand?post=158"},{"taxonomy":"product_cat","embeddable":true,"href":"https:\/\/www.revoila.fr\/index.php\/wp-json\/wp\/v2\/product_cat?post=158"},{"taxonomy":"product_tag","embeddable":true,"href":"https:\/\/www.revoila.fr\/index.php\/wp-json\/wp\/v2\/product_tag?post=158"}],"curies":[{"name":"wp","href":"https:\/\/api.w.org\/{rel}","templated":true}]}}