{"id":167,"date":"2018-12-15T22:44:38","date_gmt":"2018-12-15T21:44:38","guid":{"rendered":"https:\/\/www.revoila.fr\/NEW\/?post_type=product&#038;p=167"},"modified":"2024-01-12T13:48:11","modified_gmt":"2024-01-12T12:48:11","slug":"globe-terrestre-taride","status":"publish","type":"product","link":"https:\/\/www.revoila.fr\/index.php\/produit\/globe-terrestre-taride\/","title":{"rendered":"Globe Terrestre Taride"},"content":{"rendered":"<p>&nbsp;<\/p>\n<div id='gallery-1' class='gallery galleryid-167 gallery-columns-9 gallery-size-full'><figure class='gallery-item'>\n\t\t\t<div class='gallery-icon landscape'>\n\t\t\t\t<a href='https:\/\/www.revoila.fr\/?attachment_id=66'><img loading=\"lazy\" decoding=\"async\" width=\"600\" height=\"600\" src=\"https:\/\/www.revoila.fr\/wp-content\/uploads\/2018\/12\/13-IMG_7801.jpg\" class=\"attachment-full size-full\" alt=\"\" srcset=\"https:\/\/www.revoila.fr\/wp-content\/uploads\/2018\/12\/13-IMG_7801.jpg 600w, https:\/\/www.revoila.fr\/wp-content\/uploads\/2018\/12\/13-IMG_7801-300x300.jpg 300w, https:\/\/www.revoila.fr\/wp-content\/uploads\/2018\/12\/13-IMG_7801-100x100.jpg 100w, https:\/\/www.revoila.fr\/wp-content\/uploads\/2018\/12\/13-IMG_7801-150x150.jpg 150w\" sizes=\"auto, (max-width: 600px) 100vw, 600px\" \/><\/a>\n\t\t\t<\/div><\/figure><figure class='gallery-item'>\n\t\t\t<div class='gallery-icon landscape'>\n\t\t\t\t<a href='https:\/\/www.revoila.fr\/?attachment_id=62'><img loading=\"lazy\" decoding=\"async\" width=\"600\" height=\"600\" src=\"https:\/\/www.revoila.fr\/wp-content\/uploads\/2018\/12\/09-IMG_7806.jpg\" class=\"attachment-full size-full\" alt=\"\" srcset=\"https:\/\/www.revoila.fr\/wp-content\/uploads\/2018\/12\/09-IMG_7806.jpg 600w, https:\/\/www.revoila.fr\/wp-content\/uploads\/2018\/12\/09-IMG_7806-300x300.jpg 300w, https:\/\/www.revoila.fr\/wp-content\/uploads\/2018\/12\/09-IMG_7806-100x100.jpg 100w, https:\/\/www.revoila.fr\/wp-content\/uploads\/2018\/12\/09-IMG_7806-150x150.jpg 150w\" sizes=\"auto, (max-width: 600px) 100vw, 600px\" \/><\/a>\n\t\t\t<\/div><\/figure><figure class='gallery-item'>\n\t\t\t<div class='gallery-icon landscape'>\n\t\t\t\t<a href='https:\/\/www.revoila.fr\/?attachment_id=64'><img loading=\"lazy\" decoding=\"async\" width=\"600\" height=\"600\" src=\"https:\/\/www.revoila.fr\/wp-content\/uploads\/2018\/12\/11-IMG_7803.jpg\" class=\"attachment-full size-full\" alt=\"\" srcset=\"https:\/\/www.revoila.fr\/wp-content\/uploads\/2018\/12\/11-IMG_7803.jpg 600w, https:\/\/www.revoila.fr\/wp-content\/uploads\/2018\/12\/11-IMG_7803-300x300.jpg 300w, https:\/\/www.revoila.fr\/wp-content\/uploads\/2018\/12\/11-IMG_7803-100x100.jpg 100w, https:\/\/www.revoila.fr\/wp-content\/uploads\/2018\/12\/11-IMG_7803-150x150.jpg 150w\" sizes=\"auto, (max-width: 600px) 100vw, 600px\" \/><\/a>\n\t\t\t<\/div><\/figure><figure class='gallery-item'>\n\t\t\t<div class='gallery-icon landscape'>\n\t\t\t\t<a href='https:\/\/www.revoila.fr\/?attachment_id=63'><img loading=\"lazy\" decoding=\"async\" width=\"600\" height=\"600\" src=\"https:\/\/www.revoila.fr\/wp-content\/uploads\/2018\/12\/10-IMG_7804.jpg\" class=\"attachment-full size-full\" alt=\"\" srcset=\"https:\/\/www.revoila.fr\/wp-content\/uploads\/2018\/12\/10-IMG_7804.jpg 600w, https:\/\/www.revoila.fr\/wp-content\/uploads\/2018\/12\/10-IMG_7804-300x300.jpg 300w, https:\/\/www.revoila.fr\/wp-content\/uploads\/2018\/12\/10-IMG_7804-100x100.jpg 100w, https:\/\/www.revoila.fr\/wp-content\/uploads\/2018\/12\/10-IMG_7804-150x150.jpg 150w\" sizes=\"auto, (max-width: 600px) 100vw, 600px\" \/><\/a>\n\t\t\t<\/div><\/figure><figure class='gallery-item'>\n\t\t\t<div class='gallery-icon landscape'>\n\t\t\t\t<a href='https:\/\/www.revoila.fr\/?attachment_id=60'><img loading=\"lazy\" decoding=\"async\" width=\"600\" height=\"600\" src=\"https:\/\/www.revoila.fr\/wp-content\/uploads\/2018\/12\/08-IMG_7810.jpg\" class=\"attachment-full size-full\" alt=\"\" srcset=\"https:\/\/www.revoila.fr\/wp-content\/uploads\/2018\/12\/08-IMG_7810.jpg 600w, https:\/\/www.revoila.fr\/wp-content\/uploads\/2018\/12\/08-IMG_7810-300x300.jpg 300w, https:\/\/www.revoila.fr\/wp-content\/uploads\/2018\/12\/08-IMG_7810-100x100.jpg 100w, https:\/\/www.revoila.fr\/wp-content\/uploads\/2018\/12\/08-IMG_7810-150x150.jpg 150w\" sizes=\"auto, (max-width: 600px) 100vw, 600px\" \/><\/a>\n\t\t\t<\/div><\/figure><figure class='gallery-item'>\n\t\t\t<div class='gallery-icon landscape'>\n\t\t\t\t<a href='https:\/\/www.revoila.fr\/?attachment_id=67'><img loading=\"lazy\" decoding=\"async\" width=\"600\" height=\"600\" src=\"https:\/\/www.revoila.fr\/wp-content\/uploads\/2018\/12\/14-IMG_7800.jpg\" class=\"attachment-full size-full\" alt=\"\" srcset=\"https:\/\/www.revoila.fr\/wp-content\/uploads\/2018\/12\/14-IMG_7800.jpg 600w, https:\/\/www.revoila.fr\/wp-content\/uploads\/2018\/12\/14-IMG_7800-300x300.jpg 300w, https:\/\/www.revoila.fr\/wp-content\/uploads\/2018\/12\/14-IMG_7800-100x100.jpg 100w, https:\/\/www.revoila.fr\/wp-content\/uploads\/2018\/12\/14-IMG_7800-150x150.jpg 150w\" sizes=\"auto, (max-width: 600px) 100vw, 600px\" \/><\/a>\n\t\t\t<\/div><\/figure><figure class='gallery-item'>\n\t\t\t<div class='gallery-icon landscape'>\n\t\t\t\t<a href='https:\/\/www.revoila.fr\/?attachment_id=65'><img loading=\"lazy\" decoding=\"async\" width=\"600\" height=\"600\" src=\"https:\/\/www.revoila.fr\/wp-content\/uploads\/2018\/12\/12-IMG_7802.jpg\" class=\"attachment-full size-full\" alt=\"\" srcset=\"https:\/\/www.revoila.fr\/wp-content\/uploads\/2018\/12\/12-IMG_7802.jpg 600w, https:\/\/www.revoila.fr\/wp-content\/uploads\/2018\/12\/12-IMG_7802-300x300.jpg 300w, https:\/\/www.revoila.fr\/wp-content\/uploads\/2018\/12\/12-IMG_7802-100x100.jpg 100w, https:\/\/www.revoila.fr\/wp-content\/uploads\/2018\/12\/12-IMG_7802-150x150.jpg 150w\" sizes=\"auto, (max-width: 600px) 100vw, 600px\" \/><\/a>\n\t\t\t<\/div><\/figure>\n\t\t<\/div>\n\n","protected":false},"excerpt":{"rendered":"<p>A ne pas laisser entre toutes les mains, cette mappemonde lumineuse est en verre, son pi\u00e9tement en m\u00e9tal. Globe terrestre tripode \u00a0datant de 1966 (printed in London: George Philip &amp; Son LTD). Eclair\u00e9e elle laisse apparaitre des d\u00e9tails, notamment les fonds marins. Eteinte elle nous laisse appr\u00e9cier ses couleurs vives.<\/p>\n<p>Tr\u00e8s bon \u00e9tat, pas de manque malgr\u00e9 son 1\/2 si\u00e8cle.<\/p>\n","protected":false},"featured_media":65,"comment_status":"open","ping_status":"closed","template":"","meta":[],"product_brand":[],"product_cat":[45],"product_tag":[69,19,34],"class_list":{"0":"post-167","1":"product","2":"type-product","3":"status-publish","4":"has-post-thumbnail","6":"product_cat-objets-decoration","7":"product_tag-a-la-une","8":"product_tag-autre","9":"product_tag-mappemonde","11":"first","12":"outofstock","13":"sold-individually","14":"shipping-taxable","15":"product-type-simple"},"_links":{"self":[{"href":"https:\/\/www.revoila.fr\/index.php\/wp-json\/wp\/v2\/product\/167","targetHints":{"allow":["GET"]}}],"collection":[{"href":"https:\/\/www.revoila.fr\/index.php\/wp-json\/wp\/v2\/product"}],"about":[{"href":"https:\/\/www.revoila.fr\/index.php\/wp-json\/wp\/v2\/types\/product"}],"replies":[{"embeddable":true,"href":"https:\/\/www.revoila.fr\/index.php\/wp-json\/wp\/v2\/comments?post=167"}],"wp:featuredmedia":[{"embeddable":true,"href":"https:\/\/www.revoila.fr\/index.php\/wp-json\/wp\/v2\/media\/65"}],"wp:attachment":[{"href":"https:\/\/www.revoila.fr\/index.php\/wp-json\/wp\/v2\/media?parent=167"}],"wp:term":[{"taxonomy":"product_brand","embeddable":true,"href":"https:\/\/www.revoila.fr\/index.php\/wp-json\/wp\/v2\/product_brand?post=167"},{"taxonomy":"product_cat","embeddable":true,"href":"https:\/\/www.revoila.fr\/index.php\/wp-json\/wp\/v2\/product_cat?post=167"},{"taxonomy":"product_tag","embeddable":true,"href":"https:\/\/www.revoila.fr\/index.php\/wp-json\/wp\/v2\/product_tag?post=167"}],"curies":[{"name":"wp","href":"https:\/\/api.w.org\/{rel}","templated":true}]}}