{"id":211,"date":"2019-01-22T17:17:41","date_gmt":"2019-01-22T16:17:41","guid":{"rendered":"https:\/\/www.revoila.fr\/NEW\/?post_type=product&#038;p=211"},"modified":"2024-01-12T13:47:44","modified_gmt":"2024-01-12T12:47:44","slug":"table-basse-rotin","status":"publish","type":"product","link":"https:\/\/www.revoila.fr\/index.php\/produit\/table-basse-rotin\/","title":{"rendered":"Chevet porte-revue en rotin"},"content":{"rendered":"<div id='gallery-1' class='gallery galleryid-211 gallery-columns-9 gallery-size-thumbnail'><figure class='gallery-item'>\n\t\t\t<div class='gallery-icon landscape'>\n\t\t\t\t<a href='https:\/\/www.revoila.fr\/wp-content\/uploads\/2018\/12\/35-IMG_8190.jpg'><img loading=\"lazy\" decoding=\"async\" width=\"150\" height=\"150\" src=\"https:\/\/www.revoila.fr\/wp-content\/uploads\/2018\/12\/35-IMG_8190-150x150.jpg\" class=\"attachment-thumbnail size-thumbnail\" alt=\"\" srcset=\"https:\/\/www.revoila.fr\/wp-content\/uploads\/2018\/12\/35-IMG_8190-150x150.jpg 150w, https:\/\/www.revoila.fr\/wp-content\/uploads\/2018\/12\/35-IMG_8190.jpg 800w, https:\/\/www.revoila.fr\/wp-content\/uploads\/2018\/12\/35-IMG_8190-300x300.jpg 300w, https:\/\/www.revoila.fr\/wp-content\/uploads\/2018\/12\/35-IMG_8190-768x768.jpg 768w, https:\/\/www.revoila.fr\/wp-content\/uploads\/2018\/12\/35-IMG_8190-100x100.jpg 100w\" sizes=\"auto, (max-width: 150px) 100vw, 150px\" \/><\/a>\n\t\t\t<\/div><\/figure><figure class='gallery-item'>\n\t\t\t<div class='gallery-icon landscape'>\n\t\t\t\t<a href='https:\/\/www.revoila.fr\/wp-content\/uploads\/2018\/12\/37-IMG_8206.jpg'><img loading=\"lazy\" decoding=\"async\" width=\"150\" height=\"150\" src=\"https:\/\/www.revoila.fr\/wp-content\/uploads\/2018\/12\/37-IMG_8206-150x150.jpg\" class=\"attachment-thumbnail size-thumbnail\" alt=\"\" srcset=\"https:\/\/www.revoila.fr\/wp-content\/uploads\/2018\/12\/37-IMG_8206-150x150.jpg 150w, https:\/\/www.revoila.fr\/wp-content\/uploads\/2018\/12\/37-IMG_8206.jpg 800w, https:\/\/www.revoila.fr\/wp-content\/uploads\/2018\/12\/37-IMG_8206-300x300.jpg 300w, https:\/\/www.revoila.fr\/wp-content\/uploads\/2018\/12\/37-IMG_8206-768x768.jpg 768w, https:\/\/www.revoila.fr\/wp-content\/uploads\/2018\/12\/37-IMG_8206-100x100.jpg 100w\" sizes=\"auto, (max-width: 150px) 100vw, 150px\" \/><\/a>\n\t\t\t<\/div><\/figure><figure class='gallery-item'>\n\t\t\t<div class='gallery-icon landscape'>\n\t\t\t\t<a href='https:\/\/www.revoila.fr\/wp-content\/uploads\/2018\/12\/36-IMG_8205.jpg'><img loading=\"lazy\" decoding=\"async\" width=\"150\" height=\"150\" src=\"https:\/\/www.revoila.fr\/wp-content\/uploads\/2018\/12\/36-IMG_8205-150x150.jpg\" class=\"attachment-thumbnail size-thumbnail\" alt=\"\" srcset=\"https:\/\/www.revoila.fr\/wp-content\/uploads\/2018\/12\/36-IMG_8205-150x150.jpg 150w, https:\/\/www.revoila.fr\/wp-content\/uploads\/2018\/12\/36-IMG_8205.jpg 800w, https:\/\/www.revoila.fr\/wp-content\/uploads\/2018\/12\/36-IMG_8205-300x300.jpg 300w, https:\/\/www.revoila.fr\/wp-content\/uploads\/2018\/12\/36-IMG_8205-768x768.jpg 768w, https:\/\/www.revoila.fr\/wp-content\/uploads\/2018\/12\/36-IMG_8205-100x100.jpg 100w\" sizes=\"auto, (max-width: 150px) 100vw, 150px\" \/><\/a>\n\t\t\t<\/div><\/figure><figure class='gallery-item'>\n\t\t\t<div class='gallery-icon landscape'>\n\t\t\t\t<a href='https:\/\/www.revoila.fr\/wp-content\/uploads\/2018\/12\/38-IMG_8207.jpg'><img loading=\"lazy\" decoding=\"async\" width=\"150\" height=\"150\" src=\"https:\/\/www.revoila.fr\/wp-content\/uploads\/2018\/12\/38-IMG_8207-150x150.jpg\" class=\"attachment-thumbnail size-thumbnail\" alt=\"\" srcset=\"https:\/\/www.revoila.fr\/wp-content\/uploads\/2018\/12\/38-IMG_8207-150x150.jpg 150w, https:\/\/www.revoila.fr\/wp-content\/uploads\/2018\/12\/38-IMG_8207.jpg 800w, https:\/\/www.revoila.fr\/wp-content\/uploads\/2018\/12\/38-IMG_8207-300x300.jpg 300w, https:\/\/www.revoila.fr\/wp-content\/uploads\/2018\/12\/38-IMG_8207-768x768.jpg 768w, https:\/\/www.revoila.fr\/wp-content\/uploads\/2018\/12\/38-IMG_8207-100x100.jpg 100w, https:\/\/www.revoila.fr\/wp-content\/uploads\/2018\/12\/38-IMG_8207-600x600.jpg 600w\" sizes=\"auto, (max-width: 150px) 100vw, 150px\" \/><\/a>\n\t\t\t<\/div><\/figure><figure class='gallery-item'>\n\t\t\t<div class='gallery-icon landscape'>\n\t\t\t\t<a href='https:\/\/www.revoila.fr\/wp-content\/uploads\/2018\/12\/40-IMG_8209.jpg'><img loading=\"lazy\" decoding=\"async\" width=\"150\" height=\"150\" src=\"https:\/\/www.revoila.fr\/wp-content\/uploads\/2018\/12\/40-IMG_8209-150x150.jpg\" class=\"attachment-thumbnail size-thumbnail\" alt=\"\" srcset=\"https:\/\/www.revoila.fr\/wp-content\/uploads\/2018\/12\/40-IMG_8209-150x150.jpg 150w, https:\/\/www.revoila.fr\/wp-content\/uploads\/2018\/12\/40-IMG_8209.jpg 800w, https:\/\/www.revoila.fr\/wp-content\/uploads\/2018\/12\/40-IMG_8209-300x300.jpg 300w, https:\/\/www.revoila.fr\/wp-content\/uploads\/2018\/12\/40-IMG_8209-768x768.jpg 768w, https:\/\/www.revoila.fr\/wp-content\/uploads\/2018\/12\/40-IMG_8209-100x100.jpg 100w, https:\/\/www.revoila.fr\/wp-content\/uploads\/2018\/12\/40-IMG_8209-600x600.jpg 600w\" sizes=\"auto, (max-width: 150px) 100vw, 150px\" \/><\/a>\n\t\t\t<\/div><\/figure><figure class='gallery-item'>\n\t\t\t<div class='gallery-icon landscape'>\n\t\t\t\t<a href='https:\/\/www.revoila.fr\/wp-content\/uploads\/2018\/12\/39-IMG_8208.jpg'><img loading=\"lazy\" decoding=\"async\" width=\"150\" height=\"150\" src=\"https:\/\/www.revoila.fr\/wp-content\/uploads\/2018\/12\/39-IMG_8208-150x150.jpg\" class=\"attachment-thumbnail size-thumbnail\" alt=\"\" srcset=\"https:\/\/www.revoila.fr\/wp-content\/uploads\/2018\/12\/39-IMG_8208-150x150.jpg 150w, https:\/\/www.revoila.fr\/wp-content\/uploads\/2018\/12\/39-IMG_8208.jpg 800w, https:\/\/www.revoila.fr\/wp-content\/uploads\/2018\/12\/39-IMG_8208-300x300.jpg 300w, https:\/\/www.revoila.fr\/wp-content\/uploads\/2018\/12\/39-IMG_8208-768x768.jpg 768w, https:\/\/www.revoila.fr\/wp-content\/uploads\/2018\/12\/39-IMG_8208-100x100.jpg 100w, https:\/\/www.revoila.fr\/wp-content\/uploads\/2018\/12\/39-IMG_8208-600x600.jpg 600w\" sizes=\"auto, (max-width: 150px) 100vw, 150px\" \/><\/a>\n\t\t\t<\/div><\/figure>\n\t\t<\/div>\n\n","protected":false},"excerpt":{"rendered":"<p>Table de chevet porte-revues en rotin, peut \u00e9galement servir de bout de canap\u00e9 ou de table d\u2019appoint. Beau travail du rotin sur le plateau inf\u00e9rieur, aucun manquement, vernis d\u2019origine.Tr\u00e8s bon \u00e9tat g\u00e9n\u00e9ral.<\/p>\n<div id=\"gallery-2\" class=\"gallery galleryid-528 gallery-columns-4 gallery-size-thumbnail\"><\/div>\n","protected":false},"featured_media":269,"comment_status":"open","ping_status":"closed","template":"","meta":[],"product_brand":[],"product_cat":[22,50],"product_tag":[],"class_list":{"0":"post-211","1":"product","2":"type-product","3":"status-publish","4":"has-post-thumbnail","6":"product_cat-table-basse","7":"product_cat-vendu","9":"first","10":"outofstock","11":"sold-individually","12":"shipping-taxable","13":"product-type-simple"},"_links":{"self":[{"href":"https:\/\/www.revoila.fr\/index.php\/wp-json\/wp\/v2\/product\/211","targetHints":{"allow":["GET"]}}],"collection":[{"href":"https:\/\/www.revoila.fr\/index.php\/wp-json\/wp\/v2\/product"}],"about":[{"href":"https:\/\/www.revoila.fr\/index.php\/wp-json\/wp\/v2\/types\/product"}],"replies":[{"embeddable":true,"href":"https:\/\/www.revoila.fr\/index.php\/wp-json\/wp\/v2\/comments?post=211"}],"wp:featuredmedia":[{"embeddable":true,"href":"https:\/\/www.revoila.fr\/index.php\/wp-json\/wp\/v2\/media\/269"}],"wp:attachment":[{"href":"https:\/\/www.revoila.fr\/index.php\/wp-json\/wp\/v2\/media?parent=211"}],"wp:term":[{"taxonomy":"product_brand","embeddable":true,"href":"https:\/\/www.revoila.fr\/index.php\/wp-json\/wp\/v2\/product_brand?post=211"},{"taxonomy":"product_cat","embeddable":true,"href":"https:\/\/www.revoila.fr\/index.php\/wp-json\/wp\/v2\/product_cat?post=211"},{"taxonomy":"product_tag","embeddable":true,"href":"https:\/\/www.revoila.fr\/index.php\/wp-json\/wp\/v2\/product_tag?post=211"}],"curies":[{"name":"wp","href":"https:\/\/api.w.org\/{rel}","templated":true}]}}