{"id":213,"date":"2018-12-18T16:14:35","date_gmt":"2018-12-18T15:14:35","guid":{"rendered":"https:\/\/www.revoila.fr\/NEW\/?post_type=product&#038;p=213"},"modified":"2024-08-22T14:02:59","modified_gmt":"2024-08-22T12:02:59","slug":"table-basse-roulante","status":"publish","type":"product","link":"https:\/\/www.revoila.fr\/index.php\/produit\/table-basse-roulante\/","title":{"rendered":"Table basse roulante"},"content":{"rendered":"<div id='gallery-1' class='gallery galleryid-213 gallery-columns-9 gallery-size-thumbnail'><figure class='gallery-item'>\n\t\t\t<div class='gallery-icon landscape'>\n\t\t\t\t<a href='https:\/\/www.revoila.fr\/wp-content\/uploads\/2018\/12\/IMG_7915.jpg'><img loading=\"lazy\" decoding=\"async\" width=\"150\" height=\"150\" src=\"https:\/\/www.revoila.fr\/wp-content\/uploads\/2018\/12\/IMG_7915-150x150.jpg\" class=\"attachment-thumbnail size-thumbnail\" alt=\"\" srcset=\"https:\/\/www.revoila.fr\/wp-content\/uploads\/2018\/12\/IMG_7915-150x150.jpg 150w, https:\/\/www.revoila.fr\/wp-content\/uploads\/2018\/12\/IMG_7915-300x300.jpg 300w, https:\/\/www.revoila.fr\/wp-content\/uploads\/2018\/12\/IMG_7915-100x100.jpg 100w, https:\/\/www.revoila.fr\/wp-content\/uploads\/2018\/12\/IMG_7915.jpg 600w\" sizes=\"auto, (max-width: 150px) 100vw, 150px\" \/><\/a>\n\t\t\t<\/div><\/figure><figure class='gallery-item'>\n\t\t\t<div class='gallery-icon landscape'>\n\t\t\t\t<a href='https:\/\/www.revoila.fr\/wp-content\/uploads\/2018\/12\/IMG_7907.jpg'><img loading=\"lazy\" decoding=\"async\" width=\"150\" height=\"150\" src=\"https:\/\/www.revoila.fr\/wp-content\/uploads\/2018\/12\/IMG_7907-150x150.jpg\" class=\"attachment-thumbnail size-thumbnail\" alt=\"\" srcset=\"https:\/\/www.revoila.fr\/wp-content\/uploads\/2018\/12\/IMG_7907-150x150.jpg 150w, https:\/\/www.revoila.fr\/wp-content\/uploads\/2018\/12\/IMG_7907-300x300.jpg 300w, https:\/\/www.revoila.fr\/wp-content\/uploads\/2018\/12\/IMG_7907-100x100.jpg 100w, https:\/\/www.revoila.fr\/wp-content\/uploads\/2018\/12\/IMG_7907.jpg 600w\" sizes=\"auto, (max-width: 150px) 100vw, 150px\" \/><\/a>\n\t\t\t<\/div><\/figure><figure class='gallery-item'>\n\t\t\t<div class='gallery-icon landscape'>\n\t\t\t\t<a href='https:\/\/www.revoila.fr\/wp-content\/uploads\/2018\/12\/IMG_7914.jpg'><img loading=\"lazy\" decoding=\"async\" width=\"150\" height=\"150\" src=\"https:\/\/www.revoila.fr\/wp-content\/uploads\/2018\/12\/IMG_7914-150x150.jpg\" class=\"attachment-thumbnail size-thumbnail\" alt=\"\" srcset=\"https:\/\/www.revoila.fr\/wp-content\/uploads\/2018\/12\/IMG_7914-150x150.jpg 150w, https:\/\/www.revoila.fr\/wp-content\/uploads\/2018\/12\/IMG_7914-300x300.jpg 300w, https:\/\/www.revoila.fr\/wp-content\/uploads\/2018\/12\/IMG_7914-100x100.jpg 100w, https:\/\/www.revoila.fr\/wp-content\/uploads\/2018\/12\/IMG_7914.jpg 600w\" sizes=\"auto, (max-width: 150px) 100vw, 150px\" \/><\/a>\n\t\t\t<\/div><\/figure><figure class='gallery-item'>\n\t\t\t<div class='gallery-icon landscape'>\n\t\t\t\t<a href='https:\/\/www.revoila.fr\/wp-content\/uploads\/2018\/12\/IMG_7919.jpg'><img loading=\"lazy\" decoding=\"async\" width=\"150\" height=\"150\" src=\"https:\/\/www.revoila.fr\/wp-content\/uploads\/2018\/12\/IMG_7919-150x150.jpg\" class=\"attachment-thumbnail size-thumbnail\" alt=\"\" srcset=\"https:\/\/www.revoila.fr\/wp-content\/uploads\/2018\/12\/IMG_7919-150x150.jpg 150w, https:\/\/www.revoila.fr\/wp-content\/uploads\/2018\/12\/IMG_7919-300x300.jpg 300w, https:\/\/www.revoila.fr\/wp-content\/uploads\/2018\/12\/IMG_7919-100x100.jpg 100w, https:\/\/www.revoila.fr\/wp-content\/uploads\/2018\/12\/IMG_7919.jpg 600w\" sizes=\"auto, (max-width: 150px) 100vw, 150px\" \/><\/a>\n\t\t\t<\/div><\/figure><figure class='gallery-item'>\n\t\t\t<div class='gallery-icon landscape'>\n\t\t\t\t<a href='https:\/\/www.revoila.fr\/wp-content\/uploads\/2018\/12\/IMG_7913.jpg'><img loading=\"lazy\" decoding=\"async\" width=\"150\" height=\"150\" src=\"https:\/\/www.revoila.fr\/wp-content\/uploads\/2018\/12\/IMG_7913-150x150.jpg\" class=\"attachment-thumbnail size-thumbnail\" alt=\"\" srcset=\"https:\/\/www.revoila.fr\/wp-content\/uploads\/2018\/12\/IMG_7913-150x150.jpg 150w, https:\/\/www.revoila.fr\/wp-content\/uploads\/2018\/12\/IMG_7913-300x300.jpg 300w, https:\/\/www.revoila.fr\/wp-content\/uploads\/2018\/12\/IMG_7913-100x100.jpg 100w, https:\/\/www.revoila.fr\/wp-content\/uploads\/2018\/12\/IMG_7913.jpg 600w\" sizes=\"auto, (max-width: 150px) 100vw, 150px\" \/><\/a>\n\t\t\t<\/div><\/figure><figure class='gallery-item'>\n\t\t\t<div class='gallery-icon landscape'>\n\t\t\t\t<a href='https:\/\/www.revoila.fr\/wp-content\/uploads\/2018\/12\/IMG_7912.jpg'><img loading=\"lazy\" decoding=\"async\" width=\"150\" height=\"150\" src=\"https:\/\/www.revoila.fr\/wp-content\/uploads\/2018\/12\/IMG_7912-150x150.jpg\" class=\"attachment-thumbnail size-thumbnail\" alt=\"\" srcset=\"https:\/\/www.revoila.fr\/wp-content\/uploads\/2018\/12\/IMG_7912-150x150.jpg 150w, https:\/\/www.revoila.fr\/wp-content\/uploads\/2018\/12\/IMG_7912-300x300.jpg 300w, https:\/\/www.revoila.fr\/wp-content\/uploads\/2018\/12\/IMG_7912-100x100.jpg 100w, https:\/\/www.revoila.fr\/wp-content\/uploads\/2018\/12\/IMG_7912.jpg 600w\" sizes=\"auto, (max-width: 150px) 100vw, 150px\" \/><\/a>\n\t\t\t<\/div><\/figure><figure class='gallery-item'>\n\t\t\t<div class='gallery-icon landscape'>\n\t\t\t\t<a href='https:\/\/www.revoila.fr\/wp-content\/uploads\/2018\/12\/IMG_7911.jpg'><img loading=\"lazy\" decoding=\"async\" width=\"150\" height=\"150\" src=\"https:\/\/www.revoila.fr\/wp-content\/uploads\/2018\/12\/IMG_7911-150x150.jpg\" class=\"attachment-thumbnail size-thumbnail\" alt=\"\" srcset=\"https:\/\/www.revoila.fr\/wp-content\/uploads\/2018\/12\/IMG_7911-150x150.jpg 150w, https:\/\/www.revoila.fr\/wp-content\/uploads\/2018\/12\/IMG_7911-300x300.jpg 300w, https:\/\/www.revoila.fr\/wp-content\/uploads\/2018\/12\/IMG_7911-100x100.jpg 100w, https:\/\/www.revoila.fr\/wp-content\/uploads\/2018\/12\/IMG_7911.jpg 600w\" sizes=\"auto, (max-width: 150px) 100vw, 150px\" \/><\/a>\n\t\t\t<\/div><\/figure><figure class='gallery-item'>\n\t\t\t<div class='gallery-icon landscape'>\n\t\t\t\t<a href='https:\/\/www.revoila.fr\/wp-content\/uploads\/2018\/12\/IMG_7910.jpg'><img loading=\"lazy\" decoding=\"async\" width=\"150\" height=\"150\" src=\"https:\/\/www.revoila.fr\/wp-content\/uploads\/2018\/12\/IMG_7910-150x150.jpg\" class=\"attachment-thumbnail size-thumbnail\" alt=\"\" srcset=\"https:\/\/www.revoila.fr\/wp-content\/uploads\/2018\/12\/IMG_7910-150x150.jpg 150w, https:\/\/www.revoila.fr\/wp-content\/uploads\/2018\/12\/IMG_7910-300x300.jpg 300w, https:\/\/www.revoila.fr\/wp-content\/uploads\/2018\/12\/IMG_7910-100x100.jpg 100w, https:\/\/www.revoila.fr\/wp-content\/uploads\/2018\/12\/IMG_7910.jpg 600w\" sizes=\"auto, (max-width: 150px) 100vw, 150px\" \/><\/a>\n\t\t\t<\/div><\/figure>\n\t\t<\/div>\n\n<p>&nbsp;<\/p>\n","protected":false},"excerpt":{"rendered":"<p>Petite desserte sur roulettes en m\u00e9tal or, ska\u00ef et scoubidou, pouvant servir de table d\u2019appoint avec un porte-magazine.<br \/>\nPlateau contreplaqu\u00e9 recouvert vinyle noir simili cuir.<br \/>\nStructure l\u00e9g\u00e8re et tr\u00e8s graphique, dor\u00e9e \u00e0 l\u2019or fin, le label l\u2019atteste, mais tr\u00e8s piqu\u00e9e particuli\u00e8rement sur plateau central (cf photo gros plan).<\/p>\n","protected":false},"featured_media":132,"comment_status":"open","ping_status":"closed","template":"","meta":[],"product_brand":[],"product_cat":[23,22],"product_tag":[],"class_list":{"0":"post-213","1":"product","2":"type-product","3":"status-publish","4":"has-post-thumbnail","6":"product_cat-scoubidou","7":"product_cat-table-basse","9":"first","10":"outofstock","11":"shipping-taxable","12":"product-type-simple"},"_links":{"self":[{"href":"https:\/\/www.revoila.fr\/index.php\/wp-json\/wp\/v2\/product\/213","targetHints":{"allow":["GET"]}}],"collection":[{"href":"https:\/\/www.revoila.fr\/index.php\/wp-json\/wp\/v2\/product"}],"about":[{"href":"https:\/\/www.revoila.fr\/index.php\/wp-json\/wp\/v2\/types\/product"}],"replies":[{"embeddable":true,"href":"https:\/\/www.revoila.fr\/index.php\/wp-json\/wp\/v2\/comments?post=213"}],"wp:featuredmedia":[{"embeddable":true,"href":"https:\/\/www.revoila.fr\/index.php\/wp-json\/wp\/v2\/media\/132"}],"wp:attachment":[{"href":"https:\/\/www.revoila.fr\/index.php\/wp-json\/wp\/v2\/media?parent=213"}],"wp:term":[{"taxonomy":"product_brand","embeddable":true,"href":"https:\/\/www.revoila.fr\/index.php\/wp-json\/wp\/v2\/product_brand?post=213"},{"taxonomy":"product_cat","embeddable":true,"href":"https:\/\/www.revoila.fr\/index.php\/wp-json\/wp\/v2\/product_cat?post=213"},{"taxonomy":"product_tag","embeddable":true,"href":"https:\/\/www.revoila.fr\/index.php\/wp-json\/wp\/v2\/product_tag?post=213"}],"curies":[{"name":"wp","href":"https:\/\/api.w.org\/{rel}","templated":true}]}}