{"id":220,"date":"2018-12-18T19:46:36","date_gmt":"2018-12-18T18:46:36","guid":{"rendered":"https:\/\/www.revoila.fr\/NEW\/?post_type=product&#038;p=220"},"modified":"2021-11-28T13:15:43","modified_gmt":"2021-11-28T12:15:43","slug":"porte-revues-scoubidou-jaune","status":"publish","type":"product","link":"https:\/\/www.revoila.fr\/index.php\/produit\/porte-revues-scoubidou-jaune\/","title":{"rendered":"Porte-revues scoubidou jaune"},"content":{"rendered":"<div id='gallery-1' class='gallery galleryid-220 gallery-columns-9 gallery-size-full'><figure class='gallery-item'>\n\t\t\t<div class='gallery-icon landscape'>\n\t\t\t\t<a href='https:\/\/www.revoila.fr\/wp-content\/uploads\/2018\/12\/IMG_7762.jpg'><img loading=\"lazy\" decoding=\"async\" width=\"600\" height=\"600\" src=\"https:\/\/www.revoila.fr\/wp-content\/uploads\/2018\/12\/IMG_7762.jpg\" class=\"attachment-full size-full\" alt=\"\" srcset=\"https:\/\/www.revoila.fr\/wp-content\/uploads\/2018\/12\/IMG_7762.jpg 600w, https:\/\/www.revoila.fr\/wp-content\/uploads\/2018\/12\/IMG_7762-300x300.jpg 300w, https:\/\/www.revoila.fr\/wp-content\/uploads\/2018\/12\/IMG_7762-100x100.jpg 100w, https:\/\/www.revoila.fr\/wp-content\/uploads\/2018\/12\/IMG_7762-150x150.jpg 150w\" sizes=\"auto, (max-width: 600px) 100vw, 600px\" \/><\/a>\n\t\t\t<\/div><\/figure><figure class='gallery-item'>\n\t\t\t<div class='gallery-icon landscape'>\n\t\t\t\t<a href='https:\/\/www.revoila.fr\/wp-content\/uploads\/2018\/12\/IMG_7761.jpg'><img loading=\"lazy\" decoding=\"async\" width=\"600\" height=\"600\" src=\"https:\/\/www.revoila.fr\/wp-content\/uploads\/2018\/12\/IMG_7761.jpg\" class=\"attachment-full size-full\" alt=\"\" srcset=\"https:\/\/www.revoila.fr\/wp-content\/uploads\/2018\/12\/IMG_7761.jpg 600w, https:\/\/www.revoila.fr\/wp-content\/uploads\/2018\/12\/IMG_7761-300x300.jpg 300w, https:\/\/www.revoila.fr\/wp-content\/uploads\/2018\/12\/IMG_7761-100x100.jpg 100w, https:\/\/www.revoila.fr\/wp-content\/uploads\/2018\/12\/IMG_7761-150x150.jpg 150w\" sizes=\"auto, (max-width: 600px) 100vw, 600px\" \/><\/a>\n\t\t\t<\/div><\/figure><figure class='gallery-item'>\n\t\t\t<div class='gallery-icon landscape'>\n\t\t\t\t<a href='https:\/\/www.revoila.fr\/wp-content\/uploads\/2018\/12\/IMG_7760.jpg'><img loading=\"lazy\" decoding=\"async\" width=\"600\" height=\"600\" src=\"https:\/\/www.revoila.fr\/wp-content\/uploads\/2018\/12\/IMG_7760.jpg\" class=\"attachment-full size-full\" alt=\"\" srcset=\"https:\/\/www.revoila.fr\/wp-content\/uploads\/2018\/12\/IMG_7760.jpg 600w, https:\/\/www.revoila.fr\/wp-content\/uploads\/2018\/12\/IMG_7760-300x300.jpg 300w, https:\/\/www.revoila.fr\/wp-content\/uploads\/2018\/12\/IMG_7760-100x100.jpg 100w, https:\/\/www.revoila.fr\/wp-content\/uploads\/2018\/12\/IMG_7760-150x150.jpg 150w\" sizes=\"auto, (max-width: 600px) 100vw, 600px\" \/><\/a>\n\t\t\t<\/div><\/figure><figure class='gallery-item'>\n\t\t\t<div class='gallery-icon landscape'>\n\t\t\t\t<a href='https:\/\/www.revoila.fr\/wp-content\/uploads\/2018\/12\/IMG_7759.jpg'><img loading=\"lazy\" decoding=\"async\" width=\"600\" height=\"600\" src=\"https:\/\/www.revoila.fr\/wp-content\/uploads\/2018\/12\/IMG_7759.jpg\" class=\"attachment-full size-full\" alt=\"\" srcset=\"https:\/\/www.revoila.fr\/wp-content\/uploads\/2018\/12\/IMG_7759.jpg 600w, https:\/\/www.revoila.fr\/wp-content\/uploads\/2018\/12\/IMG_7759-300x300.jpg 300w, https:\/\/www.revoila.fr\/wp-content\/uploads\/2018\/12\/IMG_7759-100x100.jpg 100w, https:\/\/www.revoila.fr\/wp-content\/uploads\/2018\/12\/IMG_7759-150x150.jpg 150w\" sizes=\"auto, (max-width: 600px) 100vw, 600px\" \/><\/a>\n\t\t\t<\/div><\/figure>\n\t\t<\/div>\n\n<p>&nbsp;<\/p>\n","protected":false},"excerpt":{"rendered":"<div id=\"product-locale-description\">\n<p>Joli bout de canap\u00e9 des ann\u00e9es 50, pi\u00e9tement m\u00e9tal noir tr\u00e8s graphique, plateau rectangulaire avec un liser\u00e9 rotin, le porte-revues est en scoubidou jaune et noir.<\/p>\n<\/div>\n","protected":false},"featured_media":102,"comment_status":"open","ping_status":"closed","template":"","meta":[],"product_brand":[],"product_cat":[24,23],"product_tag":[],"class_list":{"0":"post-220","1":"product","2":"type-product","3":"status-publish","4":"has-post-thumbnail","6":"product_cat-porte-revues","7":"product_cat-scoubidou","9":"first","10":"instock","11":"sold-individually","12":"shipping-taxable","13":"purchasable","14":"product-type-simple"},"_links":{"self":[{"href":"https:\/\/www.revoila.fr\/index.php\/wp-json\/wp\/v2\/product\/220","targetHints":{"allow":["GET"]}}],"collection":[{"href":"https:\/\/www.revoila.fr\/index.php\/wp-json\/wp\/v2\/product"}],"about":[{"href":"https:\/\/www.revoila.fr\/index.php\/wp-json\/wp\/v2\/types\/product"}],"replies":[{"embeddable":true,"href":"https:\/\/www.revoila.fr\/index.php\/wp-json\/wp\/v2\/comments?post=220"}],"wp:featuredmedia":[{"embeddable":true,"href":"https:\/\/www.revoila.fr\/index.php\/wp-json\/wp\/v2\/media\/102"}],"wp:attachment":[{"href":"https:\/\/www.revoila.fr\/index.php\/wp-json\/wp\/v2\/media?parent=220"}],"wp:term":[{"taxonomy":"product_brand","embeddable":true,"href":"https:\/\/www.revoila.fr\/index.php\/wp-json\/wp\/v2\/product_brand?post=220"},{"taxonomy":"product_cat","embeddable":true,"href":"https:\/\/www.revoila.fr\/index.php\/wp-json\/wp\/v2\/product_cat?post=220"},{"taxonomy":"product_tag","embeddable":true,"href":"https:\/\/www.revoila.fr\/index.php\/wp-json\/wp\/v2\/product_tag?post=220"}],"curies":[{"name":"wp","href":"https:\/\/api.w.org\/{rel}","templated":true}]}}