{"id":294,"date":"2018-12-22T01:00:26","date_gmt":"2018-12-22T00:00:26","guid":{"rendered":"https:\/\/www.revoila.fr\/NEW\/?post_type=product&#038;p=294"},"modified":"2025-04-18T19:38:59","modified_gmt":"2025-04-18T17:38:59","slug":"table-basse-pieds-metal-et-plateau-en-rotin","status":"publish","type":"product","link":"https:\/\/www.revoila.fr\/index.php\/produit\/table-basse-pieds-metal-et-plateau-en-rotin\/","title":{"rendered":"Table basse rotin et metal"},"content":{"rendered":"<div id='gallery-1' class='gallery galleryid-294 gallery-columns-9 gallery-size-thumbnail'><figure class='gallery-item'>\n\t\t\t<div class='gallery-icon landscape'>\n\t\t\t\t<a href='https:\/\/www.revoila.fr\/wp-content\/uploads\/2018\/12\/02-IMG_8122.jpg'><img loading=\"lazy\" decoding=\"async\" width=\"150\" height=\"150\" src=\"https:\/\/www.revoila.fr\/wp-content\/uploads\/2018\/12\/02-IMG_8122-150x150.jpg\" class=\"attachment-thumbnail size-thumbnail\" alt=\"\" srcset=\"https:\/\/www.revoila.fr\/wp-content\/uploads\/2018\/12\/02-IMG_8122-150x150.jpg 150w, https:\/\/www.revoila.fr\/wp-content\/uploads\/2018\/12\/02-IMG_8122.jpg 800w, https:\/\/www.revoila.fr\/wp-content\/uploads\/2018\/12\/02-IMG_8122-300x300.jpg 300w, https:\/\/www.revoila.fr\/wp-content\/uploads\/2018\/12\/02-IMG_8122-768x768.jpg 768w, https:\/\/www.revoila.fr\/wp-content\/uploads\/2018\/12\/02-IMG_8122-100x100.jpg 100w\" sizes=\"auto, (max-width: 150px) 100vw, 150px\" \/><\/a>\n\t\t\t<\/div><\/figure><figure class='gallery-item'>\n\t\t\t<div class='gallery-icon landscape'>\n\t\t\t\t<a href='https:\/\/www.revoila.fr\/wp-content\/uploads\/2018\/12\/03-IMG_8123.jpg'><img loading=\"lazy\" decoding=\"async\" width=\"150\" height=\"150\" src=\"https:\/\/www.revoila.fr\/wp-content\/uploads\/2018\/12\/03-IMG_8123-150x150.jpg\" class=\"attachment-thumbnail size-thumbnail\" alt=\"\" srcset=\"https:\/\/www.revoila.fr\/wp-content\/uploads\/2018\/12\/03-IMG_8123-150x150.jpg 150w, https:\/\/www.revoila.fr\/wp-content\/uploads\/2018\/12\/03-IMG_8123.jpg 800w, https:\/\/www.revoila.fr\/wp-content\/uploads\/2018\/12\/03-IMG_8123-300x300.jpg 300w, https:\/\/www.revoila.fr\/wp-content\/uploads\/2018\/12\/03-IMG_8123-768x768.jpg 768w, https:\/\/www.revoila.fr\/wp-content\/uploads\/2018\/12\/03-IMG_8123-100x100.jpg 100w\" sizes=\"auto, (max-width: 150px) 100vw, 150px\" \/><\/a>\n\t\t\t<\/div><\/figure><figure class='gallery-item'>\n\t\t\t<div class='gallery-icon landscape'>\n\t\t\t\t<a href='https:\/\/www.revoila.fr\/wp-content\/uploads\/2018\/12\/04-IMG_8124.jpg'><img loading=\"lazy\" decoding=\"async\" width=\"150\" height=\"150\" src=\"https:\/\/www.revoila.fr\/wp-content\/uploads\/2018\/12\/04-IMG_8124-150x150.jpg\" class=\"attachment-thumbnail size-thumbnail\" alt=\"\" srcset=\"https:\/\/www.revoila.fr\/wp-content\/uploads\/2018\/12\/04-IMG_8124-150x150.jpg 150w, https:\/\/www.revoila.fr\/wp-content\/uploads\/2018\/12\/04-IMG_8124.jpg 800w, https:\/\/www.revoila.fr\/wp-content\/uploads\/2018\/12\/04-IMG_8124-300x300.jpg 300w, https:\/\/www.revoila.fr\/wp-content\/uploads\/2018\/12\/04-IMG_8124-768x768.jpg 768w, https:\/\/www.revoila.fr\/wp-content\/uploads\/2018\/12\/04-IMG_8124-100x100.jpg 100w\" sizes=\"auto, (max-width: 150px) 100vw, 150px\" \/><\/a>\n\t\t\t<\/div><\/figure><figure class='gallery-item'>\n\t\t\t<div class='gallery-icon landscape'>\n\t\t\t\t<a href='https:\/\/www.revoila.fr\/wp-content\/uploads\/2018\/12\/05-IMG_8116.jpg'><img loading=\"lazy\" decoding=\"async\" width=\"150\" height=\"150\" src=\"https:\/\/www.revoila.fr\/wp-content\/uploads\/2018\/12\/05-IMG_8116-150x150.jpg\" class=\"attachment-thumbnail size-thumbnail\" alt=\"\" srcset=\"https:\/\/www.revoila.fr\/wp-content\/uploads\/2018\/12\/05-IMG_8116-150x150.jpg 150w, https:\/\/www.revoila.fr\/wp-content\/uploads\/2018\/12\/05-IMG_8116.jpg 800w, https:\/\/www.revoila.fr\/wp-content\/uploads\/2018\/12\/05-IMG_8116-300x300.jpg 300w, https:\/\/www.revoila.fr\/wp-content\/uploads\/2018\/12\/05-IMG_8116-768x768.jpg 768w, https:\/\/www.revoila.fr\/wp-content\/uploads\/2018\/12\/05-IMG_8116-100x100.jpg 100w\" sizes=\"auto, (max-width: 150px) 100vw, 150px\" \/><\/a>\n\t\t\t<\/div><\/figure><figure class='gallery-item'>\n\t\t\t<div class='gallery-icon landscape'>\n\t\t\t\t<a href='https:\/\/www.revoila.fr\/wp-content\/uploads\/2018\/12\/08-IMG_8118.jpg'><img loading=\"lazy\" decoding=\"async\" width=\"150\" height=\"150\" src=\"https:\/\/www.revoila.fr\/wp-content\/uploads\/2018\/12\/08-IMG_8118-150x150.jpg\" class=\"attachment-thumbnail size-thumbnail\" alt=\"\" srcset=\"https:\/\/www.revoila.fr\/wp-content\/uploads\/2018\/12\/08-IMG_8118-150x150.jpg 150w, https:\/\/www.revoila.fr\/wp-content\/uploads\/2018\/12\/08-IMG_8118.jpg 800w, https:\/\/www.revoila.fr\/wp-content\/uploads\/2018\/12\/08-IMG_8118-300x300.jpg 300w, https:\/\/www.revoila.fr\/wp-content\/uploads\/2018\/12\/08-IMG_8118-768x768.jpg 768w, https:\/\/www.revoila.fr\/wp-content\/uploads\/2018\/12\/08-IMG_8118-100x100.jpg 100w\" sizes=\"auto, (max-width: 150px) 100vw, 150px\" \/><\/a>\n\t\t\t<\/div><\/figure><figure class='gallery-item'>\n\t\t\t<div class='gallery-icon landscape'>\n\t\t\t\t<a href='https:\/\/www.revoila.fr\/wp-content\/uploads\/2018\/12\/06-IMG_8120.jpg'><img loading=\"lazy\" decoding=\"async\" width=\"150\" height=\"150\" src=\"https:\/\/www.revoila.fr\/wp-content\/uploads\/2018\/12\/06-IMG_8120-150x150.jpg\" class=\"attachment-thumbnail size-thumbnail\" alt=\"\" srcset=\"https:\/\/www.revoila.fr\/wp-content\/uploads\/2018\/12\/06-IMG_8120-150x150.jpg 150w, https:\/\/www.revoila.fr\/wp-content\/uploads\/2018\/12\/06-IMG_8120.jpg 800w, https:\/\/www.revoila.fr\/wp-content\/uploads\/2018\/12\/06-IMG_8120-300x300.jpg 300w, https:\/\/www.revoila.fr\/wp-content\/uploads\/2018\/12\/06-IMG_8120-768x768.jpg 768w, https:\/\/www.revoila.fr\/wp-content\/uploads\/2018\/12\/06-IMG_8120-100x100.jpg 100w\" sizes=\"auto, (max-width: 150px) 100vw, 150px\" \/><\/a>\n\t\t\t<\/div><\/figure><figure class='gallery-item'>\n\t\t\t<div class='gallery-icon landscape'>\n\t\t\t\t<a href='https:\/\/www.revoila.fr\/wp-content\/uploads\/2018\/12\/07-IMG_8117.jpg'><img loading=\"lazy\" decoding=\"async\" width=\"150\" height=\"150\" src=\"https:\/\/www.revoila.fr\/wp-content\/uploads\/2018\/12\/07-IMG_8117-150x150.jpg\" class=\"attachment-thumbnail size-thumbnail\" alt=\"\" srcset=\"https:\/\/www.revoila.fr\/wp-content\/uploads\/2018\/12\/07-IMG_8117-150x150.jpg 150w, https:\/\/www.revoila.fr\/wp-content\/uploads\/2018\/12\/07-IMG_8117.jpg 800w, https:\/\/www.revoila.fr\/wp-content\/uploads\/2018\/12\/07-IMG_8117-300x300.jpg 300w, https:\/\/www.revoila.fr\/wp-content\/uploads\/2018\/12\/07-IMG_8117-768x768.jpg 768w, https:\/\/www.revoila.fr\/wp-content\/uploads\/2018\/12\/07-IMG_8117-100x100.jpg 100w\" sizes=\"auto, (max-width: 150px) 100vw, 150px\" \/><\/a>\n\t\t\t<\/div><\/figure><figure class='gallery-item'>\n\t\t\t<div class='gallery-icon landscape'>\n\t\t\t\t<a href='https:\/\/www.revoila.fr\/wp-content\/uploads\/2018\/12\/09-IMG_8126.jpg'><img loading=\"lazy\" decoding=\"async\" width=\"150\" height=\"150\" src=\"https:\/\/www.revoila.fr\/wp-content\/uploads\/2018\/12\/09-IMG_8126-150x150.jpg\" class=\"attachment-thumbnail size-thumbnail\" alt=\"\" srcset=\"https:\/\/www.revoila.fr\/wp-content\/uploads\/2018\/12\/09-IMG_8126-150x150.jpg 150w, https:\/\/www.revoila.fr\/wp-content\/uploads\/2018\/12\/09-IMG_8126.jpg 800w, https:\/\/www.revoila.fr\/wp-content\/uploads\/2018\/12\/09-IMG_8126-300x300.jpg 300w, https:\/\/www.revoila.fr\/wp-content\/uploads\/2018\/12\/09-IMG_8126-768x768.jpg 768w, https:\/\/www.revoila.fr\/wp-content\/uploads\/2018\/12\/09-IMG_8126-100x100.jpg 100w\" sizes=\"auto, (max-width: 150px) 100vw, 150px\" \/><\/a>\n\t\t\t<\/div><\/figure>\n\t\t<\/div>\n\n","protected":false},"excerpt":{"rendered":"<p>Table basse plateau bois recouvert d\u2019un joli tressage en rotin, structure\u00a0en m\u00e9tal laqu\u00e9 noir sur laquelle on peut d\u00e9poser des revues.<\/p>\n<p>Hauteur : 50 cm \/\/\/ Longueur : 67 cm \/\/\/ Profondeur : 44 cm<\/p>\n<div id=\"gallery-2\" class=\"gallery galleryid-473 gallery-columns-4 gallery-size-thumbnail\"><\/div>\n","protected":false},"featured_media":243,"comment_status":"open","ping_status":"closed","template":"","meta":[],"product_brand":[],"product_cat":[21,22],"product_tag":[],"class_list":{"0":"post-294","1":"product","2":"type-product","3":"status-publish","4":"has-post-thumbnail","6":"product_cat-rotin","7":"product_cat-table-basse","9":"first","10":"instock","11":"sold-individually","12":"shipping-taxable","13":"purchasable","14":"product-type-simple"},"_links":{"self":[{"href":"https:\/\/www.revoila.fr\/index.php\/wp-json\/wp\/v2\/product\/294","targetHints":{"allow":["GET"]}}],"collection":[{"href":"https:\/\/www.revoila.fr\/index.php\/wp-json\/wp\/v2\/product"}],"about":[{"href":"https:\/\/www.revoila.fr\/index.php\/wp-json\/wp\/v2\/types\/product"}],"replies":[{"embeddable":true,"href":"https:\/\/www.revoila.fr\/index.php\/wp-json\/wp\/v2\/comments?post=294"}],"wp:featuredmedia":[{"embeddable":true,"href":"https:\/\/www.revoila.fr\/index.php\/wp-json\/wp\/v2\/media\/243"}],"wp:attachment":[{"href":"https:\/\/www.revoila.fr\/index.php\/wp-json\/wp\/v2\/media?parent=294"}],"wp:term":[{"taxonomy":"product_brand","embeddable":true,"href":"https:\/\/www.revoila.fr\/index.php\/wp-json\/wp\/v2\/product_brand?post=294"},{"taxonomy":"product_cat","embeddable":true,"href":"https:\/\/www.revoila.fr\/index.php\/wp-json\/wp\/v2\/product_cat?post=294"},{"taxonomy":"product_tag","embeddable":true,"href":"https:\/\/www.revoila.fr\/index.php\/wp-json\/wp\/v2\/product_tag?post=294"}],"curies":[{"name":"wp","href":"https:\/\/api.w.org\/{rel}","templated":true}]}}