{"id":468,"date":"2019-01-21T17:42:15","date_gmt":"2019-01-21T16:42:15","guid":{"rendered":"https:\/\/www.revoila.fr\/NEW\/?post_type=product&#038;p=468"},"modified":"2024-08-17T19:52:07","modified_gmt":"2024-08-17T17:52:07","slug":"fauteuil-bridge-vert","status":"publish","type":"product","link":"https:\/\/www.revoila.fr\/index.php\/produit\/fauteuil-bridge-vert\/","title":{"rendered":"Fauteuil bridge vert"},"content":{"rendered":"<div id='gallery-1' class='gallery galleryid-468 gallery-columns-9 gallery-size-full'><figure class='gallery-item'>\n\t\t\t<div class='gallery-icon landscape'>\n\t\t\t\t<a href='https:\/\/www.revoila.fr\/wp-content\/uploads\/2018\/12\/19-IMG_8136.jpg'><img loading=\"lazy\" decoding=\"async\" width=\"800\" height=\"799\" src=\"https:\/\/www.revoila.fr\/wp-content\/uploads\/2018\/12\/19-IMG_8136.jpg\" class=\"attachment-full size-full\" alt=\"\" srcset=\"https:\/\/www.revoila.fr\/wp-content\/uploads\/2018\/12\/19-IMG_8136.jpg 800w, https:\/\/www.revoila.fr\/wp-content\/uploads\/2018\/12\/19-IMG_8136-150x150.jpg 150w, https:\/\/www.revoila.fr\/wp-content\/uploads\/2018\/12\/19-IMG_8136-300x300.jpg 300w, https:\/\/www.revoila.fr\/wp-content\/uploads\/2018\/12\/19-IMG_8136-768x767.jpg 768w, https:\/\/www.revoila.fr\/wp-content\/uploads\/2018\/12\/19-IMG_8136-100x100.jpg 100w\" sizes=\"auto, (max-width: 800px) 100vw, 800px\" \/><\/a>\n\t\t\t<\/div><\/figure><figure class='gallery-item'>\n\t\t\t<div class='gallery-icon portrait'>\n\t\t\t\t<a href='https:\/\/www.revoila.fr\/wp-content\/uploads\/2018\/12\/20-IMG_8164.jpg'><img loading=\"lazy\" decoding=\"async\" width=\"799\" height=\"800\" src=\"https:\/\/www.revoila.fr\/wp-content\/uploads\/2018\/12\/20-IMG_8164.jpg\" class=\"attachment-full size-full\" alt=\"\" srcset=\"https:\/\/www.revoila.fr\/wp-content\/uploads\/2018\/12\/20-IMG_8164.jpg 799w, https:\/\/www.revoila.fr\/wp-content\/uploads\/2018\/12\/20-IMG_8164-600x601.jpg 600w, https:\/\/www.revoila.fr\/wp-content\/uploads\/2018\/12\/20-IMG_8164-150x150.jpg 150w, https:\/\/www.revoila.fr\/wp-content\/uploads\/2018\/12\/20-IMG_8164-300x300.jpg 300w, https:\/\/www.revoila.fr\/wp-content\/uploads\/2018\/12\/20-IMG_8164-768x769.jpg 768w, https:\/\/www.revoila.fr\/wp-content\/uploads\/2018\/12\/20-IMG_8164-100x100.jpg 100w\" sizes=\"auto, (max-width: 799px) 100vw, 799px\" \/><\/a>\n\t\t\t<\/div><\/figure><figure class='gallery-item'>\n\t\t\t<div class='gallery-icon landscape'>\n\t\t\t\t<a href='https:\/\/www.revoila.fr\/wp-content\/uploads\/2018\/12\/22-IMG_8166.jpg'><img loading=\"lazy\" decoding=\"async\" width=\"800\" height=\"800\" src=\"https:\/\/www.revoila.fr\/wp-content\/uploads\/2018\/12\/22-IMG_8166.jpg\" class=\"attachment-full size-full\" alt=\"\" srcset=\"https:\/\/www.revoila.fr\/wp-content\/uploads\/2018\/12\/22-IMG_8166.jpg 800w, https:\/\/www.revoila.fr\/wp-content\/uploads\/2018\/12\/22-IMG_8166-150x150.jpg 150w, https:\/\/www.revoila.fr\/wp-content\/uploads\/2018\/12\/22-IMG_8166-300x300.jpg 300w, https:\/\/www.revoila.fr\/wp-content\/uploads\/2018\/12\/22-IMG_8166-768x768.jpg 768w, https:\/\/www.revoila.fr\/wp-content\/uploads\/2018\/12\/22-IMG_8166-100x100.jpg 100w\" sizes=\"auto, (max-width: 800px) 100vw, 800px\" \/><\/a>\n\t\t\t<\/div><\/figure><figure class='gallery-item'>\n\t\t\t<div class='gallery-icon landscape'>\n\t\t\t\t<a href='https:\/\/www.revoila.fr\/wp-content\/uploads\/2018\/12\/21-IMG_8165.jpg'><img loading=\"lazy\" decoding=\"async\" width=\"800\" height=\"800\" src=\"https:\/\/www.revoila.fr\/wp-content\/uploads\/2018\/12\/21-IMG_8165.jpg\" class=\"attachment-full size-full\" alt=\"\" srcset=\"https:\/\/www.revoila.fr\/wp-content\/uploads\/2018\/12\/21-IMG_8165.jpg 800w, https:\/\/www.revoila.fr\/wp-content\/uploads\/2018\/12\/21-IMG_8165-150x150.jpg 150w, https:\/\/www.revoila.fr\/wp-content\/uploads\/2018\/12\/21-IMG_8165-300x300.jpg 300w, https:\/\/www.revoila.fr\/wp-content\/uploads\/2018\/12\/21-IMG_8165-768x768.jpg 768w, https:\/\/www.revoila.fr\/wp-content\/uploads\/2018\/12\/21-IMG_8165-100x100.jpg 100w\" sizes=\"auto, (max-width: 800px) 100vw, 800px\" \/><\/a>\n\t\t\t<\/div><\/figure><figure class='gallery-item'>\n\t\t\t<div class='gallery-icon landscape'>\n\t\t\t\t<a href='https:\/\/www.revoila.fr\/wp-content\/uploads\/2018\/12\/23-IMG_8168.jpg'><img loading=\"lazy\" decoding=\"async\" width=\"800\" height=\"800\" src=\"https:\/\/www.revoila.fr\/wp-content\/uploads\/2018\/12\/23-IMG_8168.jpg\" class=\"attachment-full size-full\" alt=\"\" srcset=\"https:\/\/www.revoila.fr\/wp-content\/uploads\/2018\/12\/23-IMG_8168.jpg 800w, https:\/\/www.revoila.fr\/wp-content\/uploads\/2018\/12\/23-IMG_8168-150x150.jpg 150w, https:\/\/www.revoila.fr\/wp-content\/uploads\/2018\/12\/23-IMG_8168-300x300.jpg 300w, https:\/\/www.revoila.fr\/wp-content\/uploads\/2018\/12\/23-IMG_8168-768x768.jpg 768w, https:\/\/www.revoila.fr\/wp-content\/uploads\/2018\/12\/23-IMG_8168-100x100.jpg 100w\" sizes=\"auto, (max-width: 800px) 100vw, 800px\" \/><\/a>\n\t\t\t<\/div><\/figure><figure class='gallery-item'>\n\t\t\t<div class='gallery-icon landscape'>\n\t\t\t\t<a href='https:\/\/www.revoila.fr\/wp-content\/uploads\/2018\/12\/24-IMG_8169.jpg'><img loading=\"lazy\" decoding=\"async\" width=\"800\" height=\"800\" src=\"https:\/\/www.revoila.fr\/wp-content\/uploads\/2018\/12\/24-IMG_8169.jpg\" class=\"attachment-full size-full\" alt=\"\" srcset=\"https:\/\/www.revoila.fr\/wp-content\/uploads\/2018\/12\/24-IMG_8169.jpg 800w, https:\/\/www.revoila.fr\/wp-content\/uploads\/2018\/12\/24-IMG_8169-150x150.jpg 150w, https:\/\/www.revoila.fr\/wp-content\/uploads\/2018\/12\/24-IMG_8169-300x300.jpg 300w, https:\/\/www.revoila.fr\/wp-content\/uploads\/2018\/12\/24-IMG_8169-768x768.jpg 768w, https:\/\/www.revoila.fr\/wp-content\/uploads\/2018\/12\/24-IMG_8169-100x100.jpg 100w\" sizes=\"auto, (max-width: 800px) 100vw, 800px\" \/><\/a>\n\t\t\t<\/div><\/figure><figure class='gallery-item'>\n\t\t\t<div class='gallery-icon landscape'>\n\t\t\t\t<a href='https:\/\/www.revoila.fr\/wp-content\/uploads\/2018\/12\/25-IMG_8172.jpg'><img loading=\"lazy\" decoding=\"async\" width=\"800\" height=\"800\" src=\"https:\/\/www.revoila.fr\/wp-content\/uploads\/2018\/12\/25-IMG_8172.jpg\" class=\"attachment-full size-full\" alt=\"\" srcset=\"https:\/\/www.revoila.fr\/wp-content\/uploads\/2018\/12\/25-IMG_8172.jpg 800w, https:\/\/www.revoila.fr\/wp-content\/uploads\/2018\/12\/25-IMG_8172-150x150.jpg 150w, https:\/\/www.revoila.fr\/wp-content\/uploads\/2018\/12\/25-IMG_8172-300x300.jpg 300w, https:\/\/www.revoila.fr\/wp-content\/uploads\/2018\/12\/25-IMG_8172-768x768.jpg 768w, https:\/\/www.revoila.fr\/wp-content\/uploads\/2018\/12\/25-IMG_8172-100x100.jpg 100w\" sizes=\"auto, (max-width: 800px) 100vw, 800px\" \/><\/a>\n\t\t\t<\/div><\/figure>\n\t\t<\/div>\n\n","protected":false},"excerpt":{"rendered":"<p>Fauteuil bridge design des ann\u00e9es 50-60, assise tr\u00e8s confortable ska\u00ef vert profond avec en petit d\u00e9tail un liser\u00e9 blanc., structure bois h\u00eatre, pieds compas.<br \/>\nBon \u00e9tat<\/p>\n","protected":false},"featured_media":262,"comment_status":"open","ping_status":"closed","template":"","meta":[],"product_brand":[],"product_cat":[32,50],"product_tag":[],"class_list":{"0":"post-468","1":"product","2":"type-product","3":"status-publish","4":"has-post-thumbnail","6":"product_cat-fauteuil","7":"product_cat-vendu","9":"first","10":"outofstock","11":"sold-individually","12":"shipping-taxable","13":"product-type-simple"},"_links":{"self":[{"href":"https:\/\/www.revoila.fr\/index.php\/wp-json\/wp\/v2\/product\/468","targetHints":{"allow":["GET"]}}],"collection":[{"href":"https:\/\/www.revoila.fr\/index.php\/wp-json\/wp\/v2\/product"}],"about":[{"href":"https:\/\/www.revoila.fr\/index.php\/wp-json\/wp\/v2\/types\/product"}],"replies":[{"embeddable":true,"href":"https:\/\/www.revoila.fr\/index.php\/wp-json\/wp\/v2\/comments?post=468"}],"wp:featuredmedia":[{"embeddable":true,"href":"https:\/\/www.revoila.fr\/index.php\/wp-json\/wp\/v2\/media\/262"}],"wp:attachment":[{"href":"https:\/\/www.revoila.fr\/index.php\/wp-json\/wp\/v2\/media?parent=468"}],"wp:term":[{"taxonomy":"product_brand","embeddable":true,"href":"https:\/\/www.revoila.fr\/index.php\/wp-json\/wp\/v2\/product_brand?post=468"},{"taxonomy":"product_cat","embeddable":true,"href":"https:\/\/www.revoila.fr\/index.php\/wp-json\/wp\/v2\/product_cat?post=468"},{"taxonomy":"product_tag","embeddable":true,"href":"https:\/\/www.revoila.fr\/index.php\/wp-json\/wp\/v2\/product_tag?post=468"}],"curies":[{"name":"wp","href":"https:\/\/api.w.org\/{rel}","templated":true}]}}