{"id":5102,"date":"2020-11-22T19:08:14","date_gmt":"2020-11-22T18:08:14","guid":{"rendered":"https:\/\/www.revoila.fr\/?post_type=product&#038;p=5102"},"modified":"2026-04-20T17:04:32","modified_gmt":"2026-04-20T15:04:32","slug":"enfilade-scandinave-teck-vintage","status":"publish","type":"product","link":"https:\/\/www.revoila.fr\/index.php\/produit\/enfilade-scandinave-teck-vintage\/","title":{"rendered":"Enfilade scandinave teck vintage"},"content":{"rendered":"<div id='gallery-1' class='gallery galleryid-5102 gallery-columns-4 gallery-size-medium'><figure class='gallery-item'>\n\t\t\t<div class='gallery-icon landscape'>\n\t\t\t\t<a href='https:\/\/www.revoila.fr\/?attachment_id=5095'><img loading=\"lazy\" decoding=\"async\" width=\"300\" height=\"300\" src=\"https:\/\/www.revoila.fr\/wp-content\/uploads\/2020\/11\/Enfilade-face-300x300.jpeg\" class=\"attachment-medium size-medium\" alt=\"\" srcset=\"https:\/\/www.revoila.fr\/wp-content\/uploads\/2020\/11\/Enfilade-face-300x300.jpeg 300w, https:\/\/www.revoila.fr\/wp-content\/uploads\/2020\/11\/Enfilade-face-1024x1024.jpeg 1024w, https:\/\/www.revoila.fr\/wp-content\/uploads\/2020\/11\/Enfilade-face-150x150.jpeg 150w, https:\/\/www.revoila.fr\/wp-content\/uploads\/2020\/11\/Enfilade-face-768x768.jpeg 768w, https:\/\/www.revoila.fr\/wp-content\/uploads\/2020\/11\/Enfilade-face-800x800.jpeg 800w, https:\/\/www.revoila.fr\/wp-content\/uploads\/2020\/11\/Enfilade-face-100x100.jpeg 100w, https:\/\/www.revoila.fr\/wp-content\/uploads\/2020\/11\/Enfilade-face.jpeg 1366w\" sizes=\"auto, (max-width: 300px) 100vw, 300px\" \/><\/a>\n\t\t\t<\/div><\/figure><figure class='gallery-item'>\n\t\t\t<div class='gallery-icon landscape'>\n\t\t\t\t<a href='https:\/\/www.revoila.fr\/?attachment_id=5094'><img loading=\"lazy\" decoding=\"async\" width=\"300\" height=\"300\" src=\"https:\/\/www.revoila.fr\/wp-content\/uploads\/2020\/11\/enfilade-face-ouverte-300x300.jpeg\" class=\"attachment-medium size-medium\" alt=\"\" srcset=\"https:\/\/www.revoila.fr\/wp-content\/uploads\/2020\/11\/enfilade-face-ouverte-300x300.jpeg 300w, https:\/\/www.revoila.fr\/wp-content\/uploads\/2020\/11\/enfilade-face-ouverte-1024x1024.jpeg 1024w, https:\/\/www.revoila.fr\/wp-content\/uploads\/2020\/11\/enfilade-face-ouverte-150x150.jpeg 150w, https:\/\/www.revoila.fr\/wp-content\/uploads\/2020\/11\/enfilade-face-ouverte-768x767.jpeg 768w, https:\/\/www.revoila.fr\/wp-content\/uploads\/2020\/11\/enfilade-face-ouverte-800x799.jpeg 800w, https:\/\/www.revoila.fr\/wp-content\/uploads\/2020\/11\/enfilade-face-ouverte-100x100.jpeg 100w, https:\/\/www.revoila.fr\/wp-content\/uploads\/2020\/11\/enfilade-face-ouverte.jpeg 1366w\" sizes=\"auto, (max-width: 300px) 100vw, 300px\" \/><\/a>\n\t\t\t<\/div><\/figure><figure class='gallery-item'>\n\t\t\t<div class='gallery-icon landscape'>\n\t\t\t\t<a href='https:\/\/www.revoila.fr\/?attachment_id=5100'><img loading=\"lazy\" decoding=\"async\" width=\"300\" height=\"300\" src=\"https:\/\/www.revoila.fr\/wp-content\/uploads\/2020\/11\/IMG_20201106_115959-01-300x300.jpeg\" class=\"attachment-medium size-medium\" alt=\"\" srcset=\"https:\/\/www.revoila.fr\/wp-content\/uploads\/2020\/11\/IMG_20201106_115959-01-300x300.jpeg 300w, https:\/\/www.revoila.fr\/wp-content\/uploads\/2020\/11\/IMG_20201106_115959-01-1024x1024.jpeg 1024w, https:\/\/www.revoila.fr\/wp-content\/uploads\/2020\/11\/IMG_20201106_115959-01-150x150.jpeg 150w, https:\/\/www.revoila.fr\/wp-content\/uploads\/2020\/11\/IMG_20201106_115959-01-768x767.jpeg 768w, https:\/\/www.revoila.fr\/wp-content\/uploads\/2020\/11\/IMG_20201106_115959-01-800x799.jpeg 800w, https:\/\/www.revoila.fr\/wp-content\/uploads\/2020\/11\/IMG_20201106_115959-01-100x100.jpeg 100w, https:\/\/www.revoila.fr\/wp-content\/uploads\/2020\/11\/IMG_20201106_115959-01.jpeg 1366w\" sizes=\"auto, (max-width: 300px) 100vw, 300px\" \/><\/a>\n\t\t\t<\/div><\/figure><figure class='gallery-item'>\n\t\t\t<div class='gallery-icon landscape'>\n\t\t\t\t<a href='https:\/\/www.revoila.fr\/?attachment_id=5099'><img loading=\"lazy\" decoding=\"async\" width=\"300\" height=\"300\" src=\"https:\/\/www.revoila.fr\/wp-content\/uploads\/2020\/11\/IMG_20201106_115840-01-300x300.jpeg\" class=\"attachment-medium size-medium\" alt=\"\" srcset=\"https:\/\/www.revoila.fr\/wp-content\/uploads\/2020\/11\/IMG_20201106_115840-01-300x300.jpeg 300w, https:\/\/www.revoila.fr\/wp-content\/uploads\/2020\/11\/IMG_20201106_115840-01-1024x1024.jpeg 1024w, https:\/\/www.revoila.fr\/wp-content\/uploads\/2020\/11\/IMG_20201106_115840-01-150x150.jpeg 150w, https:\/\/www.revoila.fr\/wp-content\/uploads\/2020\/11\/IMG_20201106_115840-01-768x767.jpeg 768w, https:\/\/www.revoila.fr\/wp-content\/uploads\/2020\/11\/IMG_20201106_115840-01-800x799.jpeg 800w, https:\/\/www.revoila.fr\/wp-content\/uploads\/2020\/11\/IMG_20201106_115840-01-100x100.jpeg 100w, https:\/\/www.revoila.fr\/wp-content\/uploads\/2020\/11\/IMG_20201106_115840-01.jpeg 1366w\" sizes=\"auto, (max-width: 300px) 100vw, 300px\" \/><\/a>\n\t\t\t<\/div><\/figure><figure class='gallery-item'>\n\t\t\t<div class='gallery-icon landscape'>\n\t\t\t\t<a href='https:\/\/www.revoila.fr\/?attachment_id=5101'><img loading=\"lazy\" decoding=\"async\" width=\"300\" height=\"300\" src=\"https:\/\/www.revoila.fr\/wp-content\/uploads\/2020\/11\/IMG_20201106_120300-01-300x300.jpeg\" class=\"attachment-medium size-medium\" alt=\"\" srcset=\"https:\/\/www.revoila.fr\/wp-content\/uploads\/2020\/11\/IMG_20201106_120300-01-300x300.jpeg 300w, https:\/\/www.revoila.fr\/wp-content\/uploads\/2020\/11\/IMG_20201106_120300-01-1024x1024.jpeg 1024w, https:\/\/www.revoila.fr\/wp-content\/uploads\/2020\/11\/IMG_20201106_120300-01-150x150.jpeg 150w, https:\/\/www.revoila.fr\/wp-content\/uploads\/2020\/11\/IMG_20201106_120300-01-768x767.jpeg 768w, https:\/\/www.revoila.fr\/wp-content\/uploads\/2020\/11\/IMG_20201106_120300-01-800x799.jpeg 800w, https:\/\/www.revoila.fr\/wp-content\/uploads\/2020\/11\/IMG_20201106_120300-01-100x100.jpeg 100w, https:\/\/www.revoila.fr\/wp-content\/uploads\/2020\/11\/IMG_20201106_120300-01.jpeg 1366w\" sizes=\"auto, (max-width: 300px) 100vw, 300px\" \/><\/a>\n\t\t\t<\/div><\/figure><figure class='gallery-item'>\n\t\t\t<div class='gallery-icon landscape'>\n\t\t\t\t<a href='https:\/\/www.revoila.fr\/?attachment_id=5093'><img loading=\"lazy\" decoding=\"async\" width=\"300\" height=\"300\" src=\"https:\/\/www.revoila.fr\/wp-content\/uploads\/2020\/11\/Enfilade-detail-tiroir-300x300.jpeg\" class=\"attachment-medium size-medium\" alt=\"\" srcset=\"https:\/\/www.revoila.fr\/wp-content\/uploads\/2020\/11\/Enfilade-detail-tiroir-300x300.jpeg 300w, https:\/\/www.revoila.fr\/wp-content\/uploads\/2020\/11\/Enfilade-detail-tiroir-1024x1024.jpeg 1024w, https:\/\/www.revoila.fr\/wp-content\/uploads\/2020\/11\/Enfilade-detail-tiroir-150x150.jpeg 150w, https:\/\/www.revoila.fr\/wp-content\/uploads\/2020\/11\/Enfilade-detail-tiroir-768x767.jpeg 768w, https:\/\/www.revoila.fr\/wp-content\/uploads\/2020\/11\/Enfilade-detail-tiroir-800x799.jpeg 800w, https:\/\/www.revoila.fr\/wp-content\/uploads\/2020\/11\/Enfilade-detail-tiroir-100x100.jpeg 100w, https:\/\/www.revoila.fr\/wp-content\/uploads\/2020\/11\/Enfilade-detail-tiroir.jpeg 1366w\" sizes=\"auto, (max-width: 300px) 100vw, 300px\" \/><\/a>\n\t\t\t<\/div><\/figure><figure class='gallery-item'>\n\t\t\t<div class='gallery-icon landscape'>\n\t\t\t\t<a href='https:\/\/www.revoila.fr\/?attachment_id=5098'><img loading=\"lazy\" decoding=\"async\" width=\"300\" height=\"300\" src=\"https:\/\/www.revoila.fr\/wp-content\/uploads\/2020\/11\/IMG_20201106_114902-01-300x300.jpeg\" class=\"attachment-medium size-medium\" alt=\"\" srcset=\"https:\/\/www.revoila.fr\/wp-content\/uploads\/2020\/11\/IMG_20201106_114902-01-300x300.jpeg 300w, https:\/\/www.revoila.fr\/wp-content\/uploads\/2020\/11\/IMG_20201106_114902-01-1024x1024.jpeg 1024w, https:\/\/www.revoila.fr\/wp-content\/uploads\/2020\/11\/IMG_20201106_114902-01-150x150.jpeg 150w, https:\/\/www.revoila.fr\/wp-content\/uploads\/2020\/11\/IMG_20201106_114902-01-768x767.jpeg 768w, https:\/\/www.revoila.fr\/wp-content\/uploads\/2020\/11\/IMG_20201106_114902-01-800x799.jpeg 800w, https:\/\/www.revoila.fr\/wp-content\/uploads\/2020\/11\/IMG_20201106_114902-01-100x100.jpeg 100w, https:\/\/www.revoila.fr\/wp-content\/uploads\/2020\/11\/IMG_20201106_114902-01.jpeg 1366w\" sizes=\"auto, (max-width: 300px) 100vw, 300px\" \/><\/a>\n\t\t\t<\/div><\/figure><figure class='gallery-item'>\n\t\t\t<div class='gallery-icon landscape'>\n\t\t\t\t<a href='https:\/\/www.revoila.fr\/?attachment_id=5097'><img loading=\"lazy\" decoding=\"async\" width=\"300\" height=\"300\" src=\"https:\/\/www.revoila.fr\/wp-content\/uploads\/2020\/11\/IMG_20201106_114831-01-300x300.jpeg\" class=\"attachment-medium size-medium\" alt=\"\" srcset=\"https:\/\/www.revoila.fr\/wp-content\/uploads\/2020\/11\/IMG_20201106_114831-01-300x300.jpeg 300w, https:\/\/www.revoila.fr\/wp-content\/uploads\/2020\/11\/IMG_20201106_114831-01-1024x1024.jpeg 1024w, https:\/\/www.revoila.fr\/wp-content\/uploads\/2020\/11\/IMG_20201106_114831-01-150x150.jpeg 150w, https:\/\/www.revoila.fr\/wp-content\/uploads\/2020\/11\/IMG_20201106_114831-01-768x767.jpeg 768w, https:\/\/www.revoila.fr\/wp-content\/uploads\/2020\/11\/IMG_20201106_114831-01-800x799.jpeg 800w, https:\/\/www.revoila.fr\/wp-content\/uploads\/2020\/11\/IMG_20201106_114831-01-100x100.jpeg 100w, https:\/\/www.revoila.fr\/wp-content\/uploads\/2020\/11\/IMG_20201106_114831-01.jpeg 1366w\" sizes=\"auto, (max-width: 300px) 100vw, 300px\" \/><\/a>\n\t\t\t<\/div><\/figure>\n\t\t<\/div>\n\n","protected":false},"excerpt":{"rendered":"<p>Enfilade teck dans le style scandinave des ann\u00e9es 60, De jolies proportions et un remarquable travail de placage sur les portes, Les poign\u00e9es de tiroirs sont typiques de ce style de mobilier mais son originalit\u00e9 r\u00e9side dans la pr\u00e9sence de boutons ronds et du pi\u00e8tement en U .<br \/>\nBon \u00e9tat. malgr\u00e9 des traces d&rsquo;usage et sauts de placage cf:photos.<\/p>\n<div class=\"woocommerce-product-details__short-description\">\n<div class=\"woocommerce-product-details__short-description\">\n<p>Hauteur : 75 cm \/\/\/ Longueur : 152 cm \/\/\/ Profondeur : 40 cm<\/p>\n<\/div>\n<\/div>\n","protected":false},"featured_media":5096,"comment_status":"open","ping_status":"closed","template":"","meta":[],"product_brand":[],"product_cat":[68,70,27,49],"product_tag":[],"class_list":{"0":"post-5102","1":"product","2":"type-product","3":"status-publish","4":"has-post-thumbnail","6":"product_cat-a-la-une","7":"product_cat-enfilade","8":"product_cat-rangement","9":"product_cat-teck","11":"first","12":"instock","13":"shipping-taxable","14":"purchasable","15":"product-type-simple"},"_links":{"self":[{"href":"https:\/\/www.revoila.fr\/index.php\/wp-json\/wp\/v2\/product\/5102","targetHints":{"allow":["GET"]}}],"collection":[{"href":"https:\/\/www.revoila.fr\/index.php\/wp-json\/wp\/v2\/product"}],"about":[{"href":"https:\/\/www.revoila.fr\/index.php\/wp-json\/wp\/v2\/types\/product"}],"replies":[{"embeddable":true,"href":"https:\/\/www.revoila.fr\/index.php\/wp-json\/wp\/v2\/comments?post=5102"}],"wp:featuredmedia":[{"embeddable":true,"href":"https:\/\/www.revoila.fr\/index.php\/wp-json\/wp\/v2\/media\/5096"}],"wp:attachment":[{"href":"https:\/\/www.revoila.fr\/index.php\/wp-json\/wp\/v2\/media?parent=5102"}],"wp:term":[{"taxonomy":"product_brand","embeddable":true,"href":"https:\/\/www.revoila.fr\/index.php\/wp-json\/wp\/v2\/product_brand?post=5102"},{"taxonomy":"product_cat","embeddable":true,"href":"https:\/\/www.revoila.fr\/index.php\/wp-json\/wp\/v2\/product_cat?post=5102"},{"taxonomy":"product_tag","embeddable":true,"href":"https:\/\/www.revoila.fr\/index.php\/wp-json\/wp\/v2\/product_tag?post=5102"}],"curies":[{"name":"wp","href":"https:\/\/api.w.org\/{rel}","templated":true}]}}