{"id":5146,"date":"2020-11-27T18:59:27","date_gmt":"2020-11-27T17:59:27","guid":{"rendered":"https:\/\/www.revoila.fr\/?post_type=product&#038;p=5146"},"modified":"2025-12-07T03:26:35","modified_gmt":"2025-12-07T02:26:35","slug":"secretaire-sam-1950","status":"publish","type":"product","link":"https:\/\/www.revoila.fr\/index.php\/produit\/secretaire-sam-1950\/","title":{"rendered":"Secr\u00e9taire SAM 1950"},"content":{"rendered":"<div id='gallery-1' class='gallery galleryid-5146 gallery-columns-8 gallery-size-thumbnail'><figure class='gallery-item'>\n\t\t\t<div class='gallery-icon landscape'>\n\t\t\t\t<a href='https:\/\/www.revoila.fr\/?attachment_id=5145'><img loading=\"lazy\" decoding=\"async\" width=\"150\" height=\"150\" src=\"https:\/\/www.revoila.fr\/wp-content\/uploads\/2020\/11\/Secretaire-vintage-SAM-Demi-sie\u0300cle-150x150.jpeg\" class=\"attachment-thumbnail size-thumbnail\" alt=\"\" srcset=\"https:\/\/www.revoila.fr\/wp-content\/uploads\/2020\/11\/Secretaire-vintage-SAM-Demi-sie\u0300cle-150x150.jpeg 150w, https:\/\/www.revoila.fr\/wp-content\/uploads\/2020\/11\/Secretaire-vintage-SAM-Demi-sie\u0300cle-300x300.jpeg 300w, https:\/\/www.revoila.fr\/wp-content\/uploads\/2020\/11\/Secretaire-vintage-SAM-Demi-sie\u0300cle-1024x1024.jpeg 1024w, https:\/\/www.revoila.fr\/wp-content\/uploads\/2020\/11\/Secretaire-vintage-SAM-Demi-sie\u0300cle-768x768.jpeg 768w, https:\/\/www.revoila.fr\/wp-content\/uploads\/2020\/11\/Secretaire-vintage-SAM-Demi-sie\u0300cle-800x800.jpeg 800w, https:\/\/www.revoila.fr\/wp-content\/uploads\/2020\/11\/Secretaire-vintage-SAM-Demi-sie\u0300cle-100x100.jpeg 100w, https:\/\/www.revoila.fr\/wp-content\/uploads\/2020\/11\/Secretaire-vintage-SAM-Demi-sie\u0300cle.jpeg 1366w\" sizes=\"auto, (max-width: 150px) 100vw, 150px\" \/><\/a>\n\t\t\t<\/div><\/figure><figure class='gallery-item'>\n\t\t\t<div class='gallery-icon landscape'>\n\t\t\t\t<a href='https:\/\/www.revoila.fr\/?attachment_id=5144'><img loading=\"lazy\" decoding=\"async\" width=\"150\" height=\"150\" src=\"https:\/\/www.revoila.fr\/wp-content\/uploads\/2020\/11\/Secretaire-SAM-vintage-150x150.jpeg\" class=\"attachment-thumbnail size-thumbnail\" alt=\"\" srcset=\"https:\/\/www.revoila.fr\/wp-content\/uploads\/2020\/11\/Secretaire-SAM-vintage-150x150.jpeg 150w, https:\/\/www.revoila.fr\/wp-content\/uploads\/2020\/11\/Secretaire-SAM-vintage-300x300.jpeg 300w, https:\/\/www.revoila.fr\/wp-content\/uploads\/2020\/11\/Secretaire-SAM-vintage-1024x1024.jpeg 1024w, https:\/\/www.revoila.fr\/wp-content\/uploads\/2020\/11\/Secretaire-SAM-vintage-768x768.jpeg 768w, https:\/\/www.revoila.fr\/wp-content\/uploads\/2020\/11\/Secretaire-SAM-vintage-800x800.jpeg 800w, https:\/\/www.revoila.fr\/wp-content\/uploads\/2020\/11\/Secretaire-SAM-vintage-100x100.jpeg 100w, https:\/\/www.revoila.fr\/wp-content\/uploads\/2020\/11\/Secretaire-SAM-vintage.jpeg 1366w\" sizes=\"auto, (max-width: 150px) 100vw, 150px\" \/><\/a>\n\t\t\t<\/div><\/figure><figure class='gallery-item'>\n\t\t\t<div class='gallery-icon portrait'>\n\t\t\t\t<a href='https:\/\/www.revoila.fr\/?attachment_id=5142'><img loading=\"lazy\" decoding=\"async\" width=\"150\" height=\"150\" src=\"https:\/\/www.revoila.fr\/wp-content\/uploads\/2020\/11\/Secretaire-1950-SAM-Demi-sie\u0300cle-150x150.jpeg\" class=\"attachment-thumbnail size-thumbnail\" alt=\"\" srcset=\"https:\/\/www.revoila.fr\/wp-content\/uploads\/2020\/11\/Secretaire-1950-SAM-Demi-sie\u0300cle-150x150.jpeg 150w, https:\/\/www.revoila.fr\/wp-content\/uploads\/2020\/11\/Secretaire-1950-SAM-Demi-sie\u0300cle-300x300.jpeg 300w, https:\/\/www.revoila.fr\/wp-content\/uploads\/2020\/11\/Secretaire-1950-SAM-Demi-sie\u0300cle-1024x1024.jpeg 1024w, https:\/\/www.revoila.fr\/wp-content\/uploads\/2020\/11\/Secretaire-1950-SAM-Demi-sie\u0300cle-768x769.jpeg 768w, https:\/\/www.revoila.fr\/wp-content\/uploads\/2020\/11\/Secretaire-1950-SAM-Demi-sie\u0300cle-800x801.jpeg 800w, https:\/\/www.revoila.fr\/wp-content\/uploads\/2020\/11\/Secretaire-1950-SAM-Demi-sie\u0300cle-100x100.jpeg 100w, https:\/\/www.revoila.fr\/wp-content\/uploads\/2020\/11\/Secretaire-1950-SAM-Demi-sie\u0300cle.jpeg 1365w\" sizes=\"auto, (max-width: 150px) 100vw, 150px\" \/><\/a>\n\t\t\t<\/div><\/figure><figure class='gallery-item'>\n\t\t\t<div class='gallery-icon landscape'>\n\t\t\t\t<a href='https:\/\/www.revoila.fr\/?attachment_id=5138'><img loading=\"lazy\" decoding=\"async\" width=\"150\" height=\"150\" src=\"https:\/\/www.revoila.fr\/wp-content\/uploads\/2020\/11\/IMG_20201106_142147-01-150x150.jpeg\" class=\"attachment-thumbnail size-thumbnail\" alt=\"\" srcset=\"https:\/\/www.revoila.fr\/wp-content\/uploads\/2020\/11\/IMG_20201106_142147-01-150x150.jpeg 150w, https:\/\/www.revoila.fr\/wp-content\/uploads\/2020\/11\/IMG_20201106_142147-01-300x300.jpeg 300w, https:\/\/www.revoila.fr\/wp-content\/uploads\/2020\/11\/IMG_20201106_142147-01-1024x1024.jpeg 1024w, https:\/\/www.revoila.fr\/wp-content\/uploads\/2020\/11\/IMG_20201106_142147-01-768x767.jpeg 768w, https:\/\/www.revoila.fr\/wp-content\/uploads\/2020\/11\/IMG_20201106_142147-01-800x799.jpeg 800w, https:\/\/www.revoila.fr\/wp-content\/uploads\/2020\/11\/IMG_20201106_142147-01-100x100.jpeg 100w, https:\/\/www.revoila.fr\/wp-content\/uploads\/2020\/11\/IMG_20201106_142147-01.jpeg 1366w\" sizes=\"auto, (max-width: 150px) 100vw, 150px\" \/><\/a>\n\t\t\t<\/div><\/figure><figure class='gallery-item'>\n\t\t\t<div class='gallery-icon landscape'>\n\t\t\t\t<a href='https:\/\/www.revoila.fr\/?attachment_id=5137'><img loading=\"lazy\" decoding=\"async\" width=\"150\" height=\"150\" src=\"https:\/\/www.revoila.fr\/wp-content\/uploads\/2020\/11\/IMG_20201106_141915-01-150x150.jpeg\" class=\"attachment-thumbnail size-thumbnail\" alt=\"\" srcset=\"https:\/\/www.revoila.fr\/wp-content\/uploads\/2020\/11\/IMG_20201106_141915-01-150x150.jpeg 150w, https:\/\/www.revoila.fr\/wp-content\/uploads\/2020\/11\/IMG_20201106_141915-01-300x300.jpeg 300w, https:\/\/www.revoila.fr\/wp-content\/uploads\/2020\/11\/IMG_20201106_141915-01-1024x1024.jpeg 1024w, https:\/\/www.revoila.fr\/wp-content\/uploads\/2020\/11\/IMG_20201106_141915-01-768x767.jpeg 768w, https:\/\/www.revoila.fr\/wp-content\/uploads\/2020\/11\/IMG_20201106_141915-01-800x799.jpeg 800w, https:\/\/www.revoila.fr\/wp-content\/uploads\/2020\/11\/IMG_20201106_141915-01-100x100.jpeg 100w, https:\/\/www.revoila.fr\/wp-content\/uploads\/2020\/11\/IMG_20201106_141915-01.jpeg 1366w\" sizes=\"auto, (max-width: 150px) 100vw, 150px\" \/><\/a>\n\t\t\t<\/div><\/figure><figure class='gallery-item'>\n\t\t\t<div class='gallery-icon landscape'>\n\t\t\t\t<a href='https:\/\/www.revoila.fr\/?attachment_id=5135'><img loading=\"lazy\" decoding=\"async\" width=\"150\" height=\"150\" src=\"https:\/\/www.revoila.fr\/wp-content\/uploads\/2020\/11\/IMG_20201106_141656-01-150x150.jpeg\" class=\"attachment-thumbnail size-thumbnail\" alt=\"\" srcset=\"https:\/\/www.revoila.fr\/wp-content\/uploads\/2020\/11\/IMG_20201106_141656-01-150x150.jpeg 150w, https:\/\/www.revoila.fr\/wp-content\/uploads\/2020\/11\/IMG_20201106_141656-01-300x300.jpeg 300w, https:\/\/www.revoila.fr\/wp-content\/uploads\/2020\/11\/IMG_20201106_141656-01-1024x1024.jpeg 1024w, https:\/\/www.revoila.fr\/wp-content\/uploads\/2020\/11\/IMG_20201106_141656-01-768x768.jpeg 768w, https:\/\/www.revoila.fr\/wp-content\/uploads\/2020\/11\/IMG_20201106_141656-01-800x800.jpeg 800w, https:\/\/www.revoila.fr\/wp-content\/uploads\/2020\/11\/IMG_20201106_141656-01-100x100.jpeg 100w, https:\/\/www.revoila.fr\/wp-content\/uploads\/2020\/11\/IMG_20201106_141656-01.jpeg 1366w\" sizes=\"auto, (max-width: 150px) 100vw, 150px\" \/><\/a>\n\t\t\t<\/div><\/figure><figure class='gallery-item'>\n\t\t\t<div class='gallery-icon landscape'>\n\t\t\t\t<a href='https:\/\/www.revoila.fr\/?attachment_id=5136'><img loading=\"lazy\" decoding=\"async\" width=\"150\" height=\"150\" src=\"https:\/\/www.revoila.fr\/wp-content\/uploads\/2020\/11\/IMG_20201106_141729-01-150x150.jpeg\" class=\"attachment-thumbnail size-thumbnail\" alt=\"\" srcset=\"https:\/\/www.revoila.fr\/wp-content\/uploads\/2020\/11\/IMG_20201106_141729-01-150x150.jpeg 150w, https:\/\/www.revoila.fr\/wp-content\/uploads\/2020\/11\/IMG_20201106_141729-01-300x300.jpeg 300w, https:\/\/www.revoila.fr\/wp-content\/uploads\/2020\/11\/IMG_20201106_141729-01-1024x1024.jpeg 1024w, https:\/\/www.revoila.fr\/wp-content\/uploads\/2020\/11\/IMG_20201106_141729-01-768x767.jpeg 768w, https:\/\/www.revoila.fr\/wp-content\/uploads\/2020\/11\/IMG_20201106_141729-01-800x799.jpeg 800w, https:\/\/www.revoila.fr\/wp-content\/uploads\/2020\/11\/IMG_20201106_141729-01-100x100.jpeg 100w, https:\/\/www.revoila.fr\/wp-content\/uploads\/2020\/11\/IMG_20201106_141729-01.jpeg 1366w\" sizes=\"auto, (max-width: 150px) 100vw, 150px\" \/><\/a>\n\t\t\t<\/div><\/figure><figure class='gallery-item'>\n\t\t\t<div class='gallery-icon landscape'>\n\t\t\t\t<a href='https:\/\/www.revoila.fr\/?attachment_id=5140'><img loading=\"lazy\" decoding=\"async\" width=\"150\" height=\"150\" src=\"https:\/\/www.revoila.fr\/wp-content\/uploads\/2020\/11\/IMG_20201106_142427-01-150x150.jpeg\" class=\"attachment-thumbnail size-thumbnail\" alt=\"\" srcset=\"https:\/\/www.revoila.fr\/wp-content\/uploads\/2020\/11\/IMG_20201106_142427-01-150x150.jpeg 150w, https:\/\/www.revoila.fr\/wp-content\/uploads\/2020\/11\/IMG_20201106_142427-01-300x300.jpeg 300w, https:\/\/www.revoila.fr\/wp-content\/uploads\/2020\/11\/IMG_20201106_142427-01-1024x1024.jpeg 1024w, https:\/\/www.revoila.fr\/wp-content\/uploads\/2020\/11\/IMG_20201106_142427-01-768x767.jpeg 768w, https:\/\/www.revoila.fr\/wp-content\/uploads\/2020\/11\/IMG_20201106_142427-01-800x799.jpeg 800w, https:\/\/www.revoila.fr\/wp-content\/uploads\/2020\/11\/IMG_20201106_142427-01-100x100.jpeg 100w, https:\/\/www.revoila.fr\/wp-content\/uploads\/2020\/11\/IMG_20201106_142427-01.jpeg 1366w\" sizes=\"auto, (max-width: 150px) 100vw, 150px\" \/><\/a>\n\t\t\t<\/div><\/figure><figure class='gallery-item'>\n\t\t\t<div class='gallery-icon landscape'>\n\t\t\t\t<a href='https:\/\/www.revoila.fr\/?attachment_id=5139'><img loading=\"lazy\" decoding=\"async\" width=\"150\" height=\"150\" src=\"https:\/\/www.revoila.fr\/wp-content\/uploads\/2020\/11\/IMG_20201106_142350-01-150x150.jpeg\" class=\"attachment-thumbnail size-thumbnail\" alt=\"\" srcset=\"https:\/\/www.revoila.fr\/wp-content\/uploads\/2020\/11\/IMG_20201106_142350-01-150x150.jpeg 150w, https:\/\/www.revoila.fr\/wp-content\/uploads\/2020\/11\/IMG_20201106_142350-01-300x300.jpeg 300w, https:\/\/www.revoila.fr\/wp-content\/uploads\/2020\/11\/IMG_20201106_142350-01-1024x1024.jpeg 1024w, https:\/\/www.revoila.fr\/wp-content\/uploads\/2020\/11\/IMG_20201106_142350-01-768x768.jpeg 768w, https:\/\/www.revoila.fr\/wp-content\/uploads\/2020\/11\/IMG_20201106_142350-01-800x800.jpeg 800w, https:\/\/www.revoila.fr\/wp-content\/uploads\/2020\/11\/IMG_20201106_142350-01-100x100.jpeg 100w, https:\/\/www.revoila.fr\/wp-content\/uploads\/2020\/11\/IMG_20201106_142350-01.jpeg 1366w\" sizes=\"auto, (max-width: 150px) 100vw, 150px\" \/><\/a>\n\t\t\t<\/div><\/figure><figure class='gallery-item'>\n\t\t\t<div class='gallery-icon landscape'>\n\t\t\t\t<a href='https:\/\/www.revoila.fr\/?attachment_id=5141'><img loading=\"lazy\" decoding=\"async\" width=\"150\" height=\"150\" src=\"https:\/\/www.revoila.fr\/wp-content\/uploads\/2020\/11\/IMG_20201106_142526-01-150x150.jpeg\" class=\"attachment-thumbnail size-thumbnail\" alt=\"\" srcset=\"https:\/\/www.revoila.fr\/wp-content\/uploads\/2020\/11\/IMG_20201106_142526-01-150x150.jpeg 150w, https:\/\/www.revoila.fr\/wp-content\/uploads\/2020\/11\/IMG_20201106_142526-01-300x300.jpeg 300w, https:\/\/www.revoila.fr\/wp-content\/uploads\/2020\/11\/IMG_20201106_142526-01-1024x1024.jpeg 1024w, https:\/\/www.revoila.fr\/wp-content\/uploads\/2020\/11\/IMG_20201106_142526-01-768x768.jpeg 768w, https:\/\/www.revoila.fr\/wp-content\/uploads\/2020\/11\/IMG_20201106_142526-01-800x800.jpeg 800w, https:\/\/www.revoila.fr\/wp-content\/uploads\/2020\/11\/IMG_20201106_142526-01-100x100.jpeg 100w, https:\/\/www.revoila.fr\/wp-content\/uploads\/2020\/11\/IMG_20201106_142526-01.jpeg 1366w\" sizes=\"auto, (max-width: 150px) 100vw, 150px\" \/><\/a>\n\t\t\t<\/div><\/figure>\n\t\t<\/div>\n\n","protected":false},"excerpt":{"rendered":"<div>\n<div>\u00ab\u00a0Production SAM des meubles \u00e0 vos mesures&#8230;. Production SAM des meubles qui durent\u00a0\u00bb disaient ils et ils ne s&rsquo;y sont pas tromp\u00e9s, cet \u00e9l\u00e9gant secr\u00e9taire en t\u00e9moigne, tout droit venu des ann\u00e9es 50, avec ses pieds compas qui lui donnent de la hauteur , ses lignes l\u00e9g\u00e8res et son design \u00e9pur\u00e9.<\/div>\n<div>Compact et peu encombrant avec sa faible profondeur de 40cm, le secr\u00e9taire S14 SAM demi-si\u00e8cle, ce meuble malin, se glissera naturellement dans votre int\u00e9rieur. Il est enti\u00e8rement d\u00e9montable comme l&rsquo;atteste la notice de montage au dos du meuble.<\/div>\n<div>Des traces d\u2019usage et des t\u00e2ches sont \u00e0 noter, cf photos, ainsi que l&rsquo;\u00e9tat du vinyle du sous main. Le meuble est stable et en bel \u00e9tat.<\/div>\n<\/div>\n<div class=\"woocommerce-product-details__short-description\">\n<div class=\"woocommerce-product-details__short-description\">\n<p>Hauteur : 144 cm \/\/\/ Largeur : 69 cm \/\/\/ Profondeur : 39 cm<\/p>\n<\/div>\n<\/div>\n","protected":false},"featured_media":5143,"comment_status":"open","ping_status":"closed","template":"","meta":[],"product_brand":[],"product_cat":[68,60,27],"product_tag":[],"class_list":{"0":"post-5146","1":"product","2":"type-product","3":"status-publish","4":"has-post-thumbnail","6":"product_cat-a-la-une","7":"product_cat-bureau","8":"product_cat-rangement","10":"first","11":"instock","12":"shipping-taxable","13":"purchasable","14":"product-type-simple"},"_links":{"self":[{"href":"https:\/\/www.revoila.fr\/index.php\/wp-json\/wp\/v2\/product\/5146","targetHints":{"allow":["GET"]}}],"collection":[{"href":"https:\/\/www.revoila.fr\/index.php\/wp-json\/wp\/v2\/product"}],"about":[{"href":"https:\/\/www.revoila.fr\/index.php\/wp-json\/wp\/v2\/types\/product"}],"replies":[{"embeddable":true,"href":"https:\/\/www.revoila.fr\/index.php\/wp-json\/wp\/v2\/comments?post=5146"}],"wp:featuredmedia":[{"embeddable":true,"href":"https:\/\/www.revoila.fr\/index.php\/wp-json\/wp\/v2\/media\/5143"}],"wp:attachment":[{"href":"https:\/\/www.revoila.fr\/index.php\/wp-json\/wp\/v2\/media?parent=5146"}],"wp:term":[{"taxonomy":"product_brand","embeddable":true,"href":"https:\/\/www.revoila.fr\/index.php\/wp-json\/wp\/v2\/product_brand?post=5146"},{"taxonomy":"product_cat","embeddable":true,"href":"https:\/\/www.revoila.fr\/index.php\/wp-json\/wp\/v2\/product_cat?post=5146"},{"taxonomy":"product_tag","embeddable":true,"href":"https:\/\/www.revoila.fr\/index.php\/wp-json\/wp\/v2\/product_tag?post=5146"}],"curies":[{"name":"wp","href":"https:\/\/api.w.org\/{rel}","templated":true}]}}