{"id":5150,"date":"2020-12-07T13:04:40","date_gmt":"2020-12-07T12:04:40","guid":{"rendered":"https:\/\/www.revoila.fr\/?post_type=product&#038;p=5150"},"modified":"2025-03-12T11:13:36","modified_gmt":"2025-03-12T10:13:36","slug":"paire-de-fauteuils-arp-steiner-modele-642","status":"publish","type":"product","link":"https:\/\/www.revoila.fr\/index.php\/produit\/paire-de-fauteuils-arp-steiner-modele-642\/","title":{"rendered":"Fauteuils ARP-STEINER mod\u00e8le 642"},"content":{"rendered":"<div id='gallery-1' class='gallery galleryid-5150 gallery-columns-8 gallery-size-thumbnail'><figure class='gallery-item'>\n\t\t\t<div class='gallery-icon landscape'>\n\t\t\t\t<a href='https:\/\/www.revoila.fr\/wp-content\/uploads\/2020\/12\/IMG_20201112_163544-01.jpeg'><img loading=\"lazy\" decoding=\"async\" width=\"150\" height=\"150\" src=\"https:\/\/www.revoila.fr\/wp-content\/uploads\/2020\/12\/IMG_20201112_163544-01-150x150.jpeg\" class=\"attachment-thumbnail size-thumbnail\" alt=\"\" srcset=\"https:\/\/www.revoila.fr\/wp-content\/uploads\/2020\/12\/IMG_20201112_163544-01-150x150.jpeg 150w, https:\/\/www.revoila.fr\/wp-content\/uploads\/2020\/12\/IMG_20201112_163544-01-300x300.jpeg 300w, https:\/\/www.revoila.fr\/wp-content\/uploads\/2020\/12\/IMG_20201112_163544-01-1024x1024.jpeg 1024w, https:\/\/www.revoila.fr\/wp-content\/uploads\/2020\/12\/IMG_20201112_163544-01-768x768.jpeg 768w, https:\/\/www.revoila.fr\/wp-content\/uploads\/2020\/12\/IMG_20201112_163544-01-800x800.jpeg 800w, https:\/\/www.revoila.fr\/wp-content\/uploads\/2020\/12\/IMG_20201112_163544-01-100x100.jpeg 100w, https:\/\/www.revoila.fr\/wp-content\/uploads\/2020\/12\/IMG_20201112_163544-01.jpeg 1366w\" sizes=\"auto, (max-width: 150px) 100vw, 150px\" \/><\/a>\n\t\t\t<\/div><\/figure><figure class='gallery-item'>\n\t\t\t<div class='gallery-icon landscape'>\n\t\t\t\t<a href='https:\/\/www.revoila.fr\/wp-content\/uploads\/2020\/12\/IMG_20201112_164108-01.jpeg'><img loading=\"lazy\" decoding=\"async\" width=\"150\" height=\"150\" src=\"https:\/\/www.revoila.fr\/wp-content\/uploads\/2020\/12\/IMG_20201112_164108-01-150x150.jpeg\" class=\"attachment-thumbnail size-thumbnail\" alt=\"\" srcset=\"https:\/\/www.revoila.fr\/wp-content\/uploads\/2020\/12\/IMG_20201112_164108-01-150x150.jpeg 150w, https:\/\/www.revoila.fr\/wp-content\/uploads\/2020\/12\/IMG_20201112_164108-01-300x300.jpeg 300w, https:\/\/www.revoila.fr\/wp-content\/uploads\/2020\/12\/IMG_20201112_164108-01-1024x1024.jpeg 1024w, https:\/\/www.revoila.fr\/wp-content\/uploads\/2020\/12\/IMG_20201112_164108-01-768x768.jpeg 768w, https:\/\/www.revoila.fr\/wp-content\/uploads\/2020\/12\/IMG_20201112_164108-01-800x800.jpeg 800w, https:\/\/www.revoila.fr\/wp-content\/uploads\/2020\/12\/IMG_20201112_164108-01-100x100.jpeg 100w, https:\/\/www.revoila.fr\/wp-content\/uploads\/2020\/12\/IMG_20201112_164108-01.jpeg 1366w\" sizes=\"auto, (max-width: 150px) 100vw, 150px\" \/><\/a>\n\t\t\t<\/div><\/figure><figure class='gallery-item'>\n\t\t\t<div class='gallery-icon landscape'>\n\t\t\t\t<a href='https:\/\/www.revoila.fr\/wp-content\/uploads\/2020\/12\/IMG_20201112_164847-01.jpeg'><img loading=\"lazy\" decoding=\"async\" width=\"150\" height=\"150\" src=\"https:\/\/www.revoila.fr\/wp-content\/uploads\/2020\/12\/IMG_20201112_164847-01-150x150.jpeg\" class=\"attachment-thumbnail size-thumbnail\" alt=\"\" srcset=\"https:\/\/www.revoila.fr\/wp-content\/uploads\/2020\/12\/IMG_20201112_164847-01-150x150.jpeg 150w, https:\/\/www.revoila.fr\/wp-content\/uploads\/2020\/12\/IMG_20201112_164847-01-300x300.jpeg 300w, https:\/\/www.revoila.fr\/wp-content\/uploads\/2020\/12\/IMG_20201112_164847-01-1024x1024.jpeg 1024w, https:\/\/www.revoila.fr\/wp-content\/uploads\/2020\/12\/IMG_20201112_164847-01-768x768.jpeg 768w, https:\/\/www.revoila.fr\/wp-content\/uploads\/2020\/12\/IMG_20201112_164847-01-800x800.jpeg 800w, https:\/\/www.revoila.fr\/wp-content\/uploads\/2020\/12\/IMG_20201112_164847-01-100x100.jpeg 100w, https:\/\/www.revoila.fr\/wp-content\/uploads\/2020\/12\/IMG_20201112_164847-01.jpeg 1366w\" sizes=\"auto, (max-width: 150px) 100vw, 150px\" \/><\/a>\n\t\t\t<\/div><\/figure><figure class='gallery-item'>\n\t\t\t<div class='gallery-icon landscape'>\n\t\t\t\t<a href='https:\/\/www.revoila.fr\/wp-content\/uploads\/2020\/12\/IMG_20201112_164400-01.jpeg'><img loading=\"lazy\" decoding=\"async\" width=\"150\" height=\"150\" src=\"https:\/\/www.revoila.fr\/wp-content\/uploads\/2020\/12\/IMG_20201112_164400-01-150x150.jpeg\" class=\"attachment-thumbnail size-thumbnail\" alt=\"\" srcset=\"https:\/\/www.revoila.fr\/wp-content\/uploads\/2020\/12\/IMG_20201112_164400-01-150x150.jpeg 150w, https:\/\/www.revoila.fr\/wp-content\/uploads\/2020\/12\/IMG_20201112_164400-01-300x300.jpeg 300w, https:\/\/www.revoila.fr\/wp-content\/uploads\/2020\/12\/IMG_20201112_164400-01-1024x1024.jpeg 1024w, https:\/\/www.revoila.fr\/wp-content\/uploads\/2020\/12\/IMG_20201112_164400-01-768x768.jpeg 768w, https:\/\/www.revoila.fr\/wp-content\/uploads\/2020\/12\/IMG_20201112_164400-01-800x800.jpeg 800w, https:\/\/www.revoila.fr\/wp-content\/uploads\/2020\/12\/IMG_20201112_164400-01-100x100.jpeg 100w, https:\/\/www.revoila.fr\/wp-content\/uploads\/2020\/12\/IMG_20201112_164400-01.jpeg 1366w\" sizes=\"auto, (max-width: 150px) 100vw, 150px\" \/><\/a>\n\t\t\t<\/div><\/figure><figure class='gallery-item'>\n\t\t\t<div class='gallery-icon landscape'>\n\t\t\t\t<a href='https:\/\/www.revoila.fr\/wp-content\/uploads\/2020\/12\/IMG_20201112_164515-01.jpeg'><img loading=\"lazy\" decoding=\"async\" width=\"150\" height=\"150\" src=\"https:\/\/www.revoila.fr\/wp-content\/uploads\/2020\/12\/IMG_20201112_164515-01-150x150.jpeg\" class=\"attachment-thumbnail size-thumbnail\" alt=\"\" srcset=\"https:\/\/www.revoila.fr\/wp-content\/uploads\/2020\/12\/IMG_20201112_164515-01-150x150.jpeg 150w, https:\/\/www.revoila.fr\/wp-content\/uploads\/2020\/12\/IMG_20201112_164515-01-300x300.jpeg 300w, https:\/\/www.revoila.fr\/wp-content\/uploads\/2020\/12\/IMG_20201112_164515-01-1024x1024.jpeg 1024w, https:\/\/www.revoila.fr\/wp-content\/uploads\/2020\/12\/IMG_20201112_164515-01-768x768.jpeg 768w, https:\/\/www.revoila.fr\/wp-content\/uploads\/2020\/12\/IMG_20201112_164515-01-800x800.jpeg 800w, https:\/\/www.revoila.fr\/wp-content\/uploads\/2020\/12\/IMG_20201112_164515-01-100x100.jpeg 100w, https:\/\/www.revoila.fr\/wp-content\/uploads\/2020\/12\/IMG_20201112_164515-01.jpeg 1366w\" sizes=\"auto, (max-width: 150px) 100vw, 150px\" \/><\/a>\n\t\t\t<\/div><\/figure><figure class='gallery-item'>\n\t\t\t<div class='gallery-icon landscape'>\n\t\t\t\t<a href='https:\/\/www.revoila.fr\/wp-content\/uploads\/2020\/12\/IMG_20201112_164558-01.jpeg'><img loading=\"lazy\" decoding=\"async\" width=\"150\" height=\"150\" src=\"https:\/\/www.revoila.fr\/wp-content\/uploads\/2020\/12\/IMG_20201112_164558-01-150x150.jpeg\" class=\"attachment-thumbnail size-thumbnail\" alt=\"\" srcset=\"https:\/\/www.revoila.fr\/wp-content\/uploads\/2020\/12\/IMG_20201112_164558-01-150x150.jpeg 150w, https:\/\/www.revoila.fr\/wp-content\/uploads\/2020\/12\/IMG_20201112_164558-01-300x300.jpeg 300w, https:\/\/www.revoila.fr\/wp-content\/uploads\/2020\/12\/IMG_20201112_164558-01-1024x1024.jpeg 1024w, https:\/\/www.revoila.fr\/wp-content\/uploads\/2020\/12\/IMG_20201112_164558-01-768x768.jpeg 768w, https:\/\/www.revoila.fr\/wp-content\/uploads\/2020\/12\/IMG_20201112_164558-01-800x800.jpeg 800w, https:\/\/www.revoila.fr\/wp-content\/uploads\/2020\/12\/IMG_20201112_164558-01-100x100.jpeg 100w, https:\/\/www.revoila.fr\/wp-content\/uploads\/2020\/12\/IMG_20201112_164558-01.jpeg 1366w\" sizes=\"auto, (max-width: 150px) 100vw, 150px\" \/><\/a>\n\t\t\t<\/div><\/figure><figure class='gallery-item'>\n\t\t\t<div class='gallery-icon landscape'>\n\t\t\t\t<a href='https:\/\/www.revoila.fr\/wp-content\/uploads\/2020\/12\/IMG_20201112_164422-01.jpeg'><img loading=\"lazy\" decoding=\"async\" width=\"150\" height=\"150\" src=\"https:\/\/www.revoila.fr\/wp-content\/uploads\/2020\/12\/IMG_20201112_164422-01-150x150.jpeg\" class=\"attachment-thumbnail size-thumbnail\" alt=\"\" srcset=\"https:\/\/www.revoila.fr\/wp-content\/uploads\/2020\/12\/IMG_20201112_164422-01-150x150.jpeg 150w, https:\/\/www.revoila.fr\/wp-content\/uploads\/2020\/12\/IMG_20201112_164422-01-300x300.jpeg 300w, https:\/\/www.revoila.fr\/wp-content\/uploads\/2020\/12\/IMG_20201112_164422-01-1024x1024.jpeg 1024w, https:\/\/www.revoila.fr\/wp-content\/uploads\/2020\/12\/IMG_20201112_164422-01-768x768.jpeg 768w, https:\/\/www.revoila.fr\/wp-content\/uploads\/2020\/12\/IMG_20201112_164422-01-800x800.jpeg 800w, https:\/\/www.revoila.fr\/wp-content\/uploads\/2020\/12\/IMG_20201112_164422-01-100x100.jpeg 100w, https:\/\/www.revoila.fr\/wp-content\/uploads\/2020\/12\/IMG_20201112_164422-01.jpeg 1366w\" sizes=\"auto, (max-width: 150px) 100vw, 150px\" \/><\/a>\n\t\t\t<\/div><\/figure><figure class='gallery-item'>\n\t\t\t<div class='gallery-icon landscape'>\n\t\t\t\t<a href='https:\/\/www.revoila.fr\/wp-content\/uploads\/2020\/12\/IMG_20201112_164648-01.jpeg'><img loading=\"lazy\" decoding=\"async\" width=\"150\" height=\"150\" src=\"https:\/\/www.revoila.fr\/wp-content\/uploads\/2020\/12\/IMG_20201112_164648-01-150x150.jpeg\" class=\"attachment-thumbnail size-thumbnail\" alt=\"\" srcset=\"https:\/\/www.revoila.fr\/wp-content\/uploads\/2020\/12\/IMG_20201112_164648-01-150x150.jpeg 150w, https:\/\/www.revoila.fr\/wp-content\/uploads\/2020\/12\/IMG_20201112_164648-01-300x300.jpeg 300w, https:\/\/www.revoila.fr\/wp-content\/uploads\/2020\/12\/IMG_20201112_164648-01-1024x1024.jpeg 1024w, https:\/\/www.revoila.fr\/wp-content\/uploads\/2020\/12\/IMG_20201112_164648-01-768x768.jpeg 768w, https:\/\/www.revoila.fr\/wp-content\/uploads\/2020\/12\/IMG_20201112_164648-01-800x800.jpeg 800w, https:\/\/www.revoila.fr\/wp-content\/uploads\/2020\/12\/IMG_20201112_164648-01-100x100.jpeg 100w, https:\/\/www.revoila.fr\/wp-content\/uploads\/2020\/12\/IMG_20201112_164648-01.jpeg 1366w\" sizes=\"auto, (max-width: 150px) 100vw, 150px\" \/><\/a>\n\t\t\t<\/div><\/figure><figure class='gallery-item'>\n\t\t\t<div class='gallery-icon landscape'>\n\t\t\t\t<a href='https:\/\/www.revoila.fr\/wp-content\/uploads\/2020\/12\/IMG_20201112_162555-01.jpeg'><img loading=\"lazy\" decoding=\"async\" width=\"150\" height=\"150\" src=\"https:\/\/www.revoila.fr\/wp-content\/uploads\/2020\/12\/IMG_20201112_162555-01-150x150.jpeg\" class=\"attachment-thumbnail size-thumbnail\" alt=\"\" srcset=\"https:\/\/www.revoila.fr\/wp-content\/uploads\/2020\/12\/IMG_20201112_162555-01-150x150.jpeg 150w, https:\/\/www.revoila.fr\/wp-content\/uploads\/2020\/12\/IMG_20201112_162555-01-300x300.jpeg 300w, https:\/\/www.revoila.fr\/wp-content\/uploads\/2020\/12\/IMG_20201112_162555-01-1024x1024.jpeg 1024w, https:\/\/www.revoila.fr\/wp-content\/uploads\/2020\/12\/IMG_20201112_162555-01-768x768.jpeg 768w, https:\/\/www.revoila.fr\/wp-content\/uploads\/2020\/12\/IMG_20201112_162555-01-800x800.jpeg 800w, https:\/\/www.revoila.fr\/wp-content\/uploads\/2020\/12\/IMG_20201112_162555-01-100x100.jpeg 100w, https:\/\/www.revoila.fr\/wp-content\/uploads\/2020\/12\/IMG_20201112_162555-01.jpeg 1366w\" sizes=\"auto, (max-width: 150px) 100vw, 150px\" \/><\/a>\n\t\t\t<\/div><\/figure><figure class='gallery-item'>\n\t\t\t<div class='gallery-icon landscape'>\n\t\t\t\t<a href='https:\/\/www.revoila.fr\/wp-content\/uploads\/2020\/12\/IMG_20201112_165046-01.jpeg'><img loading=\"lazy\" decoding=\"async\" width=\"150\" height=\"150\" src=\"https:\/\/www.revoila.fr\/wp-content\/uploads\/2020\/12\/IMG_20201112_165046-01-150x150.jpeg\" class=\"attachment-thumbnail size-thumbnail\" alt=\"\" srcset=\"https:\/\/www.revoila.fr\/wp-content\/uploads\/2020\/12\/IMG_20201112_165046-01-150x150.jpeg 150w, https:\/\/www.revoila.fr\/wp-content\/uploads\/2020\/12\/IMG_20201112_165046-01-300x300.jpeg 300w, https:\/\/www.revoila.fr\/wp-content\/uploads\/2020\/12\/IMG_20201112_165046-01-1024x1024.jpeg 1024w, https:\/\/www.revoila.fr\/wp-content\/uploads\/2020\/12\/IMG_20201112_165046-01-768x768.jpeg 768w, https:\/\/www.revoila.fr\/wp-content\/uploads\/2020\/12\/IMG_20201112_165046-01-800x800.jpeg 800w, https:\/\/www.revoila.fr\/wp-content\/uploads\/2020\/12\/IMG_20201112_165046-01-100x100.jpeg 100w, https:\/\/www.revoila.fr\/wp-content\/uploads\/2020\/12\/IMG_20201112_165046-01.jpeg 1366w\" sizes=\"auto, (max-width: 150px) 100vw, 150px\" \/><\/a>\n\t\t\t<\/div><\/figure><figure class='gallery-item'>\n\t\t\t<div class='gallery-icon landscape'>\n\t\t\t\t<a href='https:\/\/www.revoila.fr\/wp-content\/uploads\/2020\/12\/IMG_20201112_162605-01.jpeg'><img loading=\"lazy\" decoding=\"async\" width=\"150\" height=\"150\" src=\"https:\/\/www.revoila.fr\/wp-content\/uploads\/2020\/12\/IMG_20201112_162605-01-150x150.jpeg\" class=\"attachment-thumbnail size-thumbnail\" alt=\"\" srcset=\"https:\/\/www.revoila.fr\/wp-content\/uploads\/2020\/12\/IMG_20201112_162605-01-150x150.jpeg 150w, https:\/\/www.revoila.fr\/wp-content\/uploads\/2020\/12\/IMG_20201112_162605-01-300x300.jpeg 300w, https:\/\/www.revoila.fr\/wp-content\/uploads\/2020\/12\/IMG_20201112_162605-01-1024x1024.jpeg 1024w, https:\/\/www.revoila.fr\/wp-content\/uploads\/2020\/12\/IMG_20201112_162605-01-768x768.jpeg 768w, https:\/\/www.revoila.fr\/wp-content\/uploads\/2020\/12\/IMG_20201112_162605-01-800x800.jpeg 800w, https:\/\/www.revoila.fr\/wp-content\/uploads\/2020\/12\/IMG_20201112_162605-01-100x100.jpeg 100w, https:\/\/www.revoila.fr\/wp-content\/uploads\/2020\/12\/IMG_20201112_162605-01.jpeg 1366w\" sizes=\"auto, (max-width: 150px) 100vw, 150px\" \/><\/a>\n\t\t\t<\/div><\/figure>\n\t\t<\/div>\n\n","protected":false},"excerpt":{"rendered":"<div>Paire de fauteuils ARP (Atelier de Recherche Plastique: Guariche, Mortier et Motte) Mod\u00e8le \u00ab\u00a0642\u00a0\u00bb \u00e9dition: STEINER dans les ann\u00e9es 50. Ossature bois sur pi\u00e8tement m\u00e9tallique laqu\u00e9 noir de section carr\u00e9e. Tout est d&rsquo;origine ce qui implique que les sangles caoutchouc sont fatigu\u00e9es (voir m\u00eame plus op\u00e9rationnelles pour un des fauteuils) et que la mousse des assises s&rsquo;effrite. Le rev\u00eatement laine bouloche un peu au niveau des accoudoirs mais conserve quand m\u00eame un bel aspect. Ne d\u00e9sirant pas les d\u00e9naturer, les fauteuils sont rest\u00e9s en l&rsquo;\u00e9tat afin de ne pas alt\u00e9rer leur originalit\u00e9.<\/div>\n<div>\n<div class=\"woocommerce-product-details__short-description\">\n<p>Hauteur : 88 cm \/\/\/ Largeur : 69 cm \/\/\/ Profondeur : 80 cm<\/p>\n<div id=\"gallery-2\" class=\"gallery galleryid-530 gallery-columns-4 gallery-size-thumbnail\"><\/div>\n<div id=\"gallery-2\" class=\"gallery galleryid-529 gallery-columns-4 gallery-size-thumbnail\"><\/div>\n<\/div>\n<form class=\"cart\" action=\"https:\/\/www.revoila.fr\/index.php\/produit\/rocking-chair-annees-60\/\" enctype=\"multipart\/form-data\" method=\"post\">\n<div class=\"quantity hidden\"><\/div>\n<\/form>\n<\/div>\n<div class=\"woocommerce-product-details__short-description\">\n<p>&nbsp;<\/p>\n<div id=\"gallery-2\" class=\"gallery galleryid-1411 gallery-columns-4 gallery-size-thumbnail\"><\/div>\n<\/div>\n<form class=\"cart\" action=\"https:\/\/www.revoila.fr\/NEW\/index.php\/produit\/armoire-design-scandinave\/\" enctype=\"multipart\/form-data\" method=\"post\">\n<div class=\"quantity\"><\/div>\n<\/form>\n<div id=\"gallery-2\" class=\"gallery galleryid-317 gallery-columns-4 gallery-size-thumbnail\"><\/div>\n","protected":false},"featured_media":5153,"comment_status":"open","ping_status":"closed","template":"","meta":[],"product_brand":[],"product_cat":[32,50],"product_tag":[29,65],"class_list":{"0":"post-5150","1":"product","2":"type-product","3":"status-publish","4":"has-post-thumbnail","6":"product_cat-fauteuil","7":"product_cat-vendu","8":"product_tag-decoration-vintage","9":"product_tag-selection","11":"first","12":"outofstock","13":"sold-individually","14":"shipping-taxable","15":"product-type-simple"},"_links":{"self":[{"href":"https:\/\/www.revoila.fr\/index.php\/wp-json\/wp\/v2\/product\/5150","targetHints":{"allow":["GET"]}}],"collection":[{"href":"https:\/\/www.revoila.fr\/index.php\/wp-json\/wp\/v2\/product"}],"about":[{"href":"https:\/\/www.revoila.fr\/index.php\/wp-json\/wp\/v2\/types\/product"}],"replies":[{"embeddable":true,"href":"https:\/\/www.revoila.fr\/index.php\/wp-json\/wp\/v2\/comments?post=5150"}],"wp:featuredmedia":[{"embeddable":true,"href":"https:\/\/www.revoila.fr\/index.php\/wp-json\/wp\/v2\/media\/5153"}],"wp:attachment":[{"href":"https:\/\/www.revoila.fr\/index.php\/wp-json\/wp\/v2\/media?parent=5150"}],"wp:term":[{"taxonomy":"product_brand","embeddable":true,"href":"https:\/\/www.revoila.fr\/index.php\/wp-json\/wp\/v2\/product_brand?post=5150"},{"taxonomy":"product_cat","embeddable":true,"href":"https:\/\/www.revoila.fr\/index.php\/wp-json\/wp\/v2\/product_cat?post=5150"},{"taxonomy":"product_tag","embeddable":true,"href":"https:\/\/www.revoila.fr\/index.php\/wp-json\/wp\/v2\/product_tag?post=5150"}],"curies":[{"name":"wp","href":"https:\/\/api.w.org\/{rel}","templated":true}]}}