{"id":5548,"date":"2021-01-14T19:27:44","date_gmt":"2021-01-14T18:27:44","guid":{"rendered":"https:\/\/www.revoila.fr\/?post_type=product&#038;p=5548"},"modified":"2026-04-20T17:05:23","modified_gmt":"2026-04-20T15:05:23","slug":"rocking-chair-annees-60","status":"publish","type":"product","link":"https:\/\/www.revoila.fr\/index.php\/produit\/rocking-chair-annees-60\/","title":{"rendered":"Rocking Chair ann\u00e9es 60"},"content":{"rendered":"<div id='gallery-1' class='gallery galleryid-5548 gallery-columns-9 gallery-size-thumbnail'><figure class='gallery-item'>\n\t\t\t<div class='gallery-icon landscape'>\n\t\t\t\t<a href='https:\/\/www.revoila.fr\/wp-content\/uploads\/2021\/01\/IMG_20201112_145237-01.jpeg'><img loading=\"lazy\" decoding=\"async\" width=\"150\" height=\"150\" src=\"https:\/\/www.revoila.fr\/wp-content\/uploads\/2021\/01\/IMG_20201112_145237-01-150x150.jpeg\" class=\"attachment-thumbnail size-thumbnail\" alt=\"\" aria-describedby=\"gallery-1-5549\" srcset=\"https:\/\/www.revoila.fr\/wp-content\/uploads\/2021\/01\/IMG_20201112_145237-01-150x150.jpeg 150w, https:\/\/www.revoila.fr\/wp-content\/uploads\/2021\/01\/IMG_20201112_145237-01-300x300.jpeg 300w, https:\/\/www.revoila.fr\/wp-content\/uploads\/2021\/01\/IMG_20201112_145237-01-1024x1024.jpeg 1024w, https:\/\/www.revoila.fr\/wp-content\/uploads\/2021\/01\/IMG_20201112_145237-01-768x768.jpeg 768w, https:\/\/www.revoila.fr\/wp-content\/uploads\/2021\/01\/IMG_20201112_145237-01-800x800.jpeg 800w, https:\/\/www.revoila.fr\/wp-content\/uploads\/2021\/01\/IMG_20201112_145237-01-100x100.jpeg 100w, https:\/\/www.revoila.fr\/wp-content\/uploads\/2021\/01\/IMG_20201112_145237-01.jpeg 1366w\" sizes=\"auto, (max-width: 150px) 100vw, 150px\" \/><\/a>\n\t\t\t<\/div>\n\t\t\t\t<figcaption class='wp-caption-text gallery-caption' id='gallery-1-5549'>\n\t\t\t\trocking chair 1960 face\n\t\t\t\t<\/figcaption><\/figure><figure class='gallery-item'>\n\t\t\t<div class='gallery-icon landscape'>\n\t\t\t\t<a href='https:\/\/www.revoila.fr\/wp-content\/uploads\/2021\/01\/IMG_20201112_145421-01.jpeg'><img loading=\"lazy\" decoding=\"async\" width=\"150\" height=\"150\" src=\"https:\/\/www.revoila.fr\/wp-content\/uploads\/2021\/01\/IMG_20201112_145421-01-150x150.jpeg\" class=\"attachment-thumbnail size-thumbnail\" alt=\"\" aria-describedby=\"gallery-1-5550\" srcset=\"https:\/\/www.revoila.fr\/wp-content\/uploads\/2021\/01\/IMG_20201112_145421-01-150x150.jpeg 150w, https:\/\/www.revoila.fr\/wp-content\/uploads\/2021\/01\/IMG_20201112_145421-01-300x300.jpeg 300w, https:\/\/www.revoila.fr\/wp-content\/uploads\/2021\/01\/IMG_20201112_145421-01-1024x1024.jpeg 1024w, https:\/\/www.revoila.fr\/wp-content\/uploads\/2021\/01\/IMG_20201112_145421-01-768x768.jpeg 768w, https:\/\/www.revoila.fr\/wp-content\/uploads\/2021\/01\/IMG_20201112_145421-01-800x800.jpeg 800w, https:\/\/www.revoila.fr\/wp-content\/uploads\/2021\/01\/IMG_20201112_145421-01-100x100.jpeg 100w, https:\/\/www.revoila.fr\/wp-content\/uploads\/2021\/01\/IMG_20201112_145421-01.jpeg 1366w\" sizes=\"auto, (max-width: 150px) 100vw, 150px\" \/><\/a>\n\t\t\t<\/div>\n\t\t\t\t<figcaption class='wp-caption-text gallery-caption' id='gallery-1-5550'>\n\t\t\t\trocking chair 1960 profil\n\t\t\t\t<\/figcaption><\/figure><figure class='gallery-item'>\n\t\t\t<div class='gallery-icon landscape'>\n\t\t\t\t<a href='https:\/\/www.revoila.fr\/wp-content\/uploads\/2021\/01\/IMG_20201112_145451-01.jpeg'><img loading=\"lazy\" decoding=\"async\" width=\"150\" height=\"150\" src=\"https:\/\/www.revoila.fr\/wp-content\/uploads\/2021\/01\/IMG_20201112_145451-01-150x150.jpeg\" class=\"attachment-thumbnail size-thumbnail\" alt=\"\" aria-describedby=\"gallery-1-5551\" srcset=\"https:\/\/www.revoila.fr\/wp-content\/uploads\/2021\/01\/IMG_20201112_145451-01-150x150.jpeg 150w, https:\/\/www.revoila.fr\/wp-content\/uploads\/2021\/01\/IMG_20201112_145451-01-300x300.jpeg 300w, https:\/\/www.revoila.fr\/wp-content\/uploads\/2021\/01\/IMG_20201112_145451-01-1024x1024.jpeg 1024w, https:\/\/www.revoila.fr\/wp-content\/uploads\/2021\/01\/IMG_20201112_145451-01-768x768.jpeg 768w, https:\/\/www.revoila.fr\/wp-content\/uploads\/2021\/01\/IMG_20201112_145451-01-800x800.jpeg 800w, https:\/\/www.revoila.fr\/wp-content\/uploads\/2021\/01\/IMG_20201112_145451-01-100x100.jpeg 100w, https:\/\/www.revoila.fr\/wp-content\/uploads\/2021\/01\/IMG_20201112_145451-01.jpeg 1366w\" sizes=\"auto, (max-width: 150px) 100vw, 150px\" \/><\/a>\n\t\t\t<\/div>\n\t\t\t\t<figcaption class='wp-caption-text gallery-caption' id='gallery-1-5551'>\n\t\t\t\trocking chair 1960 dos\n\t\t\t\t<\/figcaption><\/figure><figure class='gallery-item'>\n\t\t\t<div class='gallery-icon landscape'>\n\t\t\t\t<a href='https:\/\/www.revoila.fr\/wp-content\/uploads\/2021\/01\/IMG_20201112_145521-01.jpeg'><img loading=\"lazy\" decoding=\"async\" width=\"150\" height=\"150\" src=\"https:\/\/www.revoila.fr\/wp-content\/uploads\/2021\/01\/IMG_20201112_145521-01-150x150.jpeg\" class=\"attachment-thumbnail size-thumbnail\" alt=\"\" aria-describedby=\"gallery-1-5552\" srcset=\"https:\/\/www.revoila.fr\/wp-content\/uploads\/2021\/01\/IMG_20201112_145521-01-150x150.jpeg 150w, https:\/\/www.revoila.fr\/wp-content\/uploads\/2021\/01\/IMG_20201112_145521-01-300x300.jpeg 300w, https:\/\/www.revoila.fr\/wp-content\/uploads\/2021\/01\/IMG_20201112_145521-01-1024x1024.jpeg 1024w, https:\/\/www.revoila.fr\/wp-content\/uploads\/2021\/01\/IMG_20201112_145521-01-768x768.jpeg 768w, https:\/\/www.revoila.fr\/wp-content\/uploads\/2021\/01\/IMG_20201112_145521-01-800x800.jpeg 800w, https:\/\/www.revoila.fr\/wp-content\/uploads\/2021\/01\/IMG_20201112_145521-01-100x100.jpeg 100w, https:\/\/www.revoila.fr\/wp-content\/uploads\/2021\/01\/IMG_20201112_145521-01.jpeg 1366w\" sizes=\"auto, (max-width: 150px) 100vw, 150px\" \/><\/a>\n\t\t\t<\/div>\n\t\t\t\t<figcaption class='wp-caption-text gallery-caption' id='gallery-1-5552'>\n\t\t\t\trocking chair 1960 profil2\n\t\t\t\t<\/figcaption><\/figure><figure class='gallery-item'>\n\t\t\t<div class='gallery-icon landscape'>\n\t\t\t\t<a href='https:\/\/www.revoila.fr\/wp-content\/uploads\/2021\/01\/IMG_20201112_145612-01.jpeg'><img loading=\"lazy\" decoding=\"async\" width=\"150\" height=\"150\" src=\"https:\/\/www.revoila.fr\/wp-content\/uploads\/2021\/01\/IMG_20201112_145612-01-150x150.jpeg\" class=\"attachment-thumbnail size-thumbnail\" alt=\"\" aria-describedby=\"gallery-1-5553\" srcset=\"https:\/\/www.revoila.fr\/wp-content\/uploads\/2021\/01\/IMG_20201112_145612-01-150x150.jpeg 150w, https:\/\/www.revoila.fr\/wp-content\/uploads\/2021\/01\/IMG_20201112_145612-01-300x300.jpeg 300w, https:\/\/www.revoila.fr\/wp-content\/uploads\/2021\/01\/IMG_20201112_145612-01-1024x1024.jpeg 1024w, https:\/\/www.revoila.fr\/wp-content\/uploads\/2021\/01\/IMG_20201112_145612-01-768x768.jpeg 768w, https:\/\/www.revoila.fr\/wp-content\/uploads\/2021\/01\/IMG_20201112_145612-01-800x800.jpeg 800w, https:\/\/www.revoila.fr\/wp-content\/uploads\/2021\/01\/IMG_20201112_145612-01-100x100.jpeg 100w, https:\/\/www.revoila.fr\/wp-content\/uploads\/2021\/01\/IMG_20201112_145612-01.jpeg 1366w\" sizes=\"auto, (max-width: 150px) 100vw, 150px\" \/><\/a>\n\t\t\t<\/div>\n\t\t\t\t<figcaption class='wp-caption-text gallery-caption' id='gallery-1-5553'>\n\t\t\t\trocking chair 1960 3\/4\n\t\t\t\t<\/figcaption><\/figure>\n\t\t<\/div>\n\n","protected":false},"excerpt":{"rendered":"<p>Rocking chair des ann\u00e9es 60. En plus d&rsquo;\u00eatre joli et d&rsquo;inviter \u00e0 la d\u00e9tente, il est tr\u00e8s confortable. De couleur blanche avec des touches de bleu, il reste discret mais accentuera le style vintage scandinave que vous souhaitez donner \u00e0 votre d\u00e9coration.<\/p>\n<p>Tr\u00e8s bon \u00e9tat.<\/p>\n<p>Hauteur : 1OO cm \/\/\/ Largeur : 80 cm \/\/\/ Profondeur : 60 cm<\/p>\n<div id=\"gallery-2\" class=\"gallery galleryid-530 gallery-columns-4 gallery-size-thumbnail\"><\/div>\n<div id=\"gallery-2\" class=\"gallery galleryid-529 gallery-columns-4 gallery-size-thumbnail\"><\/div>\n","protected":false},"featured_media":5554,"comment_status":"open","ping_status":"closed","template":"","meta":[],"product_brand":[],"product_cat":[68,32],"product_tag":[],"class_list":{"0":"post-5548","1":"product","2":"type-product","3":"status-publish","4":"has-post-thumbnail","6":"product_cat-a-la-une","7":"product_cat-fauteuil","9":"first","10":"instock","11":"sold-individually","12":"shipping-taxable","13":"purchasable","14":"product-type-simple"},"_links":{"self":[{"href":"https:\/\/www.revoila.fr\/index.php\/wp-json\/wp\/v2\/product\/5548","targetHints":{"allow":["GET"]}}],"collection":[{"href":"https:\/\/www.revoila.fr\/index.php\/wp-json\/wp\/v2\/product"}],"about":[{"href":"https:\/\/www.revoila.fr\/index.php\/wp-json\/wp\/v2\/types\/product"}],"replies":[{"embeddable":true,"href":"https:\/\/www.revoila.fr\/index.php\/wp-json\/wp\/v2\/comments?post=5548"}],"wp:featuredmedia":[{"embeddable":true,"href":"https:\/\/www.revoila.fr\/index.php\/wp-json\/wp\/v2\/media\/5554"}],"wp:attachment":[{"href":"https:\/\/www.revoila.fr\/index.php\/wp-json\/wp\/v2\/media?parent=5548"}],"wp:term":[{"taxonomy":"product_brand","embeddable":true,"href":"https:\/\/www.revoila.fr\/index.php\/wp-json\/wp\/v2\/product_brand?post=5548"},{"taxonomy":"product_cat","embeddable":true,"href":"https:\/\/www.revoila.fr\/index.php\/wp-json\/wp\/v2\/product_cat?post=5548"},{"taxonomy":"product_tag","embeddable":true,"href":"https:\/\/www.revoila.fr\/index.php\/wp-json\/wp\/v2\/product_tag?post=5548"}],"curies":[{"name":"wp","href":"https:\/\/api.w.org\/{rel}","templated":true}]}}