{"id":5557,"date":"2021-01-14T20:29:19","date_gmt":"2021-01-14T19:29:19","guid":{"rendered":"https:\/\/www.revoila.fr\/?post_type=product&#038;p=5557"},"modified":"2024-06-18T23:46:29","modified_gmt":"2024-06-18T21:46:29","slug":"meuble-couture-petit-bureau-1960","status":"publish","type":"product","link":"https:\/\/www.revoila.fr\/index.php\/produit\/meuble-couture-petit-bureau-1960\/","title":{"rendered":"Meuble couture en acajou &#8211; petit bureau 1960"},"content":{"rendered":"<div id='gallery-1' class='gallery galleryid-5557 gallery-columns-8 gallery-size-thumbnail'><figure class='gallery-item'>\n\t\t\t<div class='gallery-icon landscape'>\n\t\t\t\t<a href='https:\/\/www.revoila.fr\/?attachment_id=5559'><img loading=\"lazy\" decoding=\"async\" width=\"150\" height=\"150\" src=\"https:\/\/www.revoila.fr\/wp-content\/uploads\/2021\/01\/IMG_20201112_120539-01-150x150.jpeg\" class=\"attachment-thumbnail size-thumbnail\" alt=\"\" aria-describedby=\"gallery-1-5559\" srcset=\"https:\/\/www.revoila.fr\/wp-content\/uploads\/2021\/01\/IMG_20201112_120539-01-150x150.jpeg 150w, https:\/\/www.revoila.fr\/wp-content\/uploads\/2021\/01\/IMG_20201112_120539-01-300x300.jpeg 300w, https:\/\/www.revoila.fr\/wp-content\/uploads\/2021\/01\/IMG_20201112_120539-01-1024x1024.jpeg 1024w, https:\/\/www.revoila.fr\/wp-content\/uploads\/2021\/01\/IMG_20201112_120539-01-768x768.jpeg 768w, https:\/\/www.revoila.fr\/wp-content\/uploads\/2021\/01\/IMG_20201112_120539-01-800x800.jpeg 800w, https:\/\/www.revoila.fr\/wp-content\/uploads\/2021\/01\/IMG_20201112_120539-01-100x100.jpeg 100w, https:\/\/www.revoila.fr\/wp-content\/uploads\/2021\/01\/IMG_20201112_120539-01.jpeg 1366w\" sizes=\"auto, (max-width: 150px) 100vw, 150px\" \/><\/a>\n\t\t\t<\/div>\n\t\t\t\t<figcaption class='wp-caption-text gallery-caption' id='gallery-1-5559'>\n\t\t\t\tMeuble couture &#8211; petit bureau 1960\n\t\t\t\t<\/figcaption><\/figure><figure class='gallery-item'>\n\t\t\t<div class='gallery-icon landscape'>\n\t\t\t\t<a href='https:\/\/www.revoila.fr\/?attachment_id=5564'><img loading=\"lazy\" decoding=\"async\" width=\"150\" height=\"150\" src=\"https:\/\/www.revoila.fr\/wp-content\/uploads\/2021\/01\/IMG_20201112_122437-01-150x150.jpeg\" class=\"attachment-thumbnail size-thumbnail\" alt=\"\" aria-describedby=\"gallery-1-5564\" srcset=\"https:\/\/www.revoila.fr\/wp-content\/uploads\/2021\/01\/IMG_20201112_122437-01-150x150.jpeg 150w, https:\/\/www.revoila.fr\/wp-content\/uploads\/2021\/01\/IMG_20201112_122437-01-300x300.jpeg 300w, https:\/\/www.revoila.fr\/wp-content\/uploads\/2021\/01\/IMG_20201112_122437-01-1024x1024.jpeg 1024w, https:\/\/www.revoila.fr\/wp-content\/uploads\/2021\/01\/IMG_20201112_122437-01-768x768.jpeg 768w, https:\/\/www.revoila.fr\/wp-content\/uploads\/2021\/01\/IMG_20201112_122437-01-800x800.jpeg 800w, https:\/\/www.revoila.fr\/wp-content\/uploads\/2021\/01\/IMG_20201112_122437-01-100x100.jpeg 100w, https:\/\/www.revoila.fr\/wp-content\/uploads\/2021\/01\/IMG_20201112_122437-01.jpeg 1366w\" sizes=\"auto, (max-width: 150px) 100vw, 150px\" \/><\/a>\n\t\t\t<\/div>\n\t\t\t\t<figcaption class='wp-caption-text gallery-caption' id='gallery-1-5564'>\n\t\t\t\tMeuble couture &#8211; petit bureau 1960\n\t\t\t\t<\/figcaption><\/figure><figure class='gallery-item'>\n\t\t\t<div class='gallery-icon landscape'>\n\t\t\t\t<a href='https:\/\/www.revoila.fr\/?attachment_id=5565'><img loading=\"lazy\" decoding=\"async\" width=\"150\" height=\"150\" src=\"https:\/\/www.revoila.fr\/wp-content\/uploads\/2021\/01\/IMG_20201112_122703-01-150x150.jpeg\" class=\"attachment-thumbnail size-thumbnail\" alt=\"\" aria-describedby=\"gallery-1-5565\" srcset=\"https:\/\/www.revoila.fr\/wp-content\/uploads\/2021\/01\/IMG_20201112_122703-01-150x150.jpeg 150w, https:\/\/www.revoila.fr\/wp-content\/uploads\/2021\/01\/IMG_20201112_122703-01-300x300.jpeg 300w, https:\/\/www.revoila.fr\/wp-content\/uploads\/2021\/01\/IMG_20201112_122703-01-1024x1024.jpeg 1024w, https:\/\/www.revoila.fr\/wp-content\/uploads\/2021\/01\/IMG_20201112_122703-01-768x768.jpeg 768w, https:\/\/www.revoila.fr\/wp-content\/uploads\/2021\/01\/IMG_20201112_122703-01-800x800.jpeg 800w, https:\/\/www.revoila.fr\/wp-content\/uploads\/2021\/01\/IMG_20201112_122703-01-100x100.jpeg 100w, https:\/\/www.revoila.fr\/wp-content\/uploads\/2021\/01\/IMG_20201112_122703-01.jpeg 1366w\" sizes=\"auto, (max-width: 150px) 100vw, 150px\" \/><\/a>\n\t\t\t<\/div>\n\t\t\t\t<figcaption class='wp-caption-text gallery-caption' id='gallery-1-5565'>\n\t\t\t\tMeuble couture &#8211; petit bureau 1960\n\t\t\t\t<\/figcaption><\/figure><figure class='gallery-item'>\n\t\t\t<div class='gallery-icon landscape'>\n\t\t\t\t<a href='https:\/\/www.revoila.fr\/?attachment_id=5566'><img loading=\"lazy\" decoding=\"async\" width=\"150\" height=\"150\" src=\"https:\/\/www.revoila.fr\/wp-content\/uploads\/2021\/01\/IMG_20201112_122816-01-150x150.jpeg\" class=\"attachment-thumbnail size-thumbnail\" alt=\"\" aria-describedby=\"gallery-1-5566\" srcset=\"https:\/\/www.revoila.fr\/wp-content\/uploads\/2021\/01\/IMG_20201112_122816-01-150x150.jpeg 150w, https:\/\/www.revoila.fr\/wp-content\/uploads\/2021\/01\/IMG_20201112_122816-01-300x300.jpeg 300w, https:\/\/www.revoila.fr\/wp-content\/uploads\/2021\/01\/IMG_20201112_122816-01-1024x1024.jpeg 1024w, https:\/\/www.revoila.fr\/wp-content\/uploads\/2021\/01\/IMG_20201112_122816-01-768x768.jpeg 768w, https:\/\/www.revoila.fr\/wp-content\/uploads\/2021\/01\/IMG_20201112_122816-01-800x800.jpeg 800w, https:\/\/www.revoila.fr\/wp-content\/uploads\/2021\/01\/IMG_20201112_122816-01-100x100.jpeg 100w, https:\/\/www.revoila.fr\/wp-content\/uploads\/2021\/01\/IMG_20201112_122816-01.jpeg 1366w\" sizes=\"auto, (max-width: 150px) 100vw, 150px\" \/><\/a>\n\t\t\t<\/div>\n\t\t\t\t<figcaption class='wp-caption-text gallery-caption' id='gallery-1-5566'>\n\t\t\t\tMeuble couture &#8211; petit bureau 1960\n\t\t\t\t<\/figcaption><\/figure><figure class='gallery-item'>\n\t\t\t<div class='gallery-icon landscape'>\n\t\t\t\t<a href='https:\/\/www.revoila.fr\/?attachment_id=5567'><img loading=\"lazy\" decoding=\"async\" width=\"150\" height=\"150\" src=\"https:\/\/www.revoila.fr\/wp-content\/uploads\/2021\/01\/IMG_20201112_123150-01-150x150.jpeg\" class=\"attachment-thumbnail size-thumbnail\" alt=\"\" aria-describedby=\"gallery-1-5567\" srcset=\"https:\/\/www.revoila.fr\/wp-content\/uploads\/2021\/01\/IMG_20201112_123150-01-150x150.jpeg 150w, https:\/\/www.revoila.fr\/wp-content\/uploads\/2021\/01\/IMG_20201112_123150-01-300x300.jpeg 300w, https:\/\/www.revoila.fr\/wp-content\/uploads\/2021\/01\/IMG_20201112_123150-01-1024x1024.jpeg 1024w, https:\/\/www.revoila.fr\/wp-content\/uploads\/2021\/01\/IMG_20201112_123150-01-768x768.jpeg 768w, https:\/\/www.revoila.fr\/wp-content\/uploads\/2021\/01\/IMG_20201112_123150-01-800x800.jpeg 800w, https:\/\/www.revoila.fr\/wp-content\/uploads\/2021\/01\/IMG_20201112_123150-01-100x100.jpeg 100w, https:\/\/www.revoila.fr\/wp-content\/uploads\/2021\/01\/IMG_20201112_123150-01.jpeg 1366w\" sizes=\"auto, (max-width: 150px) 100vw, 150px\" \/><\/a>\n\t\t\t<\/div>\n\t\t\t\t<figcaption class='wp-caption-text gallery-caption' id='gallery-1-5567'>\n\t\t\t\tMeuble couture &#8211; petit bureau 1960\n\t\t\t\t<\/figcaption><\/figure><figure class='gallery-item'>\n\t\t\t<div class='gallery-icon landscape'>\n\t\t\t\t<a href='https:\/\/www.revoila.fr\/?attachment_id=5560'><img loading=\"lazy\" decoding=\"async\" width=\"150\" height=\"150\" src=\"https:\/\/www.revoila.fr\/wp-content\/uploads\/2021\/01\/IMG_20201112_120943-01-150x150.jpeg\" class=\"attachment-thumbnail size-thumbnail\" alt=\"\" aria-describedby=\"gallery-1-5560\" srcset=\"https:\/\/www.revoila.fr\/wp-content\/uploads\/2021\/01\/IMG_20201112_120943-01-150x150.jpeg 150w, https:\/\/www.revoila.fr\/wp-content\/uploads\/2021\/01\/IMG_20201112_120943-01-300x300.jpeg 300w, https:\/\/www.revoila.fr\/wp-content\/uploads\/2021\/01\/IMG_20201112_120943-01-1024x1024.jpeg 1024w, https:\/\/www.revoila.fr\/wp-content\/uploads\/2021\/01\/IMG_20201112_120943-01-768x768.jpeg 768w, https:\/\/www.revoila.fr\/wp-content\/uploads\/2021\/01\/IMG_20201112_120943-01-800x800.jpeg 800w, https:\/\/www.revoila.fr\/wp-content\/uploads\/2021\/01\/IMG_20201112_120943-01-100x100.jpeg 100w, https:\/\/www.revoila.fr\/wp-content\/uploads\/2021\/01\/IMG_20201112_120943-01.jpeg 1366w\" sizes=\"auto, (max-width: 150px) 100vw, 150px\" \/><\/a>\n\t\t\t<\/div>\n\t\t\t\t<figcaption class='wp-caption-text gallery-caption' id='gallery-1-5560'>\n\t\t\t\tMeuble couture &#8211; petit bureau 1960\n\t\t\t\t<\/figcaption><\/figure><figure class='gallery-item'>\n\t\t\t<div class='gallery-icon landscape'>\n\t\t\t\t<a href='https:\/\/www.revoila.fr\/?attachment_id=5561'><img loading=\"lazy\" decoding=\"async\" width=\"150\" height=\"150\" src=\"https:\/\/www.revoila.fr\/wp-content\/uploads\/2021\/01\/IMG_20201112_121503-01-150x150.jpeg\" class=\"attachment-thumbnail size-thumbnail\" alt=\"\" aria-describedby=\"gallery-1-5561\" srcset=\"https:\/\/www.revoila.fr\/wp-content\/uploads\/2021\/01\/IMG_20201112_121503-01-150x150.jpeg 150w, https:\/\/www.revoila.fr\/wp-content\/uploads\/2021\/01\/IMG_20201112_121503-01-300x300.jpeg 300w, https:\/\/www.revoila.fr\/wp-content\/uploads\/2021\/01\/IMG_20201112_121503-01-1024x1024.jpeg 1024w, https:\/\/www.revoila.fr\/wp-content\/uploads\/2021\/01\/IMG_20201112_121503-01-768x768.jpeg 768w, https:\/\/www.revoila.fr\/wp-content\/uploads\/2021\/01\/IMG_20201112_121503-01-800x800.jpeg 800w, https:\/\/www.revoila.fr\/wp-content\/uploads\/2021\/01\/IMG_20201112_121503-01-100x100.jpeg 100w, https:\/\/www.revoila.fr\/wp-content\/uploads\/2021\/01\/IMG_20201112_121503-01.jpeg 1366w\" sizes=\"auto, (max-width: 150px) 100vw, 150px\" \/><\/a>\n\t\t\t<\/div>\n\t\t\t\t<figcaption class='wp-caption-text gallery-caption' id='gallery-1-5561'>\n\t\t\t\tMeuble couture &#8211; petit bureau 1960\n\t\t\t\t<\/figcaption><\/figure><figure class='gallery-item'>\n\t\t\t<div class='gallery-icon landscape'>\n\t\t\t\t<a href='https:\/\/www.revoila.fr\/?attachment_id=5568'><img loading=\"lazy\" decoding=\"async\" width=\"150\" height=\"150\" src=\"https:\/\/www.revoila.fr\/wp-content\/uploads\/2021\/01\/IMG_20201112_123521-01-150x150.jpeg\" class=\"attachment-thumbnail size-thumbnail\" alt=\"\" aria-describedby=\"gallery-1-5568\" srcset=\"https:\/\/www.revoila.fr\/wp-content\/uploads\/2021\/01\/IMG_20201112_123521-01-150x150.jpeg 150w, https:\/\/www.revoila.fr\/wp-content\/uploads\/2021\/01\/IMG_20201112_123521-01-300x300.jpeg 300w, https:\/\/www.revoila.fr\/wp-content\/uploads\/2021\/01\/IMG_20201112_123521-01-1024x1024.jpeg 1024w, https:\/\/www.revoila.fr\/wp-content\/uploads\/2021\/01\/IMG_20201112_123521-01-768x768.jpeg 768w, https:\/\/www.revoila.fr\/wp-content\/uploads\/2021\/01\/IMG_20201112_123521-01-800x800.jpeg 800w, https:\/\/www.revoila.fr\/wp-content\/uploads\/2021\/01\/IMG_20201112_123521-01-100x100.jpeg 100w, https:\/\/www.revoila.fr\/wp-content\/uploads\/2021\/01\/IMG_20201112_123521-01.jpeg 1366w\" sizes=\"auto, (max-width: 150px) 100vw, 150px\" \/><\/a>\n\t\t\t<\/div>\n\t\t\t\t<figcaption class='wp-caption-text gallery-caption' id='gallery-1-5568'>\n\t\t\t\tMeuble couture &#8211; petit bureau 1960\n\t\t\t\t<\/figcaption><\/figure><figure class='gallery-item'>\n\t\t\t<div class='gallery-icon landscape'>\n\t\t\t\t<a href='https:\/\/www.revoila.fr\/?attachment_id=5563'><img loading=\"lazy\" decoding=\"async\" width=\"150\" height=\"150\" src=\"https:\/\/www.revoila.fr\/wp-content\/uploads\/2021\/01\/IMG_20201112_122104-01-150x150.jpeg\" class=\"attachment-thumbnail size-thumbnail\" alt=\"\" aria-describedby=\"gallery-1-5563\" srcset=\"https:\/\/www.revoila.fr\/wp-content\/uploads\/2021\/01\/IMG_20201112_122104-01-150x150.jpeg 150w, https:\/\/www.revoila.fr\/wp-content\/uploads\/2021\/01\/IMG_20201112_122104-01-300x300.jpeg 300w, https:\/\/www.revoila.fr\/wp-content\/uploads\/2021\/01\/IMG_20201112_122104-01-1024x1024.jpeg 1024w, https:\/\/www.revoila.fr\/wp-content\/uploads\/2021\/01\/IMG_20201112_122104-01-768x768.jpeg 768w, https:\/\/www.revoila.fr\/wp-content\/uploads\/2021\/01\/IMG_20201112_122104-01-800x800.jpeg 800w, https:\/\/www.revoila.fr\/wp-content\/uploads\/2021\/01\/IMG_20201112_122104-01-100x100.jpeg 100w, https:\/\/www.revoila.fr\/wp-content\/uploads\/2021\/01\/IMG_20201112_122104-01.jpeg 1366w\" sizes=\"auto, (max-width: 150px) 100vw, 150px\" \/><\/a>\n\t\t\t<\/div>\n\t\t\t\t<figcaption class='wp-caption-text gallery-caption' id='gallery-1-5563'>\n\t\t\t\tMeuble couture &#8211; petit bureau 1960\n\t\t\t\t<\/figcaption><\/figure><figure class='gallery-item'>\n\t\t\t<div class='gallery-icon landscape'>\n\t\t\t\t<a href='https:\/\/www.revoila.fr\/?attachment_id=5562'><img loading=\"lazy\" decoding=\"async\" width=\"150\" height=\"150\" src=\"https:\/\/www.revoila.fr\/wp-content\/uploads\/2021\/01\/IMG_20201112_121945-01-150x150.jpeg\" class=\"attachment-thumbnail size-thumbnail\" alt=\"\" aria-describedby=\"gallery-1-5562\" srcset=\"https:\/\/www.revoila.fr\/wp-content\/uploads\/2021\/01\/IMG_20201112_121945-01-150x150.jpeg 150w, https:\/\/www.revoila.fr\/wp-content\/uploads\/2021\/01\/IMG_20201112_121945-01-300x300.jpeg 300w, https:\/\/www.revoila.fr\/wp-content\/uploads\/2021\/01\/IMG_20201112_121945-01-1024x1024.jpeg 1024w, https:\/\/www.revoila.fr\/wp-content\/uploads\/2021\/01\/IMG_20201112_121945-01-768x768.jpeg 768w, https:\/\/www.revoila.fr\/wp-content\/uploads\/2021\/01\/IMG_20201112_121945-01-800x800.jpeg 800w, https:\/\/www.revoila.fr\/wp-content\/uploads\/2021\/01\/IMG_20201112_121945-01-100x100.jpeg 100w, https:\/\/www.revoila.fr\/wp-content\/uploads\/2021\/01\/IMG_20201112_121945-01.jpeg 1366w\" sizes=\"auto, (max-width: 150px) 100vw, 150px\" \/><\/a>\n\t\t\t<\/div>\n\t\t\t\t<figcaption class='wp-caption-text gallery-caption' id='gallery-1-5562'>\n\t\t\t\tMeuble couture &#8211; petit bureau 1960\n\t\t\t\t<\/figcaption><\/figure>\n\t\t<\/div>\n\n","protected":false},"excerpt":{"rendered":"<div>\n<div>Ancien meuble machine \u00e0 coudre des ann\u00e9es 60 en placage acajou, pi\u00e8tement\u00a0compas, les 2 pieds avants sont dot\u00e9s d&#8217;embouts en laiton.<\/div>\n<div>Il trouvera facilement sa place comme petit meuble d&rsquo;appoint dans une entr\u00e9e, en petit bureau (attention toutefois \u00e0 maintenir l&rsquo;\u00e9quilibre du meuble lorsque le plateau est d\u00e9ploy\u00e9) ou m\u00eame en mini-bar.<\/div>\n<div>Bel \u00e9tat g\u00e9n\u00e9ral, l&rsquo;acajou du plateau a un peu perdu de son \u00e9clat, s\u00fbrement d\u00fb \u00e0 une forte exposition \u00e0\u00a0la lumi\u00e8re, et petit saut de placage cf (Gros Plan photo)<\/div>\n<\/div>\n<div class=\"woocommerce-product-details__short-description\">\n<div class=\"woocommerce-product-details__short-description\">\n<p>Hauteur : 76 cm \/\/\/ Longueur : 59 cm \/\/\/ Profondeur : 44,5 cm<\/p>\n<\/div>\n<\/div>\n","protected":false},"featured_media":5558,"comment_status":"open","ping_status":"closed","template":"","meta":[],"product_brand":[],"product_cat":[60,27],"product_tag":[],"class_list":{"0":"post-5557","1":"product","2":"type-product","3":"status-publish","4":"has-post-thumbnail","6":"product_cat-bureau","7":"product_cat-rangement","9":"first","10":"instock","11":"shipping-taxable","12":"purchasable","13":"product-type-simple"},"_links":{"self":[{"href":"https:\/\/www.revoila.fr\/index.php\/wp-json\/wp\/v2\/product\/5557","targetHints":{"allow":["GET"]}}],"collection":[{"href":"https:\/\/www.revoila.fr\/index.php\/wp-json\/wp\/v2\/product"}],"about":[{"href":"https:\/\/www.revoila.fr\/index.php\/wp-json\/wp\/v2\/types\/product"}],"replies":[{"embeddable":true,"href":"https:\/\/www.revoila.fr\/index.php\/wp-json\/wp\/v2\/comments?post=5557"}],"wp:featuredmedia":[{"embeddable":true,"href":"https:\/\/www.revoila.fr\/index.php\/wp-json\/wp\/v2\/media\/5558"}],"wp:attachment":[{"href":"https:\/\/www.revoila.fr\/index.php\/wp-json\/wp\/v2\/media?parent=5557"}],"wp:term":[{"taxonomy":"product_brand","embeddable":true,"href":"https:\/\/www.revoila.fr\/index.php\/wp-json\/wp\/v2\/product_brand?post=5557"},{"taxonomy":"product_cat","embeddable":true,"href":"https:\/\/www.revoila.fr\/index.php\/wp-json\/wp\/v2\/product_cat?post=5557"},{"taxonomy":"product_tag","embeddable":true,"href":"https:\/\/www.revoila.fr\/index.php\/wp-json\/wp\/v2\/product_tag?post=5557"}],"curies":[{"name":"wp","href":"https:\/\/api.w.org\/{rel}","templated":true}]}}