{"id":5581,"date":"2021-01-16T18:05:31","date_gmt":"2021-01-16T17:05:31","guid":{"rendered":"https:\/\/www.revoila.fr\/?post_type=product&#038;p=5581"},"modified":"2026-05-01T13:10:09","modified_gmt":"2026-05-01T11:10:09","slug":"duo-de-chauffeuses-en-skai-vert","status":"publish","type":"product","link":"https:\/\/www.revoila.fr\/index.php\/produit\/duo-de-chauffeuses-en-skai-vert\/","title":{"rendered":"Duo de chauffeuses en ska\u00ef vert"},"content":{"rendered":"<div id='gallery-1' class='gallery galleryid-5581 gallery-columns-4 gallery-size-medium'><figure class='gallery-item'>\n\t\t\t<div class='gallery-icon landscape'>\n\t\t\t\t<a href='https:\/\/www.revoila.fr\/wp-content\/uploads\/2021\/01\/IMG_20201116_122119-01.jpeg'><img loading=\"lazy\" decoding=\"async\" width=\"300\" height=\"300\" src=\"https:\/\/www.revoila.fr\/wp-content\/uploads\/2021\/01\/IMG_20201116_122119-01-300x300.jpeg\" class=\"attachment-medium size-medium\" alt=\"\" aria-describedby=\"gallery-1-5573\" srcset=\"https:\/\/www.revoila.fr\/wp-content\/uploads\/2021\/01\/IMG_20201116_122119-01-300x300.jpeg 300w, https:\/\/www.revoila.fr\/wp-content\/uploads\/2021\/01\/IMG_20201116_122119-01-1024x1024.jpeg 1024w, https:\/\/www.revoila.fr\/wp-content\/uploads\/2021\/01\/IMG_20201116_122119-01-150x150.jpeg 150w, https:\/\/www.revoila.fr\/wp-content\/uploads\/2021\/01\/IMG_20201116_122119-01-768x768.jpeg 768w, https:\/\/www.revoila.fr\/wp-content\/uploads\/2021\/01\/IMG_20201116_122119-01-800x800.jpeg 800w, https:\/\/www.revoila.fr\/wp-content\/uploads\/2021\/01\/IMG_20201116_122119-01-100x100.jpeg 100w, https:\/\/www.revoila.fr\/wp-content\/uploads\/2021\/01\/IMG_20201116_122119-01.jpeg 1366w\" sizes=\"auto, (max-width: 300px) 100vw, 300px\" \/><\/a>\n\t\t\t<\/div>\n\t\t\t\t<figcaption class='wp-caption-text gallery-caption' id='gallery-1-5573'>\n\t\t\t\tChauffeuses ska\u00ef style Guariche.\n\t\t\t\t<\/figcaption><\/figure><figure class='gallery-item'>\n\t\t\t<div class='gallery-icon landscape'>\n\t\t\t\t<a href='https:\/\/www.revoila.fr\/wp-content\/uploads\/2021\/01\/IMG_20201116_123003-01.jpeg'><img loading=\"lazy\" decoding=\"async\" width=\"300\" height=\"300\" src=\"https:\/\/www.revoila.fr\/wp-content\/uploads\/2021\/01\/IMG_20201116_123003-01-300x300.jpeg\" class=\"attachment-medium size-medium\" alt=\"\" aria-describedby=\"gallery-1-5580\" srcset=\"https:\/\/www.revoila.fr\/wp-content\/uploads\/2021\/01\/IMG_20201116_123003-01-300x300.jpeg 300w, https:\/\/www.revoila.fr\/wp-content\/uploads\/2021\/01\/IMG_20201116_123003-01-1024x1024.jpeg 1024w, https:\/\/www.revoila.fr\/wp-content\/uploads\/2021\/01\/IMG_20201116_123003-01-150x150.jpeg 150w, https:\/\/www.revoila.fr\/wp-content\/uploads\/2021\/01\/IMG_20201116_123003-01-768x768.jpeg 768w, https:\/\/www.revoila.fr\/wp-content\/uploads\/2021\/01\/IMG_20201116_123003-01-800x800.jpeg 800w, https:\/\/www.revoila.fr\/wp-content\/uploads\/2021\/01\/IMG_20201116_123003-01-100x100.jpeg 100w, https:\/\/www.revoila.fr\/wp-content\/uploads\/2021\/01\/IMG_20201116_123003-01.jpeg 1366w\" sizes=\"auto, (max-width: 300px) 100vw, 300px\" \/><\/a>\n\t\t\t<\/div>\n\t\t\t\t<figcaption class='wp-caption-text gallery-caption' id='gallery-1-5580'>\n\t\t\t\tChauffeuses ska\u00ef style Guariche.\n\t\t\t\t<\/figcaption><\/figure><figure class='gallery-item'>\n\t\t\t<div class='gallery-icon landscape'>\n\t\t\t\t<a href='https:\/\/www.revoila.fr\/wp-content\/uploads\/2021\/01\/IMG_20201116_122719-01.jpeg'><img loading=\"lazy\" decoding=\"async\" width=\"300\" height=\"300\" src=\"https:\/\/www.revoila.fr\/wp-content\/uploads\/2021\/01\/IMG_20201116_122719-01-300x300.jpeg\" class=\"attachment-medium size-medium\" alt=\"\" aria-describedby=\"gallery-1-5576\" srcset=\"https:\/\/www.revoila.fr\/wp-content\/uploads\/2021\/01\/IMG_20201116_122719-01-300x300.jpeg 300w, https:\/\/www.revoila.fr\/wp-content\/uploads\/2021\/01\/IMG_20201116_122719-01-1024x1024.jpeg 1024w, https:\/\/www.revoila.fr\/wp-content\/uploads\/2021\/01\/IMG_20201116_122719-01-150x150.jpeg 150w, https:\/\/www.revoila.fr\/wp-content\/uploads\/2021\/01\/IMG_20201116_122719-01-768x768.jpeg 768w, https:\/\/www.revoila.fr\/wp-content\/uploads\/2021\/01\/IMG_20201116_122719-01-800x800.jpeg 800w, https:\/\/www.revoila.fr\/wp-content\/uploads\/2021\/01\/IMG_20201116_122719-01-100x100.jpeg 100w, https:\/\/www.revoila.fr\/wp-content\/uploads\/2021\/01\/IMG_20201116_122719-01.jpeg 1366w\" sizes=\"auto, (max-width: 300px) 100vw, 300px\" \/><\/a>\n\t\t\t<\/div>\n\t\t\t\t<figcaption class='wp-caption-text gallery-caption' id='gallery-1-5576'>\n\t\t\t\tChauffeuses ska\u00ef style Guariche.\n\t\t\t\t<\/figcaption><\/figure><figure class='gallery-item'>\n\t\t\t<div class='gallery-icon landscape'>\n\t\t\t\t<a href='https:\/\/www.revoila.fr\/wp-content\/uploads\/2021\/01\/IMG_20201116_122424-01.jpeg'><img loading=\"lazy\" decoding=\"async\" width=\"300\" height=\"300\" src=\"https:\/\/www.revoila.fr\/wp-content\/uploads\/2021\/01\/IMG_20201116_122424-01-300x300.jpeg\" class=\"attachment-medium size-medium\" alt=\"\" aria-describedby=\"gallery-1-5574\" srcset=\"https:\/\/www.revoila.fr\/wp-content\/uploads\/2021\/01\/IMG_20201116_122424-01-300x300.jpeg 300w, https:\/\/www.revoila.fr\/wp-content\/uploads\/2021\/01\/IMG_20201116_122424-01-1024x1024.jpeg 1024w, https:\/\/www.revoila.fr\/wp-content\/uploads\/2021\/01\/IMG_20201116_122424-01-150x150.jpeg 150w, https:\/\/www.revoila.fr\/wp-content\/uploads\/2021\/01\/IMG_20201116_122424-01-768x768.jpeg 768w, https:\/\/www.revoila.fr\/wp-content\/uploads\/2021\/01\/IMG_20201116_122424-01-800x800.jpeg 800w, https:\/\/www.revoila.fr\/wp-content\/uploads\/2021\/01\/IMG_20201116_122424-01-100x100.jpeg 100w, https:\/\/www.revoila.fr\/wp-content\/uploads\/2021\/01\/IMG_20201116_122424-01.jpeg 1366w\" sizes=\"auto, (max-width: 300px) 100vw, 300px\" \/><\/a>\n\t\t\t<\/div>\n\t\t\t\t<figcaption class='wp-caption-text gallery-caption' id='gallery-1-5574'>\n\t\t\t\tChauffeuses ska\u00ef style Guariche.\n\t\t\t\t<\/figcaption><\/figure><figure class='gallery-item'>\n\t\t\t<div class='gallery-icon landscape'>\n\t\t\t\t<a href='https:\/\/www.revoila.fr\/wp-content\/uploads\/2021\/01\/IMG_20201116_122808-01.jpeg'><img loading=\"lazy\" decoding=\"async\" width=\"300\" height=\"300\" src=\"https:\/\/www.revoila.fr\/wp-content\/uploads\/2021\/01\/IMG_20201116_122808-01-300x300.jpeg\" class=\"attachment-medium size-medium\" alt=\"\" aria-describedby=\"gallery-1-5578\" srcset=\"https:\/\/www.revoila.fr\/wp-content\/uploads\/2021\/01\/IMG_20201116_122808-01-300x300.jpeg 300w, https:\/\/www.revoila.fr\/wp-content\/uploads\/2021\/01\/IMG_20201116_122808-01-1024x1024.jpeg 1024w, https:\/\/www.revoila.fr\/wp-content\/uploads\/2021\/01\/IMG_20201116_122808-01-150x150.jpeg 150w, https:\/\/www.revoila.fr\/wp-content\/uploads\/2021\/01\/IMG_20201116_122808-01-768x768.jpeg 768w, https:\/\/www.revoila.fr\/wp-content\/uploads\/2021\/01\/IMG_20201116_122808-01-800x800.jpeg 800w, https:\/\/www.revoila.fr\/wp-content\/uploads\/2021\/01\/IMG_20201116_122808-01-100x100.jpeg 100w, https:\/\/www.revoila.fr\/wp-content\/uploads\/2021\/01\/IMG_20201116_122808-01.jpeg 1366w\" sizes=\"auto, (max-width: 300px) 100vw, 300px\" \/><\/a>\n\t\t\t<\/div>\n\t\t\t\t<figcaption class='wp-caption-text gallery-caption' id='gallery-1-5578'>\n\t\t\t\tChauffeuses ska\u00ef style Guariche.\n\t\t\t\t<\/figcaption><\/figure><figure class='gallery-item'>\n\t\t\t<div class='gallery-icon landscape'>\n\t\t\t\t<a href='https:\/\/www.revoila.fr\/wp-content\/uploads\/2021\/01\/IMG_20201116_122744-01.jpeg'><img loading=\"lazy\" decoding=\"async\" width=\"300\" height=\"300\" src=\"https:\/\/www.revoila.fr\/wp-content\/uploads\/2021\/01\/IMG_20201116_122744-01-300x300.jpeg\" class=\"attachment-medium size-medium\" alt=\"\" aria-describedby=\"gallery-1-5577\" srcset=\"https:\/\/www.revoila.fr\/wp-content\/uploads\/2021\/01\/IMG_20201116_122744-01-300x300.jpeg 300w, https:\/\/www.revoila.fr\/wp-content\/uploads\/2021\/01\/IMG_20201116_122744-01-1024x1024.jpeg 1024w, https:\/\/www.revoila.fr\/wp-content\/uploads\/2021\/01\/IMG_20201116_122744-01-150x150.jpeg 150w, https:\/\/www.revoila.fr\/wp-content\/uploads\/2021\/01\/IMG_20201116_122744-01-768x768.jpeg 768w, https:\/\/www.revoila.fr\/wp-content\/uploads\/2021\/01\/IMG_20201116_122744-01-800x800.jpeg 800w, https:\/\/www.revoila.fr\/wp-content\/uploads\/2021\/01\/IMG_20201116_122744-01-100x100.jpeg 100w, https:\/\/www.revoila.fr\/wp-content\/uploads\/2021\/01\/IMG_20201116_122744-01.jpeg 1366w\" sizes=\"auto, (max-width: 300px) 100vw, 300px\" \/><\/a>\n\t\t\t<\/div>\n\t\t\t\t<figcaption class='wp-caption-text gallery-caption' id='gallery-1-5577'>\n\t\t\t\tChauffeuses ska\u00ef style Guariche.\n\t\t\t\t<\/figcaption><\/figure><figure class='gallery-item'>\n\t\t\t<div class='gallery-icon landscape'>\n\t\t\t\t<a href='https:\/\/www.revoila.fr\/wp-content\/uploads\/2021\/01\/IMG_20201116_122929-01.jpeg'><img loading=\"lazy\" decoding=\"async\" width=\"300\" height=\"300\" src=\"https:\/\/www.revoila.fr\/wp-content\/uploads\/2021\/01\/IMG_20201116_122929-01-300x300.jpeg\" class=\"attachment-medium size-medium\" alt=\"\" aria-describedby=\"gallery-1-5579\" srcset=\"https:\/\/www.revoila.fr\/wp-content\/uploads\/2021\/01\/IMG_20201116_122929-01-300x300.jpeg 300w, https:\/\/www.revoila.fr\/wp-content\/uploads\/2021\/01\/IMG_20201116_122929-01-1024x1024.jpeg 1024w, https:\/\/www.revoila.fr\/wp-content\/uploads\/2021\/01\/IMG_20201116_122929-01-150x150.jpeg 150w, https:\/\/www.revoila.fr\/wp-content\/uploads\/2021\/01\/IMG_20201116_122929-01-768x768.jpeg 768w, https:\/\/www.revoila.fr\/wp-content\/uploads\/2021\/01\/IMG_20201116_122929-01-800x800.jpeg 800w, https:\/\/www.revoila.fr\/wp-content\/uploads\/2021\/01\/IMG_20201116_122929-01-100x100.jpeg 100w, https:\/\/www.revoila.fr\/wp-content\/uploads\/2021\/01\/IMG_20201116_122929-01.jpeg 1366w\" sizes=\"auto, (max-width: 300px) 100vw, 300px\" \/><\/a>\n\t\t\t<\/div>\n\t\t\t\t<figcaption class='wp-caption-text gallery-caption' id='gallery-1-5579'>\n\t\t\t\tChauffeuses ska\u00ef style Guariche.\n\t\t\t\t<\/figcaption><\/figure><figure class='gallery-item'>\n\t\t\t<div class='gallery-icon landscape'>\n\t\t\t\t<a href='https:\/\/www.revoila.fr\/wp-content\/uploads\/2021\/01\/IMG_20201116_122636-01.jpeg'><img loading=\"lazy\" decoding=\"async\" width=\"300\" height=\"300\" src=\"https:\/\/www.revoila.fr\/wp-content\/uploads\/2021\/01\/IMG_20201116_122636-01-300x300.jpeg\" class=\"attachment-medium size-medium\" alt=\"\" aria-describedby=\"gallery-1-5575\" srcset=\"https:\/\/www.revoila.fr\/wp-content\/uploads\/2021\/01\/IMG_20201116_122636-01-300x300.jpeg 300w, https:\/\/www.revoila.fr\/wp-content\/uploads\/2021\/01\/IMG_20201116_122636-01-1024x1024.jpeg 1024w, https:\/\/www.revoila.fr\/wp-content\/uploads\/2021\/01\/IMG_20201116_122636-01-150x150.jpeg 150w, https:\/\/www.revoila.fr\/wp-content\/uploads\/2021\/01\/IMG_20201116_122636-01-768x768.jpeg 768w, https:\/\/www.revoila.fr\/wp-content\/uploads\/2021\/01\/IMG_20201116_122636-01-800x800.jpeg 800w, https:\/\/www.revoila.fr\/wp-content\/uploads\/2021\/01\/IMG_20201116_122636-01-100x100.jpeg 100w, https:\/\/www.revoila.fr\/wp-content\/uploads\/2021\/01\/IMG_20201116_122636-01.jpeg 1366w\" sizes=\"auto, (max-width: 300px) 100vw, 300px\" \/><\/a>\n\t\t\t<\/div>\n\t\t\t\t<figcaption class='wp-caption-text gallery-caption' id='gallery-1-5575'>\n\t\t\t\tChauffeuses ska\u00ef style Guariche.\n\t\t\t\t<\/figcaption><\/figure><figure class='gallery-item'>\n\t\t\t<div class='gallery-icon landscape'>\n\t\t\t\t<a href='https:\/\/www.revoila.fr\/wp-content\/uploads\/2021\/01\/IMG_20201116_121923-01.jpeg'><img loading=\"lazy\" decoding=\"async\" width=\"300\" height=\"300\" src=\"https:\/\/www.revoila.fr\/wp-content\/uploads\/2021\/01\/IMG_20201116_121923-01-300x300.jpeg\" class=\"attachment-medium size-medium\" alt=\"\" aria-describedby=\"gallery-1-5572\" srcset=\"https:\/\/www.revoila.fr\/wp-content\/uploads\/2021\/01\/IMG_20201116_121923-01-300x300.jpeg 300w, https:\/\/www.revoila.fr\/wp-content\/uploads\/2021\/01\/IMG_20201116_121923-01-1024x1024.jpeg 1024w, https:\/\/www.revoila.fr\/wp-content\/uploads\/2021\/01\/IMG_20201116_121923-01-150x150.jpeg 150w, https:\/\/www.revoila.fr\/wp-content\/uploads\/2021\/01\/IMG_20201116_121923-01-768x768.jpeg 768w, https:\/\/www.revoila.fr\/wp-content\/uploads\/2021\/01\/IMG_20201116_121923-01-800x800.jpeg 800w, https:\/\/www.revoila.fr\/wp-content\/uploads\/2021\/01\/IMG_20201116_121923-01-100x100.jpeg 100w, https:\/\/www.revoila.fr\/wp-content\/uploads\/2021\/01\/IMG_20201116_121923-01.jpeg 1366w\" sizes=\"auto, (max-width: 300px) 100vw, 300px\" \/><\/a>\n\t\t\t<\/div>\n\t\t\t\t<figcaption class='wp-caption-text gallery-caption' id='gallery-1-5572'>\n\t\t\t\tChauffeuses ska\u00ef style Guariche.\n\t\t\t\t<\/figcaption><\/figure>\n\t\t<\/div>\n\n","protected":false},"excerpt":{"rendered":"<div>Paire de chauffeuses ann\u00e9es 60 dans le style de P Guariche. Structure tubulaire de section carr\u00e9e en m\u00e9tal laqu\u00e9 noir et rev\u00eatement en simili cuir ska\u00ef vert. Remarquables par l&rsquo;inclinaison du dossier et l&rsquo;avanc\u00e9e de l&rsquo;assise assurant confort et esth\u00e9tisme,<\/div>\n<div>Tr\u00e8s bon \u00e9tat g\u00e9n\u00e9ral malgr\u00e9 une garniture d&rsquo;origine qui a s\u00e9ch\u00e9 d\u00e9formant le ska\u00ef.<\/div>\n<div>\n<div class=\"woocommerce-product-details__short-description\">\n<p>Hauteur : 69 cm \/\/\/ Largeur : 55 cm \/\/\/ Profondeur : 70 cm<\/p>\n<div id=\"gallery-2\" class=\"gallery galleryid-530 gallery-columns-4 gallery-size-thumbnail\"><\/div>\n<div id=\"gallery-2\" class=\"gallery galleryid-529 gallery-columns-4 gallery-size-thumbnail\"><\/div>\n<\/div>\n<form class=\"cart\" action=\"https:\/\/www.revoila.fr\/index.php\/produit\/rocking-chair-annees-60\/\" enctype=\"multipart\/form-data\" method=\"post\">\n<div class=\"quantity hidden\"><\/div>\n<\/form>\n<\/div>\n<div class=\"woocommerce-product-details__short-description\">\n<p>&nbsp;<\/p>\n<div id=\"gallery-2\" class=\"gallery galleryid-1411 gallery-columns-4 gallery-size-thumbnail\"><\/div>\n<\/div>\n<form class=\"cart\" action=\"https:\/\/www.revoila.fr\/NEW\/index.php\/produit\/armoire-design-scandinave\/\" enctype=\"multipart\/form-data\" method=\"post\">\n<div class=\"quantity\"><\/div>\n<\/form>\n<div id=\"gallery-2\" class=\"gallery galleryid-317 gallery-columns-4 gallery-size-thumbnail\"><\/div>\n","protected":false},"featured_media":5571,"comment_status":"open","ping_status":"closed","template":"","meta":[],"product_brand":[],"product_cat":[68,32],"product_tag":[65],"class_list":{"0":"post-5581","1":"product","2":"type-product","3":"status-publish","4":"has-post-thumbnail","6":"product_cat-a-la-une","7":"product_cat-fauteuil","8":"product_tag-selection","10":"first","11":"instock","12":"sold-individually","13":"shipping-taxable","14":"purchasable","15":"product-type-simple"},"_links":{"self":[{"href":"https:\/\/www.revoila.fr\/index.php\/wp-json\/wp\/v2\/product\/5581","targetHints":{"allow":["GET"]}}],"collection":[{"href":"https:\/\/www.revoila.fr\/index.php\/wp-json\/wp\/v2\/product"}],"about":[{"href":"https:\/\/www.revoila.fr\/index.php\/wp-json\/wp\/v2\/types\/product"}],"replies":[{"embeddable":true,"href":"https:\/\/www.revoila.fr\/index.php\/wp-json\/wp\/v2\/comments?post=5581"}],"wp:featuredmedia":[{"embeddable":true,"href":"https:\/\/www.revoila.fr\/index.php\/wp-json\/wp\/v2\/media\/5571"}],"wp:attachment":[{"href":"https:\/\/www.revoila.fr\/index.php\/wp-json\/wp\/v2\/media?parent=5581"}],"wp:term":[{"taxonomy":"product_brand","embeddable":true,"href":"https:\/\/www.revoila.fr\/index.php\/wp-json\/wp\/v2\/product_brand?post=5581"},{"taxonomy":"product_cat","embeddable":true,"href":"https:\/\/www.revoila.fr\/index.php\/wp-json\/wp\/v2\/product_cat?post=5581"},{"taxonomy":"product_tag","embeddable":true,"href":"https:\/\/www.revoila.fr\/index.php\/wp-json\/wp\/v2\/product_tag?post=5581"}],"curies":[{"name":"wp","href":"https:\/\/api.w.org\/{rel}","templated":true}]}}