{"id":5587,"date":"2021-01-25T19:03:25","date_gmt":"2021-01-25T18:03:25","guid":{"rendered":"https:\/\/www.revoila.fr\/?post_type=product&#038;p=5587"},"modified":"2024-01-12T13:48:28","modified_gmt":"2024-01-12T12:48:28","slug":"bureau-pieds-compas-bloc-4-tiroirs-1950","status":"publish","type":"product","link":"https:\/\/www.revoila.fr\/index.php\/produit\/bureau-pieds-compas-bloc-4-tiroirs-1950\/","title":{"rendered":"Bureau pieds compas-4 tiroirs 1950"},"content":{"rendered":"<div id='gallery-1' class='gallery galleryid-5587 gallery-columns-4 gallery-size-medium'><figure class='gallery-item'>\n\t\t\t<div class='gallery-icon landscape'>\n\t\t\t\t<a href='https:\/\/www.revoila.fr\/?attachment_id=5589'><img loading=\"lazy\" decoding=\"async\" width=\"300\" height=\"300\" src=\"https:\/\/www.revoila.fr\/wp-content\/uploads\/2021\/01\/IMG_20201106_150707-03-300x300.jpeg\" class=\"attachment-medium size-medium\" alt=\"\" aria-describedby=\"gallery-1-5589\" srcset=\"https:\/\/www.revoila.fr\/wp-content\/uploads\/2021\/01\/IMG_20201106_150707-03-300x300.jpeg 300w, https:\/\/www.revoila.fr\/wp-content\/uploads\/2021\/01\/IMG_20201106_150707-03-1024x1024.jpeg 1024w, https:\/\/www.revoila.fr\/wp-content\/uploads\/2021\/01\/IMG_20201106_150707-03-150x150.jpeg 150w, https:\/\/www.revoila.fr\/wp-content\/uploads\/2021\/01\/IMG_20201106_150707-03-768x767.jpeg 768w, https:\/\/www.revoila.fr\/wp-content\/uploads\/2021\/01\/IMG_20201106_150707-03-800x799.jpeg 800w, https:\/\/www.revoila.fr\/wp-content\/uploads\/2021\/01\/IMG_20201106_150707-03-100x100.jpeg 100w, https:\/\/www.revoila.fr\/wp-content\/uploads\/2021\/01\/IMG_20201106_150707-03.jpeg 1366w\" sizes=\"auto, (max-width: 300px) 100vw, 300px\" \/><\/a>\n\t\t\t<\/div>\n\t\t\t\t<figcaption class='wp-caption-text gallery-caption' id='gallery-1-5589'>\n\t\t\t\tBureau pieds compas-bloc 4 tiroirs 1950\n\t\t\t\t<\/figcaption><\/figure><figure class='gallery-item'>\n\t\t\t<div class='gallery-icon landscape'>\n\t\t\t\t<a href='https:\/\/www.revoila.fr\/?attachment_id=5593'><img loading=\"lazy\" decoding=\"async\" width=\"300\" height=\"300\" src=\"https:\/\/www.revoila.fr\/wp-content\/uploads\/2021\/01\/IMG_20201106_151450-01-300x300.jpeg\" class=\"attachment-medium size-medium\" alt=\"\" aria-describedby=\"gallery-1-5593\" srcset=\"https:\/\/www.revoila.fr\/wp-content\/uploads\/2021\/01\/IMG_20201106_151450-01-300x300.jpeg 300w, https:\/\/www.revoila.fr\/wp-content\/uploads\/2021\/01\/IMG_20201106_151450-01-1024x1024.jpeg 1024w, https:\/\/www.revoila.fr\/wp-content\/uploads\/2021\/01\/IMG_20201106_151450-01-150x150.jpeg 150w, https:\/\/www.revoila.fr\/wp-content\/uploads\/2021\/01\/IMG_20201106_151450-01-768x768.jpeg 768w, https:\/\/www.revoila.fr\/wp-content\/uploads\/2021\/01\/IMG_20201106_151450-01-800x800.jpeg 800w, https:\/\/www.revoila.fr\/wp-content\/uploads\/2021\/01\/IMG_20201106_151450-01-100x100.jpeg 100w, https:\/\/www.revoila.fr\/wp-content\/uploads\/2021\/01\/IMG_20201106_151450-01.jpeg 1366w\" sizes=\"auto, (max-width: 300px) 100vw, 300px\" \/><\/a>\n\t\t\t<\/div>\n\t\t\t\t<figcaption class='wp-caption-text gallery-caption' id='gallery-1-5593'>\n\t\t\t\tBureau pieds compas-bloc 4 tiroirs 1950\n\t\t\t\t<\/figcaption><\/figure><figure class='gallery-item'>\n\t\t\t<div class='gallery-icon landscape'>\n\t\t\t\t<a href='https:\/\/www.revoila.fr\/?attachment_id=5591'><img loading=\"lazy\" decoding=\"async\" width=\"300\" height=\"300\" src=\"https:\/\/www.revoila.fr\/wp-content\/uploads\/2021\/01\/IMG_20201106_151246-01-300x300.jpeg\" class=\"attachment-medium size-medium\" alt=\"\" aria-describedby=\"gallery-1-5591\" srcset=\"https:\/\/www.revoila.fr\/wp-content\/uploads\/2021\/01\/IMG_20201106_151246-01-300x300.jpeg 300w, https:\/\/www.revoila.fr\/wp-content\/uploads\/2021\/01\/IMG_20201106_151246-01-1024x1024.jpeg 1024w, https:\/\/www.revoila.fr\/wp-content\/uploads\/2021\/01\/IMG_20201106_151246-01-150x150.jpeg 150w, https:\/\/www.revoila.fr\/wp-content\/uploads\/2021\/01\/IMG_20201106_151246-01-768x768.jpeg 768w, https:\/\/www.revoila.fr\/wp-content\/uploads\/2021\/01\/IMG_20201106_151246-01-800x800.jpeg 800w, https:\/\/www.revoila.fr\/wp-content\/uploads\/2021\/01\/IMG_20201106_151246-01-100x100.jpeg 100w, https:\/\/www.revoila.fr\/wp-content\/uploads\/2021\/01\/IMG_20201106_151246-01.jpeg 1366w\" sizes=\"auto, (max-width: 300px) 100vw, 300px\" \/><\/a>\n\t\t\t<\/div>\n\t\t\t\t<figcaption class='wp-caption-text gallery-caption' id='gallery-1-5591'>\n\t\t\t\tBureau pieds compas-bloc 4 tiroirs 1950\n\t\t\t\t<\/figcaption><\/figure><figure class='gallery-item'>\n\t\t\t<div class='gallery-icon landscape'>\n\t\t\t\t<a href='https:\/\/www.revoila.fr\/?attachment_id=5596'><img loading=\"lazy\" decoding=\"async\" width=\"300\" height=\"300\" src=\"https:\/\/www.revoila.fr\/wp-content\/uploads\/2021\/01\/IMG_20201106_151943-01-300x300.jpeg\" class=\"attachment-medium size-medium\" alt=\"\" aria-describedby=\"gallery-1-5596\" srcset=\"https:\/\/www.revoila.fr\/wp-content\/uploads\/2021\/01\/IMG_20201106_151943-01-300x300.jpeg 300w, https:\/\/www.revoila.fr\/wp-content\/uploads\/2021\/01\/IMG_20201106_151943-01-1024x1024.jpeg 1024w, https:\/\/www.revoila.fr\/wp-content\/uploads\/2021\/01\/IMG_20201106_151943-01-150x150.jpeg 150w, https:\/\/www.revoila.fr\/wp-content\/uploads\/2021\/01\/IMG_20201106_151943-01-768x768.jpeg 768w, https:\/\/www.revoila.fr\/wp-content\/uploads\/2021\/01\/IMG_20201106_151943-01-800x800.jpeg 800w, https:\/\/www.revoila.fr\/wp-content\/uploads\/2021\/01\/IMG_20201106_151943-01-100x100.jpeg 100w, https:\/\/www.revoila.fr\/wp-content\/uploads\/2021\/01\/IMG_20201106_151943-01.jpeg 1366w\" sizes=\"auto, (max-width: 300px) 100vw, 300px\" \/><\/a>\n\t\t\t<\/div>\n\t\t\t\t<figcaption class='wp-caption-text gallery-caption' id='gallery-1-5596'>\n\t\t\t\tBureau pieds compas-bloc 4 tiroirs 1950\n\t\t\t\t<\/figcaption><\/figure><figure class='gallery-item'>\n\t\t\t<div class='gallery-icon landscape'>\n\t\t\t\t<a href='https:\/\/www.revoila.fr\/?attachment_id=5597'><img loading=\"lazy\" decoding=\"async\" width=\"300\" height=\"300\" src=\"https:\/\/www.revoila.fr\/wp-content\/uploads\/2021\/01\/IMG_20201106_152025-01-300x300.jpeg\" class=\"attachment-medium size-medium\" alt=\"\" aria-describedby=\"gallery-1-5597\" srcset=\"https:\/\/www.revoila.fr\/wp-content\/uploads\/2021\/01\/IMG_20201106_152025-01-300x300.jpeg 300w, https:\/\/www.revoila.fr\/wp-content\/uploads\/2021\/01\/IMG_20201106_152025-01-1024x1024.jpeg 1024w, https:\/\/www.revoila.fr\/wp-content\/uploads\/2021\/01\/IMG_20201106_152025-01-150x150.jpeg 150w, https:\/\/www.revoila.fr\/wp-content\/uploads\/2021\/01\/IMG_20201106_152025-01-768x768.jpeg 768w, https:\/\/www.revoila.fr\/wp-content\/uploads\/2021\/01\/IMG_20201106_152025-01-800x800.jpeg 800w, https:\/\/www.revoila.fr\/wp-content\/uploads\/2021\/01\/IMG_20201106_152025-01-100x100.jpeg 100w, https:\/\/www.revoila.fr\/wp-content\/uploads\/2021\/01\/IMG_20201106_152025-01.jpeg 1366w\" sizes=\"auto, (max-width: 300px) 100vw, 300px\" \/><\/a>\n\t\t\t<\/div>\n\t\t\t\t<figcaption class='wp-caption-text gallery-caption' id='gallery-1-5597'>\n\t\t\t\tBureau pieds compas-bloc 4 tiroirs 1950\n\t\t\t\t<\/figcaption><\/figure><figure class='gallery-item'>\n\t\t\t<div class='gallery-icon landscape'>\n\t\t\t\t<a href='https:\/\/www.revoila.fr\/?attachment_id=5594'><img loading=\"lazy\" decoding=\"async\" width=\"300\" height=\"300\" src=\"https:\/\/www.revoila.fr\/wp-content\/uploads\/2021\/01\/IMG_20201106_151555-01-300x300.jpeg\" class=\"attachment-medium size-medium\" alt=\"\" aria-describedby=\"gallery-1-5594\" srcset=\"https:\/\/www.revoila.fr\/wp-content\/uploads\/2021\/01\/IMG_20201106_151555-01-300x300.jpeg 300w, https:\/\/www.revoila.fr\/wp-content\/uploads\/2021\/01\/IMG_20201106_151555-01-1024x1024.jpeg 1024w, https:\/\/www.revoila.fr\/wp-content\/uploads\/2021\/01\/IMG_20201106_151555-01-150x150.jpeg 150w, https:\/\/www.revoila.fr\/wp-content\/uploads\/2021\/01\/IMG_20201106_151555-01-768x767.jpeg 768w, https:\/\/www.revoila.fr\/wp-content\/uploads\/2021\/01\/IMG_20201106_151555-01-800x799.jpeg 800w, https:\/\/www.revoila.fr\/wp-content\/uploads\/2021\/01\/IMG_20201106_151555-01-100x100.jpeg 100w, https:\/\/www.revoila.fr\/wp-content\/uploads\/2021\/01\/IMG_20201106_151555-01.jpeg 1366w\" sizes=\"auto, (max-width: 300px) 100vw, 300px\" \/><\/a>\n\t\t\t<\/div>\n\t\t\t\t<figcaption class='wp-caption-text gallery-caption' id='gallery-1-5594'>\n\t\t\t\tBureau pieds compas-bloc 4 tiroirs 1950\n\t\t\t\t<\/figcaption><\/figure><figure class='gallery-item'>\n\t\t\t<div class='gallery-icon landscape'>\n\t\t\t\t<a href='https:\/\/www.revoila.fr\/?attachment_id=5592'><img loading=\"lazy\" decoding=\"async\" width=\"300\" height=\"300\" src=\"https:\/\/www.revoila.fr\/wp-content\/uploads\/2021\/01\/IMG_20201106_151320-01-300x300.jpeg\" class=\"attachment-medium size-medium\" alt=\"\" aria-describedby=\"gallery-1-5592\" srcset=\"https:\/\/www.revoila.fr\/wp-content\/uploads\/2021\/01\/IMG_20201106_151320-01-300x300.jpeg 300w, https:\/\/www.revoila.fr\/wp-content\/uploads\/2021\/01\/IMG_20201106_151320-01-1024x1024.jpeg 1024w, https:\/\/www.revoila.fr\/wp-content\/uploads\/2021\/01\/IMG_20201106_151320-01-150x150.jpeg 150w, https:\/\/www.revoila.fr\/wp-content\/uploads\/2021\/01\/IMG_20201106_151320-01-768x768.jpeg 768w, https:\/\/www.revoila.fr\/wp-content\/uploads\/2021\/01\/IMG_20201106_151320-01-800x800.jpeg 800w, https:\/\/www.revoila.fr\/wp-content\/uploads\/2021\/01\/IMG_20201106_151320-01-100x100.jpeg 100w, https:\/\/www.revoila.fr\/wp-content\/uploads\/2021\/01\/IMG_20201106_151320-01.jpeg 1366w\" sizes=\"auto, (max-width: 300px) 100vw, 300px\" \/><\/a>\n\t\t\t<\/div>\n\t\t\t\t<figcaption class='wp-caption-text gallery-caption' id='gallery-1-5592'>\n\t\t\t\tBureau pieds compas-bloc 4 tiroirs 1950\n\t\t\t\t<\/figcaption><\/figure><figure class='gallery-item'>\n\t\t\t<div class='gallery-icon landscape'>\n\t\t\t\t<a href='https:\/\/www.revoila.fr\/?attachment_id=5590'><img loading=\"lazy\" decoding=\"async\" width=\"300\" height=\"300\" src=\"https:\/\/www.revoila.fr\/wp-content\/uploads\/2021\/01\/IMG_20201106_150827-01-300x300.jpeg\" class=\"attachment-medium size-medium\" alt=\"\" aria-describedby=\"gallery-1-5590\" srcset=\"https:\/\/www.revoila.fr\/wp-content\/uploads\/2021\/01\/IMG_20201106_150827-01-300x300.jpeg 300w, https:\/\/www.revoila.fr\/wp-content\/uploads\/2021\/01\/IMG_20201106_150827-01-1024x1024.jpeg 1024w, https:\/\/www.revoila.fr\/wp-content\/uploads\/2021\/01\/IMG_20201106_150827-01-150x150.jpeg 150w, https:\/\/www.revoila.fr\/wp-content\/uploads\/2021\/01\/IMG_20201106_150827-01-768x767.jpeg 768w, https:\/\/www.revoila.fr\/wp-content\/uploads\/2021\/01\/IMG_20201106_150827-01-800x799.jpeg 800w, https:\/\/www.revoila.fr\/wp-content\/uploads\/2021\/01\/IMG_20201106_150827-01-100x100.jpeg 100w, https:\/\/www.revoila.fr\/wp-content\/uploads\/2021\/01\/IMG_20201106_150827-01.jpeg 1366w\" sizes=\"auto, (max-width: 300px) 100vw, 300px\" \/><\/a>\n\t\t\t<\/div>\n\t\t\t\t<figcaption class='wp-caption-text gallery-caption' id='gallery-1-5590'>\n\t\t\t\tBureau pieds compas-bloc 4 tiroirs 1950\n\t\t\t\t<\/figcaption><\/figure>\n\t\t<\/div>\n\n","protected":false},"excerpt":{"rendered":"<div>\n<p>Fabrication fran\u00e7aise des ann\u00e9es 50, une jolie ligne l\u00e9g\u00e8re pour ce bureau en placage de ch\u00eane clair ton miel,. Le plateau repose sur 2 pieds fusel\u00e9s et un caisson sur 4 pieds compas. Les 4 tiroirs \u00e0 fa\u00e7ades biseaut\u00e9es ont des poign\u00e9es laiton.<br \/>\nIl y a des traces d&rsquo;usage mais il demeure dans un bel \u00e9tat.<\/p>\n<\/div>\n<div class=\"woocommerce-product-details__short-description\">\n<div class=\"woocommerce-product-details__short-description\">\n<p>Hauteur : 74 cm \/\/\/ Longueur : 99 cm \/\/\/ Profondeur : 59 cm<\/p>\n<\/div>\n<\/div>\n","protected":false},"featured_media":5588,"comment_status":"open","ping_status":"closed","template":"","meta":[],"product_brand":[],"product_cat":[60,27],"product_tag":[],"class_list":{"0":"post-5587","1":"product","2":"type-product","3":"status-publish","4":"has-post-thumbnail","6":"product_cat-bureau","7":"product_cat-rangement","9":"first","10":"outofstock","11":"shipping-taxable","12":"product-type-simple"},"_links":{"self":[{"href":"https:\/\/www.revoila.fr\/index.php\/wp-json\/wp\/v2\/product\/5587","targetHints":{"allow":["GET"]}}],"collection":[{"href":"https:\/\/www.revoila.fr\/index.php\/wp-json\/wp\/v2\/product"}],"about":[{"href":"https:\/\/www.revoila.fr\/index.php\/wp-json\/wp\/v2\/types\/product"}],"replies":[{"embeddable":true,"href":"https:\/\/www.revoila.fr\/index.php\/wp-json\/wp\/v2\/comments?post=5587"}],"wp:featuredmedia":[{"embeddable":true,"href":"https:\/\/www.revoila.fr\/index.php\/wp-json\/wp\/v2\/media\/5588"}],"wp:attachment":[{"href":"https:\/\/www.revoila.fr\/index.php\/wp-json\/wp\/v2\/media?parent=5587"}],"wp:term":[{"taxonomy":"product_brand","embeddable":true,"href":"https:\/\/www.revoila.fr\/index.php\/wp-json\/wp\/v2\/product_brand?post=5587"},{"taxonomy":"product_cat","embeddable":true,"href":"https:\/\/www.revoila.fr\/index.php\/wp-json\/wp\/v2\/product_cat?post=5587"},{"taxonomy":"product_tag","embeddable":true,"href":"https:\/\/www.revoila.fr\/index.php\/wp-json\/wp\/v2\/product_tag?post=5587"}],"curies":[{"name":"wp","href":"https:\/\/api.w.org\/{rel}","templated":true}]}}