{"id":5709,"date":"2021-03-26T10:08:12","date_gmt":"2021-03-26T09:08:12","guid":{"rendered":"https:\/\/www.revoila.fr\/?post_type=product&#038;p=5709"},"modified":"2026-04-20T17:04:16","modified_gmt":"2026-04-20T15:04:16","slug":"bureau-moderniste-des-annees-60","status":"publish","type":"product","link":"https:\/\/www.revoila.fr\/index.php\/produit\/bureau-moderniste-des-annees-60\/","title":{"rendered":"Bureau moderniste des ann\u00e9es 60"},"content":{"rendered":"<div id='gallery-1' class='gallery galleryid-5709 gallery-columns-4 gallery-size-medium'><figure class='gallery-item'>\n\t\t\t<div class='gallery-icon landscape'>\n\t\t\t\t<a href='https:\/\/www.revoila.fr\/?attachment_id=5720'><img loading=\"lazy\" decoding=\"async\" width=\"300\" height=\"300\" src=\"https:\/\/www.revoila.fr\/wp-content\/uploads\/2021\/03\/IMG_20201106_161532-01-300x300.jpeg\" class=\"attachment-medium size-medium\" alt=\"\" aria-describedby=\"gallery-1-5720\" srcset=\"https:\/\/www.revoila.fr\/wp-content\/uploads\/2021\/03\/IMG_20201106_161532-01-300x300.jpeg 300w, https:\/\/www.revoila.fr\/wp-content\/uploads\/2021\/03\/IMG_20201106_161532-01-1024x1024.jpeg 1024w, https:\/\/www.revoila.fr\/wp-content\/uploads\/2021\/03\/IMG_20201106_161532-01-150x150.jpeg 150w, https:\/\/www.revoila.fr\/wp-content\/uploads\/2021\/03\/IMG_20201106_161532-01-768x767.jpeg 768w, https:\/\/www.revoila.fr\/wp-content\/uploads\/2021\/03\/IMG_20201106_161532-01-1080x1079.jpeg 1080w, https:\/\/www.revoila.fr\/wp-content\/uploads\/2021\/03\/IMG_20201106_161532-01-800x799.jpeg 800w, https:\/\/www.revoila.fr\/wp-content\/uploads\/2021\/03\/IMG_20201106_161532-01-100x100.jpeg 100w, https:\/\/www.revoila.fr\/wp-content\/uploads\/2021\/03\/IMG_20201106_161532-01.jpeg 1366w\" sizes=\"auto, (max-width: 300px) 100vw, 300px\" \/><\/a>\n\t\t\t<\/div>\n\t\t\t\t<figcaption class='wp-caption-text gallery-caption' id='gallery-1-5720'>\n\t\t\t\tbureau moderniste 1960\n\t\t\t\t<\/figcaption><\/figure><figure class='gallery-item'>\n\t\t\t<div class='gallery-icon landscape'>\n\t\t\t\t<a href='https:\/\/www.revoila.fr\/?attachment_id=5718'><img loading=\"lazy\" decoding=\"async\" width=\"300\" height=\"300\" src=\"https:\/\/www.revoila.fr\/wp-content\/uploads\/2021\/03\/IMG_20201106_161923-01-300x300.jpeg\" class=\"attachment-medium size-medium\" alt=\"\" aria-describedby=\"gallery-1-5718\" srcset=\"https:\/\/www.revoila.fr\/wp-content\/uploads\/2021\/03\/IMG_20201106_161923-01-300x300.jpeg 300w, https:\/\/www.revoila.fr\/wp-content\/uploads\/2021\/03\/IMG_20201106_161923-01-1024x1024.jpeg 1024w, https:\/\/www.revoila.fr\/wp-content\/uploads\/2021\/03\/IMG_20201106_161923-01-150x150.jpeg 150w, https:\/\/www.revoila.fr\/wp-content\/uploads\/2021\/03\/IMG_20201106_161923-01-768x768.jpeg 768w, https:\/\/www.revoila.fr\/wp-content\/uploads\/2021\/03\/IMG_20201106_161923-01-1080x1080.jpeg 1080w, https:\/\/www.revoila.fr\/wp-content\/uploads\/2021\/03\/IMG_20201106_161923-01-800x800.jpeg 800w, https:\/\/www.revoila.fr\/wp-content\/uploads\/2021\/03\/IMG_20201106_161923-01-100x100.jpeg 100w, https:\/\/www.revoila.fr\/wp-content\/uploads\/2021\/03\/IMG_20201106_161923-01.jpeg 1366w\" sizes=\"auto, (max-width: 300px) 100vw, 300px\" \/><\/a>\n\t\t\t<\/div>\n\t\t\t\t<figcaption class='wp-caption-text gallery-caption' id='gallery-1-5718'>\n\t\t\t\tbureau moderniste 1960\n\t\t\t\t<\/figcaption><\/figure><figure class='gallery-item'>\n\t\t\t<div class='gallery-icon landscape'>\n\t\t\t\t<a href='https:\/\/www.revoila.fr\/?attachment_id=5719'><img loading=\"lazy\" decoding=\"async\" width=\"300\" height=\"300\" src=\"https:\/\/www.revoila.fr\/wp-content\/uploads\/2021\/03\/IMG_20201106_161655-01-300x300.jpeg\" class=\"attachment-medium size-medium\" alt=\"\" aria-describedby=\"gallery-1-5719\" srcset=\"https:\/\/www.revoila.fr\/wp-content\/uploads\/2021\/03\/IMG_20201106_161655-01-300x300.jpeg 300w, https:\/\/www.revoila.fr\/wp-content\/uploads\/2021\/03\/IMG_20201106_161655-01-1024x1024.jpeg 1024w, https:\/\/www.revoila.fr\/wp-content\/uploads\/2021\/03\/IMG_20201106_161655-01-150x150.jpeg 150w, https:\/\/www.revoila.fr\/wp-content\/uploads\/2021\/03\/IMG_20201106_161655-01-768x768.jpeg 768w, https:\/\/www.revoila.fr\/wp-content\/uploads\/2021\/03\/IMG_20201106_161655-01-1080x1080.jpeg 1080w, https:\/\/www.revoila.fr\/wp-content\/uploads\/2021\/03\/IMG_20201106_161655-01-800x800.jpeg 800w, https:\/\/www.revoila.fr\/wp-content\/uploads\/2021\/03\/IMG_20201106_161655-01-100x100.jpeg 100w, https:\/\/www.revoila.fr\/wp-content\/uploads\/2021\/03\/IMG_20201106_161655-01.jpeg 1366w\" sizes=\"auto, (max-width: 300px) 100vw, 300px\" \/><\/a>\n\t\t\t<\/div>\n\t\t\t\t<figcaption class='wp-caption-text gallery-caption' id='gallery-1-5719'>\n\t\t\t\tbureau moderniste 1960\n\t\t\t\t<\/figcaption><\/figure><figure class='gallery-item'>\n\t\t\t<div class='gallery-icon landscape'>\n\t\t\t\t<a href='https:\/\/www.revoila.fr\/?attachment_id=5715'><img loading=\"lazy\" decoding=\"async\" width=\"300\" height=\"300\" src=\"https:\/\/www.revoila.fr\/wp-content\/uploads\/2021\/03\/IMG_20201106_162433-01-300x300.jpeg\" class=\"attachment-medium size-medium\" alt=\"\" aria-describedby=\"gallery-1-5715\" srcset=\"https:\/\/www.revoila.fr\/wp-content\/uploads\/2021\/03\/IMG_20201106_162433-01-300x300.jpeg 300w, https:\/\/www.revoila.fr\/wp-content\/uploads\/2021\/03\/IMG_20201106_162433-01-1024x1024.jpeg 1024w, https:\/\/www.revoila.fr\/wp-content\/uploads\/2021\/03\/IMG_20201106_162433-01-150x150.jpeg 150w, https:\/\/www.revoila.fr\/wp-content\/uploads\/2021\/03\/IMG_20201106_162433-01-768x767.jpeg 768w, https:\/\/www.revoila.fr\/wp-content\/uploads\/2021\/03\/IMG_20201106_162433-01-1080x1079.jpeg 1080w, https:\/\/www.revoila.fr\/wp-content\/uploads\/2021\/03\/IMG_20201106_162433-01-800x799.jpeg 800w, https:\/\/www.revoila.fr\/wp-content\/uploads\/2021\/03\/IMG_20201106_162433-01-100x100.jpeg 100w, https:\/\/www.revoila.fr\/wp-content\/uploads\/2021\/03\/IMG_20201106_162433-01.jpeg 1366w\" sizes=\"auto, (max-width: 300px) 100vw, 300px\" \/><\/a>\n\t\t\t<\/div>\n\t\t\t\t<figcaption class='wp-caption-text gallery-caption' id='gallery-1-5715'>\n\t\t\t\tbureau moderniste 1960\n\t\t\t\t<\/figcaption><\/figure><figure class='gallery-item'>\n\t\t\t<div class='gallery-icon landscape'>\n\t\t\t\t<a href='https:\/\/www.revoila.fr\/?attachment_id=5710'><img loading=\"lazy\" decoding=\"async\" width=\"300\" height=\"300\" src=\"https:\/\/www.revoila.fr\/wp-content\/uploads\/2021\/03\/IMG_20201106_161745-01-300x300.jpeg\" class=\"attachment-medium size-medium\" alt=\"\" aria-describedby=\"gallery-1-5710\" srcset=\"https:\/\/www.revoila.fr\/wp-content\/uploads\/2021\/03\/IMG_20201106_161745-01-300x300.jpeg 300w, https:\/\/www.revoila.fr\/wp-content\/uploads\/2021\/03\/IMG_20201106_161745-01-1024x1024.jpeg 1024w, https:\/\/www.revoila.fr\/wp-content\/uploads\/2021\/03\/IMG_20201106_161745-01-150x150.jpeg 150w, https:\/\/www.revoila.fr\/wp-content\/uploads\/2021\/03\/IMG_20201106_161745-01-768x767.jpeg 768w, https:\/\/www.revoila.fr\/wp-content\/uploads\/2021\/03\/IMG_20201106_161745-01-1080x1078.jpeg 1080w, https:\/\/www.revoila.fr\/wp-content\/uploads\/2021\/03\/IMG_20201106_161745-01-800x799.jpeg 800w, https:\/\/www.revoila.fr\/wp-content\/uploads\/2021\/03\/IMG_20201106_161745-01-100x100.jpeg 100w, https:\/\/www.revoila.fr\/wp-content\/uploads\/2021\/03\/IMG_20201106_161745-01.jpeg 1366w\" sizes=\"auto, (max-width: 300px) 100vw, 300px\" \/><\/a>\n\t\t\t<\/div>\n\t\t\t\t<figcaption class='wp-caption-text gallery-caption' id='gallery-1-5710'>\n\t\t\t\tbureau moderniste 1960\n\t\t\t\t<\/figcaption><\/figure><figure class='gallery-item'>\n\t\t\t<div class='gallery-icon landscape'>\n\t\t\t\t<a href='https:\/\/www.revoila.fr\/?attachment_id=5713'><img loading=\"lazy\" decoding=\"async\" width=\"300\" height=\"300\" src=\"https:\/\/www.revoila.fr\/wp-content\/uploads\/2021\/03\/IMG_20201106_162907-01-300x300.jpeg\" class=\"attachment-medium size-medium\" alt=\"\" aria-describedby=\"gallery-1-5713\" srcset=\"https:\/\/www.revoila.fr\/wp-content\/uploads\/2021\/03\/IMG_20201106_162907-01-300x300.jpeg 300w, https:\/\/www.revoila.fr\/wp-content\/uploads\/2021\/03\/IMG_20201106_162907-01-1024x1024.jpeg 1024w, https:\/\/www.revoila.fr\/wp-content\/uploads\/2021\/03\/IMG_20201106_162907-01-150x150.jpeg 150w, https:\/\/www.revoila.fr\/wp-content\/uploads\/2021\/03\/IMG_20201106_162907-01-768x767.jpeg 768w, https:\/\/www.revoila.fr\/wp-content\/uploads\/2021\/03\/IMG_20201106_162907-01-1080x1078.jpeg 1080w, https:\/\/www.revoila.fr\/wp-content\/uploads\/2021\/03\/IMG_20201106_162907-01-800x799.jpeg 800w, https:\/\/www.revoila.fr\/wp-content\/uploads\/2021\/03\/IMG_20201106_162907-01-100x100.jpeg 100w, https:\/\/www.revoila.fr\/wp-content\/uploads\/2021\/03\/IMG_20201106_162907-01.jpeg 1366w\" sizes=\"auto, (max-width: 300px) 100vw, 300px\" \/><\/a>\n\t\t\t<\/div>\n\t\t\t\t<figcaption class='wp-caption-text gallery-caption' id='gallery-1-5713'>\n\t\t\t\tbureau moderniste 1960\n\t\t\t\t<\/figcaption><\/figure><figure class='gallery-item'>\n\t\t\t<div class='gallery-icon landscape'>\n\t\t\t\t<a href='https:\/\/www.revoila.fr\/?attachment_id=5717'><img loading=\"lazy\" decoding=\"async\" width=\"300\" height=\"300\" src=\"https:\/\/www.revoila.fr\/wp-content\/uploads\/2021\/03\/IMG_20201106_162203-01-300x300.jpeg\" class=\"attachment-medium size-medium\" alt=\"\" aria-describedby=\"gallery-1-5717\" srcset=\"https:\/\/www.revoila.fr\/wp-content\/uploads\/2021\/03\/IMG_20201106_162203-01-300x300.jpeg 300w, https:\/\/www.revoila.fr\/wp-content\/uploads\/2021\/03\/IMG_20201106_162203-01-1024x1022.jpeg 1024w, https:\/\/www.revoila.fr\/wp-content\/uploads\/2021\/03\/IMG_20201106_162203-01-150x150.jpeg 150w, https:\/\/www.revoila.fr\/wp-content\/uploads\/2021\/03\/IMG_20201106_162203-01-768x766.jpeg 768w, https:\/\/www.revoila.fr\/wp-content\/uploads\/2021\/03\/IMG_20201106_162203-01-1080x1078.jpeg 1080w, https:\/\/www.revoila.fr\/wp-content\/uploads\/2021\/03\/IMG_20201106_162203-01-800x798.jpeg 800w, https:\/\/www.revoila.fr\/wp-content\/uploads\/2021\/03\/IMG_20201106_162203-01-100x100.jpeg 100w, https:\/\/www.revoila.fr\/wp-content\/uploads\/2021\/03\/IMG_20201106_162203-01.jpeg 1366w\" sizes=\"auto, (max-width: 300px) 100vw, 300px\" \/><\/a>\n\t\t\t<\/div>\n\t\t\t\t<figcaption class='wp-caption-text gallery-caption' id='gallery-1-5717'>\n\t\t\t\tbureau moderniste 1960\n\t\t\t\t<\/figcaption><\/figure><figure class='gallery-item'>\n\t\t\t<div class='gallery-icon landscape'>\n\t\t\t\t<a href='https:\/\/www.revoila.fr\/?attachment_id=5712'><img loading=\"lazy\" decoding=\"async\" width=\"300\" height=\"300\" src=\"https:\/\/www.revoila.fr\/wp-content\/uploads\/2021\/03\/IMG_20201106_163011-02-300x300.jpeg\" class=\"attachment-medium size-medium\" alt=\"\" aria-describedby=\"gallery-1-5712\" srcset=\"https:\/\/www.revoila.fr\/wp-content\/uploads\/2021\/03\/IMG_20201106_163011-02-300x300.jpeg 300w, https:\/\/www.revoila.fr\/wp-content\/uploads\/2021\/03\/IMG_20201106_163011-02-1024x1024.jpeg 1024w, https:\/\/www.revoila.fr\/wp-content\/uploads\/2021\/03\/IMG_20201106_163011-02-150x150.jpeg 150w, https:\/\/www.revoila.fr\/wp-content\/uploads\/2021\/03\/IMG_20201106_163011-02-768x768.jpeg 768w, https:\/\/www.revoila.fr\/wp-content\/uploads\/2021\/03\/IMG_20201106_163011-02-1080x1080.jpeg 1080w, https:\/\/www.revoila.fr\/wp-content\/uploads\/2021\/03\/IMG_20201106_163011-02-800x800.jpeg 800w, https:\/\/www.revoila.fr\/wp-content\/uploads\/2021\/03\/IMG_20201106_163011-02-100x100.jpeg 100w, https:\/\/www.revoila.fr\/wp-content\/uploads\/2021\/03\/IMG_20201106_163011-02.jpeg 1366w\" sizes=\"auto, (max-width: 300px) 100vw, 300px\" \/><\/a>\n\t\t\t<\/div>\n\t\t\t\t<figcaption class='wp-caption-text gallery-caption' id='gallery-1-5712'>\n\t\t\t\tbureau moderniste 1960\n\t\t\t\t<\/figcaption><\/figure><figure class='gallery-item'>\n\t\t\t<div class='gallery-icon landscape'>\n\t\t\t\t<a href='https:\/\/www.revoila.fr\/?attachment_id=5714'><img loading=\"lazy\" decoding=\"async\" width=\"300\" height=\"300\" src=\"https:\/\/www.revoila.fr\/wp-content\/uploads\/2021\/03\/IMG_20201106_162815-01-300x300.jpeg\" class=\"attachment-medium size-medium\" alt=\"\" aria-describedby=\"gallery-1-5714\" srcset=\"https:\/\/www.revoila.fr\/wp-content\/uploads\/2021\/03\/IMG_20201106_162815-01-300x300.jpeg 300w, https:\/\/www.revoila.fr\/wp-content\/uploads\/2021\/03\/IMG_20201106_162815-01-1024x1024.jpeg 1024w, https:\/\/www.revoila.fr\/wp-content\/uploads\/2021\/03\/IMG_20201106_162815-01-150x150.jpeg 150w, https:\/\/www.revoila.fr\/wp-content\/uploads\/2021\/03\/IMG_20201106_162815-01-768x768.jpeg 768w, https:\/\/www.revoila.fr\/wp-content\/uploads\/2021\/03\/IMG_20201106_162815-01-1080x1080.jpeg 1080w, https:\/\/www.revoila.fr\/wp-content\/uploads\/2021\/03\/IMG_20201106_162815-01-800x800.jpeg 800w, https:\/\/www.revoila.fr\/wp-content\/uploads\/2021\/03\/IMG_20201106_162815-01-100x100.jpeg 100w, https:\/\/www.revoila.fr\/wp-content\/uploads\/2021\/03\/IMG_20201106_162815-01.jpeg 1366w\" sizes=\"auto, (max-width: 300px) 100vw, 300px\" \/><\/a>\n\t\t\t<\/div>\n\t\t\t\t<figcaption class='wp-caption-text gallery-caption' id='gallery-1-5714'>\n\t\t\t\tbureau moderniste 1960\n\t\t\t\t<\/figcaption><\/figure><figure class='gallery-item'>\n\t\t\t<div class='gallery-icon landscape'>\n\t\t\t\t<a href='https:\/\/www.revoila.fr\/?attachment_id=5716'><img loading=\"lazy\" decoding=\"async\" width=\"300\" height=\"300\" src=\"https:\/\/www.revoila.fr\/wp-content\/uploads\/2021\/03\/IMG_20201106_162231-01-300x300.jpeg\" class=\"attachment-medium size-medium\" alt=\"\" aria-describedby=\"gallery-1-5716\" srcset=\"https:\/\/www.revoila.fr\/wp-content\/uploads\/2021\/03\/IMG_20201106_162231-01-300x300.jpeg 300w, https:\/\/www.revoila.fr\/wp-content\/uploads\/2021\/03\/IMG_20201106_162231-01-1024x1024.jpeg 1024w, https:\/\/www.revoila.fr\/wp-content\/uploads\/2021\/03\/IMG_20201106_162231-01-150x150.jpeg 150w, https:\/\/www.revoila.fr\/wp-content\/uploads\/2021\/03\/IMG_20201106_162231-01-768x768.jpeg 768w, https:\/\/www.revoila.fr\/wp-content\/uploads\/2021\/03\/IMG_20201106_162231-01-1080x1080.jpeg 1080w, https:\/\/www.revoila.fr\/wp-content\/uploads\/2021\/03\/IMG_20201106_162231-01-800x800.jpeg 800w, https:\/\/www.revoila.fr\/wp-content\/uploads\/2021\/03\/IMG_20201106_162231-01-100x100.jpeg 100w, https:\/\/www.revoila.fr\/wp-content\/uploads\/2021\/03\/IMG_20201106_162231-01.jpeg 1366w\" sizes=\"auto, (max-width: 300px) 100vw, 300px\" \/><\/a>\n\t\t\t<\/div>\n\t\t\t\t<figcaption class='wp-caption-text gallery-caption' id='gallery-1-5716'>\n\t\t\t\tbureau moderniste 1960\n\t\t\t\t<\/figcaption><\/figure><figure class='gallery-item'>\n\t\t\t<div class='gallery-icon landscape'>\n\t\t\t\t<a href='https:\/\/www.revoila.fr\/?attachment_id=5711'><img loading=\"lazy\" decoding=\"async\" width=\"300\" height=\"300\" src=\"https:\/\/www.revoila.fr\/wp-content\/uploads\/2021\/03\/IMG_20201106_162638-01-300x300.jpeg\" class=\"attachment-medium size-medium\" alt=\"\" aria-describedby=\"gallery-1-5711\" srcset=\"https:\/\/www.revoila.fr\/wp-content\/uploads\/2021\/03\/IMG_20201106_162638-01-300x300.jpeg 300w, https:\/\/www.revoila.fr\/wp-content\/uploads\/2021\/03\/IMG_20201106_162638-01-1024x1024.jpeg 1024w, https:\/\/www.revoila.fr\/wp-content\/uploads\/2021\/03\/IMG_20201106_162638-01-150x150.jpeg 150w, https:\/\/www.revoila.fr\/wp-content\/uploads\/2021\/03\/IMG_20201106_162638-01-768x768.jpeg 768w, https:\/\/www.revoila.fr\/wp-content\/uploads\/2021\/03\/IMG_20201106_162638-01-1080x1080.jpeg 1080w, https:\/\/www.revoila.fr\/wp-content\/uploads\/2021\/03\/IMG_20201106_162638-01-800x800.jpeg 800w, https:\/\/www.revoila.fr\/wp-content\/uploads\/2021\/03\/IMG_20201106_162638-01-100x100.jpeg 100w, https:\/\/www.revoila.fr\/wp-content\/uploads\/2021\/03\/IMG_20201106_162638-01.jpeg 1366w\" sizes=\"auto, (max-width: 300px) 100vw, 300px\" \/><\/a>\n\t\t\t<\/div>\n\t\t\t\t<figcaption class='wp-caption-text gallery-caption' id='gallery-1-5711'>\n\t\t\t\tbureau moderniste 1960\n\t\t\t\t<\/figcaption><\/figure>\n\t\t<\/div>\n\n","protected":false},"excerpt":{"rendered":"<div>\n<p>Des lignes sobres et a\u00e9riennes. Dans le go\u00fbt de P Paulin ou P Guariche. Une structure m\u00e9tallique \u00e0 section carr\u00e9e laqu\u00e9e noir, un bloc 2 tiroirs suspendu. Sa touche \u00e0 lui, l&rsquo;alliance du placage bois et d&rsquo;un stratifi\u00e9 imitation bois blanc, ainsi que des poign\u00e9es en m\u00e9tal argent au design tr\u00e8s sixties.<\/p>\n<\/div>\n<div class=\"woocommerce-product-details__short-description\">\n<div class=\"woocommerce-product-details__short-description\">\n<p>Hauteur : 75 cm \/\/\/ Longueur : 90 cm \/\/\/ Profondeur : 50 cm<\/p>\n<\/div>\n<\/div>\n","protected":false},"featured_media":5721,"comment_status":"open","ping_status":"closed","template":"","meta":[],"product_brand":[],"product_cat":[68,60,27],"product_tag":[],"class_list":{"0":"post-5709","1":"product","2":"type-product","3":"status-publish","4":"has-post-thumbnail","6":"product_cat-a-la-une","7":"product_cat-bureau","8":"product_cat-rangement","10":"first","11":"instock","12":"shipping-taxable","13":"purchasable","14":"product-type-simple"},"_links":{"self":[{"href":"https:\/\/www.revoila.fr\/index.php\/wp-json\/wp\/v2\/product\/5709","targetHints":{"allow":["GET"]}}],"collection":[{"href":"https:\/\/www.revoila.fr\/index.php\/wp-json\/wp\/v2\/product"}],"about":[{"href":"https:\/\/www.revoila.fr\/index.php\/wp-json\/wp\/v2\/types\/product"}],"replies":[{"embeddable":true,"href":"https:\/\/www.revoila.fr\/index.php\/wp-json\/wp\/v2\/comments?post=5709"}],"wp:featuredmedia":[{"embeddable":true,"href":"https:\/\/www.revoila.fr\/index.php\/wp-json\/wp\/v2\/media\/5721"}],"wp:attachment":[{"href":"https:\/\/www.revoila.fr\/index.php\/wp-json\/wp\/v2\/media?parent=5709"}],"wp:term":[{"taxonomy":"product_brand","embeddable":true,"href":"https:\/\/www.revoila.fr\/index.php\/wp-json\/wp\/v2\/product_brand?post=5709"},{"taxonomy":"product_cat","embeddable":true,"href":"https:\/\/www.revoila.fr\/index.php\/wp-json\/wp\/v2\/product_cat?post=5709"},{"taxonomy":"product_tag","embeddable":true,"href":"https:\/\/www.revoila.fr\/index.php\/wp-json\/wp\/v2\/product_tag?post=5709"}],"curies":[{"name":"wp","href":"https:\/\/api.w.org\/{rel}","templated":true}]}}