{"id":789,"date":"2019-01-24T18:29:50","date_gmt":"2019-01-24T17:29:50","guid":{"rendered":"https:\/\/www.revoila.fr\/NEW\/?post_type=product&#038;p=789"},"modified":"2024-06-09T08:22:21","modified_gmt":"2024-06-09T06:22:21","slug":"table-dappoint-rotin-60s","status":"publish","type":"product","link":"https:\/\/www.revoila.fr\/index.php\/produit\/table-dappoint-rotin-60s\/","title":{"rendered":"Table d\u2019appoint rotin 60\u2019s"},"content":{"rendered":"<div id='gallery-1' class='gallery galleryid-789 gallery-columns-9 gallery-size-thumbnail'><figure class='gallery-item'>\n\t\t\t<div class='gallery-icon landscape'>\n\t\t\t\t<a href='https:\/\/www.revoila.fr\/wp-content\/uploads\/2019\/01\/61-P8127868.jpg'><img loading=\"lazy\" decoding=\"async\" width=\"150\" height=\"150\" src=\"https:\/\/www.revoila.fr\/wp-content\/uploads\/2019\/01\/61-P8127868-150x150.jpg\" class=\"attachment-thumbnail size-thumbnail\" alt=\"\" srcset=\"https:\/\/www.revoila.fr\/wp-content\/uploads\/2019\/01\/61-P8127868-150x150.jpg 150w, https:\/\/www.revoila.fr\/wp-content\/uploads\/2019\/01\/61-P8127868-300x300.jpg 300w, https:\/\/www.revoila.fr\/wp-content\/uploads\/2019\/01\/61-P8127868-100x100.jpg 100w, https:\/\/www.revoila.fr\/wp-content\/uploads\/2019\/01\/61-P8127868.jpg 600w\" sizes=\"auto, (max-width: 150px) 100vw, 150px\" \/><\/a>\n\t\t\t<\/div><\/figure><figure class='gallery-item'>\n\t\t\t<div class='gallery-icon landscape'>\n\t\t\t\t<a href='https:\/\/www.revoila.fr\/wp-content\/uploads\/2019\/01\/63-P8127893.jpg'><img loading=\"lazy\" decoding=\"async\" width=\"150\" height=\"150\" src=\"https:\/\/www.revoila.fr\/wp-content\/uploads\/2019\/01\/63-P8127893-150x150.jpg\" class=\"attachment-thumbnail size-thumbnail\" alt=\"\" srcset=\"https:\/\/www.revoila.fr\/wp-content\/uploads\/2019\/01\/63-P8127893-150x150.jpg 150w, https:\/\/www.revoila.fr\/wp-content\/uploads\/2019\/01\/63-P8127893-300x300.jpg 300w, https:\/\/www.revoila.fr\/wp-content\/uploads\/2019\/01\/63-P8127893-100x100.jpg 100w, https:\/\/www.revoila.fr\/wp-content\/uploads\/2019\/01\/63-P8127893.jpg 600w\" sizes=\"auto, (max-width: 150px) 100vw, 150px\" \/><\/a>\n\t\t\t<\/div><\/figure><figure class='gallery-item'>\n\t\t\t<div class='gallery-icon landscape'>\n\t\t\t\t<a href='https:\/\/www.revoila.fr\/wp-content\/uploads\/2019\/01\/62-P8127892.jpg'><img loading=\"lazy\" decoding=\"async\" width=\"150\" height=\"150\" src=\"https:\/\/www.revoila.fr\/wp-content\/uploads\/2019\/01\/62-P8127892-150x150.jpg\" class=\"attachment-thumbnail size-thumbnail\" alt=\"\" srcset=\"https:\/\/www.revoila.fr\/wp-content\/uploads\/2019\/01\/62-P8127892-150x150.jpg 150w, https:\/\/www.revoila.fr\/wp-content\/uploads\/2019\/01\/62-P8127892-300x300.jpg 300w, https:\/\/www.revoila.fr\/wp-content\/uploads\/2019\/01\/62-P8127892-100x100.jpg 100w, https:\/\/www.revoila.fr\/wp-content\/uploads\/2019\/01\/62-P8127892.jpg 600w\" sizes=\"auto, (max-width: 150px) 100vw, 150px\" \/><\/a>\n\t\t\t<\/div><\/figure><figure class='gallery-item'>\n\t\t\t<div class='gallery-icon landscape'>\n\t\t\t\t<a href='https:\/\/www.revoila.fr\/wp-content\/uploads\/2019\/01\/65-P8127895.jpg'><img loading=\"lazy\" decoding=\"async\" width=\"150\" height=\"150\" src=\"https:\/\/www.revoila.fr\/wp-content\/uploads\/2019\/01\/65-P8127895-150x150.jpg\" class=\"attachment-thumbnail size-thumbnail\" alt=\"\" srcset=\"https:\/\/www.revoila.fr\/wp-content\/uploads\/2019\/01\/65-P8127895-150x150.jpg 150w, https:\/\/www.revoila.fr\/wp-content\/uploads\/2019\/01\/65-P8127895-300x300.jpg 300w, https:\/\/www.revoila.fr\/wp-content\/uploads\/2019\/01\/65-P8127895-100x100.jpg 100w, https:\/\/www.revoila.fr\/wp-content\/uploads\/2019\/01\/65-P8127895.jpg 600w\" sizes=\"auto, (max-width: 150px) 100vw, 150px\" \/><\/a>\n\t\t\t<\/div><\/figure><figure class='gallery-item'>\n\t\t\t<div class='gallery-icon landscape'>\n\t\t\t\t<a href='https:\/\/www.revoila.fr\/wp-content\/uploads\/2019\/01\/64-P8127894.jpg'><img loading=\"lazy\" decoding=\"async\" width=\"150\" height=\"150\" src=\"https:\/\/www.revoila.fr\/wp-content\/uploads\/2019\/01\/64-P8127894-150x150.jpg\" class=\"attachment-thumbnail size-thumbnail\" alt=\"\" srcset=\"https:\/\/www.revoila.fr\/wp-content\/uploads\/2019\/01\/64-P8127894-150x150.jpg 150w, https:\/\/www.revoila.fr\/wp-content\/uploads\/2019\/01\/64-P8127894-300x300.jpg 300w, https:\/\/www.revoila.fr\/wp-content\/uploads\/2019\/01\/64-P8127894-100x100.jpg 100w, https:\/\/www.revoila.fr\/wp-content\/uploads\/2019\/01\/64-P8127894.jpg 600w\" sizes=\"auto, (max-width: 150px) 100vw, 150px\" \/><\/a>\n\t\t\t<\/div><\/figure><figure class='gallery-item'>\n\t\t\t<div class='gallery-icon landscape'>\n\t\t\t\t<a href='https:\/\/www.revoila.fr\/wp-content\/uploads\/2019\/01\/68-P8127898.jpg'><img loading=\"lazy\" decoding=\"async\" width=\"150\" height=\"150\" src=\"https:\/\/www.revoila.fr\/wp-content\/uploads\/2019\/01\/68-P8127898-150x150.jpg\" class=\"attachment-thumbnail size-thumbnail\" alt=\"\" srcset=\"https:\/\/www.revoila.fr\/wp-content\/uploads\/2019\/01\/68-P8127898-150x150.jpg 150w, https:\/\/www.revoila.fr\/wp-content\/uploads\/2019\/01\/68-P8127898-300x300.jpg 300w, https:\/\/www.revoila.fr\/wp-content\/uploads\/2019\/01\/68-P8127898-100x100.jpg 100w, https:\/\/www.revoila.fr\/wp-content\/uploads\/2019\/01\/68-P8127898.jpg 600w\" sizes=\"auto, (max-width: 150px) 100vw, 150px\" \/><\/a>\n\t\t\t<\/div><\/figure><figure class='gallery-item'>\n\t\t\t<div class='gallery-icon landscape'>\n\t\t\t\t<a href='https:\/\/www.revoila.fr\/wp-content\/uploads\/2019\/01\/66-P8127896.jpg'><img loading=\"lazy\" decoding=\"async\" width=\"150\" height=\"150\" src=\"https:\/\/www.revoila.fr\/wp-content\/uploads\/2019\/01\/66-P8127896-150x150.jpg\" class=\"attachment-thumbnail size-thumbnail\" alt=\"\" srcset=\"https:\/\/www.revoila.fr\/wp-content\/uploads\/2019\/01\/66-P8127896-150x150.jpg 150w, https:\/\/www.revoila.fr\/wp-content\/uploads\/2019\/01\/66-P8127896-300x300.jpg 300w, https:\/\/www.revoila.fr\/wp-content\/uploads\/2019\/01\/66-P8127896-100x100.jpg 100w, https:\/\/www.revoila.fr\/wp-content\/uploads\/2019\/01\/66-P8127896.jpg 600w\" sizes=\"auto, (max-width: 150px) 100vw, 150px\" \/><\/a>\n\t\t\t<\/div><\/figure><figure class='gallery-item'>\n\t\t\t<div class='gallery-icon landscape'>\n\t\t\t\t<a href='https:\/\/www.revoila.fr\/wp-content\/uploads\/2019\/01\/67-P8127897.jpg'><img loading=\"lazy\" decoding=\"async\" width=\"150\" height=\"150\" src=\"https:\/\/www.revoila.fr\/wp-content\/uploads\/2019\/01\/67-P8127897-150x150.jpg\" class=\"attachment-thumbnail size-thumbnail\" alt=\"\" srcset=\"https:\/\/www.revoila.fr\/wp-content\/uploads\/2019\/01\/67-P8127897-150x150.jpg 150w, https:\/\/www.revoila.fr\/wp-content\/uploads\/2019\/01\/67-P8127897-300x300.jpg 300w, https:\/\/www.revoila.fr\/wp-content\/uploads\/2019\/01\/67-P8127897-100x100.jpg 100w, https:\/\/www.revoila.fr\/wp-content\/uploads\/2019\/01\/67-P8127897.jpg 600w\" sizes=\"auto, (max-width: 150px) 100vw, 150px\" \/><\/a>\n\t\t\t<\/div><\/figure>\n\t\t<\/div>\n\n","protected":false},"excerpt":{"rendered":"<p>Tr\u00e8s 60\u2019s cette table d\u2019appoint qui peut aussi bien trouver sa place en chevet ou en bout de canap\u00e9 apportera \u00e0 votre int\u00e9rieur une\u00a0touche d\u2019exotisme si vintage.<br \/>\nTrace plus claire sur la toile enduite du plateau (photo).<\/p>\n<div id=\"gallery-2\" class=\"gallery galleryid-528 gallery-columns-4 gallery-size-thumbnail\"><\/div>\n","protected":false},"featured_media":657,"comment_status":"open","ping_status":"closed","template":"","meta":[],"product_brand":[],"product_cat":[24,21,22],"product_tag":[],"class_list":{"0":"post-789","1":"product","2":"type-product","3":"status-publish","4":"has-post-thumbnail","6":"product_cat-porte-revues","7":"product_cat-rotin","8":"product_cat-table-basse","10":"first","11":"instock","12":"sold-individually","13":"shipping-taxable","14":"purchasable","15":"product-type-simple"},"_links":{"self":[{"href":"https:\/\/www.revoila.fr\/index.php\/wp-json\/wp\/v2\/product\/789","targetHints":{"allow":["GET"]}}],"collection":[{"href":"https:\/\/www.revoila.fr\/index.php\/wp-json\/wp\/v2\/product"}],"about":[{"href":"https:\/\/www.revoila.fr\/index.php\/wp-json\/wp\/v2\/types\/product"}],"replies":[{"embeddable":true,"href":"https:\/\/www.revoila.fr\/index.php\/wp-json\/wp\/v2\/comments?post=789"}],"wp:featuredmedia":[{"embeddable":true,"href":"https:\/\/www.revoila.fr\/index.php\/wp-json\/wp\/v2\/media\/657"}],"wp:attachment":[{"href":"https:\/\/www.revoila.fr\/index.php\/wp-json\/wp\/v2\/media?parent=789"}],"wp:term":[{"taxonomy":"product_brand","embeddable":true,"href":"https:\/\/www.revoila.fr\/index.php\/wp-json\/wp\/v2\/product_brand?post=789"},{"taxonomy":"product_cat","embeddable":true,"href":"https:\/\/www.revoila.fr\/index.php\/wp-json\/wp\/v2\/product_cat?post=789"},{"taxonomy":"product_tag","embeddable":true,"href":"https:\/\/www.revoila.fr\/index.php\/wp-json\/wp\/v2\/product_tag?post=789"}],"curies":[{"name":"wp","href":"https:\/\/api.w.org\/{rel}","templated":true}]}}