{"id":792,"date":"2019-02-05T17:06:20","date_gmt":"2019-02-05T16:06:20","guid":{"rendered":"https:\/\/www.revoila.fr\/NEW\/?post_type=product&#038;p=792"},"modified":"2024-07-09T07:40:27","modified_gmt":"2024-07-09T05:40:27","slug":"banquette-rotin-vintage","status":"publish","type":"product","link":"https:\/\/www.revoila.fr\/index.php\/produit\/banquette-rotin-vintage\/","title":{"rendered":"Banquette rotin vintage"},"content":{"rendered":"<div id='gallery-1' class='gallery galleryid-792 gallery-columns-9 gallery-size-thumbnail'><figure class='gallery-item'>\n\t\t\t<div class='gallery-icon landscape'>\n\t\t\t\t<a href='https:\/\/www.revoila.fr\/wp-content\/uploads\/2019\/01\/83-P8127930.jpg'><img loading=\"lazy\" decoding=\"async\" width=\"150\" height=\"150\" src=\"https:\/\/www.revoila.fr\/wp-content\/uploads\/2019\/01\/83-P8127930-150x150.jpg\" class=\"attachment-thumbnail size-thumbnail\" alt=\"\" aria-describedby=\"gallery-1-682\" srcset=\"https:\/\/www.revoila.fr\/wp-content\/uploads\/2019\/01\/83-P8127930-150x150.jpg 150w, https:\/\/www.revoila.fr\/wp-content\/uploads\/2019\/01\/83-P8127930-300x300.jpg 300w, https:\/\/www.revoila.fr\/wp-content\/uploads\/2019\/01\/83-P8127930-100x100.jpg 100w, https:\/\/www.revoila.fr\/wp-content\/uploads\/2019\/01\/83-P8127930.jpg 600w\" sizes=\"auto, (max-width: 150px) 100vw, 150px\" \/><\/a>\n\t\t\t<\/div>\n\t\t\t\t<figcaption class='wp-caption-text gallery-caption' id='gallery-1-682'>\n\t\t\t\tBanquette rotin vintage\n\t\t\t\t<\/figcaption><\/figure><figure class='gallery-item'>\n\t\t\t<div class='gallery-icon landscape'>\n\t\t\t\t<a href='https:\/\/www.revoila.fr\/wp-content\/uploads\/2019\/01\/84-P8127931.jpg'><img loading=\"lazy\" decoding=\"async\" width=\"150\" height=\"150\" src=\"https:\/\/www.revoila.fr\/wp-content\/uploads\/2019\/01\/84-P8127931-150x150.jpg\" class=\"attachment-thumbnail size-thumbnail\" alt=\"\" aria-describedby=\"gallery-1-683\" srcset=\"https:\/\/www.revoila.fr\/wp-content\/uploads\/2019\/01\/84-P8127931-150x150.jpg 150w, https:\/\/www.revoila.fr\/wp-content\/uploads\/2019\/01\/84-P8127931-300x300.jpg 300w, https:\/\/www.revoila.fr\/wp-content\/uploads\/2019\/01\/84-P8127931-100x100.jpg 100w, https:\/\/www.revoila.fr\/wp-content\/uploads\/2019\/01\/84-P8127931.jpg 600w\" sizes=\"auto, (max-width: 150px) 100vw, 150px\" \/><\/a>\n\t\t\t<\/div>\n\t\t\t\t<figcaption class='wp-caption-text gallery-caption' id='gallery-1-683'>\n\t\t\t\tBanquette rotin vintage\n\t\t\t\t<\/figcaption><\/figure><figure class='gallery-item'>\n\t\t\t<div class='gallery-icon landscape'>\n\t\t\t\t<a href='https:\/\/www.revoila.fr\/wp-content\/uploads\/2019\/01\/85-P8127933.jpg'><img loading=\"lazy\" decoding=\"async\" width=\"150\" height=\"150\" src=\"https:\/\/www.revoila.fr\/wp-content\/uploads\/2019\/01\/85-P8127933-150x150.jpg\" class=\"attachment-thumbnail size-thumbnail\" alt=\"\" aria-describedby=\"gallery-1-684\" srcset=\"https:\/\/www.revoila.fr\/wp-content\/uploads\/2019\/01\/85-P8127933-150x150.jpg 150w, https:\/\/www.revoila.fr\/wp-content\/uploads\/2019\/01\/85-P8127933-300x300.jpg 300w, https:\/\/www.revoila.fr\/wp-content\/uploads\/2019\/01\/85-P8127933-100x100.jpg 100w, https:\/\/www.revoila.fr\/wp-content\/uploads\/2019\/01\/85-P8127933.jpg 600w\" sizes=\"auto, (max-width: 150px) 100vw, 150px\" \/><\/a>\n\t\t\t<\/div>\n\t\t\t\t<figcaption class='wp-caption-text gallery-caption' id='gallery-1-684'>\n\t\t\t\tBanquette rotin vintage\n\t\t\t\t<\/figcaption><\/figure><figure class='gallery-item'>\n\t\t\t<div class='gallery-icon landscape'>\n\t\t\t\t<a href='https:\/\/www.revoila.fr\/wp-content\/uploads\/2019\/01\/87-P8127935.jpg'><img loading=\"lazy\" decoding=\"async\" width=\"150\" height=\"150\" src=\"https:\/\/www.revoila.fr\/wp-content\/uploads\/2019\/01\/87-P8127935-150x150.jpg\" class=\"attachment-thumbnail size-thumbnail\" alt=\"\" aria-describedby=\"gallery-1-687\" srcset=\"https:\/\/www.revoila.fr\/wp-content\/uploads\/2019\/01\/87-P8127935-150x150.jpg 150w, https:\/\/www.revoila.fr\/wp-content\/uploads\/2019\/01\/87-P8127935-300x300.jpg 300w, https:\/\/www.revoila.fr\/wp-content\/uploads\/2019\/01\/87-P8127935-100x100.jpg 100w, https:\/\/www.revoila.fr\/wp-content\/uploads\/2019\/01\/87-P8127935.jpg 600w\" sizes=\"auto, (max-width: 150px) 100vw, 150px\" \/><\/a>\n\t\t\t<\/div>\n\t\t\t\t<figcaption class='wp-caption-text gallery-caption' id='gallery-1-687'>\n\t\t\t\tBanquette rotin vintage\n\t\t\t\t<\/figcaption><\/figure><figure class='gallery-item'>\n\t\t\t<div class='gallery-icon landscape'>\n\t\t\t\t<a href='https:\/\/www.revoila.fr\/wp-content\/uploads\/2019\/01\/86-P8127934.jpg'><img loading=\"lazy\" decoding=\"async\" width=\"150\" height=\"150\" src=\"https:\/\/www.revoila.fr\/wp-content\/uploads\/2019\/01\/86-P8127934-150x150.jpg\" class=\"attachment-thumbnail size-thumbnail\" alt=\"\" aria-describedby=\"gallery-1-686\" srcset=\"https:\/\/www.revoila.fr\/wp-content\/uploads\/2019\/01\/86-P8127934-150x150.jpg 150w, https:\/\/www.revoila.fr\/wp-content\/uploads\/2019\/01\/86-P8127934-300x300.jpg 300w, https:\/\/www.revoila.fr\/wp-content\/uploads\/2019\/01\/86-P8127934-100x100.jpg 100w, https:\/\/www.revoila.fr\/wp-content\/uploads\/2019\/01\/86-P8127934.jpg 600w\" sizes=\"auto, (max-width: 150px) 100vw, 150px\" \/><\/a>\n\t\t\t<\/div>\n\t\t\t\t<figcaption class='wp-caption-text gallery-caption' id='gallery-1-686'>\n\t\t\t\tBanquette rotin vintage\n\t\t\t\t<\/figcaption><\/figure><figure class='gallery-item'>\n\t\t\t<div class='gallery-icon landscape'>\n\t\t\t\t<a href='https:\/\/www.revoila.fr\/wp-content\/uploads\/2019\/01\/90-P8127961.jpg'><img loading=\"lazy\" decoding=\"async\" width=\"150\" height=\"150\" src=\"https:\/\/www.revoila.fr\/wp-content\/uploads\/2019\/01\/90-P8127961-150x150.jpg\" class=\"attachment-thumbnail size-thumbnail\" alt=\"\" aria-describedby=\"gallery-1-690\" srcset=\"https:\/\/www.revoila.fr\/wp-content\/uploads\/2019\/01\/90-P8127961-150x150.jpg 150w, https:\/\/www.revoila.fr\/wp-content\/uploads\/2019\/01\/90-P8127961-300x300.jpg 300w, https:\/\/www.revoila.fr\/wp-content\/uploads\/2019\/01\/90-P8127961-100x100.jpg 100w, https:\/\/www.revoila.fr\/wp-content\/uploads\/2019\/01\/90-P8127961.jpg 600w\" sizes=\"auto, (max-width: 150px) 100vw, 150px\" \/><\/a>\n\t\t\t<\/div>\n\t\t\t\t<figcaption class='wp-caption-text gallery-caption' id='gallery-1-690'>\n\t\t\t\tBanquette rotin vintage\n\t\t\t\t<\/figcaption><\/figure><figure class='gallery-item'>\n\t\t\t<div class='gallery-icon landscape'>\n\t\t\t\t<a href='https:\/\/www.revoila.fr\/wp-content\/uploads\/2019\/01\/89-P8127953.jpg'><img loading=\"lazy\" decoding=\"async\" width=\"150\" height=\"150\" src=\"https:\/\/www.revoila.fr\/wp-content\/uploads\/2019\/01\/89-P8127953-150x150.jpg\" class=\"attachment-thumbnail size-thumbnail\" alt=\"\" aria-describedby=\"gallery-1-689\" srcset=\"https:\/\/www.revoila.fr\/wp-content\/uploads\/2019\/01\/89-P8127953-150x150.jpg 150w, https:\/\/www.revoila.fr\/wp-content\/uploads\/2019\/01\/89-P8127953-300x300.jpg 300w, https:\/\/www.revoila.fr\/wp-content\/uploads\/2019\/01\/89-P8127953-100x100.jpg 100w, https:\/\/www.revoila.fr\/wp-content\/uploads\/2019\/01\/89-P8127953.jpg 600w\" sizes=\"auto, (max-width: 150px) 100vw, 150px\" \/><\/a>\n\t\t\t<\/div>\n\t\t\t\t<figcaption class='wp-caption-text gallery-caption' id='gallery-1-689'>\n\t\t\t\tBanquette rotin vintage\n\t\t\t\t<\/figcaption><\/figure><figure class='gallery-item'>\n\t\t\t<div class='gallery-icon landscape'>\n\t\t\t\t<a href='https:\/\/www.revoila.fr\/wp-content\/uploads\/2019\/01\/88-P8127948.jpg'><img loading=\"lazy\" decoding=\"async\" width=\"150\" height=\"150\" src=\"https:\/\/www.revoila.fr\/wp-content\/uploads\/2019\/01\/88-P8127948-150x150.jpg\" class=\"attachment-thumbnail size-thumbnail\" alt=\"\" aria-describedby=\"gallery-1-688\" srcset=\"https:\/\/www.revoila.fr\/wp-content\/uploads\/2019\/01\/88-P8127948-150x150.jpg 150w, https:\/\/www.revoila.fr\/wp-content\/uploads\/2019\/01\/88-P8127948-300x300.jpg 300w, https:\/\/www.revoila.fr\/wp-content\/uploads\/2019\/01\/88-P8127948-100x100.jpg 100w, https:\/\/www.revoila.fr\/wp-content\/uploads\/2019\/01\/88-P8127948.jpg 600w\" sizes=\"auto, (max-width: 150px) 100vw, 150px\" \/><\/a>\n\t\t\t<\/div>\n\t\t\t\t<figcaption class='wp-caption-text gallery-caption' id='gallery-1-688'>\n\t\t\t\tBanquette rotin vintage\n\t\t\t\t<\/figcaption><\/figure>\n\t\t<\/div>\n\n","protected":false},"excerpt":{"rendered":"<p>Rien de tel que cette jolie banquette 2 places pour que\u00a0votre d\u00e9coration passe en mode jungle urbaine. On craque pour le naturel du rotin et sa couleur miel.<br \/>\nBon \u00e9tat g\u00e9n\u00e9ral mais quelques petits manques.<br \/>\nS\u2019associe tr\u00e8s bien aux fauteuils de forme baquet.<\/p>\n<div id=\"gallery-2\" class=\"gallery galleryid-530 gallery-columns-4 gallery-size-thumbnail\"><\/div>\n<div id=\"gallery-2\" class=\"gallery galleryid-529 gallery-columns-4 gallery-size-thumbnail\"><\/div>\n","protected":false},"featured_media":681,"comment_status":"open","ping_status":"closed","template":"","meta":[],"product_brand":[],"product_cat":[72,50],"product_tag":[],"class_list":{"0":"post-792","1":"product","2":"type-product","3":"status-publish","4":"has-post-thumbnail","6":"product_cat-assises","7":"product_cat-vendu","9":"first","10":"outofstock","11":"sold-individually","12":"shipping-taxable","13":"product-type-simple"},"_links":{"self":[{"href":"https:\/\/www.revoila.fr\/index.php\/wp-json\/wp\/v2\/product\/792","targetHints":{"allow":["GET"]}}],"collection":[{"href":"https:\/\/www.revoila.fr\/index.php\/wp-json\/wp\/v2\/product"}],"about":[{"href":"https:\/\/www.revoila.fr\/index.php\/wp-json\/wp\/v2\/types\/product"}],"replies":[{"embeddable":true,"href":"https:\/\/www.revoila.fr\/index.php\/wp-json\/wp\/v2\/comments?post=792"}],"wp:featuredmedia":[{"embeddable":true,"href":"https:\/\/www.revoila.fr\/index.php\/wp-json\/wp\/v2\/media\/681"}],"wp:attachment":[{"href":"https:\/\/www.revoila.fr\/index.php\/wp-json\/wp\/v2\/media?parent=792"}],"wp:term":[{"taxonomy":"product_brand","embeddable":true,"href":"https:\/\/www.revoila.fr\/index.php\/wp-json\/wp\/v2\/product_brand?post=792"},{"taxonomy":"product_cat","embeddable":true,"href":"https:\/\/www.revoila.fr\/index.php\/wp-json\/wp\/v2\/product_cat?post=792"},{"taxonomy":"product_tag","embeddable":true,"href":"https:\/\/www.revoila.fr\/index.php\/wp-json\/wp\/v2\/product_tag?post=792"}],"curies":[{"name":"wp","href":"https:\/\/api.w.org\/{rel}","templated":true}]}}