{"id":813,"date":"2019-03-05T18:23:23","date_gmt":"2019-03-05T17:23:23","guid":{"rendered":"https:\/\/www.revoila.fr\/NEW\/?post_type=product&#038;p=813"},"modified":"2022-02-08T12:10:55","modified_gmt":"2022-02-08T11:10:55","slug":"petite-enfilade-teck-1960","status":"publish","type":"product","link":"https:\/\/www.revoila.fr\/index.php\/produit\/petite-enfilade-teck-1960\/","title":{"rendered":"Petite enfilade teck 1960"},"content":{"rendered":"<div id='gallery-1' class='gallery galleryid-813 gallery-columns-9 gallery-size-thumbnail'><figure class='gallery-item'>\n\t\t\t<div class='gallery-icon landscape'>\n\t\t\t\t<a href='https:\/\/www.revoila.fr\/wp-content\/uploads\/2019\/01\/06-IMG_8283.jpg'><img loading=\"lazy\" decoding=\"async\" width=\"150\" height=\"150\" src=\"https:\/\/www.revoila.fr\/wp-content\/uploads\/2019\/01\/06-IMG_8283-150x150.jpg\" class=\"attachment-thumbnail size-thumbnail\" alt=\"\" srcset=\"https:\/\/www.revoila.fr\/wp-content\/uploads\/2019\/01\/06-IMG_8283-150x150.jpg 150w, https:\/\/www.revoila.fr\/wp-content\/uploads\/2019\/01\/06-IMG_8283-300x300.jpg 300w, https:\/\/www.revoila.fr\/wp-content\/uploads\/2019\/01\/06-IMG_8283-768x768.jpg 768w, https:\/\/www.revoila.fr\/wp-content\/uploads\/2019\/01\/06-IMG_8283.jpg 800w, https:\/\/www.revoila.fr\/wp-content\/uploads\/2019\/01\/06-IMG_8283-100x100.jpg 100w\" sizes=\"auto, (max-width: 150px) 100vw, 150px\" \/><\/a>\n\t\t\t<\/div><\/figure><figure class='gallery-item'>\n\t\t\t<div class='gallery-icon portrait'>\n\t\t\t\t<a href='https:\/\/www.revoila.fr\/wp-content\/uploads\/2019\/01\/07-IMG_8284.jpg'><img loading=\"lazy\" decoding=\"async\" width=\"150\" height=\"150\" src=\"https:\/\/www.revoila.fr\/wp-content\/uploads\/2019\/01\/07-IMG_8284-150x150.jpg\" class=\"attachment-thumbnail size-thumbnail\" alt=\"\" srcset=\"https:\/\/www.revoila.fr\/wp-content\/uploads\/2019\/01\/07-IMG_8284-150x150.jpg 150w, https:\/\/www.revoila.fr\/wp-content\/uploads\/2019\/01\/07-IMG_8284-300x300.jpg 300w, https:\/\/www.revoila.fr\/wp-content\/uploads\/2019\/01\/07-IMG_8284-768x769.jpg 768w, https:\/\/www.revoila.fr\/wp-content\/uploads\/2019\/01\/07-IMG_8284-100x100.jpg 100w, https:\/\/www.revoila.fr\/wp-content\/uploads\/2019\/01\/07-IMG_8284.jpg 799w\" sizes=\"auto, (max-width: 150px) 100vw, 150px\" \/><\/a>\n\t\t\t<\/div><\/figure><figure class='gallery-item'>\n\t\t\t<div class='gallery-icon landscape'>\n\t\t\t\t<a href='https:\/\/www.revoila.fr\/wp-content\/uploads\/2019\/01\/09-IMG_8286.jpg'><img loading=\"lazy\" decoding=\"async\" width=\"150\" height=\"150\" src=\"https:\/\/www.revoila.fr\/wp-content\/uploads\/2019\/01\/09-IMG_8286-150x150.jpg\" class=\"attachment-thumbnail size-thumbnail\" alt=\"\" srcset=\"https:\/\/www.revoila.fr\/wp-content\/uploads\/2019\/01\/09-IMG_8286-150x150.jpg 150w, https:\/\/www.revoila.fr\/wp-content\/uploads\/2019\/01\/09-IMG_8286-300x300.jpg 300w, https:\/\/www.revoila.fr\/wp-content\/uploads\/2019\/01\/09-IMG_8286-768x768.jpg 768w, https:\/\/www.revoila.fr\/wp-content\/uploads\/2019\/01\/09-IMG_8286.jpg 800w, https:\/\/www.revoila.fr\/wp-content\/uploads\/2019\/01\/09-IMG_8286-100x100.jpg 100w\" sizes=\"auto, (max-width: 150px) 100vw, 150px\" \/><\/a>\n\t\t\t<\/div><\/figure>\n\t\t<\/div>\n\n","protected":false},"excerpt":{"rendered":"<p>Joli buffet bas allemand des ann\u00e9es 60, ancien meuble de couture. Tr\u00e8s \u00e9l\u00e9gant par l\u2019association du metal laqu\u00e9 noir et du teck. A noter le tr\u00e8s bel aspect visuel du placage teck accentuant l\u2019horizontalit\u00e9 des tiroirs et la verticalit\u00e9 de la porte.<\/p>\n<p>Hauteur : 68 cm \/\/\/ Largeur : 85 cm \/\/\/ Profondeur : 37 cm<\/p>\n<div id=\"gallery-2\" class=\"gallery galleryid-1411 gallery-columns-4 gallery-size-thumbnail\">\n<div class=\"woocommerce-product-details__short-description\">\n<div id=\"gallery-2\" class=\"gallery galleryid-530 gallery-columns-4 gallery-size-thumbnail\"><\/div>\n<div id=\"gallery-2\" class=\"gallery galleryid-529 gallery-columns-4 gallery-size-thumbnail\"><\/div>\n<\/div>\n<form class=\"cart\" action=\"https:\/\/www.revoila.fr\/NEW\/index.php\/produit\/fauteuil-rotin-accoudoir\/\" enctype=\"multipart\/form-data\" method=\"post\">\n<div class=\"quantity hidden\"><\/div>\n<\/form>\n<\/div>\n","protected":false},"featured_media":760,"comment_status":"open","ping_status":"closed","template":"","meta":[],"product_brand":[],"product_cat":[70,27,50],"product_tag":[29,48],"class_list":{"0":"post-813","1":"product","2":"type-product","3":"status-publish","4":"has-post-thumbnail","6":"product_cat-enfilade","7":"product_cat-rangement","8":"product_cat-vendu","9":"product_tag-decoration-vintage","10":"product_tag-enfilade-teck","12":"first","13":"outofstock","14":"sold-individually","15":"shipping-taxable","16":"product-type-simple"},"_links":{"self":[{"href":"https:\/\/www.revoila.fr\/index.php\/wp-json\/wp\/v2\/product\/813","targetHints":{"allow":["GET"]}}],"collection":[{"href":"https:\/\/www.revoila.fr\/index.php\/wp-json\/wp\/v2\/product"}],"about":[{"href":"https:\/\/www.revoila.fr\/index.php\/wp-json\/wp\/v2\/types\/product"}],"replies":[{"embeddable":true,"href":"https:\/\/www.revoila.fr\/index.php\/wp-json\/wp\/v2\/comments?post=813"}],"wp:featuredmedia":[{"embeddable":true,"href":"https:\/\/www.revoila.fr\/index.php\/wp-json\/wp\/v2\/media\/760"}],"wp:attachment":[{"href":"https:\/\/www.revoila.fr\/index.php\/wp-json\/wp\/v2\/media?parent=813"}],"wp:term":[{"taxonomy":"product_brand","embeddable":true,"href":"https:\/\/www.revoila.fr\/index.php\/wp-json\/wp\/v2\/product_brand?post=813"},{"taxonomy":"product_cat","embeddable":true,"href":"https:\/\/www.revoila.fr\/index.php\/wp-json\/wp\/v2\/product_cat?post=813"},{"taxonomy":"product_tag","embeddable":true,"href":"https:\/\/www.revoila.fr\/index.php\/wp-json\/wp\/v2\/product_tag?post=813"}],"curies":[{"name":"wp","href":"https:\/\/api.w.org\/{rel}","templated":true}]}}